{"id":10355,"date":"1970-01-01T00:00:00","date_gmt":"1970-01-01T00:00:00","guid":{"rendered":"https:\/\/elfsight.com\/de\/?page_id=10355"},"modified":"2025-07-10T08:26:35","modified_gmt":"2025-07-10T08:26:35","slug":"iframe","status":"publish","type":"page","link":"https:\/\/elfsight.com\/de\/store-locator-widget\/iframe\/","title":{"rendered":"Store Locator &#8211; iFrame"},"content":{"rendered":"<div class=\"application-platform-content-item-description application-platform-content-item\" id=\"description\" data-nav-section=\"description\"> <h2>Store Locator mit einem Elfsight-Widget in iFrame einbetten<\/h2> <p>Der Elfsight Store Locator f\u00fcr iFrame ist ein dynamisches und anpassbares Widget um den Nutzen Ihrer Website und die Kundenbindung zu steigern, indem Sie es Ihren Kunden einfacher denn je machen, den Weg zu Ihrer Gesch\u00e4ftsadresse zu finden. Mit einer Reihe hilfreicher Funktionen, die auf Effizienz und Leistung zugeschnitten sind, ist dieses Widget Ihre Schl\u00fcssell\u00f6sung f\u00fcr die verst\u00e4ndliche und bequeme Bekanntgabe Ihrer physischen Filialstandorte. F\u00fcgen Sie es jetzt hinzu und bemerken Sie, wie es Ihre Website in einen leistungsstarken Filialfinder verwandelt!<\/p> <p>Durch die Einbettung des Widgets erh\u00f6hen Sie Ihre Vertrauensw\u00fcrdigkeit bei Ihren Kunden, indem Sie detaillierte Informationen zu den physischen Standorten Ihres Unternehmens bereitstellen und so jedem von Ihrem Vertrauen \u00fcberzeugen Gegenwart. Dies kann zu einer schnelleren Entscheidungsfindung und einem verbesserten Einkaufserlebnis bei den Kunden f\u00fchren. <\/p><p><b>Verwenden Sie den beeindruckenden Filialfinder, um Ihren Standort und wichtige Gesch\u00e4ftsdaten zu pr\u00e4sentieren. Heben Sie Ihre physische Adresse und die erforderlichen Informationen hervor, um zus\u00e4tzliche Kunden im Gesch\u00e4ft anzulocken. <\/b><\/p><\/div> <div class=\"application-platform-content-item-features application-platform-content-item\" id=\"features\" data-nav-section=\"features\"> <h2>Die grundlegenden Widget-Funktionen bieten<\/h2> <ul><li>Eindeutige Standortanzeige<\/li><li>Interaktive Karte Funktionen<\/li><li>Standort-Interaktionsschaltfl\u00e4chen mit Integrationen <\/li><li>Einfaches Standort-Popup beim Klicken auf die Markierung<\/li><li>Standort-Gesch\u00e4ftsplan &amp; Aktivit\u00e4tsstatus<\/li><\/ul><p><a href=\"#demo\">Entdecken Sie alle Anpassungsoptionen in einer 100 % funktionsf\u00e4higen Demo<\/a><\/p><\/div> <div class=\"application-platform-content-item-installation  application-platform-content-item\" id=\"installation \" data-nav-section=\"installation \"> <h2>Wie kann ich Store Locator in meine iFrame-Webseite integrieren?<\/h2> <p>Befolgen Sie einfach die nachstehenden Anweisungen, um mit der Verwendung des Plugins zu beginnen. <\/p> <ol><li><b>Nutzen Sie unseren kostenlosen Konfigurator und beginnen Sie mit der Gestaltung Ihres einzigartigen Widgets. <\/b><br> Finden Sie das gew\u00fcnschte Layout und die gew\u00fcnschten Funktionsmerkmale des Tools und wenden Sie die \u00c4nderungen an. <\/li> <li><b>Holen Sie sich den individuellen Code, der in der Box auf Elfsight Apps angezeigt wird. <\/b><br> Kopieren Sie direkt nach der Einrichtung Ihres pers\u00f6nlichen Tools den exklusiven Code im angezeigten Fenster und bewahren Sie ihn f\u00fcr die sp\u00e4tere Verwendung auf. <\/li> <li><b>Initiieren Sie den Einsatz des Plugins auf Ihrer iFrame-Homepage. <\/b><br> Integrieren Sie den zuvor gespeicherten Code in Ihre Homepage und \u00fcbernehmen Sie die Anpassungen. <\/li> <li><b>Du bist fertig! Das Setup wurde erfolgreich beendet. <\/b><br> Besuchen Sie Ihre Webseite, um zu sehen, wie das Plugin funktioniert. <\/li><\/ol> <p>Sollten Sie auf Schwierigkeiten sto\u00dfen, z\u00f6gern Sie nicht, sich an unser Support-Team zu wenden. Unsere Berater beantworten gerne alle Fragen, die Sie zum Produkt haben.<\/p><\/div>","protected":false},"excerpt":{"rendered":"","protected":false},"author":9,"featured_media":0,"parent":7440,"menu_order":0,"comment_status":"closed","ping_status":"closed","template":"templates\/template-application-platform.php","meta":{"publish_to_discourse":"","publish_post_category":"","wpdc_auto_publish_overridden":"","wpdc_topic_tags":"","wpdc_pin_topic":"","wpdc_pin_until":"","discourse_post_id":"","discourse_permalink":"","wpdc_publishing_response":"","wpdc_publishing_error":"","footnotes":""},"class_list":["post-10355","page","type-page","status-publish","hentry"],"yoast_head":"<!-- This site is optimized with the Yoast SEO plugin v25.3.1 - https:\/\/yoast.com\/wordpress\/plugins\/seo\/ -->\n<title>Integrieren Sie den Store Locator in iFrame \u2013 F\u00fcgen Sie den No-Code Shop Finder hinzu<\/title>\n<meta name=\"description\" content=\"Integrieren Sie den anpassbaren Store Locator in die iFrame-Website f\u00fcr mehr Vertrauen. Nutzen Sie die praktische Demo von Elfsight, um ganz einfach vielseitige Widgets zu erstellen.\" \/>\n<meta name=\"robots\" content=\"index, follow, max-snippet:-1, max-image-preview:large, max-video-preview:-1\" \/>\n<link rel=\"canonical\" href=\"https:\/\/elfsight.com\/de\/store-locator-widget\/iframe\/\" \/>\n<meta property=\"og:locale\" content=\"de_DE\" \/>\n<meta property=\"og:type\" content=\"article\" \/>\n<meta property=\"og:title\" content=\"Integrieren Sie den Store Locator in iFrame \u2013 F\u00fcgen Sie den No-Code Shop Finder hinzu\" \/>\n<meta property=\"og:description\" content=\"Integrieren Sie den anpassbaren Store Locator in die iFrame-Website f\u00fcr mehr Vertrauen. Nutzen Sie die praktische Demo von Elfsight, um ganz einfach vielseitige Widgets zu erstellen.\" \/>\n<meta property=\"og:url\" content=\"https:\/\/elfsight.com\/de\/store-locator-widget\/iframe\/\" \/>\n<meta property=\"og:site_name\" content=\"Elfsight DE\" \/>\n<meta property=\"article:modified_time\" content=\"2025-07-10T08:26:35+00:00\" \/>\n<meta name=\"twitter:card\" content=\"summary_large_image\" \/>\n<meta name=\"twitter:label1\" content=\"Gesch\u00e4tzte Lesezeit\" \/>\n\t<meta name=\"twitter:data1\" content=\"2\u00a0Minuten\" \/>\n<!-- \/ Yoast SEO plugin. -->","yoast_head_json":{"title":"Integrieren Sie den Store Locator in iFrame \u2013 F\u00fcgen Sie den No-Code Shop Finder hinzu","description":"Integrieren Sie den anpassbaren Store Locator in die iFrame-Website f\u00fcr mehr Vertrauen. Nutzen Sie die praktische Demo von Elfsight, um ganz einfach vielseitige Widgets zu erstellen.","robots":{"index":"index","follow":"follow","max-snippet":"max-snippet:-1","max-image-preview":"max-image-preview:large","max-video-preview":"max-video-preview:-1"},"canonical":"https:\/\/elfsight.com\/de\/store-locator-widget\/iframe\/","og_locale":"de_DE","og_type":"article","og_title":"Integrieren Sie den Store Locator in iFrame \u2013 F\u00fcgen Sie den No-Code Shop Finder hinzu","og_description":"Integrieren Sie den anpassbaren Store Locator in die iFrame-Website f\u00fcr mehr Vertrauen. Nutzen Sie die praktische Demo von Elfsight, um ganz einfach vielseitige Widgets zu erstellen.","og_url":"https:\/\/elfsight.com\/de\/store-locator-widget\/iframe\/","og_site_name":"Elfsight DE","article_modified_time":"2025-07-10T08:26:35+00:00","twitter_card":"summary_large_image","twitter_misc":{"Gesch\u00e4tzte Lesezeit":"2\u00a0Minuten"},"schema":{"@context":"https:\/\/schema.org","@graph":[{"@type":"WebPage","@id":"https:\/\/elfsight.com\/de\/store-locator-widget\/iframe\/","url":"https:\/\/elfsight.com\/de\/store-locator-widget\/iframe\/","name":"Integrieren Sie den Store Locator in iFrame \u2013 F\u00fcgen Sie den No-Code Shop Finder hinzu","isPartOf":{"@id":"https:\/\/elfsight.com\/de\/#website"},"datePublished":"1970-01-01T00:00:00+00:00","dateModified":"2025-07-10T08:26:35+00:00","description":"Integrieren Sie den anpassbaren Store Locator in die iFrame-Website f\u00fcr mehr Vertrauen. Nutzen Sie die praktische Demo von Elfsight, um ganz einfach vielseitige Widgets zu erstellen.","breadcrumb":{"@id":"https:\/\/elfsight.com\/de\/store-locator-widget\/iframe\/#breadcrumb"},"inLanguage":"de","potentialAction":[{"@type":"ReadAction","target":["https:\/\/elfsight.com\/de\/store-locator-widget\/iframe\/"]}]},{"@type":"BreadcrumbList","@id":"https:\/\/elfsight.com\/de\/store-locator-widget\/iframe\/#breadcrumb","itemListElement":[{"@type":"ListItem","position":1,"name":"Home","item":"https:\/\/elfsight.com\/de\/"},{"@type":"ListItem","position":2,"name":"Store Locator","item":"https:\/\/elfsight.com\/de\/store-locator-widget\/"},{"@type":"ListItem","position":3,"name":"Store Locator &#8211; iFrame"}]},{"@type":"WebSite","@id":"https:\/\/elfsight.com\/de\/#website","url":"https:\/\/elfsight.com\/de\/","name":"Elfsight DE","description":"Just another Elfsight Sites site","potentialAction":[{"@type":"SearchAction","target":{"@type":"EntryPoint","urlTemplate":"https:\/\/elfsight.com\/de\/?s={search_term_string}"},"query-input":{"@type":"PropertyValueSpecification","valueRequired":true,"valueName":"search_term_string"}}],"inLanguage":"de"}]}},"meta_box":{"industry":"","seo_heading":"","heading":"","description":"","cta_heading":"","cta_description":"","application":"7436","h1":"iFrame Store Locator-Widget","h1_caption":"Zeigen Sie auf Ihrer iFrame-Website eine Karte mit mehreren Filialstandorten an, damit Ihre Kunden m\u00fchelos den n\u00e4chstgelegenen Standort finden k\u00f6nnen.","application_category":[],"applications_title":"","applications_request_title":"","applications_request_button_text":"","hero_text":"","hero_video":"","hero_video_schema_markup":"","selling_points_title":"","selling_points_caption":"","selling_points":[],"selling_points_cta_text":"","features_title":"","features":"","ed_cta_examples_text":"","ed_cta_examples_hidden":"","ed_cta_demo_text":"","ed_cta_demo_hidden":"","why_caption":"","why_editor_title":"","why_editor_text":"","why_team_title":"","why_team_text":"","why_service_title":"","why_service_text":"","template_catalog_visible":"","template_catalog_title":"","template_catalog_text":"","template_catalog_categories_visible":"","demo_title":"Erstellen Sie Ihr Store Locator-Widget","demo_caption":"Konfigurieren Sie Ihren Store Locator und f\u00fcgen Sie ihn kostenlos zu Ihrer iFrame-Website hinzu!","default_faq_hidden":"","app_template_category":[],"platform":"240","template_public_id":"","codecanyon_url":"","codecanyon_item_id":"","codecanyon_price":"","pricing_caption":"","pricing_elfsight_apps_hide_column":"","pricing_elfsight_apps_url":"","pricing_codecanyon_price_caption":"","integration_category":[],"integration_request_title":"","integration_request_cta":"","integration_platform":"","integrations":[],"platform_category":[],"video_schema_markup":"","price":"ab 0 $ \/ Monat","trial":"","benefits":[{"text":"Kostenlose Installationshilfe"},{"text":"Effektiver Kundenservice"},{"text":"14-t\u00e4gige Geld-zur\u00fcck-Garantie"},{"text":"Zuk\u00fcnftige kostenlose Verbesserungen"}],"button_url":"#demo","button_target_blank":"","button_nofollow":"","attributes":[{"name":"Installiert","content":"10,000 - 100,000"},{"name":"Reaktionsfreudig","content":"Ja"},{"name":"Kompatible Browser","content":"Firefox, Safari, Opera, Chrome, Edge"}],"tags":[],"tags_disable_links":"","hide_more_platforms":"","video_object":"","demo_hide_cta":"","demo_hide_cloud_options":"","pricing_title":"","pricing":[{"pricing_icon":"platform","pricing_title":"Elfsight Apps","pricing_title_caption":"Plattform\u00fcbergreifende L\u00f6sung","pricing_price":"ab 0 $ \/ Monat","pricing_price_caption":"Beginnen Sie mit einem kostenlosen Plan","pricing_benefits":[{"text":"Unbegrenzte Domains"},{"text":"Professionelle Unternehmensunterst\u00fctzung"},{"text":"Kostenloser Installationssupport"},{"text":"Flexibles Design"}],"pricing_button_text":"Zur Website hinzuf\u00fcgen","pricing_button_url":"#demo"}],"related_apps_title":"","related_apps_hidden":"","author":"","image":[],"title":"","job":"","social_networks":[]},"_links":{"self":[{"href":"https:\/\/elfsight.com\/de\/wp-json\/wp\/v2\/pages\/10355","targetHints":{"allow":["GET"]}}],"collection":[{"href":"https:\/\/elfsight.com\/de\/wp-json\/wp\/v2\/pages"}],"about":[{"href":"https:\/\/elfsight.com\/de\/wp-json\/wp\/v2\/types\/page"}],"author":[{"embeddable":true,"href":"https:\/\/elfsight.com\/de\/wp-json\/wp\/v2\/users\/9"}],"replies":[{"embeddable":true,"href":"https:\/\/elfsight.com\/de\/wp-json\/wp\/v2\/comments?post=10355"}],"version-history":[{"count":1,"href":"https:\/\/elfsight.com\/de\/wp-json\/wp\/v2\/pages\/10355\/revisions"}],"predecessor-version":[{"id":10359,"href":"https:\/\/elfsight.com\/de\/wp-json\/wp\/v2\/pages\/10355\/revisions\/10359"}],"up":[{"embeddable":true,"href":"https:\/\/elfsight.com\/de\/wp-json\/wp\/v2\/pages\/7440"}],"wp:attachment":[{"href":"https:\/\/elfsight.com\/de\/wp-json\/wp\/v2\/media?parent=10355"}],"curies":[{"name":"wp","href":"https:\/\/api.w.org\/{rel}","templated":true}]}}