{"id":10354,"date":"1970-01-01T00:00:00","date_gmt":"1970-01-01T00:00:00","guid":{"rendered":"https:\/\/elfsight.com\/de\/?page_id=10354"},"modified":"2025-02-24T17:29:21","modified_gmt":"2025-02-24T17:29:21","slug":"jimdo","status":"publish","type":"page","link":"https:\/\/elfsight.com\/de\/store-locator-widget\/jimdo\/","title":{"rendered":"Store Locator &#8211; Jimdo"},"content":{"rendered":"\n<div class=\"application-platform-content-item-description application-platform-content-item\" id=\"description\" data-nav-section=\"description\"> <h2>Betten Sie den Store Locator mit einem Elfsight-Widget in Jimdo ein<\/h2> <p>Der Elfsight Store Locator f\u00fcr Jimdo ist ein lebendiges und anpassbares Widget um die Benutzerfreundlichkeit und Kundenbindung Ihrer Website zu verbessern, indem Sie es Ihren Kunden einfacher denn je machen, Ihren Standort zu finden. Mit einer Reihe gro\u00dfartiger Funktionen, die auf Nutzen und Leistung zugeschnitten sind, ist dieses Widget Ihre perfekte L\u00f6sung, um die Standorte Ihrer physischen Gesch\u00e4fte \u00fcbersichtlich und bequem anzuzeigen. Probieren Sie es gleich aus und erleben Sie, wie es Ihre Website in einen benutzerorientierten Filialfinder verwandelt!<\/p> <p>Durch die Integration des Widgets steigern Sie Ihre Glaubw\u00fcrdigkeit bei Ihren Kunden, indem Sie detaillierte Informationen zu den physischen Standorten Ihres Unternehmens bereitstellen und diese beruhigen deiner wahren Pr\u00e4senz. Dies kann zu einer schnelleren Entscheidungsfindung und einem verbesserten Einkaufserlebnis f\u00fcr die Kunden f\u00fchren. <\/p><p><b>Verwenden Sie den brillanten Filialfinder, um Ihren Standort und hilfreiche Gesch\u00e4ftsdetails anzuzeigen. Geben Sie Ihre physische Adresse und die erforderlichen Informationen an, um mehr Besucher im Gesch\u00e4ft zu gewinnen. <\/b><\/p><\/div> <div class=\"application-platform-content-item-features application-platform-content-item\" id=\"features\" data-nav-section=\"features\"> <h2>Das Widget enth\u00e4lt leistungsstarke und einfache Funktionen, sehen Sie sich einige davon an:<\/h2> <ul><li>Dynamische Adressauswahl<\/li><li>Benutzerorientierte Karteneigenschaften<\/li><li>Standortaktionsschaltfl\u00e4chen mit Integrationen aktiviert <\/li><li>Detailliertes Standort-Popup bei Markierungsauswahl<\/li><li>Standort-Gesch\u00e4ftszeiten &amp; Offener Status<\/li><\/ul><p><a href=\"#demo\">Sie k\u00f6nnen die vollst\u00e4ndigen Funktionen des Widgets in der Demo auf dieser Seite ausprobieren<\/a><\/p> <\/div> <div class=\"application-platform-content-item-installation application-platform-content-item\" id=\"installation\" data-nav-section=\"installation\"> <h2>Wie integriere ich Store Locator in meine Jimdo-Webseite?<\/h2> <p>Befolgen Sie einfach die unten aufgef\u00fchrten Schritte, um das Tool zu aktivieren. <\/p> <ol><li><b>Starten Sie unseren kostenlosen Konfigurator und beginnen Sie mit der Erstellung Ihres ma\u00dfgeschneiderten Plugins. <\/b><br> W\u00e4hlen Sie die passende Schnittstelle und Funktionsmerkmale des Tools und speichern Sie die \u00c4nderungen. <\/li> <li><b>Sie erhalten Ihren individuellen Code, der in der Box auf Elfsight Apps angezeigt wird. <\/b><br> Sobald die Anpassung Ihres pers\u00f6nlichen Plugins abgeschlossen ist, kopieren Sie den exklusiven Code im erscheinenden Popup und speichern Sie ihn f\u00fcr die sp\u00e4tere Verwendung. <\/li> <li><b>Beteiligen Sie sich an der Verwendung des Widgets auf der Jimdo-Website. <\/b><br> F\u00fcgen Sie den k\u00fcrzlich gespeicherten Code in Ihre Website ein und wenden Sie die Verbesserungen an. <\/li> <li><b>Fertig! Die Integration ist vollst\u00e4ndig durchgef\u00fchrt. <\/b><br> Besuchen Sie Ihre Webseite, um zu sehen, wie das Widget funktioniert. <\/li><\/ol> <p>Wenn Sie Fragen haben oder auf Hindernisse sto\u00dfen, k\u00f6nnen Sie sich gerne an unseren Support wenden. Unsere Spezialisten helfen Ihnen gerne bei allen Schwierigkeiten, die Sie mit dem Widget haben k\u00f6nnten. <\/p> <\/div>\n","protected":false},"excerpt":{"rendered":"","protected":false},"author":9,"featured_media":0,"parent":7440,"menu_order":0,"comment_status":"closed","ping_status":"closed","template":"templates\/template-application-platform.php","meta":{"publish_to_discourse":"","publish_post_category":"","wpdc_auto_publish_overridden":"","wpdc_topic_tags":"","wpdc_pin_topic":"","wpdc_pin_until":"","discourse_post_id":"","discourse_permalink":"","wpdc_publishing_response":"","wpdc_publishing_error":"","footnotes":""},"class_list":["post-10354","page","type-page","status-publish","hentry"],"yoast_head":"<!-- This site is optimized with the Yoast SEO plugin v25.3.1 - https:\/\/yoast.com\/wordpress\/plugins\/seo\/ -->\n<title>Store Locator f\u00fcr Jimdo hinzuf\u00fcgen \u2013 Shop-Standorte ganz einfach einbetten<\/title>\n<meta name=\"description\" content=\"Integrieren Sie einen benutzerfreundlichen Store Locator in die Jimdo-Website, um Kundenbindung zu erreichen. Profitieren Sie von der praktischen Demo von Elfsight, um das Widget zu erstellen.\" \/>\n<meta name=\"robots\" content=\"index, follow, max-snippet:-1, max-image-preview:large, max-video-preview:-1\" \/>\n<link rel=\"canonical\" href=\"https:\/\/elfsight.com\/de\/store-locator-widget\/jimdo\/\" \/>\n<meta property=\"og:locale\" content=\"de_DE\" \/>\n<meta property=\"og:type\" content=\"article\" \/>\n<meta property=\"og:title\" content=\"Store Locator f\u00fcr Jimdo hinzuf\u00fcgen \u2013 Shop-Standorte ganz einfach einbetten\" \/>\n<meta property=\"og:description\" content=\"Integrieren Sie einen benutzerfreundlichen Store Locator in die Jimdo-Website, um Kundenbindung zu erreichen. Profitieren Sie von der praktischen Demo von Elfsight, um das Widget zu erstellen.\" \/>\n<meta property=\"og:url\" content=\"https:\/\/elfsight.com\/de\/store-locator-widget\/jimdo\/\" \/>\n<meta property=\"og:site_name\" content=\"Elfsight DE\" \/>\n<meta property=\"article:modified_time\" content=\"2025-02-24T17:29:21+00:00\" \/>\n<meta name=\"twitter:card\" content=\"summary_large_image\" \/>\n<meta name=\"twitter:label1\" content=\"Gesch\u00e4tzte Lesezeit\" \/>\n\t<meta name=\"twitter:data1\" content=\"3\u00a0Minuten\" \/>\n<!-- \/ Yoast SEO plugin. -->","yoast_head_json":{"title":"Store Locator f\u00fcr Jimdo hinzuf\u00fcgen \u2013 Shop-Standorte ganz einfach einbetten","description":"Integrieren Sie einen benutzerfreundlichen Store Locator in die Jimdo-Website, um Kundenbindung zu erreichen. Profitieren Sie von der praktischen Demo von Elfsight, um das Widget zu erstellen.","robots":{"index":"index","follow":"follow","max-snippet":"max-snippet:-1","max-image-preview":"max-image-preview:large","max-video-preview":"max-video-preview:-1"},"canonical":"https:\/\/elfsight.com\/de\/store-locator-widget\/jimdo\/","og_locale":"de_DE","og_type":"article","og_title":"Store Locator f\u00fcr Jimdo hinzuf\u00fcgen \u2013 Shop-Standorte ganz einfach einbetten","og_description":"Integrieren Sie einen benutzerfreundlichen Store Locator in die Jimdo-Website, um Kundenbindung zu erreichen. Profitieren Sie von der praktischen Demo von Elfsight, um das Widget zu erstellen.","og_url":"https:\/\/elfsight.com\/de\/store-locator-widget\/jimdo\/","og_site_name":"Elfsight DE","article_modified_time":"2025-02-24T17:29:21+00:00","twitter_card":"summary_large_image","twitter_misc":{"Gesch\u00e4tzte Lesezeit":"3\u00a0Minuten"},"schema":{"@context":"https:\/\/schema.org","@graph":[{"@type":"WebPage","@id":"https:\/\/elfsight.com\/de\/store-locator-widget\/jimdo\/","url":"https:\/\/elfsight.com\/de\/store-locator-widget\/jimdo\/","name":"Store Locator f\u00fcr Jimdo hinzuf\u00fcgen \u2013 Shop-Standorte ganz einfach einbetten","isPartOf":{"@id":"https:\/\/elfsight.com\/de\/#website"},"datePublished":"1970-01-01T00:00:00+00:00","dateModified":"2025-02-24T17:29:21+00:00","description":"Integrieren Sie einen benutzerfreundlichen Store Locator in die Jimdo-Website, um Kundenbindung zu erreichen. Profitieren Sie von der praktischen Demo von Elfsight, um das Widget zu erstellen.","breadcrumb":{"@id":"https:\/\/elfsight.com\/de\/store-locator-widget\/jimdo\/#breadcrumb"},"inLanguage":"de","potentialAction":[{"@type":"ReadAction","target":["https:\/\/elfsight.com\/de\/store-locator-widget\/jimdo\/"]}]},{"@type":"BreadcrumbList","@id":"https:\/\/elfsight.com\/de\/store-locator-widget\/jimdo\/#breadcrumb","itemListElement":[{"@type":"ListItem","position":1,"name":"Home","item":"https:\/\/elfsight.com\/de\/"},{"@type":"ListItem","position":2,"name":"Store Locator","item":"https:\/\/elfsight.com\/de\/store-locator-widget\/"},{"@type":"ListItem","position":3,"name":"Store Locator &#8211; Jimdo"}]},{"@type":"WebSite","@id":"https:\/\/elfsight.com\/de\/#website","url":"https:\/\/elfsight.com\/de\/","name":"Elfsight DE","description":"Just another Elfsight Sites site","potentialAction":[{"@type":"SearchAction","target":{"@type":"EntryPoint","urlTemplate":"https:\/\/elfsight.com\/de\/?s={search_term_string}"},"query-input":{"@type":"PropertyValueSpecification","valueRequired":true,"valueName":"search_term_string"}}],"inLanguage":"de"}]}},"meta_box":{"industry":"","seo_heading":"","heading":"","description":"","cta_heading":"","cta_description":"","application":"7436","h1":"Jimdo Store Locator-Widget","h1_caption":"Zeigen Sie auf Ihrer Jimdo-Website eine Karte mit mehreren Filialstandorten an, damit Ihre Kunden m\u00fchelos den n\u00e4chstgelegenen Standort finden k\u00f6nnen.","application_category":[],"applications_title":"","applications_request_title":"","applications_request_button_text":"","hero_text":"","hero_video":"","hero_video_schema_markup":"","selling_points_title":"","selling_points_caption":"","selling_points":[],"selling_points_cta_text":"","features_title":"","features":"","ed_cta_examples_text":"","ed_cta_examples_hidden":"","ed_cta_demo_text":"","ed_cta_demo_hidden":"","why_caption":"","why_editor_title":"","why_editor_text":"","why_team_title":"","why_team_text":"","why_service_title":"","why_service_text":"","template_catalog_visible":"0","template_catalog_title":"","template_catalog_text":"","template_catalog_categories_visible":"","demo_title":"Erstellen Sie Ihr Store Locator-Widget","demo_caption":"Konfigurieren Sie Ihren Store Locator und f\u00fcgen Sie ihn kostenlos zu Ihrer Jimdo-Website hinzu!","default_faq_hidden":"","app_template_category":[],"platform":"239","template_public_id":"","codecanyon_url":"","codecanyon_item_id":"","codecanyon_price":"","pricing_caption":"","pricing_elfsight_apps_hide_column":"","pricing_elfsight_apps_url":"","pricing_codecanyon_price_caption":"","integration_category":[],"integration_request_title":"","integration_request_cta":"","integration_platform":"","integrations":[],"platform_category":[],"video_schema_markup":"","price":"ab 0 $ \/ Monat","trial":"","benefits":[{"text":"Kostenlose Installationsunterst\u00fctzung"},{"text":"Au\u00dfergew\u00f6hnlicher Support"},{"text":"14-t\u00e4gige R\u00fcckerstattungsgarantie"},{"text":"Kontinuierliche kostenlose Updates"}],"button_url":"#demo","button_target_blank":"0","button_nofollow":"0","attributes":[{"name":"Installiert","content":"10,000 - 100,000"},{"name":"Reaktionsfreudig","content":"Ja"},{"name":"Kompatible Browser","content":"Firefox, Safari, Opera, Chrome, Edge"}],"tags":[],"tags_disable_links":"0","hide_more_platforms":"0","video_object":"","demo_hide_cta":"0","demo_hide_cloud_options":"0","pricing_title":"","pricing":[{"pricing_icon":"platform","pricing_title":"Elfsight Apps","pricing_title_caption":"Plattform\u00fcbergreifende Software, die auf jeder Website funktioniert","pricing_price":"ab 0 $ \/ Monat","pricing_price_caption":"Beginnen Sie mit einem kostenlosen Plan","pricing_benefits":[{"text":"Unbegrenzte Domains"},{"text":"Support rund um die Uhr"},{"text":"Kostenloser Installationsservice"},{"text":"100 % anpassbar"}],"pricing_button_text":"Zur Website hinzuf\u00fcgen","pricing_button_url":"#demo"}],"related_apps_title":"","related_apps_hidden":"0","author":"","image":[],"title":"","job":"","social_networks":[]},"_links":{"self":[{"href":"https:\/\/elfsight.com\/de\/wp-json\/wp\/v2\/pages\/10354","targetHints":{"allow":["GET"]}}],"collection":[{"href":"https:\/\/elfsight.com\/de\/wp-json\/wp\/v2\/pages"}],"about":[{"href":"https:\/\/elfsight.com\/de\/wp-json\/wp\/v2\/types\/page"}],"author":[{"embeddable":true,"href":"https:\/\/elfsight.com\/de\/wp-json\/wp\/v2\/users\/9"}],"replies":[{"embeddable":true,"href":"https:\/\/elfsight.com\/de\/wp-json\/wp\/v2\/comments?post=10354"}],"version-history":[{"count":2,"href":"https:\/\/elfsight.com\/de\/wp-json\/wp\/v2\/pages\/10354\/revisions"}],"predecessor-version":[{"id":24860,"href":"https:\/\/elfsight.com\/de\/wp-json\/wp\/v2\/pages\/10354\/revisions\/24860"}],"up":[{"embeddable":true,"href":"https:\/\/elfsight.com\/de\/wp-json\/wp\/v2\/pages\/7440"}],"wp:attachment":[{"href":"https:\/\/elfsight.com\/de\/wp-json\/wp\/v2\/media?parent=10354"}],"curies":[{"name":"wp","href":"https:\/\/api.w.org\/{rel}","templated":true}]}}