{"id":10353,"date":"1970-01-01T00:00:00","date_gmt":"1970-01-01T00:00:00","guid":{"rendered":"https:\/\/elfsight.com\/de\/?page_id=10353"},"modified":"2025-07-10T08:26:41","modified_gmt":"2025-07-10T08:26:41","slug":"joomla","status":"publish","type":"page","link":"https:\/\/elfsight.com\/de\/store-locator-widget\/joomla\/","title":{"rendered":"Store Locator &#8211; Joomla"},"content":{"rendered":"<div class=\"application-platform-content-item-description application-platform-content-item\" id=\"description\" data-nav-section=\"description\"> <h2>Store Locator mit einer Elfsight-Erweiterung in Joomla einbetten<\/h2> <p>Der Elfsight Store Locator f\u00fcr Joomla ist ein lebendiges und anpassbares Widget um die Benutzerfreundlichkeit und Kundenzufriedenheit Ihrer Website zu verbessern, indem Sie Ihren Kunden das Auffinden Ihrer Gesch\u00e4fte einfacher denn je machen. Mit einer Reihe leistungsstarker Funktionen, die auf Vielseitigkeit und Leistung ausgelegt sind, ist dieses Widget Ihre Schl\u00fcssell\u00f6sung f\u00fcr die klare und benutzerfreundliche Darstellung Ihrer physischen Gesch\u00e4ftsstandorte. Probieren Sie es jetzt aus und sehen Sie, wie es Ihre Website in einen leistungsstarken Filialfinder verwandelt!<\/p> <p>Durch die Integration des Widgets erh\u00f6hen Sie Ihre Vertrauensw\u00fcrdigkeit bei Ihren Kunden, indem Sie detaillierte Informationen \u00fcber die physischen Standorte Ihres Unternehmens weitergeben und so jedem Ihrer Kunden Sicherheit geben solide Pr\u00e4senz. Dies f\u00fchrt zu einer besseren Entscheidungsfindung und einem soliden Kauferlebnis bei den Kunden. <\/p><p><b>F\u00fcgen Sie den unglaublichen Filialfinder hinzu, um Ihren Standort und wichtige Unternehmensdaten anzuzeigen. Geben Sie Ihre echte Adresse und relevante Informationen an, um mehr Kunden im Gesch\u00e4ft anzulocken. <\/b><\/p><\/div> <div class=\"application-platform-content-item-features application-platform-content-item\" id=\"features\" data-nav-section=\"features\"> <h2>Liste der besten Funktionen anzeigen:<\/h2> <ul><li>Standortauswahl l\u00f6schen<\/li><li>Benutzerorientierte Karteneigenschaften<\/li><li>Standort-CTA-Schaltfl\u00e4chen zur Unterst\u00fctzung von Integrationen<\/li><li>Detaillierte Standortkarte bei Markierungsklick<\/li><li>Standortarbeitszeit &amp; offener Status<\/li><\/ul><p><a href=\"#demo\">Sie k\u00f6nnen jetzt die volle Funktionalit\u00e4t des Widgets in der Demo testen<\/a><\/p> <\/div> <div class=\"application-platform-content-item-installation application-platform-content-item\" id=\"installation\" data-nav-section=\"installation\"> <h2>Wie integriere ich Store Locator in meine Joomla-Website?<\/h2> <p>Befolgen Sie einfach die folgenden Richtlinien, um das Widget zu aktivieren. <\/p> <ol><li><b>\u00d6ffnen Sie unsere kostenlose Demo und beginnen Sie mit der Gestaltung Ihres ma\u00dfgeschneiderten Plugins. <\/b><br> Geben Sie das gew\u00fcnschte Design und die gew\u00fcnschten Spezifikationen des Werkzeugs an und speichern Sie die \u00c4nderungen. <\/li> <li><b>Sie erhalten Ihren individuellen Code, der im Fenster von Elfsight Apps angezeigt wird. <\/b><br> Sobald die Einrichtung Ihres pers\u00f6nlichen Plugins abgeschlossen ist, kopieren Sie den exklusiven Code aus dem erscheinenden Feld und bewahren Sie ihn f\u00fcr die zuk\u00fcnftige Verwendung auf. <\/li> <li><b>Initiieren Sie die Nutzung des Widgets auf der Joomla-Website. <\/b><br> F\u00fcgen Sie den k\u00fcrzlich kopierten Code in Ihre Webseite ein und \u00fcbernehmen Sie die \u00c4nderungen. <\/li> <li><b>Fertig! Die Einbettung ist vollst\u00e4ndig durchgef\u00fchrt. <\/b><br> Besuchen Sie Ihre Seite, um die Funktion des Tools zu \u00fcberpr\u00fcfen. <\/li><\/ol> <p>Z\u00f6gern Sie nicht, sich an unser Support-Team zu wenden, wenn Sie Anfragen bearbeiten oder es zu Komplikationen kommt. Unsere Spezialisten helfen Ihnen gerne bei allen Schwierigkeiten, die Sie mit dem Plugin haben k\u00f6nnten. <\/p><\/div>","protected":false},"excerpt":{"rendered":"","protected":false},"author":9,"featured_media":0,"parent":7440,"menu_order":0,"comment_status":"closed","ping_status":"closed","template":"templates\/template-application-platform.php","meta":{"publish_to_discourse":"","publish_post_category":"","wpdc_auto_publish_overridden":"","wpdc_topic_tags":"","wpdc_pin_topic":"","wpdc_pin_until":"","discourse_post_id":"","discourse_permalink":"","wpdc_publishing_response":"","wpdc_publishing_error":"","footnotes":""},"class_list":["post-10353","page","type-page","status-publish","hentry"],"yoast_head":"<!-- This site is optimized with the Yoast SEO plugin v25.3.1 - https:\/\/yoast.com\/wordpress\/plugins\/seo\/ -->\n<title>Store Locator zu Joomla hinzuf\u00fcgen \u2013 Probieren Sie die kostenlose Location Finder-L\u00f6sung aus<\/title>\n<meta name=\"description\" content=\"F\u00fcgen Sie Ihren Joomla-Website-Seiten einen anpassbaren Store Locator hinzu, um die Conversions zu steigern. Verwenden Sie eine unkomplizierte Demo von Elfsight, um das Widget zu erstellen.\" \/>\n<meta name=\"robots\" content=\"index, follow, max-snippet:-1, max-image-preview:large, max-video-preview:-1\" \/>\n<link rel=\"canonical\" href=\"https:\/\/elfsight.com\/de\/store-locator-widget\/joomla\/\" \/>\n<meta property=\"og:locale\" content=\"de_DE\" \/>\n<meta property=\"og:type\" content=\"article\" \/>\n<meta property=\"og:title\" content=\"Store Locator zu Joomla hinzuf\u00fcgen \u2013 Probieren Sie die kostenlose Location Finder-L\u00f6sung aus\" \/>\n<meta property=\"og:description\" content=\"F\u00fcgen Sie Ihren Joomla-Website-Seiten einen anpassbaren Store Locator hinzu, um die Conversions zu steigern. Verwenden Sie eine unkomplizierte Demo von Elfsight, um das Widget zu erstellen.\" \/>\n<meta property=\"og:url\" content=\"https:\/\/elfsight.com\/de\/store-locator-widget\/joomla\/\" \/>\n<meta property=\"og:site_name\" content=\"Elfsight DE\" \/>\n<meta property=\"article:modified_time\" content=\"2025-07-10T08:26:41+00:00\" \/>\n<meta name=\"twitter:card\" content=\"summary_large_image\" \/>\n<meta name=\"twitter:label1\" content=\"Gesch\u00e4tzte Lesezeit\" \/>\n\t<meta name=\"twitter:data1\" content=\"2\u00a0Minuten\" \/>\n<!-- \/ Yoast SEO plugin. -->","yoast_head_json":{"title":"Store Locator zu Joomla hinzuf\u00fcgen \u2013 Probieren Sie die kostenlose Location Finder-L\u00f6sung aus","description":"F\u00fcgen Sie Ihren Joomla-Website-Seiten einen anpassbaren Store Locator hinzu, um die Conversions zu steigern. Verwenden Sie eine unkomplizierte Demo von Elfsight, um das Widget zu erstellen.","robots":{"index":"index","follow":"follow","max-snippet":"max-snippet:-1","max-image-preview":"max-image-preview:large","max-video-preview":"max-video-preview:-1"},"canonical":"https:\/\/elfsight.com\/de\/store-locator-widget\/joomla\/","og_locale":"de_DE","og_type":"article","og_title":"Store Locator zu Joomla hinzuf\u00fcgen \u2013 Probieren Sie die kostenlose Location Finder-L\u00f6sung aus","og_description":"F\u00fcgen Sie Ihren Joomla-Website-Seiten einen anpassbaren Store Locator hinzu, um die Conversions zu steigern. Verwenden Sie eine unkomplizierte Demo von Elfsight, um das Widget zu erstellen.","og_url":"https:\/\/elfsight.com\/de\/store-locator-widget\/joomla\/","og_site_name":"Elfsight DE","article_modified_time":"2025-07-10T08:26:41+00:00","twitter_card":"summary_large_image","twitter_misc":{"Gesch\u00e4tzte Lesezeit":"2\u00a0Minuten"},"schema":{"@context":"https:\/\/schema.org","@graph":[{"@type":"WebPage","@id":"https:\/\/elfsight.com\/de\/store-locator-widget\/joomla\/","url":"https:\/\/elfsight.com\/de\/store-locator-widget\/joomla\/","name":"Store Locator zu Joomla hinzuf\u00fcgen \u2013 Probieren Sie die kostenlose Location Finder-L\u00f6sung aus","isPartOf":{"@id":"https:\/\/elfsight.com\/de\/#website"},"datePublished":"1970-01-01T00:00:00+00:00","dateModified":"2025-07-10T08:26:41+00:00","description":"F\u00fcgen Sie Ihren Joomla-Website-Seiten einen anpassbaren Store Locator hinzu, um die Conversions zu steigern. Verwenden Sie eine unkomplizierte Demo von Elfsight, um das Widget zu erstellen.","breadcrumb":{"@id":"https:\/\/elfsight.com\/de\/store-locator-widget\/joomla\/#breadcrumb"},"inLanguage":"de","potentialAction":[{"@type":"ReadAction","target":["https:\/\/elfsight.com\/de\/store-locator-widget\/joomla\/"]}]},{"@type":"BreadcrumbList","@id":"https:\/\/elfsight.com\/de\/store-locator-widget\/joomla\/#breadcrumb","itemListElement":[{"@type":"ListItem","position":1,"name":"Home","item":"https:\/\/elfsight.com\/de\/"},{"@type":"ListItem","position":2,"name":"Store Locator","item":"https:\/\/elfsight.com\/de\/store-locator-widget\/"},{"@type":"ListItem","position":3,"name":"Store Locator &#8211; Joomla"}]},{"@type":"WebSite","@id":"https:\/\/elfsight.com\/de\/#website","url":"https:\/\/elfsight.com\/de\/","name":"Elfsight DE","description":"Just another Elfsight Sites site","potentialAction":[{"@type":"SearchAction","target":{"@type":"EntryPoint","urlTemplate":"https:\/\/elfsight.com\/de\/?s={search_term_string}"},"query-input":{"@type":"PropertyValueSpecification","valueRequired":true,"valueName":"search_term_string"}}],"inLanguage":"de"}]}},"meta_box":{"industry":"","seo_heading":"","heading":"","description":"","cta_heading":"","cta_description":"","application":"7436","h1":"Joomla Store Locator-Erweiterung","h1_caption":"Zeigen Sie eine Karte mit mehreren Filialstandorten an, damit Ihre Kunden m\u00fchelos den n\u00e4chstgelegenen Standort auf Ihrer Joomla-Website finden k\u00f6nnen.","application_category":[],"applications_title":"","applications_request_title":"","applications_request_button_text":"","hero_text":"","hero_video":"","hero_video_schema_markup":"","selling_points_title":"","selling_points_caption":"","selling_points":[],"selling_points_cta_text":"","features_title":"","features":"","ed_cta_examples_text":"","ed_cta_examples_hidden":"","ed_cta_demo_text":"","ed_cta_demo_hidden":"","why_caption":"","why_editor_title":"","why_editor_text":"","why_team_title":"","why_team_text":"","why_service_title":"","why_service_text":"","template_catalog_visible":"","template_catalog_title":"","template_catalog_text":"","template_catalog_categories_visible":"","demo_title":"Erstellen Sie Ihr Store Locator-Plugin","demo_caption":"Konfigurieren Sie Ihren Store Locator und f\u00fcgen Sie ihn kostenlos zu Ihrer Joomla-Website hinzu!","default_faq_hidden":"","app_template_category":[],"platform":"259","template_public_id":"","codecanyon_url":"","codecanyon_item_id":"","codecanyon_price":"","pricing_caption":"","pricing_elfsight_apps_hide_column":"","pricing_elfsight_apps_url":"","pricing_codecanyon_price_caption":"","integration_category":[],"integration_request_title":"","integration_request_cta":"","integration_platform":"","integrations":[],"platform_category":[],"video_schema_markup":"","price":"ab 0 $ \/ Monat","trial":"","benefits":[{"text":"Kostenlose Installationsunterst\u00fctzung"},{"text":"Effektiver Kundenservice"},{"text":"14-t\u00e4gige Geld-zur\u00fcck-Garantie"},{"text":"Kontinuierliche Updates"}],"button_url":"#demo","button_target_blank":"","button_nofollow":"","attributes":[{"name":"Installiert","content":"10,000 - 100,000"},{"name":"Reaktionsfreudig","content":"Ja"},{"name":"Kompatible Browser","content":"Firefox, Safari, Opera, Chrome, Edge"}],"tags":[],"tags_disable_links":"","hide_more_platforms":"","video_object":"","demo_hide_cta":"","demo_hide_cloud_options":"","pricing_title":"","pricing":[{"pricing_icon":"platform","pricing_title":"Elfsight Apps","pricing_title_caption":"Multiplattform-Version","pricing_price":"ab 0 $ \/ Monat","pricing_price_caption":"Beginnen Sie mit einem kostenlosen Plan","pricing_benefits":[{"text":"Unbegrenzte Domains"},{"text":"Engagierter Kundensupport"},{"text":"Kostenlose Installationshilfe"},{"text":"Vollst\u00e4ndig anpassbar"}],"pricing_button_text":"Zur Website hinzuf\u00fcgen","pricing_button_url":"#demo"}],"related_apps_title":"","related_apps_hidden":"","author":"","image":[],"title":"","job":"","social_networks":[]},"_links":{"self":[{"href":"https:\/\/elfsight.com\/de\/wp-json\/wp\/v2\/pages\/10353","targetHints":{"allow":["GET"]}}],"collection":[{"href":"https:\/\/elfsight.com\/de\/wp-json\/wp\/v2\/pages"}],"about":[{"href":"https:\/\/elfsight.com\/de\/wp-json\/wp\/v2\/types\/page"}],"author":[{"embeddable":true,"href":"https:\/\/elfsight.com\/de\/wp-json\/wp\/v2\/users\/9"}],"replies":[{"embeddable":true,"href":"https:\/\/elfsight.com\/de\/wp-json\/wp\/v2\/comments?post=10353"}],"version-history":[{"count":1,"href":"https:\/\/elfsight.com\/de\/wp-json\/wp\/v2\/pages\/10353\/revisions"}],"predecessor-version":[{"id":10357,"href":"https:\/\/elfsight.com\/de\/wp-json\/wp\/v2\/pages\/10353\/revisions\/10357"}],"up":[{"embeddable":true,"href":"https:\/\/elfsight.com\/de\/wp-json\/wp\/v2\/pages\/7440"}],"wp:attachment":[{"href":"https:\/\/elfsight.com\/de\/wp-json\/wp\/v2\/media?parent=10353"}],"curies":[{"name":"wp","href":"https:\/\/api.w.org\/{rel}","templated":true}]}}