{"id":10348,"date":"1970-01-01T00:00:00","date_gmt":"1970-01-01T00:00:00","guid":{"rendered":"https:\/\/elfsight.com\/de\/?page_id=10348"},"modified":"2025-07-10T08:26:46","modified_gmt":"2025-07-10T08:26:46","slug":"jquery","status":"publish","type":"page","link":"https:\/\/elfsight.com\/de\/store-locator-widget\/jquery\/","title":{"rendered":"Store Locator &#8211; jQuery"},"content":{"rendered":"<div class=\"application-platform-content-item-description application-platform-content-item\" id=\"description\" data-nav-section=\"description\"> <h2>Store Locator mit einem Elfsight-Plugin in jQuery einbetten<\/h2> <p>Der Elfsight Store Locator f\u00fcr jQuery ist ein leistungsstarkes und anpassbares Widget um die Benutzerfreundlichkeit und Kundenbindung Ihrer Website zu verbessern, indem Sie Ihren Kunden den Besuch Ihrer Gesch\u00e4fte einfacher denn je machen. Mit einer Reihe gro\u00dfartiger Funktionen, die f\u00fcr Effizienz und Leistung entwickelt wurden, ist dieses Widget Ihre beste L\u00f6sung, um die Standorte Ihrer physischen Gesch\u00e4fte klar und benutzerfreundlich anzuzeigen. Probieren Sie es jetzt aus und bemerken Sie, wie es Ihre Website in einen wunderbaren Filialfinder verwandelt!<\/p> <p>Durch die Einbindung des Widgets erh\u00f6hen Sie Ihre Glaubw\u00fcrdigkeit bei Ihren Kunden, indem Sie detaillierte Informationen \u00fcber die physischen Standorte Ihres Unternehmens weitergeben und so allen von Ihrem Vertrauen \u00fcberzeugen Gegenwart. Dies k\u00f6nnte zu einer besseren Entscheidungsfindung und einem verbesserten Einkaufserlebnis f\u00fcr die Kunden f\u00fchren. <\/p><p><b>Betten Sie den brillanten Filialfinder ein, um Ihren Standort und hilfreiche Betriebsdaten zu teilen. Heben Sie Ihre aktuelle Adresse und n\u00fctzliche Informationen hervor, um mehr Besucher im Gesch\u00e4ft zu erreichen. <\/b><\/p><\/div> <div class=\"application-platform-content-item-features application-platform-content-item\" id=\"features\" data-nav-section=\"features\"> <h2>Dies sind nur einige der leistungsstarken Widget-Funktionen:<\/h2> <ul><li>Dynamische Standortauswahl<\/li> <li>Benutzerorientierte Kartenfunktionen<\/li><li>Standortaktionsschaltfl\u00e4chen zur Unterst\u00fctzung von Integrationen<\/li><li>Detaillierte Standortkarte bei Markierungsauswahl<\/li><li>Standortarbeitsplan &amp; Aktivit\u00e4tsstatus<\/li><\/ul><p><a href=\"#demo\">Testen Sie alle Anpassungsoptionen in einer Demo mit vollem Funktionsumfang<\/a><\/p> <\/div> <div class=\"application-platform-content-item-installation  application-platform-content-item\" id=\"installation \" data-nav-section=\"installation \"> <h2>Wie integriere ich Store Locator in meine jQuery-Site?<\/h2> <p>Befolgen Sie einfach die nachstehenden Anweisungen, um das Widget einzuf\u00fcgen. <\/p> <ol><li><b>\u00d6ffnen Sie unseren kostenlosen Editor und beginnen Sie mit der Gestaltung Ihres einzigartigen Plugins. <\/b><br> Geben Sie das gew\u00fcnschte Layout und die Funktionalit\u00e4t des Tools an und speichern Sie die \u00c4nderungen. <\/li> <li><b>Kopieren Sie den pers\u00f6nlichen Code, der im Fenster von Elfsight Apps angezeigt wird. <\/b><br> Wenn die Anpassung Ihres Widgets abgeschlossen ist, kopieren Sie den exklusiven Code aus dem angezeigten Feld und speichern Sie ihn f\u00fcr einen sp\u00e4teren Anlass. <\/li> <li><b>Beginnen Sie mit der Verwendung des Widgets auf Ihrer jQuery-Startseite. <\/b><br> Betten Sie den Code, den Sie zuvor gespeichert haben, in Ihre Seite ein und \u00fcbernehmen Sie die \u00c4nderungen. <\/li> <li><b>Die Installation ist vollst\u00e4ndig beendet. <\/b><br> Besuchen Sie Ihre Website, um zu sehen, wie das Widget funktioniert. <\/li><\/ol> <p>Z\u00f6gern Sie nicht, sich f\u00fcr unser Support-Team zu bewerben, sofern Sie mit Fragen oder Schwierigkeiten konfrontiert werden. Unsere Mitarbeiter m\u00f6chten Ihnen gerne bei allen Schwierigkeiten helfen, die Sie mit dem Produkt haben k\u00f6nnten. <\/p><\/div>","protected":false},"excerpt":{"rendered":"","protected":false},"author":9,"featured_media":0,"parent":7440,"menu_order":0,"comment_status":"closed","ping_status":"closed","template":"templates\/template-application-platform.php","meta":{"publish_to_discourse":"","publish_post_category":"","wpdc_auto_publish_overridden":"","wpdc_topic_tags":"","wpdc_pin_topic":"","wpdc_pin_until":"","discourse_post_id":"","discourse_permalink":"","wpdc_publishing_response":"","wpdc_publishing_error":"","footnotes":""},"class_list":["post-10348","page","type-page","status-publish","hentry"],"yoast_head":"<!-- This site is optimized with the Yoast SEO plugin v25.3.1 - https:\/\/yoast.com\/wordpress\/plugins\/seo\/ -->\n<title>Filialsuche f\u00fcr jQuery einbetten \u2013 Shop-Standorte \u00fcbersichtlich hinzuf\u00fcgen<\/title>\n<meta name=\"description\" content=\"F\u00fcgen Sie der jQuery-Website einen benutzerfreundlichen Store Locator hinzu, um die Kundenzufriedenheit zu steigern. Probieren Sie die Clear-Demo von Elfsight aus, um ein leistungsstarkes Widget zu erstellen.\" \/>\n<meta name=\"robots\" content=\"index, follow, max-snippet:-1, max-image-preview:large, max-video-preview:-1\" \/>\n<link rel=\"canonical\" href=\"https:\/\/elfsight.com\/de\/store-locator-widget\/jquery\/\" \/>\n<meta property=\"og:locale\" content=\"de_DE\" \/>\n<meta property=\"og:type\" content=\"article\" \/>\n<meta property=\"og:title\" content=\"Filialsuche f\u00fcr jQuery einbetten \u2013 Shop-Standorte \u00fcbersichtlich hinzuf\u00fcgen\" \/>\n<meta property=\"og:description\" content=\"F\u00fcgen Sie der jQuery-Website einen benutzerfreundlichen Store Locator hinzu, um die Kundenzufriedenheit zu steigern. Probieren Sie die Clear-Demo von Elfsight aus, um ein leistungsstarkes Widget zu erstellen.\" \/>\n<meta property=\"og:url\" content=\"https:\/\/elfsight.com\/de\/store-locator-widget\/jquery\/\" \/>\n<meta property=\"og:site_name\" content=\"Elfsight DE\" \/>\n<meta property=\"article:modified_time\" content=\"2025-07-10T08:26:46+00:00\" \/>\n<meta name=\"twitter:card\" content=\"summary_large_image\" \/>\n<meta name=\"twitter:label1\" content=\"Gesch\u00e4tzte Lesezeit\" \/>\n\t<meta name=\"twitter:data1\" content=\"2\u00a0Minuten\" \/>\n<!-- \/ Yoast SEO plugin. -->","yoast_head_json":{"title":"Filialsuche f\u00fcr jQuery einbetten \u2013 Shop-Standorte \u00fcbersichtlich hinzuf\u00fcgen","description":"F\u00fcgen Sie der jQuery-Website einen benutzerfreundlichen Store Locator hinzu, um die Kundenzufriedenheit zu steigern. Probieren Sie die Clear-Demo von Elfsight aus, um ein leistungsstarkes Widget zu erstellen.","robots":{"index":"index","follow":"follow","max-snippet":"max-snippet:-1","max-image-preview":"max-image-preview:large","max-video-preview":"max-video-preview:-1"},"canonical":"https:\/\/elfsight.com\/de\/store-locator-widget\/jquery\/","og_locale":"de_DE","og_type":"article","og_title":"Filialsuche f\u00fcr jQuery einbetten \u2013 Shop-Standorte \u00fcbersichtlich hinzuf\u00fcgen","og_description":"F\u00fcgen Sie der jQuery-Website einen benutzerfreundlichen Store Locator hinzu, um die Kundenzufriedenheit zu steigern. Probieren Sie die Clear-Demo von Elfsight aus, um ein leistungsstarkes Widget zu erstellen.","og_url":"https:\/\/elfsight.com\/de\/store-locator-widget\/jquery\/","og_site_name":"Elfsight DE","article_modified_time":"2025-07-10T08:26:46+00:00","twitter_card":"summary_large_image","twitter_misc":{"Gesch\u00e4tzte Lesezeit":"2\u00a0Minuten"},"schema":{"@context":"https:\/\/schema.org","@graph":[{"@type":"WebPage","@id":"https:\/\/elfsight.com\/de\/store-locator-widget\/jquery\/","url":"https:\/\/elfsight.com\/de\/store-locator-widget\/jquery\/","name":"Filialsuche f\u00fcr jQuery einbetten \u2013 Shop-Standorte \u00fcbersichtlich hinzuf\u00fcgen","isPartOf":{"@id":"https:\/\/elfsight.com\/de\/#website"},"datePublished":"1970-01-01T00:00:00+00:00","dateModified":"2025-07-10T08:26:46+00:00","description":"F\u00fcgen Sie der jQuery-Website einen benutzerfreundlichen Store Locator hinzu, um die Kundenzufriedenheit zu steigern. Probieren Sie die Clear-Demo von Elfsight aus, um ein leistungsstarkes Widget zu erstellen.","breadcrumb":{"@id":"https:\/\/elfsight.com\/de\/store-locator-widget\/jquery\/#breadcrumb"},"inLanguage":"de","potentialAction":[{"@type":"ReadAction","target":["https:\/\/elfsight.com\/de\/store-locator-widget\/jquery\/"]}]},{"@type":"BreadcrumbList","@id":"https:\/\/elfsight.com\/de\/store-locator-widget\/jquery\/#breadcrumb","itemListElement":[{"@type":"ListItem","position":1,"name":"Home","item":"https:\/\/elfsight.com\/de\/"},{"@type":"ListItem","position":2,"name":"Store Locator","item":"https:\/\/elfsight.com\/de\/store-locator-widget\/"},{"@type":"ListItem","position":3,"name":"Store Locator &#8211; jQuery"}]},{"@type":"WebSite","@id":"https:\/\/elfsight.com\/de\/#website","url":"https:\/\/elfsight.com\/de\/","name":"Elfsight DE","description":"Just another Elfsight Sites site","potentialAction":[{"@type":"SearchAction","target":{"@type":"EntryPoint","urlTemplate":"https:\/\/elfsight.com\/de\/?s={search_term_string}"},"query-input":{"@type":"PropertyValueSpecification","valueRequired":true,"valueName":"search_term_string"}}],"inLanguage":"de"}]}},"meta_box":{"industry":"","seo_heading":"","heading":"","description":"","cta_heading":"","cta_description":"","application":"7436","h1":"jQuery Store Locator-Plugin","h1_caption":"Zeigen Sie eine Karte mit mehreren Filialstandorten an, damit Ihre Kunden m\u00fchelos den n\u00e4chstgelegenen Standort auf Ihrer jQuery-Website finden k\u00f6nnen.","application_category":[],"applications_title":"","applications_request_title":"","applications_request_button_text":"","hero_text":"","hero_video":"","hero_video_schema_markup":"","selling_points_title":"","selling_points_caption":"","selling_points":[],"selling_points_cta_text":"","features_title":"","features":"","ed_cta_examples_text":"","ed_cta_examples_hidden":"","ed_cta_demo_text":"","ed_cta_demo_hidden":"","why_caption":"","why_editor_title":"","why_editor_text":"","why_team_title":"","why_team_text":"","why_service_title":"","why_service_text":"","template_catalog_visible":"","template_catalog_title":"","template_catalog_text":"","template_catalog_categories_visible":"","demo_title":"Erstellen Sie Ihr Store Locator-Plugin","demo_caption":"Konfigurieren Sie Ihren Store Locator und f\u00fcgen Sie ihn kostenlos zu Ihrer jQuery-Website hinzu!","default_faq_hidden":"","app_template_category":[],"platform":"258","template_public_id":"","codecanyon_url":"","codecanyon_item_id":"","codecanyon_price":"","pricing_caption":"","pricing_elfsight_apps_hide_column":"","pricing_elfsight_apps_url":"","pricing_codecanyon_price_caption":"","integration_category":[],"integration_request_title":"","integration_request_cta":"","integration_platform":"","integrations":[],"platform_category":[],"video_schema_markup":"","price":"ab 0 $ \/ Monat","trial":"","benefits":[{"text":"Unbegrenzte Domains"},{"text":"Professioneller Kundensupport"},{"text":"Kostenlose Installationshilfe"},{"text":"Vollst\u00e4ndig anpassbar"}],"button_url":"#demo","button_target_blank":"","button_nofollow":"","attributes":[{"name":"Installiert","content":"10,000 - 100,000"},{"name":"Reaktionsfreudig","content":"Ja"},{"name":"Kompatible Browser","content":"Firefox, Safari, Opera, Chrome, Edge"}],"tags":[],"tags_disable_links":"","hide_more_platforms":"","video_object":"","demo_hide_cta":"","demo_hide_cloud_options":"","pricing_title":"","pricing":[{"pricing_icon":"platform","pricing_title":"Elfsight Apps","pricing_title_caption":"Multiplattform-Version, die f\u00fcr jede Website geeignet ist","pricing_price":"ab 0 $ \/ Monat","pricing_price_caption":"Beginnen Sie mit einem kostenlosen Plan","pricing_benefits":[{"text":"Unbegrenzte Domains"},{"text":"Professioneller Kundensupport"},{"text":"Kostenlose Installationshilfe"},{"text":"Vollst\u00e4ndig anpassbar"}],"pricing_button_text":"Zur Website hinzuf\u00fcgen","pricing_button_url":"#demo"}],"related_apps_title":"","related_apps_hidden":"","author":"","image":[],"title":"","job":"","social_networks":[]},"_links":{"self":[{"href":"https:\/\/elfsight.com\/de\/wp-json\/wp\/v2\/pages\/10348","targetHints":{"allow":["GET"]}}],"collection":[{"href":"https:\/\/elfsight.com\/de\/wp-json\/wp\/v2\/pages"}],"about":[{"href":"https:\/\/elfsight.com\/de\/wp-json\/wp\/v2\/types\/page"}],"author":[{"embeddable":true,"href":"https:\/\/elfsight.com\/de\/wp-json\/wp\/v2\/users\/9"}],"replies":[{"embeddable":true,"href":"https:\/\/elfsight.com\/de\/wp-json\/wp\/v2\/comments?post=10348"}],"version-history":[{"count":1,"href":"https:\/\/elfsight.com\/de\/wp-json\/wp\/v2\/pages\/10348\/revisions"}],"predecessor-version":[{"id":10352,"href":"https:\/\/elfsight.com\/de\/wp-json\/wp\/v2\/pages\/10348\/revisions\/10352"}],"up":[{"embeddable":true,"href":"https:\/\/elfsight.com\/de\/wp-json\/wp\/v2\/pages\/7440"}],"wp:attachment":[{"href":"https:\/\/elfsight.com\/de\/wp-json\/wp\/v2\/media?parent=10348"}],"curies":[{"name":"wp","href":"https:\/\/api.w.org\/{rel}","templated":true}]}}