{"id":10340,"date":"1970-01-01T00:00:00","date_gmt":"1970-01-01T00:00:00","guid":{"rendered":"https:\/\/elfsight.com\/de\/?page_id=10340"},"modified":"2025-07-10T08:27:01","modified_gmt":"2025-07-10T08:27:01","slug":"prestashop","status":"publish","type":"page","link":"https:\/\/elfsight.com\/de\/store-locator-widget\/prestashop\/","title":{"rendered":"Store Locator &#8211; PrestaShop"},"content":{"rendered":"<div class=\"application-platform-content-item-description application-platform-content-item\" id=\"description\" data-nav-section=\"description\"> <h2>Store Locator mit einem Elfsight-Add-on in PrestaShop einbetten<\/h2> <p>Der Elfsight Store Locator f\u00fcr PrestaShop ist ein lebendiges und anpassbares Widget um den Komfort und die Kundenbindung Ihrer Website zu steigern, indem Sie es Ihren Kunden einfacher denn je machen, Ihren Standort zu finden. Mit einer Reihe hilfreicher Funktionen, die auf Effizienz und Leistung zugeschnitten sind, ist dieses Widget Ihre beste L\u00f6sung f\u00fcr die interaktive und praktische Pr\u00e4sentation Ihrer physischen Gesch\u00e4ftsstandorte. Binden Sie es jetzt ein und erleben Sie, wie es Ihre Website in einen leistungsstarken Filialfinder verwandelt!<\/p> <p>Durch die Verwendung des Widgets erh\u00f6hen Sie Ihre Vertrauensw\u00fcrdigkeit bei Ihren Kunden, indem Sie detaillierte Informationen zu den physischen Standorten Ihres Unternehmens bereitstellen und so alle Ihre Filialen beruhigen Gegenwart. Dies k\u00f6nnte zu einer schnelleren Entscheidungsfindung und einem soliden Einkaufserlebnis bei den Kunden f\u00fchren. <\/p><p><b>Nutzen Sie den au\u00dfergew\u00f6hnlichen Filialfinder, um Ihren Standort und wichtige Betriebsdetails anzuzeigen. Geben Sie Ihre aktuelle Adresse und n\u00fctzliche Informationen an, um weitere Kunden im Gesch\u00e4ft einzuladen. <\/b><\/p> <\/div> <div class=\"application-platform-content-item-features application-platform-content-item\" id=\"features\" data-nav-section=\"features\"> <h2>Hier sind zentrale Funktionen des Widgets:<\/h2> <ul><li>M\u00fchelose Standortanzeige<\/li><li>Intuitive Kartenfunktionen<\/li><li>Standortinteraktionsschaltfl\u00e4chen mit Integrationen <\/li><li>Einfaches Standort-Popup bei Markierungsauswahl<\/li><li>Standortarbeitsplan &amp; Aktivit\u00e4tsstatus<\/li><\/ul><p><a href=\"#demo\">Probieren Sie einfach diese Demo aus, um die Funktionalit\u00e4t des Widgets zu verstehen<\/a><\/p><\/div> <div class=\"application-platform-content-item-Installation application-platform-content-item\" id=\"Installation\" data-nav-section=\"Installation\"> <h2>Wie integriere ich Store Locator in meine PrestaShop-Website?<\/h2> <p>Befolgen Sie einfach die unten beschriebenen Schritte, um das Plugin zu integrieren. <\/p> <ol><li><b>Starten Sie unseren kostenlosen Editor und beginnen Sie mit der Erstellung Ihres eigenen Widgets. <\/b><br> Finden Sie das passende Aussehen und die Spezifikationen des Werkzeugs und speichern Sie die Korrekturen. <\/li> <li><b>Erhalten Sie den pers\u00f6nlichen Code, der im speziellen Formular auf Elfsight Apps angezeigt wird. <\/b><br> Wenn die Einrichtung Ihres Widgets abgeschlossen ist, kopieren Sie den individuellen Code aus dem erscheinenden Feld und bewahren Sie ihn f\u00fcr einen sp\u00e4teren Bedarf auf. <\/li> <li><b>Beginnen Sie mit der Verwendung des Widgets auf Ihrer PrestaShop-Site. <\/b><br> F\u00fcgen Sie den Code, den Sie k\u00fcrzlich gespeichert haben, in Ihre Webseite ein und \u00fcbernehmen Sie die \u00c4nderungen. <\/li> <li><b>Das Setup ist vollst\u00e4ndig abgeschlossen. <\/b><br> Besuchen Sie Ihre Website, um zu sehen, wie das Tool funktioniert. <\/li><\/ol> <p>Wenn Sie Fragen haben oder auf Komplikationen sto\u00dfen, z\u00f6gern Sie nicht, Hilfe von unserem Support-Personal in Anspruch zu nehmen. Unsere Berater helfen Ihnen gerne bei allen Problemen, die Sie mit dem Plugin haben. <\/p><\/div>","protected":false},"excerpt":{"rendered":"","protected":false},"author":9,"featured_media":0,"parent":7440,"menu_order":0,"comment_status":"closed","ping_status":"closed","template":"templates\/template-application-platform.php","meta":{"publish_to_discourse":"","publish_post_category":"","wpdc_auto_publish_overridden":"","wpdc_topic_tags":"","wpdc_pin_topic":"","wpdc_pin_until":"","discourse_post_id":"","discourse_permalink":"","wpdc_publishing_response":"","wpdc_publishing_error":"","footnotes":""},"class_list":["post-10340","page","type-page","status-publish","hentry"],"yoast_head":"<!-- This site is optimized with the Yoast SEO plugin v25.3.1 - https:\/\/yoast.com\/wordpress\/plugins\/seo\/ -->\n<title>Integrieren Sie den Store Locator in PrestaShop \u2013 Pr\u00e4sentieren Sie Gesch\u00e4fte auf der Karte<\/title>\n<meta name=\"description\" content=\"Integrieren Sie einen anpassbaren Store Locator in die PrestaShop-Website, um die Conversions zu steigern. Nutzen Sie Elfsight, um das Widget zu erstellen.\" \/>\n<meta name=\"robots\" content=\"index, follow, max-snippet:-1, max-image-preview:large, max-video-preview:-1\" \/>\n<link rel=\"canonical\" href=\"https:\/\/elfsight.com\/de\/store-locator-widget\/prestashop\/\" \/>\n<meta property=\"og:locale\" content=\"de_DE\" \/>\n<meta property=\"og:type\" content=\"article\" \/>\n<meta property=\"og:title\" content=\"Integrieren Sie den Store Locator in PrestaShop \u2013 Pr\u00e4sentieren Sie Gesch\u00e4fte auf der Karte\" \/>\n<meta property=\"og:description\" content=\"Integrieren Sie einen anpassbaren Store Locator in die PrestaShop-Website, um die Conversions zu steigern. Nutzen Sie Elfsight, um das Widget zu erstellen.\" \/>\n<meta property=\"og:url\" content=\"https:\/\/elfsight.com\/de\/store-locator-widget\/prestashop\/\" \/>\n<meta property=\"og:site_name\" content=\"Elfsight DE\" \/>\n<meta property=\"article:modified_time\" content=\"2025-07-10T08:27:01+00:00\" \/>\n<meta name=\"twitter:card\" content=\"summary_large_image\" \/>\n<meta name=\"twitter:label1\" content=\"Gesch\u00e4tzte Lesezeit\" \/>\n\t<meta name=\"twitter:data1\" content=\"2\u00a0Minuten\" \/>\n<!-- \/ Yoast SEO plugin. -->","yoast_head_json":{"title":"Integrieren Sie den Store Locator in PrestaShop \u2013 Pr\u00e4sentieren Sie Gesch\u00e4fte auf der Karte","description":"Integrieren Sie einen anpassbaren Store Locator in die PrestaShop-Website, um die Conversions zu steigern. Nutzen Sie Elfsight, um das Widget zu erstellen.","robots":{"index":"index","follow":"follow","max-snippet":"max-snippet:-1","max-image-preview":"max-image-preview:large","max-video-preview":"max-video-preview:-1"},"canonical":"https:\/\/elfsight.com\/de\/store-locator-widget\/prestashop\/","og_locale":"de_DE","og_type":"article","og_title":"Integrieren Sie den Store Locator in PrestaShop \u2013 Pr\u00e4sentieren Sie Gesch\u00e4fte auf der Karte","og_description":"Integrieren Sie einen anpassbaren Store Locator in die PrestaShop-Website, um die Conversions zu steigern. Nutzen Sie Elfsight, um das Widget zu erstellen.","og_url":"https:\/\/elfsight.com\/de\/store-locator-widget\/prestashop\/","og_site_name":"Elfsight DE","article_modified_time":"2025-07-10T08:27:01+00:00","twitter_card":"summary_large_image","twitter_misc":{"Gesch\u00e4tzte Lesezeit":"2\u00a0Minuten"},"schema":{"@context":"https:\/\/schema.org","@graph":[{"@type":"WebPage","@id":"https:\/\/elfsight.com\/de\/store-locator-widget\/prestashop\/","url":"https:\/\/elfsight.com\/de\/store-locator-widget\/prestashop\/","name":"Integrieren Sie den Store Locator in PrestaShop \u2013 Pr\u00e4sentieren Sie Gesch\u00e4fte auf der Karte","isPartOf":{"@id":"https:\/\/elfsight.com\/de\/#website"},"datePublished":"1970-01-01T00:00:00+00:00","dateModified":"2025-07-10T08:27:01+00:00","description":"Integrieren Sie einen anpassbaren Store Locator in die PrestaShop-Website, um die Conversions zu steigern. Nutzen Sie Elfsight, um das Widget zu erstellen.","breadcrumb":{"@id":"https:\/\/elfsight.com\/de\/store-locator-widget\/prestashop\/#breadcrumb"},"inLanguage":"de","potentialAction":[{"@type":"ReadAction","target":["https:\/\/elfsight.com\/de\/store-locator-widget\/prestashop\/"]}]},{"@type":"BreadcrumbList","@id":"https:\/\/elfsight.com\/de\/store-locator-widget\/prestashop\/#breadcrumb","itemListElement":[{"@type":"ListItem","position":1,"name":"Home","item":"https:\/\/elfsight.com\/de\/"},{"@type":"ListItem","position":2,"name":"Store Locator","item":"https:\/\/elfsight.com\/de\/store-locator-widget\/"},{"@type":"ListItem","position":3,"name":"Store Locator &#8211; PrestaShop"}]},{"@type":"WebSite","@id":"https:\/\/elfsight.com\/de\/#website","url":"https:\/\/elfsight.com\/de\/","name":"Elfsight DE","description":"Just another Elfsight Sites site","potentialAction":[{"@type":"SearchAction","target":{"@type":"EntryPoint","urlTemplate":"https:\/\/elfsight.com\/de\/?s={search_term_string}"},"query-input":{"@type":"PropertyValueSpecification","valueRequired":true,"valueName":"search_term_string"}}],"inLanguage":"de"}]}},"meta_box":{"industry":"","seo_heading":"","heading":"","description":"","cta_heading":"","cta_description":"","application":"7436","h1":"PrestaShop Store Locator-Add-on","h1_caption":"Zeigen Sie eine Karte mit mehreren Filialstandorten an, damit Ihre Kunden auf Ihrer Prestashop-Website m\u00fchelos den n\u00e4chstgelegenen Standort finden k\u00f6nnen.","application_category":[],"applications_title":"","applications_request_title":"","applications_request_button_text":"","hero_text":"","hero_video":"","hero_video_schema_markup":"","selling_points_title":"","selling_points_caption":"","selling_points":[],"selling_points_cta_text":"","features_title":"","features":"","ed_cta_examples_text":"","ed_cta_examples_hidden":"","ed_cta_demo_text":"","ed_cta_demo_hidden":"","why_caption":"","why_editor_title":"","why_editor_text":"","why_team_title":"","why_team_text":"","why_service_title":"","why_service_text":"","template_catalog_visible":"","template_catalog_title":"","template_catalog_text":"","template_catalog_categories_visible":"","demo_title":"Erstellen Sie Ihr Store Locator-Add-on","demo_caption":"Konfigurieren Sie Ihren Store Locator und f\u00fcgen Sie ihn kostenlos zu Ihrer PrestaShop-Website hinzu!","default_faq_hidden":"","app_template_category":[],"platform":"3811","template_public_id":"","codecanyon_url":"","codecanyon_item_id":"","codecanyon_price":"","pricing_caption":"","pricing_elfsight_apps_hide_column":"","pricing_elfsight_apps_url":"","pricing_codecanyon_price_caption":"","integration_category":[],"integration_request_title":"","integration_request_cta":"","integration_platform":"","integrations":[],"platform_category":[],"video_schema_markup":"","price":"ab 0 $ \/ Monat","trial":"","benefits":[{"text":"Kostenlose Installationshilfe"},{"text":"Kompetenter Kundenservice"},{"text":"14-t\u00e4gige R\u00fcckerstattungsgarantie"},{"text":"Zuk\u00fcnftige Verbesserungen"}],"button_url":"#demo","button_target_blank":"","button_nofollow":"","attributes":[{"name":"Installiert","content":"10,000 - 100,000"},{"name":"Reaktionsfreudig","content":"Ja"},{"name":"Kompatible Browser","content":"Firefox, Safari, Opera, Chrome, Edge"}],"tags":[],"tags_disable_links":"","hide_more_platforms":"","video_object":"","demo_hide_cta":"","demo_hide_cloud_options":"","pricing_title":"","pricing":[{"pricing_icon":"platform","pricing_title":"Elfsight Apps","pricing_title_caption":"Plattform\u00fcbergreifende digitale L\u00f6sung","pricing_price":"ab 0 $ \/ Monat","pricing_price_caption":"Beginnen Sie mit einem kostenlosen Plan","pricing_benefits":[{"text":"Unbegrenzte Websites"},{"text":"24\/7 und p\u00fcnktlicher Support und gut dokumentiert"},{"text":"Kostenlose Installationshilfe"},{"text":"Vollst\u00e4ndig anpassbar"}],"pricing_button_text":"Zur Website hinzuf\u00fcgen","pricing_button_url":"#demo"}],"related_apps_title":"","related_apps_hidden":"","author":"","image":[],"title":"","job":"","social_networks":[]},"_links":{"self":[{"href":"https:\/\/elfsight.com\/de\/wp-json\/wp\/v2\/pages\/10340","targetHints":{"allow":["GET"]}}],"collection":[{"href":"https:\/\/elfsight.com\/de\/wp-json\/wp\/v2\/pages"}],"about":[{"href":"https:\/\/elfsight.com\/de\/wp-json\/wp\/v2\/types\/page"}],"author":[{"embeddable":true,"href":"https:\/\/elfsight.com\/de\/wp-json\/wp\/v2\/users\/9"}],"replies":[{"embeddable":true,"href":"https:\/\/elfsight.com\/de\/wp-json\/wp\/v2\/comments?post=10340"}],"version-history":[{"count":1,"href":"https:\/\/elfsight.com\/de\/wp-json\/wp\/v2\/pages\/10340\/revisions"}],"predecessor-version":[{"id":10344,"href":"https:\/\/elfsight.com\/de\/wp-json\/wp\/v2\/pages\/10340\/revisions\/10344"}],"up":[{"embeddable":true,"href":"https:\/\/elfsight.com\/de\/wp-json\/wp\/v2\/pages\/7440"}],"wp:attachment":[{"href":"https:\/\/elfsight.com\/de\/wp-json\/wp\/v2\/media?parent=10340"}],"curies":[{"name":"wp","href":"https:\/\/api.w.org\/{rel}","templated":true}]}}