{"id":10339,"date":"1970-01-01T00:00:00","date_gmt":"1970-01-01T00:00:00","guid":{"rendered":"https:\/\/elfsight.com\/de\/?page_id=10339"},"modified":"2025-12-25T12:04:55","modified_gmt":"2025-12-25T12:04:55","slug":"shopify","status":"publish","type":"page","link":"https:\/\/elfsight.com\/de\/store-locator-widget\/shopify\/","title":{"rendered":"Store Locator &#8211; Shopify"},"content":{"rendered":"<div class=\"application-platform-content-item-description application-platform-content-item\" id=\"description\" data-nav-section=\"description\"> <h2>Einbetten des Store Locator in Shopify mit einer Elfsight-App<\/h2> <p>Der Elfsight Store Locator f\u00fcr Shopify ist ein lebendiges und anpassbares Widget um den Komfort und die Kundenbindung Ihrer Website zu steigern, indem Sie es Ihren Kunden einfacher denn je machen, den Weg zu Ihrer Gesch\u00e4ftsadresse zu finden. Mit einer Reihe leistungsstarker Funktionen f\u00fcr Effizienz und Leistung ist dieses Widget Ihre L\u00f6sung der Wahl, um die Standorte Ihrer physischen Gesch\u00e4fte klar und bequem anzuzeigen. Binden Sie es jetzt ein und erleben Sie, wie es Ihre Website in einen benutzerorientierten Filialfinder verwandelt!<\/p> <p>Durch die Einbindung des Widgets steigern Sie Ihre Vertrauensw\u00fcrdigkeit bei Besuchern, indem Sie detaillierte Informationen zu den physischen Standorten Ihres Unternehmens bereitstellen und diese so beruhigen deine wahre Pr\u00e4senz. Dies kann zu einer schnelleren Entscheidungsfindung und einem verbesserten Einkaufserlebnis bei den Kunden f\u00fchren. <\/p><p><b>Installieren Sie den brillanten Filialfinder, um Ihren Standort und wichtige Gesch\u00e4ftsdaten anzuzeigen. Geben Sie Ihre aktuelle Adresse und die erforderlichen Informationen an, um zus\u00e4tzliche Kunden im Gesch\u00e4ft zu gewinnen. <\/b><\/p> <\/div> <div class=\"application-platform-content-item-features application-platform-content-item\" id=\"features\" data-nav-section=\"features\"> <h2>Dies sind nur einige der zahlreichen Widget-Funktionen:<\/h2> <ul><li>Dynamische Adressauswahl<\/li><li>Hilfreiche Kartenoptionen<\/li><li>Standort-CTA-Schaltfl\u00e4chen mit Integrationen aktiviert <\/li><li>Einfaches Standort-Popup beim Klicken auf eine Markierung<\/li><li>Standortbetriebsplan &amp; Aktivit\u00e4tsstatus<\/li><\/ul><p><a href=\"#demo\">Probieren Sie einfach diese Demo aus, um zu sehen, wie es funktioniert<\/a><\/p><\/div> <div class=\"application-platform-content-item-installation application-platform-content-item\" id=\"installation\" data-nav-section=\"installation\"> <h2>Wie kann ich Store Locator in meine Shopify-Website integrieren?<\/h2> <div class=\"video-container\">\n<iframe width=\"720\" height=\"405\" src=\"https:\/\/www.youtube.com\/embed\/MozpH17kRic?si=FR_KniDCWx41bcx4\" frameborder=\"0\" allowfullscreen=\"\"><\/iframe>\n<\/div><p>Befolgen Sie einfach die folgenden Richtlinien, um das Widget zu integrieren. <\/p> <ol><li><b>F\u00fchren Sie unseren kostenlosen Editor aus und beginnen Sie mit der Gestaltung Ihres ma\u00dfgeschneiderten Plugins. <\/b><br> Finden Sie das bevorzugte Design und die Parameter des Widgets und speichern Sie die Korrekturen. <\/li> <li><b>Erhalten Sie Ihren individuellen Code, der im speziellen Formular auf Elfsight Apps erscheint. <\/b><br> Sobald die Erstellung Ihres Tools abgeschlossen ist, kopieren Sie den exklusiven Code aus dem erscheinenden Fenster und speichern Sie ihn zur sp\u00e4teren Verwendung. <\/li> <li><b>Beginnen Sie mit der Nutzung des Tools auf Ihrer Shopify-Website. <\/b><br> F\u00fcgen Sie den zuvor gespeicherten Code in Ihre Homepage ein und speichern Sie die \u00c4nderungen. <\/li> <li><b>Du bist fertig! Die Einbettung ist erfolgreich abgeschlossen. <\/b><br> Besuchen Sie Ihre Website, um die Leistung des Tools zu beobachten. <\/li><\/ol> <p>Wenn Sie auf Schwierigkeiten sto\u00dfen, z\u00f6gern Sie nicht, sich an unsere Support-Mitarbeiter zu wenden. Unsere Berater sind bestrebt, alle Probleme zu l\u00f6sen, die Sie m\u00f6glicherweise mit dem Produkt haben. <\/p><\/div>","protected":false},"excerpt":{"rendered":"","protected":false},"author":9,"featured_media":0,"parent":7440,"menu_order":0,"comment_status":"closed","ping_status":"closed","template":"templates\/template-application-platform.php","meta":{"publish_to_discourse":"","publish_post_category":"","wpdc_auto_publish_overridden":"","wpdc_topic_tags":"","wpdc_pin_topic":"","wpdc_pin_until":"","discourse_post_id":"","discourse_permalink":"","wpdc_publishing_response":"","wpdc_publishing_error":"","footnotes":""},"class_list":["post-10339","page","type-page","status-publish","hentry"],"yoast_head":"<!-- This site is optimized with the Yoast SEO plugin v25.3.1 - https:\/\/yoast.com\/wordpress\/plugins\/seo\/ -->\n<title>Integrieren Sie den Filialfinder in Shipify f\u00fcr eine intelligente Gesch\u00e4ftspr\u00e4senz<\/title>\n<meta name=\"description\" content=\"F\u00fcgen Sie den Store Locator zu Ihren Shopify-Website-Seiten hinzu, um die Conversions zu steigern. Profitieren Sie von einer \u00fcbersichtlichen Demo von Elfsight, um das vielseitige Widget zu erstellen.\" \/>\n<meta name=\"robots\" content=\"index, follow, max-snippet:-1, max-image-preview:large, max-video-preview:-1\" \/>\n<link rel=\"canonical\" href=\"https:\/\/elfsight.com\/de\/store-locator-widget\/shopify\/\" \/>\n<meta property=\"og:locale\" content=\"de_DE\" \/>\n<meta property=\"og:type\" content=\"article\" \/>\n<meta property=\"og:title\" content=\"Integrieren Sie den Filialfinder in Shipify f\u00fcr eine intelligente Gesch\u00e4ftspr\u00e4senz\" \/>\n<meta property=\"og:description\" content=\"F\u00fcgen Sie den Store Locator zu Ihren Shopify-Website-Seiten hinzu, um die Conversions zu steigern. Profitieren Sie von einer \u00fcbersichtlichen Demo von Elfsight, um das vielseitige Widget zu erstellen.\" \/>\n<meta property=\"og:url\" content=\"https:\/\/elfsight.com\/de\/store-locator-widget\/shopify\/\" \/>\n<meta property=\"og:site_name\" content=\"Elfsight DE\" \/>\n<meta property=\"article:modified_time\" content=\"2025-12-25T12:04:55+00:00\" \/>\n<meta name=\"twitter:card\" content=\"summary_large_image\" \/>\n<meta name=\"twitter:label1\" content=\"Gesch\u00e4tzte Lesezeit\" \/>\n\t<meta name=\"twitter:data1\" content=\"3\u00a0Minuten\" \/>\n<!-- \/ Yoast SEO plugin. -->","yoast_head_json":{"title":"Integrieren Sie den Filialfinder in Shipify f\u00fcr eine intelligente Gesch\u00e4ftspr\u00e4senz","description":"F\u00fcgen Sie den Store Locator zu Ihren Shopify-Website-Seiten hinzu, um die Conversions zu steigern. Profitieren Sie von einer \u00fcbersichtlichen Demo von Elfsight, um das vielseitige Widget zu erstellen.","robots":{"index":"index","follow":"follow","max-snippet":"max-snippet:-1","max-image-preview":"max-image-preview:large","max-video-preview":"max-video-preview:-1"},"canonical":"https:\/\/elfsight.com\/de\/store-locator-widget\/shopify\/","og_locale":"de_DE","og_type":"article","og_title":"Integrieren Sie den Filialfinder in Shipify f\u00fcr eine intelligente Gesch\u00e4ftspr\u00e4senz","og_description":"F\u00fcgen Sie den Store Locator zu Ihren Shopify-Website-Seiten hinzu, um die Conversions zu steigern. Profitieren Sie von einer \u00fcbersichtlichen Demo von Elfsight, um das vielseitige Widget zu erstellen.","og_url":"https:\/\/elfsight.com\/de\/store-locator-widget\/shopify\/","og_site_name":"Elfsight DE","article_modified_time":"2025-12-25T12:04:55+00:00","twitter_card":"summary_large_image","twitter_misc":{"Gesch\u00e4tzte Lesezeit":"3\u00a0Minuten"},"schema":{"@context":"https:\/\/schema.org","@graph":[{"@type":"WebPage","@id":"https:\/\/elfsight.com\/de\/store-locator-widget\/shopify\/","url":"https:\/\/elfsight.com\/de\/store-locator-widget\/shopify\/","name":"Integrieren Sie den Filialfinder in Shipify f\u00fcr eine intelligente Gesch\u00e4ftspr\u00e4senz","isPartOf":{"@id":"https:\/\/elfsight.com\/de\/#website"},"datePublished":"1970-01-01T00:00:00+00:00","dateModified":"2025-12-25T12:04:55+00:00","description":"F\u00fcgen Sie den Store Locator zu Ihren Shopify-Website-Seiten hinzu, um die Conversions zu steigern. Profitieren Sie von einer \u00fcbersichtlichen Demo von Elfsight, um das vielseitige Widget zu erstellen.","breadcrumb":{"@id":"https:\/\/elfsight.com\/de\/store-locator-widget\/shopify\/#breadcrumb"},"inLanguage":"de","potentialAction":[{"@type":"ReadAction","target":["https:\/\/elfsight.com\/de\/store-locator-widget\/shopify\/"]}]},{"@type":"BreadcrumbList","@id":"https:\/\/elfsight.com\/de\/store-locator-widget\/shopify\/#breadcrumb","itemListElement":[{"@type":"ListItem","position":1,"name":"Home","item":"https:\/\/elfsight.com\/de\/"},{"@type":"ListItem","position":2,"name":"Store Locator","item":"https:\/\/elfsight.com\/de\/store-locator-widget\/"},{"@type":"ListItem","position":3,"name":"Store Locator &#8211; Shopify"}]},{"@type":"WebSite","@id":"https:\/\/elfsight.com\/de\/#website","url":"https:\/\/elfsight.com\/de\/","name":"Elfsight DE","description":"Just another Elfsight Sites site","potentialAction":[{"@type":"SearchAction","target":{"@type":"EntryPoint","urlTemplate":"https:\/\/elfsight.com\/de\/?s={search_term_string}"},"query-input":{"@type":"PropertyValueSpecification","valueRequired":true,"valueName":"search_term_string"}}],"inLanguage":"de"}]}},"meta_box":{"industry":"","seo_heading":"","heading":"","description":"","cta_heading":"","cta_description":"","application":"7436","h1":"Shopify Store Locator-App","h1_caption":"Zeigen Sie eine Karte mit mehreren Filialstandorten an, damit Ihre Kunden auf Ihrer Shopify-Website m\u00fchelos den n\u00e4chstgelegenen Standort finden k\u00f6nnen.","application_category":[],"applications_title":"","applications_request_title":"","applications_request_button_text":"","hero_text":"","hero_video":"","hero_video_schema_markup":"","selling_points_title":"","selling_points_caption":"","selling_points":[],"selling_points_cta_text":"","features_title":"","features":"","ed_cta_examples_text":"","ed_cta_examples_hidden":"","ed_cta_demo_text":"","ed_cta_demo_hidden":"","why_caption":"","why_editor_title":"","why_editor_text":"","why_team_title":"","why_team_text":"","why_service_title":"","why_service_text":"","template_catalog_visible":"0","template_catalog_title":"","template_catalog_text":"","template_catalog_categories_visible":"","demo_title":"Erstellen Sie Ihre Store Locator-App","demo_caption":"Konfigurieren Sie Ihren Store Locator und f\u00fcgen Sie ihn kostenlos zu Ihrer Shopify-Website hinzu!","default_faq_hidden":"","app_template_category":[],"platform":"253","template_public_id":"","codecanyon_url":"","codecanyon_item_id":"","codecanyon_price":"","pricing_caption":"","pricing_elfsight_apps_hide_column":"","pricing_elfsight_apps_url":"","pricing_codecanyon_price_caption":"","integration_category":[],"integration_request_title":"","integration_request_cta":"","integration_platform":"","integrations":[],"platform_category":[],"video_schema_markup":"","price":"ab 0 $ \/ Monat","trial":"","benefits":[{"text":"Kostenlose Installationsunterst\u00fctzung"},{"text":"Au\u00dfergew\u00f6hnlicher Support"},{"text":"14-t\u00e4gige R\u00fcckerstattungsgarantie"},{"text":"Fortlaufende Entwicklung"}],"button_url":"#demo","button_target_blank":"0","button_nofollow":"0","attributes":[{"name":"Installiert","content":"10,000 - 100,000"},{"name":"Reaktionsfreudig","content":"Ja"},{"name":"Kompatible Browser","content":"Firefox, Safari, Opera, Chrome, Edge"}],"tags":[],"tags_disable_links":"0","hide_more_platforms":"0","video_object":"","demo_hide_cta":"0","demo_hide_cloud_options":"0","pricing_title":"","pricing":[{"pricing_icon":"platform","pricing_title":"Elfsight Apps","pricing_title_caption":"Plattform\u00fcbergreifende digitale L\u00f6sung, die auf jeder Website funktioniert","pricing_price":"ab 0 $ \/ Monat","pricing_price_caption":"Beginnen Sie mit einem kostenlosen Plan","pricing_benefits":[{"text":"Unbegrenzte Nutzung \u00fcber mehrere Domains hinweg"},{"text":"Kostenloser 24\/7-Support"},{"text":"Kostenlose Installations- und Einrichtungsunterst\u00fctzung"},{"text":"Vollst\u00e4ndig anpassbar an Ihre Bed\u00fcrfnisse"}],"pricing_button_text":"Zur Website hinzuf\u00fcgen","pricing_button_url":"#demo"}],"related_apps_title":"","related_apps_hidden":"0","author":"","image":[],"title":"","job":"","social_networks":[]},"_links":{"self":[{"href":"https:\/\/elfsight.com\/de\/wp-json\/wp\/v2\/pages\/10339","targetHints":{"allow":["GET"]}}],"collection":[{"href":"https:\/\/elfsight.com\/de\/wp-json\/wp\/v2\/pages"}],"about":[{"href":"https:\/\/elfsight.com\/de\/wp-json\/wp\/v2\/types\/page"}],"author":[{"embeddable":true,"href":"https:\/\/elfsight.com\/de\/wp-json\/wp\/v2\/users\/9"}],"replies":[{"embeddable":true,"href":"https:\/\/elfsight.com\/de\/wp-json\/wp\/v2\/comments?post=10339"}],"version-history":[{"count":2,"href":"https:\/\/elfsight.com\/de\/wp-json\/wp\/v2\/pages\/10339\/revisions"}],"predecessor-version":[{"id":25587,"href":"https:\/\/elfsight.com\/de\/wp-json\/wp\/v2\/pages\/10339\/revisions\/25587"}],"up":[{"embeddable":true,"href":"https:\/\/elfsight.com\/de\/wp-json\/wp\/v2\/pages\/7440"}],"wp:attachment":[{"href":"https:\/\/elfsight.com\/de\/wp-json\/wp\/v2\/media?parent=10339"}],"curies":[{"name":"wp","href":"https:\/\/api.w.org\/{rel}","templated":true}]}}