{"id":10338,"date":"1970-01-01T00:00:00","date_gmt":"1970-01-01T00:00:00","guid":{"rendered":"https:\/\/elfsight.com\/de\/?page_id=10338"},"modified":"2025-07-10T08:27:16","modified_gmt":"2025-07-10T08:27:16","slug":"webflow","status":"publish","type":"page","link":"https:\/\/elfsight.com\/de\/store-locator-widget\/webflow\/","title":{"rendered":"Store Locator &#8211; Webflow"},"content":{"rendered":"<div class=\"application-platform-content-item-description application-platform-content-item\" id=\"description\" data-nav-section=\"description\"> <h2>Store Locator mit einem Elfsight-Widget in Webflow einbetten<\/h2> <p>Der Elfsight Store Locator f\u00fcr Webflow ist ein dynamisches und anpassbares Widget um die Benutzerfreundlichkeit und Kundenbindung Ihrer Website zu verbessern, indem Sie es Ihren Kunden einfacher denn je machen, Ihren Standort zu finden. Mit einer Reihe hilfreicher Funktionen f\u00fcr Effizienz und Leistung ist dieses Widget Ihre Schl\u00fcssell\u00f6sung f\u00fcr die interaktive und bequeme Darstellung Ihrer physischen Filialen. Betten Sie es jetzt ein und erleben Sie, wie es Ihre Website in einen benutzerorientierten Filialfinder verwandelt!<\/p> <p>Durch die Einbindung des Widgets erh\u00f6hen Sie Ihre Glaubw\u00fcrdigkeit bei Ihren Kunden, indem Sie detaillierte Informationen zu den physischen Standorten Ihres Unternehmens bereitstellen und so alle beruhigen Ihrer etablierten Pr\u00e4senz. Dies f\u00fchrt zu einer schnelleren Entscheidungsfindung und einem verbesserten Einkaufserlebnis f\u00fcr die Kunden. <\/p><p><b>Profitieren Sie vom brillanten Filialfinder, um Ihren Standort und wichtige Betriebsdaten anzuzeigen. Zeigen Sie Ihre aktuelle Adresse und relevante Informationen an, um mehr Kunden im Gesch\u00e4ft anzulocken. <\/b><\/p><\/div> <div class=\"application-platform-content-item-features application-platform-content-item\" id=\"features\" data-nav-section=\"features\"> <h2>Zu den wichtigsten Widget-Funktionen geh\u00f6rt<\/h2> <ul><li>M\u00fchelose Standortauswahl<\/li><li>Hilfreiche Karte Eigenschaften<\/li><li>Standortinteraktionsschaltfl\u00e4chen zur Unterst\u00fctzung von Integrationen<\/li><li>Einfache Standortkarte beim Klicken auf die Markierung<\/li><li>Standortarbeitsplan &amp; Offener Status<\/li><\/ul><p><a href=\"#demo\">Mit Hilfe der Demo k\u00f6nnen Sie sehen, was das Widget bietet<\/a><\/p><\/div> <div class=\"application-platform-content-item-installation application-platform-content-item\" id=\"installation\" data-nav-section=\"installation\"> <h2>Wie bette ich Store Locator in meine Webflow-Website ein?<\/h2> <p>Erf\u00fcllen Sie einfach die folgenden Richtlinien, um das Plugin zu integrieren. <\/p> <ol><li><b>Nutzen Sie unseren kostenlosen Konfigurator und beginnen Sie mit der Gestaltung Ihres personalisierten Plugins. <\/b><br> W\u00e4hlen Sie die passenden Design- und Funktionsmerkmale des Werkzeugs aus und nehmen Sie die \u00c4nderungen vor. <\/li> <li><b>Lassen Sie sich den pers\u00f6nlichen Code im speziellen Formular auf Elfsight Apps anzeigen. <\/b><br> Wenn die Einrichtung Ihres pers\u00f6nlichen Tools abgeschlossen ist, kopieren Sie den individuellen Code im erscheinenden Popup und bewahren Sie ihn zur weiteren Verwendung auf. <\/li> <li><b>Beginnen Sie mit der Nutzung des Tools auf der Webflow-Webseite. <\/b><br> Platzieren Sie den Code, den Sie k\u00fcrzlich kopiert haben, auf Ihrer Webseite und speichern Sie die Verbesserungen. <\/li> <li><b>Das Setup ist vollst\u00e4ndig abgeschlossen. <\/b><br> Besuchen Sie Ihre Website, um die Leistung des Widgets zu pr\u00fcfen. <\/li><\/ol> <p>Wenn Sie Fragen haben oder auf Hindernisse sto\u00dfen, wenden Sie sich bitte an unser Support-Personal. Unsere Spezialisten beantworten gerne alle Fragen, die Sie zum Produkt haben. <\/p><\/div>","protected":false},"excerpt":{"rendered":"","protected":false},"author":9,"featured_media":0,"parent":7440,"menu_order":0,"comment_status":"closed","ping_status":"closed","template":"templates\/template-application-platform.php","meta":{"publish_to_discourse":"","publish_post_category":"","wpdc_auto_publish_overridden":"","wpdc_topic_tags":"","wpdc_pin_topic":"","wpdc_pin_until":"","discourse_post_id":"","discourse_permalink":"","wpdc_publishing_response":"","wpdc_publishing_error":"","footnotes":""},"class_list":["post-10338","page","type-page","status-publish","hentry"],"yoast_head":"<!-- This site is optimized with the Yoast SEO plugin v25.3.1 - https:\/\/yoast.com\/wordpress\/plugins\/seo\/ -->\n<title>Betten Sie den Filialfinder in Webflow ein \u2013 pr\u00e4sentieren Sie Ihren Standort<\/title>\n<meta name=\"description\" content=\"F\u00fcgen Sie Store Locator zu den Seiten Ihrer Webflow-Website hinzu, um Vertrauen zu schaffen. Profitieren Sie von einer praktischen Demo von Elfsight, um das Widget einfach zu erstellen.\" \/>\n<meta name=\"robots\" content=\"index, follow, max-snippet:-1, max-image-preview:large, max-video-preview:-1\" \/>\n<link rel=\"canonical\" href=\"https:\/\/elfsight.com\/de\/store-locator-widget\/webflow\/\" \/>\n<meta property=\"og:locale\" content=\"de_DE\" \/>\n<meta property=\"og:type\" content=\"article\" \/>\n<meta property=\"og:title\" content=\"Betten Sie den Filialfinder in Webflow ein \u2013 pr\u00e4sentieren Sie Ihren Standort\" \/>\n<meta property=\"og:description\" content=\"F\u00fcgen Sie Store Locator zu den Seiten Ihrer Webflow-Website hinzu, um Vertrauen zu schaffen. Profitieren Sie von einer praktischen Demo von Elfsight, um das Widget einfach zu erstellen.\" \/>\n<meta property=\"og:url\" content=\"https:\/\/elfsight.com\/de\/store-locator-widget\/webflow\/\" \/>\n<meta property=\"og:site_name\" content=\"Elfsight DE\" \/>\n<meta property=\"article:modified_time\" content=\"2025-07-10T08:27:16+00:00\" \/>\n<meta name=\"twitter:card\" content=\"summary_large_image\" \/>\n<meta name=\"twitter:label1\" content=\"Gesch\u00e4tzte Lesezeit\" \/>\n\t<meta name=\"twitter:data1\" content=\"2\u00a0Minuten\" \/>\n<!-- \/ Yoast SEO plugin. -->","yoast_head_json":{"title":"Betten Sie den Filialfinder in Webflow ein \u2013 pr\u00e4sentieren Sie Ihren Standort","description":"F\u00fcgen Sie Store Locator zu den Seiten Ihrer Webflow-Website hinzu, um Vertrauen zu schaffen. Profitieren Sie von einer praktischen Demo von Elfsight, um das Widget einfach zu erstellen.","robots":{"index":"index","follow":"follow","max-snippet":"max-snippet:-1","max-image-preview":"max-image-preview:large","max-video-preview":"max-video-preview:-1"},"canonical":"https:\/\/elfsight.com\/de\/store-locator-widget\/webflow\/","og_locale":"de_DE","og_type":"article","og_title":"Betten Sie den Filialfinder in Webflow ein \u2013 pr\u00e4sentieren Sie Ihren Standort","og_description":"F\u00fcgen Sie Store Locator zu den Seiten Ihrer Webflow-Website hinzu, um Vertrauen zu schaffen. Profitieren Sie von einer praktischen Demo von Elfsight, um das Widget einfach zu erstellen.","og_url":"https:\/\/elfsight.com\/de\/store-locator-widget\/webflow\/","og_site_name":"Elfsight DE","article_modified_time":"2025-07-10T08:27:16+00:00","twitter_card":"summary_large_image","twitter_misc":{"Gesch\u00e4tzte Lesezeit":"2\u00a0Minuten"},"schema":{"@context":"https:\/\/schema.org","@graph":[{"@type":"WebPage","@id":"https:\/\/elfsight.com\/de\/store-locator-widget\/webflow\/","url":"https:\/\/elfsight.com\/de\/store-locator-widget\/webflow\/","name":"Betten Sie den Filialfinder in Webflow ein \u2013 pr\u00e4sentieren Sie Ihren Standort","isPartOf":{"@id":"https:\/\/elfsight.com\/de\/#website"},"datePublished":"1970-01-01T00:00:00+00:00","dateModified":"2025-07-10T08:27:16+00:00","description":"F\u00fcgen Sie Store Locator zu den Seiten Ihrer Webflow-Website hinzu, um Vertrauen zu schaffen. Profitieren Sie von einer praktischen Demo von Elfsight, um das Widget einfach zu erstellen.","breadcrumb":{"@id":"https:\/\/elfsight.com\/de\/store-locator-widget\/webflow\/#breadcrumb"},"inLanguage":"de","potentialAction":[{"@type":"ReadAction","target":["https:\/\/elfsight.com\/de\/store-locator-widget\/webflow\/"]}]},{"@type":"BreadcrumbList","@id":"https:\/\/elfsight.com\/de\/store-locator-widget\/webflow\/#breadcrumb","itemListElement":[{"@type":"ListItem","position":1,"name":"Home","item":"https:\/\/elfsight.com\/de\/"},{"@type":"ListItem","position":2,"name":"Store Locator","item":"https:\/\/elfsight.com\/de\/store-locator-widget\/"},{"@type":"ListItem","position":3,"name":"Store Locator &#8211; Webflow"}]},{"@type":"WebSite","@id":"https:\/\/elfsight.com\/de\/#website","url":"https:\/\/elfsight.com\/de\/","name":"Elfsight DE","description":"Just another Elfsight Sites site","potentialAction":[{"@type":"SearchAction","target":{"@type":"EntryPoint","urlTemplate":"https:\/\/elfsight.com\/de\/?s={search_term_string}"},"query-input":{"@type":"PropertyValueSpecification","valueRequired":true,"valueName":"search_term_string"}}],"inLanguage":"de"}]}},"meta_box":{"industry":"","seo_heading":"","heading":"","description":"","cta_heading":"","cta_description":"","application":"7436","h1":"Webflow Store Locator-Widget","h1_caption":"Zeigen Sie eine Karte mit mehreren Filialstandorten an, damit Ihre Kunden m\u00fchelos den n\u00e4chstgelegenen Standort auf Ihrer Webflow-Website finden k\u00f6nnen.","application_category":[],"applications_title":"","applications_request_title":"","applications_request_button_text":"","hero_text":"","hero_video":"","hero_video_schema_markup":"","selling_points_title":"","selling_points_caption":"","selling_points":[],"selling_points_cta_text":"","features_title":"","features":"","ed_cta_examples_text":"","ed_cta_examples_hidden":"","ed_cta_demo_text":"","ed_cta_demo_hidden":"","why_caption":"","why_editor_title":"","why_editor_text":"","why_team_title":"","why_team_text":"","why_service_title":"","why_service_text":"","template_catalog_visible":"","template_catalog_title":"","template_catalog_text":"","template_catalog_categories_visible":"","demo_title":"Erstellen Sie Ihr Store Locator-Widget","demo_caption":"Konfigurieren Sie Ihren Store Locator und f\u00fcgen Sie ihn kostenlos zu Ihrer Webflow-Website hinzu!","default_faq_hidden":"","app_template_category":[],"platform":"250","template_public_id":"","codecanyon_url":"","codecanyon_item_id":"","codecanyon_price":"","pricing_caption":"","pricing_elfsight_apps_hide_column":"","pricing_elfsight_apps_url":"","pricing_codecanyon_price_caption":"","integration_category":[],"integration_request_title":"","integration_request_cta":"","integration_platform":"","integrations":[],"platform_category":[],"video_schema_markup":"","price":"ab 0 $ \/ Monat","trial":"","benefits":[{"text":"Kostenlose Installationshilfe"},{"text":"Au\u00dfergew\u00f6hnliche Unterst\u00fctzung"},{"text":"14-t\u00e4gige R\u00fcckerstattungsgarantie"},{"text":"Kontinuierliche Updates"}],"button_url":"#demo","button_target_blank":"","button_nofollow":"","attributes":[{"name":"Installiert","content":"10,000 - 100,000"},{"name":"Reaktionsfreudig","content":"Ja"},{"name":"Kompatible Browser","content":"Firefox, Safari, Opera, Chrome, Edge"}],"tags":[],"tags_disable_links":"","hide_more_platforms":"","video_object":"","demo_hide_cta":"","demo_hide_cloud_options":"","pricing_title":"","pricing":[{"pricing_icon":"platform","pricing_title":"Elfsight Apps","pricing_title_caption":"Plattform\u00fcbergreifende L\u00f6sung, die f\u00fcr jede Website geeignet ist","pricing_price":"ab 0 $ \/ Monat","pricing_price_caption":"Beginnen Sie mit einem kostenlosen Plan","pricing_benefits":[{"text":"Unbegrenzte Domains"},{"text":"Premium-Support"},{"text":"Kostenlose Installationsunterst\u00fctzung"},{"text":"Vollst\u00e4ndig anpassbar"}],"pricing_button_text":"Zur Website hinzuf\u00fcgen","pricing_button_url":"#demo"}],"related_apps_title":"","related_apps_hidden":"","author":"","image":[],"title":"","job":"","social_networks":[]},"_links":{"self":[{"href":"https:\/\/elfsight.com\/de\/wp-json\/wp\/v2\/pages\/10338","targetHints":{"allow":["GET"]}}],"collection":[{"href":"https:\/\/elfsight.com\/de\/wp-json\/wp\/v2\/pages"}],"about":[{"href":"https:\/\/elfsight.com\/de\/wp-json\/wp\/v2\/types\/page"}],"author":[{"embeddable":true,"href":"https:\/\/elfsight.com\/de\/wp-json\/wp\/v2\/users\/9"}],"replies":[{"embeddable":true,"href":"https:\/\/elfsight.com\/de\/wp-json\/wp\/v2\/comments?post=10338"}],"version-history":[{"count":1,"href":"https:\/\/elfsight.com\/de\/wp-json\/wp\/v2\/pages\/10338\/revisions"}],"predecessor-version":[{"id":10342,"href":"https:\/\/elfsight.com\/de\/wp-json\/wp\/v2\/pages\/10338\/revisions\/10342"}],"up":[{"embeddable":true,"href":"https:\/\/elfsight.com\/de\/wp-json\/wp\/v2\/pages\/7440"}],"wp:attachment":[{"href":"https:\/\/elfsight.com\/de\/wp-json\/wp\/v2\/media?parent=10338"}],"curies":[{"name":"wp","href":"https:\/\/api.w.org\/{rel}","templated":true}]}}