{"id":10337,"date":"1970-01-01T00:00:00","date_gmt":"1970-01-01T00:00:00","guid":{"rendered":"https:\/\/elfsight.com\/de\/?page_id=10337"},"modified":"2025-07-10T08:27:21","modified_gmt":"2025-07-10T08:27:21","slug":"webnode","status":"publish","type":"page","link":"https:\/\/elfsight.com\/de\/store-locator-widget\/webnode\/","title":{"rendered":"Store Locator &#8211; Webnode"},"content":{"rendered":"<div class=\"application-platform-content-item-description application-platform-content-item\" id=\"description\" data-nav-section=\"description\"> <h2>Store Locator mit einem Elfsight-Widget in Webnode einbetten<\/h2> <p>Der Elfsight Store Locator f\u00fcr Webnode ist ein lebendiges und anpassbares Widget um den Komfort und die Kundenbindung Ihrer Website zu steigern, indem Sie es Ihren Kunden einfacher denn je machen, Ihren Standort zu finden. Mit einer Reihe gro\u00dfartiger Funktionen, die f\u00fcr Effizienz und Leistung entwickelt wurden, ist dieses Widget Ihre L\u00f6sung der Wahl, um Ihre physischen Ladenstandorte auf verst\u00e4ndliche und benutzerfreundliche Weise darzustellen. F\u00fcgen Sie es jetzt hinzu und bemerken Sie, wie es Ihre Website in einen wunderbaren Filialfinder verwandelt!<\/p> <p>Durch die Verwendung des Widgets erh\u00f6hen Sie Ihre Glaubw\u00fcrdigkeit bei Ihren Kunden, indem Sie detaillierte Informationen zu den physischen Standorten Ihres Unternehmens bereitstellen und so jeden Ihrer Kunden beruhigen echte Pr\u00e4senz. Dies k\u00f6nnte zu einer besseren Entscheidungsfindung und einem soliden Kauferlebnis bei den Kunden f\u00fchren. <\/p><p><b>Probieren Sie den wunderbaren Filialfinder aus, um Ihren Standort und hilfreiche Gesch\u00e4ftsdetails anzuzeigen. Geben Sie Ihre echte Adresse und relevante Informationen an, um zus\u00e4tzliche Besucher im Gesch\u00e4ft anzulocken. <\/b><\/p> <\/div> <div class=\"application-platform-content-item-features application-platform-content-item\" id=\"features\" data-nav-section=\"features\"> <h2>Dies sind nur einige der vielen Widget-Funktionen:<\/h2> <ul><li>Standortauswahl l\u00f6schen<\/li> <li>Hilfreiche Karteneigenschaften<\/li><li>Standortaktionsschaltfl\u00e4chen zur Unterst\u00fctzung von Integrationen<\/li><li>Einfaches Standort-Popup beim Klicken auf die Markierung<\/li><li>Standort-Gesch\u00e4ftszeit &amp; offener Status<\/li><\/ul><p><a href=\"#demo\">Testen Sie alle Personalisierungsfunktionen in einer voll funktionsf\u00e4higen Demo<\/a><\/p><\/div> <div class=\"application-platform-content-item-installation application-platform-content-item\" id=\"installation\" data-nav-section=\"installation\"> <h2>Wie binde ich Store Locator in meine Webnode-Seiten ein?<\/h2> <p>F\u00fchren Sie einfach die folgenden Schritte aus, um das Plugin einzubetten. <\/p> <ol><li><b>Verwalten Sie unseren kostenlosen Konfigurator und beginnen Sie mit dem Bau Ihres ma\u00dfgeschneiderten Instruments. <\/b><br> Finden Sie das passende Layout und die Eigenschaften des Plugins und wenden Sie die \u00c4nderungen an. <\/li> <li><b>Erhalten Sie Ihren einzigartigen Code, der in der Box von Elfsight Apps angezeigt wird. <\/b><br> Kopieren Sie unmittelbar nach Abschluss der Einrichtung Ihres pers\u00f6nlichen Plugins den exklusiven Code aus der angezeigten Box und bewahren Sie ihn zur sp\u00e4teren Verwendung auf. <\/li> <li><b>Initiieren Sie die Nutzung des Widgets auf Ihrer Webnode-Homepage. <\/b><br> Geben Sie den k\u00fcrzlich kopierten Code in Ihre Webseite ein und speichern Sie die Anpassungen. <\/li> <li><b>Das Setup wurde erfolgreich abgeschlossen. <\/b><br> Besuchen Sie Ihre Seite, um die Leistung des Tools zu \u00fcberpr\u00fcfen. <\/li><\/ol> <p>Sollten Sie auf Schwierigkeiten sto\u00dfen, k\u00f6nnen Sie sich gerne an unser Support-Team wenden. Unsere Berater beantworten gerne alle Fragen, die Sie zum Widget haben. <\/p><\/div>","protected":false},"excerpt":{"rendered":"","protected":false},"author":9,"featured_media":0,"parent":7440,"menu_order":0,"comment_status":"closed","ping_status":"closed","template":"templates\/template-application-platform.php","meta":{"publish_to_discourse":"","publish_post_category":"","wpdc_auto_publish_overridden":"","wpdc_topic_tags":"","wpdc_pin_topic":"","wpdc_pin_until":"","discourse_post_id":"","discourse_permalink":"","wpdc_publishing_response":"","wpdc_publishing_error":"","footnotes":""},"class_list":["post-10337","page","type-page","status-publish","hentry"],"yoast_head":"<!-- This site is optimized with the Yoast SEO plugin v25.3.1 - https:\/\/yoast.com\/wordpress\/plugins\/seo\/ -->\n<title>Integrieren Sie den Store Locator in Webnode \u2013 den kostenlosen No-Code-Shop-Finder<\/title>\n<meta name=\"description\" content=\"F\u00fcgen Sie Store Locator zu Ihrer Webnode-Website hinzu, um die Conversions zu steigern. Probieren Sie die unkomplizierte Demo von Elfsight aus, um das vielseitige Widget schnell zu erstellen.\" \/>\n<meta name=\"robots\" content=\"index, follow, max-snippet:-1, max-image-preview:large, max-video-preview:-1\" \/>\n<link rel=\"canonical\" href=\"https:\/\/elfsight.com\/de\/store-locator-widget\/webnode\/\" \/>\n<meta property=\"og:locale\" content=\"de_DE\" \/>\n<meta property=\"og:type\" content=\"article\" \/>\n<meta property=\"og:title\" content=\"Integrieren Sie den Store Locator in Webnode \u2013 den kostenlosen No-Code-Shop-Finder\" \/>\n<meta property=\"og:description\" content=\"F\u00fcgen Sie Store Locator zu Ihrer Webnode-Website hinzu, um die Conversions zu steigern. Probieren Sie die unkomplizierte Demo von Elfsight aus, um das vielseitige Widget schnell zu erstellen.\" \/>\n<meta property=\"og:url\" content=\"https:\/\/elfsight.com\/de\/store-locator-widget\/webnode\/\" \/>\n<meta property=\"og:site_name\" content=\"Elfsight DE\" \/>\n<meta property=\"article:modified_time\" content=\"2025-07-10T08:27:21+00:00\" \/>\n<meta name=\"twitter:card\" content=\"summary_large_image\" \/>\n<meta name=\"twitter:label1\" content=\"Gesch\u00e4tzte Lesezeit\" \/>\n\t<meta name=\"twitter:data1\" content=\"2\u00a0Minuten\" \/>\n<!-- \/ Yoast SEO plugin. -->","yoast_head_json":{"title":"Integrieren Sie den Store Locator in Webnode \u2013 den kostenlosen No-Code-Shop-Finder","description":"F\u00fcgen Sie Store Locator zu Ihrer Webnode-Website hinzu, um die Conversions zu steigern. Probieren Sie die unkomplizierte Demo von Elfsight aus, um das vielseitige Widget schnell zu erstellen.","robots":{"index":"index","follow":"follow","max-snippet":"max-snippet:-1","max-image-preview":"max-image-preview:large","max-video-preview":"max-video-preview:-1"},"canonical":"https:\/\/elfsight.com\/de\/store-locator-widget\/webnode\/","og_locale":"de_DE","og_type":"article","og_title":"Integrieren Sie den Store Locator in Webnode \u2013 den kostenlosen No-Code-Shop-Finder","og_description":"F\u00fcgen Sie Store Locator zu Ihrer Webnode-Website hinzu, um die Conversions zu steigern. Probieren Sie die unkomplizierte Demo von Elfsight aus, um das vielseitige Widget schnell zu erstellen.","og_url":"https:\/\/elfsight.com\/de\/store-locator-widget\/webnode\/","og_site_name":"Elfsight DE","article_modified_time":"2025-07-10T08:27:21+00:00","twitter_card":"summary_large_image","twitter_misc":{"Gesch\u00e4tzte Lesezeit":"2\u00a0Minuten"},"schema":{"@context":"https:\/\/schema.org","@graph":[{"@type":"WebPage","@id":"https:\/\/elfsight.com\/de\/store-locator-widget\/webnode\/","url":"https:\/\/elfsight.com\/de\/store-locator-widget\/webnode\/","name":"Integrieren Sie den Store Locator in Webnode \u2013 den kostenlosen No-Code-Shop-Finder","isPartOf":{"@id":"https:\/\/elfsight.com\/de\/#website"},"datePublished":"1970-01-01T00:00:00+00:00","dateModified":"2025-07-10T08:27:21+00:00","description":"F\u00fcgen Sie Store Locator zu Ihrer Webnode-Website hinzu, um die Conversions zu steigern. Probieren Sie die unkomplizierte Demo von Elfsight aus, um das vielseitige Widget schnell zu erstellen.","breadcrumb":{"@id":"https:\/\/elfsight.com\/de\/store-locator-widget\/webnode\/#breadcrumb"},"inLanguage":"de","potentialAction":[{"@type":"ReadAction","target":["https:\/\/elfsight.com\/de\/store-locator-widget\/webnode\/"]}]},{"@type":"BreadcrumbList","@id":"https:\/\/elfsight.com\/de\/store-locator-widget\/webnode\/#breadcrumb","itemListElement":[{"@type":"ListItem","position":1,"name":"Home","item":"https:\/\/elfsight.com\/de\/"},{"@type":"ListItem","position":2,"name":"Store Locator","item":"https:\/\/elfsight.com\/de\/store-locator-widget\/"},{"@type":"ListItem","position":3,"name":"Store Locator &#8211; Webnode"}]},{"@type":"WebSite","@id":"https:\/\/elfsight.com\/de\/#website","url":"https:\/\/elfsight.com\/de\/","name":"Elfsight DE","description":"Just another Elfsight Sites site","potentialAction":[{"@type":"SearchAction","target":{"@type":"EntryPoint","urlTemplate":"https:\/\/elfsight.com\/de\/?s={search_term_string}"},"query-input":{"@type":"PropertyValueSpecification","valueRequired":true,"valueName":"search_term_string"}}],"inLanguage":"de"}]}},"meta_box":{"industry":"","seo_heading":"","heading":"","description":"","cta_heading":"","cta_description":"","application":"7436","h1":"Webnode Store Locator-Widget","h1_caption":"Zeigen Sie eine Karte mit mehreren Filialstandorten an, damit Ihre Kunden auf Ihrer Webnode-Website m\u00fchelos den n\u00e4chstgelegenen Standort finden k\u00f6nnen.","application_category":[],"applications_title":"","applications_request_title":"","applications_request_button_text":"","hero_text":"","hero_video":"","hero_video_schema_markup":"","selling_points_title":"","selling_points_caption":"","selling_points":[],"selling_points_cta_text":"","features_title":"","features":"","ed_cta_examples_text":"","ed_cta_examples_hidden":"","ed_cta_demo_text":"","ed_cta_demo_hidden":"","why_caption":"","why_editor_title":"","why_editor_text":"","why_team_title":"","why_team_text":"","why_service_title":"","why_service_text":"","template_catalog_visible":"","template_catalog_title":"","template_catalog_text":"","template_catalog_categories_visible":"","demo_title":"Erstellen Sie Ihr Store Locator-Widget","demo_caption":"Konfigurieren Sie Ihren Store Locator und f\u00fcgen Sie ihn kostenlos zu Ihrer Webnode-Website hinzu!","default_faq_hidden":"","app_template_category":[],"platform":"248","template_public_id":"","codecanyon_url":"","codecanyon_item_id":"","codecanyon_price":"","pricing_caption":"","pricing_elfsight_apps_hide_column":"","pricing_elfsight_apps_url":"","pricing_codecanyon_price_caption":"","integration_category":[],"integration_request_title":"","integration_request_cta":"","integration_platform":"","integrations":[],"platform_category":[],"video_schema_markup":"","price":"ab 0 $ \/ Monat","trial":"","benefits":[{"text":"Kostenloser Installationsservice"},{"text":"Professioneller Kundenservice"},{"text":"14-t\u00e4gige R\u00fcckerstattungsgarantie"},{"text":"Laufende kostenlose Updates"}],"button_url":"#demo","button_target_blank":"","button_nofollow":"","attributes":[{"name":"Installiert","content":"10,000 - 100,000"},{"name":"Reaktionsfreudig","content":"Ja"},{"name":"Kompatible Browser","content":"Firefox, Safari, Opera, Chrome, Edge"}],"tags":[],"tags_disable_links":"","hide_more_platforms":"","video_object":"","demo_hide_cta":"","demo_hide_cloud_options":"","pricing_title":"","pricing":[{"pricing_icon":"platform","pricing_title":"Elfsight Apps","pricing_title_caption":"Multiplattform-Version","pricing_price":"ab 0 $ \/ Monat","pricing_price_caption":"Beginnen Sie mit einem kostenlosen Plan","pricing_benefits":[{"text":"Unbegrenzte Websites"},{"text":"Schnelle Unternehmensunterst\u00fctzung"},{"text":"Kostenlose Installationsunterst\u00fctzung"},{"text":"Flexibles Design"}],"pricing_button_text":"Zur Website hinzuf\u00fcgen","pricing_button_url":"#demo"}],"related_apps_title":"","related_apps_hidden":"","author":"","image":[],"title":"","job":"","social_networks":[]},"_links":{"self":[{"href":"https:\/\/elfsight.com\/de\/wp-json\/wp\/v2\/pages\/10337","targetHints":{"allow":["GET"]}}],"collection":[{"href":"https:\/\/elfsight.com\/de\/wp-json\/wp\/v2\/pages"}],"about":[{"href":"https:\/\/elfsight.com\/de\/wp-json\/wp\/v2\/types\/page"}],"author":[{"embeddable":true,"href":"https:\/\/elfsight.com\/de\/wp-json\/wp\/v2\/users\/9"}],"replies":[{"embeddable":true,"href":"https:\/\/elfsight.com\/de\/wp-json\/wp\/v2\/comments?post=10337"}],"version-history":[{"count":1,"href":"https:\/\/elfsight.com\/de\/wp-json\/wp\/v2\/pages\/10337\/revisions"}],"predecessor-version":[{"id":10341,"href":"https:\/\/elfsight.com\/de\/wp-json\/wp\/v2\/pages\/10337\/revisions\/10341"}],"up":[{"embeddable":true,"href":"https:\/\/elfsight.com\/de\/wp-json\/wp\/v2\/pages\/7440"}],"wp:attachment":[{"href":"https:\/\/elfsight.com\/de\/wp-json\/wp\/v2\/media?parent=10337"}],"curies":[{"name":"wp","href":"https:\/\/api.w.org\/{rel}","templated":true}]}}