{"id":10332,"date":"1970-01-01T00:00:00","date_gmt":"1970-01-01T00:00:00","guid":{"rendered":"https:\/\/elfsight.com\/de\/?page_id=10332"},"modified":"2025-07-10T08:27:25","modified_gmt":"2025-07-10T08:27:25","slug":"weebly","status":"publish","type":"page","link":"https:\/\/elfsight.com\/de\/store-locator-widget\/weebly\/","title":{"rendered":"Store Locator &#8211; Weebly"},"content":{"rendered":"<div class=\"application-platform-content-item-description application-platform-content-item\" id=\"description\" data-nav-section=\"description\"> <h2>Einbetten des Store Locator in Weebly mit einer Elfsight-App<\/h2> <p>Der Elfsight Store Locator f\u00fcr Weebly ist ein leistungsstarkes und flexibles Widget um die Benutzerfreundlichkeit und Kundenzufriedenheit Ihrer Website zu steigern, indem Sie Ihren Kunden das Auffinden Ihrer Gesch\u00e4ftsadresse einfacher denn je machen. Mit einer Reihe gro\u00dfartiger Funktionen f\u00fcr Effizienz und Leistung ist dieses Widget Ihre perfekte L\u00f6sung f\u00fcr die \u00fcbersichtliche und praktische Darstellung Ihrer physischen Unternehmensstandorte. Betten Sie es jetzt ein und sehen Sie, wie es Ihre Website in einen wunderbaren Filialfinder verwandelt!<\/p> <p>Durch die Einbettung des Widgets erh\u00f6hen Sie Ihre Vertrauensw\u00fcrdigkeit bei Ihren Kunden, indem Sie detaillierte Informationen zu den physischen Standorten Ihres Unternehmens bereitstellen und so alle Ihre Kunden beruhigen solide Pr\u00e4senz. Dies wird zu einer besseren Entscheidungsfindung und einem verbesserten Kauferlebnis bei den Kunden f\u00fchren. <\/p><p><b>Probieren Sie den unglaublichen Filialfinder aus, um Ihren Standort und hilfreiche Gesch\u00e4ftsdaten anzuzeigen. Geben Sie Ihre physische Adresse und relevante Informationen an, um mehr Besucher im Gesch\u00e4ft anzulocken. <\/b><\/p><\/div> <div class=\"application-platform-content-item-features application-platform-content-item\" id=\"features\" data-nav-section=\"features\"> <h2>Hier sind zentrale Features des Widgets:<\/h2> <ul><li>Dynamische Standortangabe<\/li><li>Benutzerorientierte Kartenoptionen<\/li><li>Standortaktionsschaltfl\u00e4chen mit Integrationen <\/li><li>Einfache Standortkarte bei Markierungsauswahl<\/li><li>Standortarbeitsplan &amp; aktueller Stand<\/li><\/ul><p><a href=\"#demo\">Was das Widget wert ist, k\u00f6nnen Sie mit Hilfe der Demo pr\u00fcfen<\/a><\/p><\/div> <div class=\"application-platform-content-item-installation application-platform-content-item\" id=\"installation\" data-nav-section=\"installation\"> <h2>Wie bette ich den Store Locator in meine Weebly-Webseite ein?<\/h2> <p>Befolgen Sie einfach die folgenden Richtlinien, um das Tool zu integrieren. <\/p> <ol><li><b>\u00d6ffnen Sie unsere kostenlose Demo und beginnen Sie mit der Erstellung Ihres personalisierten Widgets. <\/b><br> W\u00e4hlen Sie das passende Aussehen und die Spezifikationen des Werkzeugs und wenden Sie die \u00c4nderungen an. <\/li> <li><b>Erhalten Sie Ihren einzigartigen Code, der im Fenster von Elfsight Apps angezeigt wird. <\/b><br> Wenn die Anpassung Ihres Tools abgeschlossen ist, kopieren Sie den exklusiven Code aus der angezeigten Box und bewahren Sie ihn f\u00fcr eine sp\u00e4tere Gelegenheit auf. <\/li> <li><b>Initiieren Sie die Anwendung des Widgets auf Ihrer Weebly-Webseite. <\/b><br> Geben Sie den zuvor kopierten Code in Ihre Seite ein und speichern Sie die Korrekturen. <\/li> <li><b>Das Setup ist vollst\u00e4ndig beendet. <\/b><br> Besuchen Sie Ihre Website, um die Leistung des Plugins zu \u00fcberpr\u00fcfen. <\/li><\/ol> <p>Wenn Sie auf Schwierigkeiten sto\u00dfen, z\u00f6gern Sie nicht, sich an unsere Kundendienstmitarbeiter zu wenden. Unsere Berater sind bestrebt, alle Schwierigkeiten zu l\u00f6sen, die Sie mit dem Tool haben k\u00f6nnten. <\/p> <\/div>","protected":false},"excerpt":{"rendered":"","protected":false},"author":9,"featured_media":0,"parent":7440,"menu_order":0,"comment_status":"closed","ping_status":"closed","template":"templates\/template-application-platform.php","meta":{"publish_to_discourse":"","publish_post_category":"","wpdc_auto_publish_overridden":"","wpdc_topic_tags":"","wpdc_pin_topic":"","wpdc_pin_until":"","discourse_post_id":"","discourse_permalink":"","wpdc_publishing_response":"","wpdc_publishing_error":"","footnotes":""},"class_list":["post-10332","page","type-page","status-publish","hentry"],"yoast_head":"<!-- This site is optimized with the Yoast SEO plugin v25.3.1 - https:\/\/yoast.com\/wordpress\/plugins\/seo\/ -->\n<title>Betten Sie den Store Locator in Weebly ein \u2013 Erstellen Sie einen einfachen Shop Finder<\/title>\n<meta name=\"description\" content=\"F\u00fcgen Sie Store Locator zu Ihrer Weebly-Website hinzu, um die Kundenzufriedenheit zu steigern. Verwenden Sie eine unkomplizierte Demo von Elfsight, um das vielseitige Widget zu erstellen.\" \/>\n<meta name=\"robots\" content=\"index, follow, max-snippet:-1, max-image-preview:large, max-video-preview:-1\" \/>\n<link rel=\"canonical\" href=\"https:\/\/elfsight.com\/de\/store-locator-widget\/weebly\/\" \/>\n<meta property=\"og:locale\" content=\"de_DE\" \/>\n<meta property=\"og:type\" content=\"article\" \/>\n<meta property=\"og:title\" content=\"Betten Sie den Store Locator in Weebly ein \u2013 Erstellen Sie einen einfachen Shop Finder\" \/>\n<meta property=\"og:description\" content=\"F\u00fcgen Sie Store Locator zu Ihrer Weebly-Website hinzu, um die Kundenzufriedenheit zu steigern. Verwenden Sie eine unkomplizierte Demo von Elfsight, um das vielseitige Widget zu erstellen.\" \/>\n<meta property=\"og:url\" content=\"https:\/\/elfsight.com\/de\/store-locator-widget\/weebly\/\" \/>\n<meta property=\"og:site_name\" content=\"Elfsight DE\" \/>\n<meta property=\"article:modified_time\" content=\"2025-07-10T08:27:25+00:00\" \/>\n<meta name=\"twitter:card\" content=\"summary_large_image\" \/>\n<meta name=\"twitter:label1\" content=\"Gesch\u00e4tzte Lesezeit\" \/>\n\t<meta name=\"twitter:data1\" content=\"2\u00a0Minuten\" \/>\n<!-- \/ Yoast SEO plugin. -->","yoast_head_json":{"title":"Betten Sie den Store Locator in Weebly ein \u2013 Erstellen Sie einen einfachen Shop Finder","description":"F\u00fcgen Sie Store Locator zu Ihrer Weebly-Website hinzu, um die Kundenzufriedenheit zu steigern. Verwenden Sie eine unkomplizierte Demo von Elfsight, um das vielseitige Widget zu erstellen.","robots":{"index":"index","follow":"follow","max-snippet":"max-snippet:-1","max-image-preview":"max-image-preview:large","max-video-preview":"max-video-preview:-1"},"canonical":"https:\/\/elfsight.com\/de\/store-locator-widget\/weebly\/","og_locale":"de_DE","og_type":"article","og_title":"Betten Sie den Store Locator in Weebly ein \u2013 Erstellen Sie einen einfachen Shop Finder","og_description":"F\u00fcgen Sie Store Locator zu Ihrer Weebly-Website hinzu, um die Kundenzufriedenheit zu steigern. Verwenden Sie eine unkomplizierte Demo von Elfsight, um das vielseitige Widget zu erstellen.","og_url":"https:\/\/elfsight.com\/de\/store-locator-widget\/weebly\/","og_site_name":"Elfsight DE","article_modified_time":"2025-07-10T08:27:25+00:00","twitter_card":"summary_large_image","twitter_misc":{"Gesch\u00e4tzte Lesezeit":"2\u00a0Minuten"},"schema":{"@context":"https:\/\/schema.org","@graph":[{"@type":"WebPage","@id":"https:\/\/elfsight.com\/de\/store-locator-widget\/weebly\/","url":"https:\/\/elfsight.com\/de\/store-locator-widget\/weebly\/","name":"Betten Sie den Store Locator in Weebly ein \u2013 Erstellen Sie einen einfachen Shop Finder","isPartOf":{"@id":"https:\/\/elfsight.com\/de\/#website"},"datePublished":"1970-01-01T00:00:00+00:00","dateModified":"2025-07-10T08:27:25+00:00","description":"F\u00fcgen Sie Store Locator zu Ihrer Weebly-Website hinzu, um die Kundenzufriedenheit zu steigern. Verwenden Sie eine unkomplizierte Demo von Elfsight, um das vielseitige Widget zu erstellen.","breadcrumb":{"@id":"https:\/\/elfsight.com\/de\/store-locator-widget\/weebly\/#breadcrumb"},"inLanguage":"de","potentialAction":[{"@type":"ReadAction","target":["https:\/\/elfsight.com\/de\/store-locator-widget\/weebly\/"]}]},{"@type":"BreadcrumbList","@id":"https:\/\/elfsight.com\/de\/store-locator-widget\/weebly\/#breadcrumb","itemListElement":[{"@type":"ListItem","position":1,"name":"Home","item":"https:\/\/elfsight.com\/de\/"},{"@type":"ListItem","position":2,"name":"Store Locator","item":"https:\/\/elfsight.com\/de\/store-locator-widget\/"},{"@type":"ListItem","position":3,"name":"Store Locator &#8211; Weebly"}]},{"@type":"WebSite","@id":"https:\/\/elfsight.com\/de\/#website","url":"https:\/\/elfsight.com\/de\/","name":"Elfsight DE","description":"Just another Elfsight Sites site","potentialAction":[{"@type":"SearchAction","target":{"@type":"EntryPoint","urlTemplate":"https:\/\/elfsight.com\/de\/?s={search_term_string}"},"query-input":{"@type":"PropertyValueSpecification","valueRequired":true,"valueName":"search_term_string"}}],"inLanguage":"de"}]}},"meta_box":{"industry":"","seo_heading":"","heading":"","description":"","cta_heading":"","cta_description":"","application":"7436","h1":"Weebly Store Locator-App","h1_caption":"Zeigen Sie auf Ihrer Weebly-Website eine Karte mit mehreren Filialstandorten an, damit Ihre Kunden m\u00fchelos den n\u00e4chstgelegenen Standort finden k\u00f6nnen.","application_category":[],"applications_title":"","applications_request_title":"","applications_request_button_text":"","hero_text":"","hero_video":"","hero_video_schema_markup":"","selling_points_title":"","selling_points_caption":"","selling_points":[],"selling_points_cta_text":"","features_title":"","features":"","ed_cta_examples_text":"","ed_cta_examples_hidden":"","ed_cta_demo_text":"","ed_cta_demo_hidden":"","why_caption":"","why_editor_title":"","why_editor_text":"","why_team_title":"","why_team_text":"","why_service_title":"","why_service_text":"","template_catalog_visible":"","template_catalog_title":"","template_catalog_text":"","template_catalog_categories_visible":"","demo_title":"Erstellen Sie Ihre Store Locator-App","demo_caption":"Konfigurieren Sie Ihren Store Locator und f\u00fcgen Sie ihn kostenlos zu Ihrer Weebly-Website hinzu!","default_faq_hidden":"","app_template_category":[],"platform":"249","template_public_id":"","codecanyon_url":"","codecanyon_item_id":"","codecanyon_price":"","pricing_caption":"","pricing_elfsight_apps_hide_column":"","pricing_elfsight_apps_url":"","pricing_codecanyon_price_caption":"","integration_category":[],"integration_request_title":"","integration_request_cta":"","integration_platform":"","integrations":[],"platform_category":[],"video_schema_markup":"","price":"ab 0 $ \/ Monat","trial":"","benefits":[{"text":"Kostenlose Installationsunterst\u00fctzung"},{"text":"Effektiver Kundenservice"},{"text":"14-t\u00e4gige R\u00fcckerstattungsgarantie"},{"text":"Zuk\u00fcnftige Updates"}],"button_url":"#demo","button_target_blank":"","button_nofollow":"","attributes":[{"name":"Installiert","content":"10,000 - 100,000"},{"name":"Reaktionsfreudig","content":"Ja"},{"name":"Kompatible Browser","content":"Firefox, Safari, Opera, Chrome, Edge"}],"tags":[],"tags_disable_links":"","hide_more_platforms":"","video_object":"","demo_hide_cta":"","demo_hide_cloud_options":"","pricing_title":"","pricing":[{"pricing_icon":"platform","pricing_title":"Elfsight Apps","pricing_title_caption":"Plattformunabh\u00e4ngige L\u00f6sung, die auf jeder Website funktioniert","pricing_price":"ab 0 $ \/ Monat","pricing_price_caption":"Beginnen Sie mit einem kostenlosen Plan","pricing_benefits":[{"text":"Unbegrenzte Websites"},{"text":"Premium-Support und gut dokumentiert"},{"text":"Kostenloser Installationssupport"},{"text":"100 % anpassbar"}],"pricing_button_text":"Zur Website hinzuf\u00fcgen","pricing_button_url":"#demo"}],"related_apps_title":"","related_apps_hidden":"","author":"","image":[],"title":"","job":"","social_networks":[]},"_links":{"self":[{"href":"https:\/\/elfsight.com\/de\/wp-json\/wp\/v2\/pages\/10332","targetHints":{"allow":["GET"]}}],"collection":[{"href":"https:\/\/elfsight.com\/de\/wp-json\/wp\/v2\/pages"}],"about":[{"href":"https:\/\/elfsight.com\/de\/wp-json\/wp\/v2\/types\/page"}],"author":[{"embeddable":true,"href":"https:\/\/elfsight.com\/de\/wp-json\/wp\/v2\/users\/9"}],"replies":[{"embeddable":true,"href":"https:\/\/elfsight.com\/de\/wp-json\/wp\/v2\/comments?post=10332"}],"version-history":[{"count":1,"href":"https:\/\/elfsight.com\/de\/wp-json\/wp\/v2\/pages\/10332\/revisions"}],"predecessor-version":[{"id":10336,"href":"https:\/\/elfsight.com\/de\/wp-json\/wp\/v2\/pages\/10332\/revisions\/10336"}],"up":[{"embeddable":true,"href":"https:\/\/elfsight.com\/de\/wp-json\/wp\/v2\/pages\/7440"}],"wp:attachment":[{"href":"https:\/\/elfsight.com\/de\/wp-json\/wp\/v2\/media?parent=10332"}],"curies":[{"name":"wp","href":"https:\/\/api.w.org\/{rel}","templated":true}]}}