{"id":10331,"date":"1970-01-01T00:00:00","date_gmt":"1970-01-01T00:00:00","guid":{"rendered":"https:\/\/elfsight.com\/de\/?page_id=10331"},"modified":"2025-07-10T08:28:01","modified_gmt":"2025-07-10T08:28:01","slug":"wix","status":"publish","type":"page","link":"https:\/\/elfsight.com\/de\/store-locator-widget\/wix\/","title":{"rendered":"Store Locator &#8211; Wix"},"content":{"rendered":"<div class=\"application-platform-content-item-description application-platform-content-item\" id=\"description\" data-nav-section=\"description\"> <h2>Store Locator mit einer Elfsight-App in Wix einbetten<\/h2> <p>Der Elfsight Store Locator f\u00fcr Wix ist ein leistungsstarkes und anpassbares Widget um den Komfort und die Kundenzufriedenheit Ihrer Website zu steigern, indem Sie es Ihren Kunden einfacher denn je machen, den Weg zu Ihrem Standort zu finden. Mit einer Reihe hilfreicher Funktionen f\u00fcr Nutzen und Leistung ist dieses Widget Ihre ideale L\u00f6sung f\u00fcr die \u00fcbersichtliche und praktische Darstellung Ihrer physischen Ladenstandorte. F\u00fcgen Sie es gleich jetzt hinzu und sehen Sie, wie es Ihre Website in einen n\u00fctzlichen Filialfinder verwandelt!<\/p> <p>Durch die Integration des Widgets steigern Sie Ihre Glaubw\u00fcrdigkeit bei Ihren Kunden, indem Sie detaillierte Informationen \u00fcber die physischen Standorte Ihres Unternehmens bereitstellen und so jedem Ihrer Kunden Sicherheit geben etablierte Pr\u00e4senz. Dies kann zu einer schnelleren Entscheidungsfindung und einem soliden Einkaufserlebnis bei den Besuchern f\u00fchren. <\/p><p><b>Nutzen Sie den tollen Filialfinder, um Ihren Standort und wichtige Betriebsdaten anzuzeigen. Zeigen Sie Ihre physische Adresse und relevante Informationen an, um mehr Kunden im Gesch\u00e4ft zu erreichen.<\/b><\/p><\/div> <div class=\"application-platform-content-item-features application-platform-content-item\" id=\"features\" data-nav-section=\"features\"> <h2>Das Widget bietet wertvolle und einfache Funktionen, sehen Sie sich einige davon an: <\/h2> <ul><li>M\u00fchelose Standortauswahl<\/li><li>Intuitive Kartenoptionen<\/li><li>Standort-CTA-Schaltfl\u00e4chen unterst\u00fctzen Integrationen <\/li><li>Einfache Standortkarte bei Markierungsauswahl<\/li><li>Arbeitsplan &amp; aktueller Status<\/li><\/ul><p><a href=\"#demo\">Was das Widget bietet, erfahren Sie in der Demo<\/a><\/p><\/div> <div class=\"application-platform-content-item-installation  application-platform-content-item\" id=\"installation \" data-nav-section=\"installation \"> <h2>Wie integriere ich Store Locator in meine Wix-Webseite?<\/h2> <p>Befolgen Sie einfach die nachstehenden Anweisungen, um das Plugin zu aktivieren.<\/p> <ol><li><b>F\u00fchren Sie unser kostenloses durch Editor und beginnen Sie mit der Gestaltung Ihres individuellen Instruments. <\/b><br> Suchen Sie die ausgew\u00e4hlte Schnittstelle und die Optionen des Plugins und \u00fcbernehmen Sie die \u00c4nderungen. <\/li> <li><b>Kopieren Sie Ihren individuellen Code, der im Fenster von Elfsight Apps angezeigt wird. <\/b><br> Wenn die Einrichtung Ihres Widgets abgeschlossen ist, kopieren Sie den exklusiven Code im angezeigten Fenster und speichern Sie ihn f\u00fcr die zuk\u00fcnftige Verwendung. <\/li> <li><b>Initiieren Sie die Nutzung des Widgets auf Ihrer Website von Wix. <\/b><br> Betten Sie den Code, den Sie k\u00fcrzlich kopiert haben, in Ihre Homepage ein und \u00fcbernehmen Sie die \u00c4nderungen. <\/li> <li><b>Du bist fertig! Der Aufbau ist vollst\u00e4ndig abgeschlossen. <\/b><br> Besuchen Sie Ihre Website, um die Funktionsweise des Tools in Aktion zu sehen. <\/li><\/ol> <p>Bei Fragen oder Komplikationen wenden Sie sich bitte an unser Kundendienstteam. Unsere Mitarbeiter m\u00f6chten Ihnen gerne bei allen Schwierigkeiten helfen, die Sie mit dem Produkt haben k\u00f6nnten. <\/p><\/div>","protected":false},"excerpt":{"rendered":"","protected":false},"author":9,"featured_media":0,"parent":7440,"menu_order":0,"comment_status":"closed","ping_status":"closed","template":"templates\/template-application-platform.php","meta":{"publish_to_discourse":"","publish_post_category":"","wpdc_auto_publish_overridden":"","wpdc_topic_tags":"","wpdc_pin_topic":"","wpdc_pin_until":"","discourse_post_id":"","discourse_permalink":"","wpdc_publishing_response":"","wpdc_publishing_error":"","footnotes":""},"class_list":["post-10331","page","type-page","status-publish","hentry"],"yoast_head":"<!-- This site is optimized with the Yoast SEO plugin v25.3.1 - https:\/\/yoast.com\/wordpress\/plugins\/seo\/ -->\n<title>Store Locator zu Wix hinzuf\u00fcgen \u2013 Installieren Sie Shop Finder auf Ihrer Website<\/title>\n<meta name=\"description\" content=\"F\u00fcgen Sie Ihrer Wix-Website einen benutzerfreundlichen Store Locator hinzu, um die Loyalit\u00e4t zu steigern. Entdecken Sie die unkomplizierte Demo von Elfsight, um das vielseitige Widget zu erstellen.\" \/>\n<meta name=\"robots\" content=\"index, follow, max-snippet:-1, max-image-preview:large, max-video-preview:-1\" \/>\n<link rel=\"canonical\" href=\"https:\/\/elfsight.com\/de\/store-locator-widget\/wix\/\" \/>\n<meta property=\"og:locale\" content=\"de_DE\" \/>\n<meta property=\"og:type\" content=\"article\" \/>\n<meta property=\"og:title\" content=\"Store Locator zu Wix hinzuf\u00fcgen \u2013 Installieren Sie Shop Finder auf Ihrer Website\" \/>\n<meta property=\"og:description\" content=\"F\u00fcgen Sie Ihrer Wix-Website einen benutzerfreundlichen Store Locator hinzu, um die Loyalit\u00e4t zu steigern. Entdecken Sie die unkomplizierte Demo von Elfsight, um das vielseitige Widget zu erstellen.\" \/>\n<meta property=\"og:url\" content=\"https:\/\/elfsight.com\/de\/store-locator-widget\/wix\/\" \/>\n<meta property=\"og:site_name\" content=\"Elfsight DE\" \/>\n<meta property=\"article:modified_time\" content=\"2025-07-10T08:28:01+00:00\" \/>\n<meta name=\"twitter:card\" content=\"summary_large_image\" \/>\n<meta name=\"twitter:label1\" content=\"Gesch\u00e4tzte Lesezeit\" \/>\n\t<meta name=\"twitter:data1\" content=\"2\u00a0Minuten\" \/>\n<!-- \/ Yoast SEO plugin. -->","yoast_head_json":{"title":"Store Locator zu Wix hinzuf\u00fcgen \u2013 Installieren Sie Shop Finder auf Ihrer Website","description":"F\u00fcgen Sie Ihrer Wix-Website einen benutzerfreundlichen Store Locator hinzu, um die Loyalit\u00e4t zu steigern. Entdecken Sie die unkomplizierte Demo von Elfsight, um das vielseitige Widget zu erstellen.","robots":{"index":"index","follow":"follow","max-snippet":"max-snippet:-1","max-image-preview":"max-image-preview:large","max-video-preview":"max-video-preview:-1"},"canonical":"https:\/\/elfsight.com\/de\/store-locator-widget\/wix\/","og_locale":"de_DE","og_type":"article","og_title":"Store Locator zu Wix hinzuf\u00fcgen \u2013 Installieren Sie Shop Finder auf Ihrer Website","og_description":"F\u00fcgen Sie Ihrer Wix-Website einen benutzerfreundlichen Store Locator hinzu, um die Loyalit\u00e4t zu steigern. Entdecken Sie die unkomplizierte Demo von Elfsight, um das vielseitige Widget zu erstellen.","og_url":"https:\/\/elfsight.com\/de\/store-locator-widget\/wix\/","og_site_name":"Elfsight DE","article_modified_time":"2025-07-10T08:28:01+00:00","twitter_card":"summary_large_image","twitter_misc":{"Gesch\u00e4tzte Lesezeit":"2\u00a0Minuten"},"schema":{"@context":"https:\/\/schema.org","@graph":[{"@type":"WebPage","@id":"https:\/\/elfsight.com\/de\/store-locator-widget\/wix\/","url":"https:\/\/elfsight.com\/de\/store-locator-widget\/wix\/","name":"Store Locator zu Wix hinzuf\u00fcgen \u2013 Installieren Sie Shop Finder auf Ihrer Website","isPartOf":{"@id":"https:\/\/elfsight.com\/de\/#website"},"datePublished":"1970-01-01T00:00:00+00:00","dateModified":"2025-07-10T08:28:01+00:00","description":"F\u00fcgen Sie Ihrer Wix-Website einen benutzerfreundlichen Store Locator hinzu, um die Loyalit\u00e4t zu steigern. Entdecken Sie die unkomplizierte Demo von Elfsight, um das vielseitige Widget zu erstellen.","breadcrumb":{"@id":"https:\/\/elfsight.com\/de\/store-locator-widget\/wix\/#breadcrumb"},"inLanguage":"de","potentialAction":[{"@type":"ReadAction","target":["https:\/\/elfsight.com\/de\/store-locator-widget\/wix\/"]}]},{"@type":"BreadcrumbList","@id":"https:\/\/elfsight.com\/de\/store-locator-widget\/wix\/#breadcrumb","itemListElement":[{"@type":"ListItem","position":1,"name":"Home","item":"https:\/\/elfsight.com\/de\/"},{"@type":"ListItem","position":2,"name":"Store Locator","item":"https:\/\/elfsight.com\/de\/store-locator-widget\/"},{"@type":"ListItem","position":3,"name":"Store Locator &#8211; Wix"}]},{"@type":"WebSite","@id":"https:\/\/elfsight.com\/de\/#website","url":"https:\/\/elfsight.com\/de\/","name":"Elfsight DE","description":"Just another Elfsight Sites site","potentialAction":[{"@type":"SearchAction","target":{"@type":"EntryPoint","urlTemplate":"https:\/\/elfsight.com\/de\/?s={search_term_string}"},"query-input":{"@type":"PropertyValueSpecification","valueRequired":true,"valueName":"search_term_string"}}],"inLanguage":"de"}]}},"meta_box":{"industry":"","seo_heading":"","heading":"","description":"","cta_heading":"","cta_description":"","application":"7436","h1":"Wix Store Locator-App","h1_caption":"Zeigen Sie eine Karte mit mehreren Filialstandorten an, damit Ihre Kunden auf Ihrer Wix-Website m\u00fchelos den n\u00e4chstgelegenen Standort finden k\u00f6nnen.","application_category":[],"applications_title":"","applications_request_title":"","applications_request_button_text":"","hero_text":"","hero_video":"","hero_video_schema_markup":"","selling_points_title":"","selling_points_caption":"","selling_points":[],"selling_points_cta_text":"","features_title":"","features":"","ed_cta_examples_text":"","ed_cta_examples_hidden":"","ed_cta_demo_text":"","ed_cta_demo_hidden":"","why_caption":"","why_editor_title":"","why_editor_text":"","why_team_title":"","why_team_text":"","why_service_title":"","why_service_text":"","template_catalog_visible":"","template_catalog_title":"","template_catalog_text":"","template_catalog_categories_visible":"","demo_title":"Erstellen Sie Ihre Store Locator-App","demo_caption":"Konfigurieren Sie Ihren Store Locator und f\u00fcgen Sie ihn kostenlos zu Ihrer Wix-Website hinzu!","default_faq_hidden":"","app_template_category":[],"platform":"265","template_public_id":"","codecanyon_url":"","codecanyon_item_id":"","codecanyon_price":"","pricing_caption":"","pricing_elfsight_apps_hide_column":"","pricing_elfsight_apps_url":"","pricing_codecanyon_price_caption":"","integration_category":[],"integration_request_title":"","integration_request_cta":"","integration_platform":"","integrations":[],"platform_category":[],"video_schema_markup":"","price":"ab 0 $ \/ Monat","trial":"","benefits":[{"text":"Kostenloser Installationsservice"},{"text":"Premium-Support"},{"text":"14-t\u00e4gige R\u00fcckerstattungsgarantie"},{"text":"St\u00e4ndige Aktualisierung"}],"button_url":"#demo","button_target_blank":"","button_nofollow":"","attributes":[{"name":"Installiert","content":"10,000 - 100,000"},{"name":"Reaktionsfreudig","content":"Ja"},{"name":"Kompatible Browser","content":"Firefox, Safari, Opera, Chrome, Edge"}],"tags":[],"tags_disable_links":"","hide_more_platforms":"","video_object":"","demo_hide_cta":"","demo_hide_cloud_options":"","pricing_title":"","pricing":[{"pricing_icon":"platform","pricing_title":"Elfsight Apps","pricing_title_caption":"Plattform\u00fcbergreifende Version","pricing_price":"ab 0 $ \/ Monat","pricing_price_caption":"Beginnen Sie mit einem kostenlosen Plan","pricing_benefits":[{"text":"Unbegrenzte Websites"},{"text":"Kostenloser Support"},{"text":"Kostenlose Installationshilfe"},{"text":"Flexibles Design"}],"pricing_button_text":"Zur Website hinzuf\u00fcgen","pricing_button_url":"#demo"}],"related_apps_title":"","related_apps_hidden":"","author":"","image":[],"title":"","job":"","social_networks":[]},"_links":{"self":[{"href":"https:\/\/elfsight.com\/de\/wp-json\/wp\/v2\/pages\/10331","targetHints":{"allow":["GET"]}}],"collection":[{"href":"https:\/\/elfsight.com\/de\/wp-json\/wp\/v2\/pages"}],"about":[{"href":"https:\/\/elfsight.com\/de\/wp-json\/wp\/v2\/types\/page"}],"author":[{"embeddable":true,"href":"https:\/\/elfsight.com\/de\/wp-json\/wp\/v2\/users\/9"}],"replies":[{"embeddable":true,"href":"https:\/\/elfsight.com\/de\/wp-json\/wp\/v2\/comments?post=10331"}],"version-history":[{"count":1,"href":"https:\/\/elfsight.com\/de\/wp-json\/wp\/v2\/pages\/10331\/revisions"}],"predecessor-version":[{"id":10335,"href":"https:\/\/elfsight.com\/de\/wp-json\/wp\/v2\/pages\/10331\/revisions\/10335"}],"up":[{"embeddable":true,"href":"https:\/\/elfsight.com\/de\/wp-json\/wp\/v2\/pages\/7440"}],"wp:attachment":[{"href":"https:\/\/elfsight.com\/de\/wp-json\/wp\/v2\/media?parent=10331"}],"curies":[{"name":"wp","href":"https:\/\/api.w.org\/{rel}","templated":true}]}}