{"id":10330,"date":"1970-01-01T00:00:00","date_gmt":"1970-01-01T00:00:00","guid":{"rendered":"https:\/\/elfsight.com\/de\/?page_id=10330"},"modified":"2025-07-10T08:28:08","modified_gmt":"2025-07-10T08:28:08","slug":"woocommerce","status":"publish","type":"page","link":"https:\/\/elfsight.com\/de\/store-locator-widget\/woocommerce\/","title":{"rendered":"Store Locator &#8211; WooCommerce"},"content":{"rendered":"<div class=\"application-platform-content-item-description application-platform-content-item\" id=\"description\" data-nav-section=\"description\"> <h2>Einbetten des Store Locator in WooCommerce mit einem Elfsight-Plugin<\/h2> <p>Der Elfsight Store Locator f\u00fcr WooCommerce ist ein lebendiges und flexibles Widget um die Benutzerfreundlichkeit und Kundenbindung Ihrer Website zu verbessern, indem Sie Ihren Kunden das Auffinden Ihrer Gesch\u00e4fte einfacher denn je machen. Mit einer Reihe leistungsstarker Funktionen, die auf Nutzen und Leistung zugeschnitten sind, ist dieses Widget Ihre perfekte L\u00f6sung f\u00fcr die \u00fcbersichtliche und praktische Pr\u00e4sentation Ihrer physischen Filialen. Integrieren Sie es jetzt und sehen Sie, wie es Ihre Website in einen n\u00fctzlichen Filialfinder verwandelt!<\/p> <p>Durch die Einbindung des Widgets steigern Sie Ihre Vertrauensw\u00fcrdigkeit bei Ihren Kunden, indem Sie detaillierte Informationen \u00fcber die physischen Standorte Ihres Unternehmens bereitstellen und so jedem Ihrer Kunden Sicherheit geben echte Pr\u00e4senz. Dies f\u00fchrt zu einer schnelleren Entscheidungsfindung und einem soliden Kauferlebnis bei den Kunden. <\/p><p><b>Betten Sie den wunderbaren Filialfinder ein, um Ihren Standort und wichtige Gesch\u00e4ftsdetails anzuzeigen. Heben Sie Ihre physische Adresse und relevante Informationen hervor, um mehr Besucher im Gesch\u00e4ft zu erreichen. <\/b><\/p><\/div> <div class=\"application-platform-content-item-features application-platform-content-item\" id=\"features\" data-nav-section=\"features\"> <h2>Die wichtigsten Widget-Funktionen umfassen<\/h2> <ul><li>M\u00fchelose Standortwahl<\/li><li>Benutzer -orientierte Kartenoptionen<\/li><li>Standortaktionsschaltfl\u00e4chen zur Unterst\u00fctzung von Integrationen<\/li><li>Einfaches Standort-Popup bei Markierungsauswahl<\/li><li>Standortbetriebsplan &amp; offener Status<\/li><\/ul><p><a href=\"#demo\">Sehen Sie sich einfach diese Demo an, um zu sehen, wie es funktioniert<\/a><\/p><\/div> <div class=\"application-platform-content-item-installation application-platform-content-item\" id=\"installation\" data-nav-section=\"installation\"> <h2>Wie integriere ich den Store Locator in meine WooCommerce-Webseite?<\/h2> <p>Erf\u00fcllen Sie einfach die folgenden Richtlinien, um das Tool zu aktivieren. <\/p> <ol><li><b>\u00d6ffnen Sie unseren kostenlosen Konfigurator und beginnen Sie mit der Erstellung Ihres personalisierten Instruments. <\/b><br> Bestimmen Sie das bevorzugte Design und die bevorzugten Aspekte des Widgets und \u00fcbernehmen Sie die \u00c4nderungen. <\/li> <li><b>Erwerben Sie den einzigartigen Code, der im speziellen Formular auf Elfsight Apps angezeigt wird. <\/b><br> Sobald die Erstellung Ihres pers\u00f6nlichen Plugins abgeschlossen ist, kopieren Sie den einzelnen Code aus dem angezeigten Fenster und bewahren Sie ihn f\u00fcr einen sp\u00e4teren Anlass auf. <\/li> <li><b>Geben Sie Informationen zur Verwendung des Tools auf der WooCommerce-Website ein. <\/b><br> Platzieren Sie den k\u00fcrzlich gespeicherten Code auf Ihrer Seite und wenden Sie die Korrekturen an. <\/li> <li><b>Das Setup ist vollst\u00e4ndig abgeschlossen. <\/b><br> Besuchen Sie Ihre Seite, um die Leistung des Tools zu \u00fcberpr\u00fcfen. <\/li><\/ol> <p>Wenn Sie Fragen haben oder auf Schwierigkeiten sto\u00dfen, scheuen Sie sich nicht, unserem Support-Team zu schreiben. Unsere Berater helfen Ihnen gerne bei allen Schwierigkeiten, die Sie mit dem Widget haben k\u00f6nnten. <\/p><\/div>","protected":false},"excerpt":{"rendered":"","protected":false},"author":9,"featured_media":0,"parent":7440,"menu_order":0,"comment_status":"closed","ping_status":"closed","template":"templates\/template-application-platform.php","meta":{"publish_to_discourse":"","publish_post_category":"","wpdc_auto_publish_overridden":"","wpdc_topic_tags":"","wpdc_pin_topic":"","wpdc_pin_until":"","discourse_post_id":"","discourse_permalink":"","wpdc_publishing_response":"","wpdc_publishing_error":"","footnotes":""},"class_list":["post-10330","page","type-page","status-publish","hentry"],"yoast_head":"<!-- This site is optimized with the Yoast SEO plugin v25.3.1 - https:\/\/yoast.com\/wordpress\/plugins\/seo\/ -->\n<title>F\u00fcgen Sie den Store Locator zu WooCommerce hinzu \u2013 codefreier Shop-Finder<\/title>\n<meta name=\"description\" content=\"F\u00fcgen Sie Ihrer WooCommerce-Website einen n\u00fctzlichen Store Locator hinzu, um das Einkaufserlebnis zu verbessern. Verwenden Sie eine \u00fcbersichtliche Demo von Elfsight, um das Widget zu erstellen.\" \/>\n<meta name=\"robots\" content=\"index, follow, max-snippet:-1, max-image-preview:large, max-video-preview:-1\" \/>\n<link rel=\"canonical\" href=\"https:\/\/elfsight.com\/de\/store-locator-widget\/woocommerce\/\" \/>\n<meta property=\"og:locale\" content=\"de_DE\" \/>\n<meta property=\"og:type\" content=\"article\" \/>\n<meta property=\"og:title\" content=\"F\u00fcgen Sie den Store Locator zu WooCommerce hinzu \u2013 codefreier Shop-Finder\" \/>\n<meta property=\"og:description\" content=\"F\u00fcgen Sie Ihrer WooCommerce-Website einen n\u00fctzlichen Store Locator hinzu, um das Einkaufserlebnis zu verbessern. Verwenden Sie eine \u00fcbersichtliche Demo von Elfsight, um das Widget zu erstellen.\" \/>\n<meta property=\"og:url\" content=\"https:\/\/elfsight.com\/de\/store-locator-widget\/woocommerce\/\" \/>\n<meta property=\"og:site_name\" content=\"Elfsight DE\" \/>\n<meta property=\"article:modified_time\" content=\"2025-07-10T08:28:08+00:00\" \/>\n<meta name=\"twitter:card\" content=\"summary_large_image\" \/>\n<meta name=\"twitter:label1\" content=\"Gesch\u00e4tzte Lesezeit\" \/>\n\t<meta name=\"twitter:data1\" content=\"2\u00a0Minuten\" \/>\n<!-- \/ Yoast SEO plugin. -->","yoast_head_json":{"title":"F\u00fcgen Sie den Store Locator zu WooCommerce hinzu \u2013 codefreier Shop-Finder","description":"F\u00fcgen Sie Ihrer WooCommerce-Website einen n\u00fctzlichen Store Locator hinzu, um das Einkaufserlebnis zu verbessern. Verwenden Sie eine \u00fcbersichtliche Demo von Elfsight, um das Widget zu erstellen.","robots":{"index":"index","follow":"follow","max-snippet":"max-snippet:-1","max-image-preview":"max-image-preview:large","max-video-preview":"max-video-preview:-1"},"canonical":"https:\/\/elfsight.com\/de\/store-locator-widget\/woocommerce\/","og_locale":"de_DE","og_type":"article","og_title":"F\u00fcgen Sie den Store Locator zu WooCommerce hinzu \u2013 codefreier Shop-Finder","og_description":"F\u00fcgen Sie Ihrer WooCommerce-Website einen n\u00fctzlichen Store Locator hinzu, um das Einkaufserlebnis zu verbessern. Verwenden Sie eine \u00fcbersichtliche Demo von Elfsight, um das Widget zu erstellen.","og_url":"https:\/\/elfsight.com\/de\/store-locator-widget\/woocommerce\/","og_site_name":"Elfsight DE","article_modified_time":"2025-07-10T08:28:08+00:00","twitter_card":"summary_large_image","twitter_misc":{"Gesch\u00e4tzte Lesezeit":"2\u00a0Minuten"},"schema":{"@context":"https:\/\/schema.org","@graph":[{"@type":"WebPage","@id":"https:\/\/elfsight.com\/de\/store-locator-widget\/woocommerce\/","url":"https:\/\/elfsight.com\/de\/store-locator-widget\/woocommerce\/","name":"F\u00fcgen Sie den Store Locator zu WooCommerce hinzu \u2013 codefreier Shop-Finder","isPartOf":{"@id":"https:\/\/elfsight.com\/de\/#website"},"datePublished":"1970-01-01T00:00:00+00:00","dateModified":"2025-07-10T08:28:08+00:00","description":"F\u00fcgen Sie Ihrer WooCommerce-Website einen n\u00fctzlichen Store Locator hinzu, um das Einkaufserlebnis zu verbessern. Verwenden Sie eine \u00fcbersichtliche Demo von Elfsight, um das Widget zu erstellen.","breadcrumb":{"@id":"https:\/\/elfsight.com\/de\/store-locator-widget\/woocommerce\/#breadcrumb"},"inLanguage":"de","potentialAction":[{"@type":"ReadAction","target":["https:\/\/elfsight.com\/de\/store-locator-widget\/woocommerce\/"]}]},{"@type":"BreadcrumbList","@id":"https:\/\/elfsight.com\/de\/store-locator-widget\/woocommerce\/#breadcrumb","itemListElement":[{"@type":"ListItem","position":1,"name":"Home","item":"https:\/\/elfsight.com\/de\/"},{"@type":"ListItem","position":2,"name":"Store Locator","item":"https:\/\/elfsight.com\/de\/store-locator-widget\/"},{"@type":"ListItem","position":3,"name":"Store Locator &#8211; WooCommerce"}]},{"@type":"WebSite","@id":"https:\/\/elfsight.com\/de\/#website","url":"https:\/\/elfsight.com\/de\/","name":"Elfsight DE","description":"Just another Elfsight Sites site","potentialAction":[{"@type":"SearchAction","target":{"@type":"EntryPoint","urlTemplate":"https:\/\/elfsight.com\/de\/?s={search_term_string}"},"query-input":{"@type":"PropertyValueSpecification","valueRequired":true,"valueName":"search_term_string"}}],"inLanguage":"de"}]}},"meta_box":{"industry":"","seo_heading":"","heading":"","description":"","cta_heading":"","cta_description":"","application":"7436","h1":"WooCommerce Store Locator-Plugin","h1_caption":"Zeigen Sie eine Karte mit mehreren Filialstandorten an, damit Ihre Kunden auf Ihrer WooCommerce-Website m\u00fchelos den n\u00e4chstgelegenen Standort finden k\u00f6nnen.","application_category":[],"applications_title":"","applications_request_title":"","applications_request_button_text":"","hero_text":"","hero_video":"","hero_video_schema_markup":"","selling_points_title":"","selling_points_caption":"","selling_points":[],"selling_points_cta_text":"","features_title":"","features":"","ed_cta_examples_text":"","ed_cta_examples_hidden":"","ed_cta_demo_text":"","ed_cta_demo_hidden":"","why_caption":"","why_editor_title":"","why_editor_text":"","why_team_title":"","why_team_text":"","why_service_title":"","why_service_text":"","template_catalog_visible":"","template_catalog_title":"","template_catalog_text":"","template_catalog_categories_visible":"","demo_title":"Erstellen Sie Ihre Store Locator-App","demo_caption":"Konfigurieren Sie Ihren Store Locator und f\u00fcgen Sie ihn kostenlos zu Ihrer WooCommerce-Website hinzu!","default_faq_hidden":"","app_template_category":[],"platform":"200","template_public_id":"","codecanyon_url":"","codecanyon_item_id":"","codecanyon_price":"","pricing_caption":"","pricing_elfsight_apps_hide_column":"","pricing_elfsight_apps_url":"","pricing_codecanyon_price_caption":"","integration_category":[],"integration_request_title":"","integration_request_cta":"","integration_platform":"","integrations":[],"platform_category":[],"video_schema_markup":"","price":"ab 0 $ \/ Monat","trial":"","benefits":[{"text":"Kostenlose Installationshilfe"},{"text":"Professioneller Kundenservice"},{"text":"14-t\u00e4gige Geld-zur\u00fcck-Garantie"},{"text":"St\u00e4ndige Aktualisierung"}],"button_url":"#demo","button_target_blank":"","button_nofollow":"","attributes":[{"name":"Installiert","content":"10,000 - 100,000"},{"name":"Reaktionsfreudig","content":"Ja"},{"name":"Kompatible Browser","content":"Firefox, Safari, Opera, Chrome, Edge"}],"tags":[],"tags_disable_links":"","hide_more_platforms":"","video_object":"","demo_hide_cta":"","demo_hide_cloud_options":"","pricing_title":"","pricing":[{"pricing_icon":"platform","pricing_title":"Elfsight Apps","pricing_title_caption":"Plattform\u00fcbergreifende digitale L\u00f6sung","pricing_price":"ab 0 $ \/ Monat","pricing_price_caption":"Beginnen Sie mit einem kostenlosen Plan","pricing_benefits":[{"text":"Unbegrenzte Domains"},{"text":"Professionelle und p\u00fcnktliche Unterst\u00fctzung"},{"text":"Kostenloser Installationssupport"},{"text":"Vollst\u00e4ndig anpassbar"}],"pricing_button_text":"Zur Website hinzuf\u00fcgen","pricing_button_url":"#demo"}],"related_apps_title":"","related_apps_hidden":"","author":"","image":[],"title":"","job":"","social_networks":[]},"_links":{"self":[{"href":"https:\/\/elfsight.com\/de\/wp-json\/wp\/v2\/pages\/10330","targetHints":{"allow":["GET"]}}],"collection":[{"href":"https:\/\/elfsight.com\/de\/wp-json\/wp\/v2\/pages"}],"about":[{"href":"https:\/\/elfsight.com\/de\/wp-json\/wp\/v2\/types\/page"}],"author":[{"embeddable":true,"href":"https:\/\/elfsight.com\/de\/wp-json\/wp\/v2\/users\/9"}],"replies":[{"embeddable":true,"href":"https:\/\/elfsight.com\/de\/wp-json\/wp\/v2\/comments?post=10330"}],"version-history":[{"count":1,"href":"https:\/\/elfsight.com\/de\/wp-json\/wp\/v2\/pages\/10330\/revisions"}],"predecessor-version":[{"id":10334,"href":"https:\/\/elfsight.com\/de\/wp-json\/wp\/v2\/pages\/10330\/revisions\/10334"}],"up":[{"embeddable":true,"href":"https:\/\/elfsight.com\/de\/wp-json\/wp\/v2\/pages\/7440"}],"wp:attachment":[{"href":"https:\/\/elfsight.com\/de\/wp-json\/wp\/v2\/media?parent=10330"}],"curies":[{"name":"wp","href":"https:\/\/api.w.org\/{rel}","templated":true}]}}