{"id":1028,"date":"2020-06-09T09:59:39","date_gmt":"2020-06-09T09:59:39","guid":{"rendered":"https:\/\/elfsight.com\/de\/?page_id=1028"},"modified":"2022-03-21T09:35:50","modified_gmt":"2022-03-21T09:35:50","slug":"pricing","status":"publish","type":"page","link":"https:\/\/elfsight.com\/de\/event-calendar-widget\/pricing\/","title":{"rendered":"Event Calendar &#8211; Pricing"},"content":{"rendered":"\n<div class=\"faq\" data-component=\"FAQ\">\n<div class=\"faq-item\">\r\n\t\t\t\t\t<div class=\"faq-item-question\">\r\n\t\t\t\t\t\t<h3 class=\"faq-item-question-text\">Kann ich Ihre Apps ohne Bezahlung hinzuf\u00fcgen?<\/h3>\r\n\r\n\t\t\t\t\t\t<div class=\"faq-item-question-icon\"><\/div>\r\n\t\t\t\t\t<\/div>\r\n\r\n\t\t\t\t\t<div class=\"faq-item-answer\">\r\n\t\t\t\t\t\t<div class=\"faq-item-answer-text\">\n\nJa, nat\u00fcrlich. Unser Team bringt ein kostenloses Abonnement f\u00fcr alle Widgets. Dar\u00fcber hinaus limitieren wir die grundlegenden Funktionalit\u00e4t und die Stilfunktionen nicht. Z\u00f6gern Sie nicht alle Pluspunkte kostenfreier Elfsight-Plugins f\u00fcr Ihr Unternehmen zu nutzen. \n<\/div>\r\n\t\t\t\t\t<\/div>\r\n\t\t\t\t<\/div>\n\n<div class=\"faq-item\">\r\n\t\t\t\t\t<div class=\"faq-item-question\">\r\n\t\t\t\t\t\t<h3 class=\"faq-item-question-text\">Haben Sie eine Testphase f\u00fcr Ihre Plugins?<\/h3>\r\n\r\n\t\t\t\t\t\t<div class=\"faq-item-question-icon\"><\/div>\r\n\t\t\t\t\t<\/div>\r\n\r\n\t\t\t\t\t<div class=\"faq-item-answer\">\r\n\t\t\t\t\t\t<div class=\"faq-item-answer-text\">\n\nElfsight kostenloser Plan hat keine \u00dcbergangsfrist. Benutzer k\u00f6nnen das Widget auf der Website so lange nutzen, wie Sie es m\u00f6chten. \n<\/div>\r\n\t\t\t\t\t<\/div>\r\n\t\t\t\t<\/div>\n\n<div class=\"faq-item\">\r\n\t\t\t\t\t<div class=\"faq-item-question\">\r\n\t\t\t\t\t\t<h3 class=\"faq-item-question-text\">Bietet Elfsight einige Rabatt-Coupons?<\/h3>\r\n\r\n\t\t\t\t\t\t<div class=\"faq-item-question-icon\"><\/div>\r\n\t\t\t\t\t<\/div>\r\n\r\n\t\t\t\t\t<div class=\"faq-item-answer\">\r\n\t\t\t\t\t\t<div class=\"faq-item-answer-text\">\n\nSicher, Sie k\u00f6nnen 20% Willkommensgutschein f\u00fcr Ihr erstes Abonnement holen. Bitte vergessen Sie nicht, dass Sie es innerhalb von 24 Stunden anwenden k\u00f6nnen. Dann haben Sie 30% Gutscheincode f\u00fcr den zweiten Entrichtung eines bezahlten Abonnements.\n<\/div>\r\n\t\t\t\t\t<\/div>\r\n\t\t\t\t<\/div>\n\n<div class=\"faq-item\">\r\n\t\t\t\t\t<div class=\"faq-item-question\">\r\n\t\t\t\t\t\t<h3 class=\"faq-item-question-text\">Kann ich meinen Plan f\u00fcr das Veranstaltungskalender App sp\u00e4ter \u00e4ndern?<\/h3>\r\n\r\n\t\t\t\t\t\t<div class=\"faq-item-question-icon\"><\/div>\r\n\t\t\t\t\t<\/div>\r\n\r\n\t\t\t\t\t<div class=\"faq-item-answer\">\r\n\t\t\t\t\t\t<div class=\"faq-item-answer-text\">\n\nJa! Sie k\u00f6nnen das Plan jederzeit \u00e4ndern oder zur\u00fccktreten. Der Preis geschenkt f\u00fcr fr\u00fcheren Abonnement wird zu einem neuen Plan erneut berechnet. \n<\/div>\r\n\t\t\t\t\t<\/div>\r\n\t\t\t\t<\/div>\n\n<div class=\"faq-item\">\r\n\t\t\t\t\t<div class=\"faq-item-question\">\r\n\t\t\t\t\t\t<h3 class=\"faq-item-question-text\">Was ist die Beschr\u00e4nkung der Veranstaltungskalender Plugin-Views?<\/h3>\r\n\r\n\t\t\t\t\t\t<div class=\"faq-item-question-icon\"><\/div>\r\n\t\t\t\t\t<\/div>\r\n\r\n\t\t\t\t\t<div class=\"faq-item-answer\">\r\n\t\t\t\t\t\t<div class=\"faq-item-answer-text\">\n\nDie Anzahl der Ansichten bedeutet die Vielzahl der Widget-Laden auf Ihrer Seite. Dies h\u00e4ngt von der Anzahl der Einzelbesucher auf der Webseite mit den Widgets nicht. \nDie Anzahl der Ansichten betr\u00e4gt pro Monat und wird jeden Monat verl\u00e4ngt und liegt an Ihrem Plan. \n<\/div>\r\n\t\t\t\t\t<\/div>\r\n\t\t\t\t<\/div>\n\n<div class=\"faq-item\">\r\n\t\t\t\t\t<div class=\"faq-item-question\">\r\n\t\t\t\t\t\t<h3 class=\"faq-item-question-text\">Auf wie viele Seiten kann man das Plugin installieren?<\/h3>\r\n\r\n\t\t\t\t\t\t<div class=\"faq-item-question-icon\"><\/div>\r\n\t\t\t\t\t<\/div>\r\n\r\n\t\t\t\t\t<div class=\"faq-item-answer\">\r\n\t\t\t\t\t\t<div class=\"faq-item-answer-text\">\n\nWenn Sie einen kostenlosen Plan haben, k\u00f6nnen Sie das App nur auf einer Seite einbetten. \nIn den gezahlten Pl\u00e4nen gibt es keine solche Begrenzung &#8211; Sie k\u00f6nnen so viele Plugins f\u00fcr Ihre Website installieren wie Sie brauchen. \n<\/div>\r\n\t\t\t\t\t<\/div>\r\n\t\t\t\t<\/div>\n\n<div class=\"faq-item\">\r\n\t\t\t\t\t<div class=\"faq-item-question\">\r\n\t\t\t\t\t\t<h3 class=\"faq-item-question-text\">Ist es m\u00f6glich eine kostenlose Installationshilfe von Ihrem Support-Team erhalten?<\/h3>\r\n\r\n\t\t\t\t\t\t<div class=\"faq-item-question-icon\"><\/div>\r\n\t\t\t\t\t<\/div>\r\n\r\n\t\t\t\t\t<div class=\"faq-item-answer\">\r\n\t\t\t\t\t\t<div class=\"faq-item-answer-text\">\n\nJa, Elfsight bietet Kunden kostenlose Hilfe bei der Anpassung und Installation des Plugins. Elfsight Benutzer k\u00f6nnen Elfsight hochqualifiziertes Support-Team erreichen. \n<\/div>\r\n\t\t\t\t\t<\/div>\r\n\t\t\t\t<\/div>\n<\/div>\n","protected":false},"excerpt":{"rendered":"","protected":false},"author":11,"featured_media":0,"parent":1011,"menu_order":0,"comment_status":"closed","ping_status":"closed","template":"templates\/template-application-pricing.php","meta":{"publish_to_discourse":"","publish_post_category":"","wpdc_auto_publish_overridden":"","wpdc_topic_tags":"","wpdc_pin_topic":"","wpdc_pin_until":"","discourse_post_id":"","discourse_permalink":"","wpdc_publishing_response":"","wpdc_publishing_error":"","footnotes":""},"class_list":["post-1028","page","type-page","status-publish","hentry"],"yoast_head":"<!-- This site is optimized with the Yoast SEO plugin v25.3.1 - https:\/\/yoast.com\/wordpress\/plugins\/seo\/ -->\n<title>Veranstaltungskalender f\u00fcr die Website - Preise (kostenlose und Premium)<\/title>\n<meta name=\"description\" content=\"Erstellen Sie Ihr Veranstaltungskalender-Widget f\u00fcr die Website zum niedrigsten Preis! Die Tarife f\u00fcr das Kalender-Widget reichen von kostenlos bis Premium.\" \/>\n<meta name=\"robots\" content=\"index, follow, max-snippet:-1, max-image-preview:large, max-video-preview:-1\" \/>\n<link rel=\"canonical\" href=\"https:\/\/elfsight.com\/de\/event-calendar-widget\/pricing\/\" \/>\n<meta property=\"og:locale\" content=\"de_DE\" \/>\n<meta property=\"og:type\" content=\"article\" \/>\n<meta property=\"og:title\" content=\"Veranstaltungskalender f\u00fcr die Website - Preise (kostenlose und Premium)\" \/>\n<meta property=\"og:description\" content=\"Erstellen Sie Ihr Veranstaltungskalender-Widget f\u00fcr die Website zum niedrigsten Preis! Die Tarife f\u00fcr das Kalender-Widget reichen von kostenlos bis Premium.\" \/>\n<meta property=\"og:url\" content=\"https:\/\/elfsight.com\/de\/event-calendar-widget\/pricing\/\" \/>\n<meta property=\"og:site_name\" content=\"Elfsight DE\" \/>\n<meta property=\"article:modified_time\" content=\"2022-03-21T09:35:50+00:00\" \/>\n<meta name=\"twitter:card\" content=\"summary_large_image\" \/>\n<meta name=\"twitter:label1\" content=\"Gesch\u00e4tzte Lesezeit\" \/>\n\t<meta name=\"twitter:data1\" content=\"2\u00a0Minuten\" \/>\n<!-- \/ Yoast SEO plugin. -->","yoast_head_json":{"title":"Veranstaltungskalender f\u00fcr die Website - Preise (kostenlose und Premium)","description":"Erstellen Sie Ihr Veranstaltungskalender-Widget f\u00fcr die Website zum niedrigsten Preis! Die Tarife f\u00fcr das Kalender-Widget reichen von kostenlos bis Premium.","robots":{"index":"index","follow":"follow","max-snippet":"max-snippet:-1","max-image-preview":"max-image-preview:large","max-video-preview":"max-video-preview:-1"},"canonical":"https:\/\/elfsight.com\/de\/event-calendar-widget\/pricing\/","og_locale":"de_DE","og_type":"article","og_title":"Veranstaltungskalender f\u00fcr die Website - Preise (kostenlose und Premium)","og_description":"Erstellen Sie Ihr Veranstaltungskalender-Widget f\u00fcr die Website zum niedrigsten Preis! Die Tarife f\u00fcr das Kalender-Widget reichen von kostenlos bis Premium.","og_url":"https:\/\/elfsight.com\/de\/event-calendar-widget\/pricing\/","og_site_name":"Elfsight DE","article_modified_time":"2022-03-21T09:35:50+00:00","twitter_card":"summary_large_image","twitter_misc":{"Gesch\u00e4tzte Lesezeit":"2\u00a0Minuten"},"schema":{"@context":"https:\/\/schema.org","@graph":[{"@type":"WebPage","@id":"https:\/\/elfsight.com\/de\/event-calendar-widget\/pricing\/","url":"https:\/\/elfsight.com\/de\/event-calendar-widget\/pricing\/","name":"Veranstaltungskalender f\u00fcr die Website - Preise (kostenlose und Premium)","isPartOf":{"@id":"https:\/\/elfsight.com\/de\/#website"},"datePublished":"2020-06-09T09:59:39+00:00","dateModified":"2022-03-21T09:35:50+00:00","description":"Erstellen Sie Ihr Veranstaltungskalender-Widget f\u00fcr die Website zum niedrigsten Preis! Die Tarife f\u00fcr das Kalender-Widget reichen von kostenlos bis Premium.","breadcrumb":{"@id":"https:\/\/elfsight.com\/de\/event-calendar-widget\/pricing\/#breadcrumb"},"inLanguage":"de","potentialAction":[{"@type":"ReadAction","target":["https:\/\/elfsight.com\/de\/event-calendar-widget\/pricing\/"]}]},{"@type":"BreadcrumbList","@id":"https:\/\/elfsight.com\/de\/event-calendar-widget\/pricing\/#breadcrumb","itemListElement":[{"@type":"ListItem","position":1,"name":"Home","item":"https:\/\/elfsight.com\/de\/"},{"@type":"ListItem","position":2,"name":"Event Calendar","item":"https:\/\/elfsight.com\/de\/event-calendar-widget\/"},{"@type":"ListItem","position":3,"name":"Event Calendar &#8211; Pricing"}]},{"@type":"WebSite","@id":"https:\/\/elfsight.com\/de\/#website","url":"https:\/\/elfsight.com\/de\/","name":"Elfsight DE","description":"Just another Elfsight Sites site","potentialAction":[{"@type":"SearchAction","target":{"@type":"EntryPoint","urlTemplate":"https:\/\/elfsight.com\/de\/?s={search_term_string}"},"query-input":{"@type":"PropertyValueSpecification","valueRequired":true,"valueName":"search_term_string"}}],"inLanguage":"de"}]}},"meta_box":{"industry":"","seo_heading":"","heading":"","description":"","cta_heading":"","cta_description":"","application":"500","h1":"Die Preise f\u00fcr Veranstaltungskalender Plugin","h1_caption":"Geld-zur\u00fcck-Garantie: 14 Tage testen ohne Risiko","application_category":[],"applications_title":"","applications_request_title":"","applications_request_button_text":"","hero_text":"","hero_video":"","hero_video_schema_markup":"","selling_points_title":"","selling_points_caption":"","selling_points":[],"selling_points_cta_text":"","features_title":"","features":"","ed_cta_examples_text":"","ed_cta_examples_hidden":"","ed_cta_demo_text":"","ed_cta_demo_hidden":"","why_caption":"","why_editor_title":"","why_editor_text":"","why_team_title":"","why_team_text":"","why_service_title":"","why_service_text":"","template_catalog_visible":"","template_catalog_title":"","template_catalog_text":"","template_catalog_categories_visible":"","demo_title":"","demo_caption":"","default_faq_hidden":"1","app_template_category":[],"platform":"","template_public_id":"","codecanyon_url":"","codecanyon_item_id":"","codecanyon_price":"","pricing_caption":"","pricing_elfsight_apps_hide_column":"","pricing_elfsight_apps_url":"","pricing_codecanyon_price_caption":"","integration_category":[],"integration_request_title":"","integration_request_cta":"","integration_platform":"","integrations":[],"platform_category":[],"video_schema_markup":"","price":"","trial":"","benefits":[],"button_url":"","button_target_blank":"","button_nofollow":"","attributes":[],"tags":[],"tags_disable_links":"","hide_more_platforms":"","video_object":"","demo_hide_cta":"","demo_hide_cloud_options":"","pricing_title":"","pricing":[],"related_apps_title":"","related_apps_hidden":"","author":"","image":[],"title":"","job":"","social_networks":[]},"_links":{"self":[{"href":"https:\/\/elfsight.com\/de\/wp-json\/wp\/v2\/pages\/1028","targetHints":{"allow":["GET"]}}],"collection":[{"href":"https:\/\/elfsight.com\/de\/wp-json\/wp\/v2\/pages"}],"about":[{"href":"https:\/\/elfsight.com\/de\/wp-json\/wp\/v2\/types\/page"}],"author":[{"embeddable":true,"href":"https:\/\/elfsight.com\/de\/wp-json\/wp\/v2\/users\/11"}],"replies":[{"embeddable":true,"href":"https:\/\/elfsight.com\/de\/wp-json\/wp\/v2\/comments?post=1028"}],"version-history":[{"count":6,"href":"https:\/\/elfsight.com\/de\/wp-json\/wp\/v2\/pages\/1028\/revisions"}],"predecessor-version":[{"id":6999,"href":"https:\/\/elfsight.com\/de\/wp-json\/wp\/v2\/pages\/1028\/revisions\/6999"}],"up":[{"embeddable":true,"href":"https:\/\/elfsight.com\/de\/wp-json\/wp\/v2\/pages\/1011"}],"wp:attachment":[{"href":"https:\/\/elfsight.com\/de\/wp-json\/wp\/v2\/media?parent=1028"}],"curies":[{"name":"wp","href":"https:\/\/api.w.org\/{rel}","templated":true}]}}