{"id":10273,"date":"1970-01-01T00:00:00","date_gmt":"1970-01-01T00:00:00","guid":{"rendered":"https:\/\/elfsight.com\/de\/?page_id=10273"},"modified":"2026-01-21T10:07:10","modified_gmt":"2026-01-21T10:07:10","slug":"shopify","status":"publish","type":"page","link":"https:\/\/elfsight.com\/de\/social-media-icons-widget\/shopify\/","title":{"rendered":"Social Media Icons &#8211; Shopify"},"content":{"rendered":"\n<div class=\"application-platform-content-item-description application-platform-content-item\" id=\"description\" data-nav-section=\"description\"><h2>Etten Sie Social Media Icons auf Shopify mit dem Elfsight-Widget ein<\/h2><p>Praktische und vorteilhafte Social Icons von Elfsight, mit denen Sie Ihre Website verkn\u00fcpfen k\u00f6nnen irgendwelche sozialen Netzwerke. Unterst\u00fctzen Sie weiterhin die Bindung zu Ihren Benutzern und machen Sie sie zu Ihren Followern. Eine responsive Vorlage, vollst\u00e4ndige Anpassung von Farbschema und Design mit eingebetteten Symbolen aller wichtigen sozialen Medien.<\/p><p><b>Erh\u00f6hen Sie die Pr\u00e4senz Ihres Unternehmens in sozialen Netzwerken.<\/b><\/p><ul> <li><b>Eine weitere M\u00f6glichkeit, mit Kunden in Kontakt zu treten<\/b>.<br>Soziale Medien k\u00f6nnen als zus\u00e4tzliche M\u00f6glichkeit dienen, mit Kunden in Kontakt zu bleiben und die Chance zu bieten, Ihre Beziehungen zu verbessern.<\/li><li> <b>Maximale Besucherzahl f\u00fcr Ihre sozialen Netzwerke<\/b>.<br>Geben Sie Website-Kunden eine M\u00f6glichkeit, Ihr Social-Media-Konto zu erreichen und sich \u00fcber mehr Besucher in sozialen Netzwerken zu freuen.<\/li><li><b>A Leistungsstarker sozialer Beweis<\/b>.<br>Steigern Sie das Vertrauen der Besucher Ihrer Website in Ihr Unternehmen mit Profilen in den beliebtesten sozialen Medien.<\/li><\/ul><\/div><div class=\"application-platform-content-item-features application-platform-content-item\" id=\"features\" data-nav-section=\"features\"><h2>Hauptfunktionen des Social-Media-Icons-Widgets<\/h2><p>Die wichtigsten Merkmale, die unsere Icons zur besten Shopify-Social-App machen.<\/p><ul><li>Unbegrenzt viele Symbole hinzuf\u00fcgen;<\/li><li>5 Optionen f\u00fcr die Symbolgr\u00f6\u00dfe;<\/li><li>3 Varianten der Symbole ausrichten: links, rechts, zentriert;<\/li><li>Symbole und Hintergrund \u00e4ndern ihre Farbe, wenn Sie mit der Maus dar\u00fcber fahren;<\/li><li>6 eingebettete Symbolstile.<\/li><\/ul><p><a href=\"#demo\">Studieren Sie die wichtigsten Funktionen in der Elfsight-Demo <\/a><\/p><\/div><div class=\"application-platform-content-item-installation application-platform-content-item\" id=\"installation\" data-nav-section=\"installation\"><h2>So f\u00fcgen Sie Social-Media-Symbole zu Shopify hinzu<\/h2><div class=\"video-container\">\n    <iframe allowfullscreen=\"\" frameborder=\"0\" height=\"405\" src=\"https:\/\/www.youtube.com\/embed\/-MjrqXe9iag?si=ZJJS8sBvFyl7JKB_\" width=\"720\"><\/iframe>\n  <\/div><p>Ein einfacher Plan ohne Programmierkenntnisse Icons auf einer Website zu integrieren. Die durchschnittliche Einstellungsdauer betr\u00e4gt etwa 2 Minuten.<\/p><ol><li><b>F\u00fchren Sie unsere kostenlose Demo durch und beginnen Sie mit der Erstellung Ihrer personalisierten App. <\/b><br> Bestimmen Sie die gew\u00fcnschte Benutzeroberfl\u00e4che und Aspekte der App und speichern Sie alle \u00c4nderungen. <\/li> <li><b>Kopieren Sie den einzelnen Code, der im Feld auf Elfsight Apps angezeigt wird. <\/b><br> Nachdem die Einrichtung Ihrer pers\u00f6nlichen App abgeschlossen ist, kopieren Sie den pers\u00f6nlichen Code im erscheinenden Fenster und bewahren Sie ihn f\u00fcr einen sp\u00e4teren Bedarf auf. <\/li> <li><b>Beginnen Sie mit der Nutzung der App auf der Shopify-Webseite. <\/b><br> F\u00fcgen Sie den Code, den Sie k\u00fcrzlich kopiert haben, in Ihre Webseite ein und speichern Sie die \u00c4nderungen. <\/li> <li><b>Du bist fertig! Die Einbettung wurde erfolgreich beendet. <\/b><br> \u00d6ffnen Sie Ihre Website, um einen Blick auf die Funktionsweise der App zu werfen. <\/li><\/ol><p>Sie haben es nicht geschafft, die Symbole auf einer Website zu entwerfen oder anzuzeigen? Lesen Sie unser umfassendes Tutorial <a href=\"https:\/\/elfsight.com\/tutorials\/how-to-add-social-media-icons-to-shopify\/\" target=\"_blank\" rel=\"noopener noreferrer\">Wie man Symbole auf Shopify platziert<\/a> oder kontaktieren Sie unser Hilfecenter.<\/p><\/div><div class=\"faq\" data-component=\"FAQ\"><div class=\"faq-item\">\r\n\t\t\t\t\t<div class=\"faq-item-question\">\r\n\t\t\t\t\t\t<h3 class=\"faq-item-question-text\">Wie kann ich Social-Media-Icons zu meinem Shopify hinzuf\u00fcgen, ohne programmieren zu m\u00fcssen?<\/h3>\r\n\r\n\t\t\t\t\t\t<div class=\"faq-item-question-icon\"><\/div>\r\n\t\t\t\t\t<\/div>\r\n\r\n\t\t\t\t\t<div class=\"faq-item-answer\">\r\n\t\t\t\t\t\t<div class=\"faq-item-answer-text\"> Um ein Social-Media-Icons-Widget zu erstellen, das auf Ihrer Shopify-Website angezeigt werden soll, folgen Sie diesen Schritten:<\/li><li>W\u00e4hlen Sie eine der vorgefertigten Vorlagen und optimieren Sie die Social-Media-Icons-Einstellungen, \u00e4ndern Sie das Layout und die Farbe der Elemente und aktualisieren Sie Ihre Inhalte ohne Codierung.<\/li><li>Klicken Sie hier, um die Social-Media-Symbole zu speichern und einen Installationscode zu erhalten, der einfach kostenlos in die Shopify-Homepage eingef\u00fcgt werden kann.<\/li><\/ul><p>Mit dem Mithilfe des unkomplizierten Editors kann jeder Webbenutzer das Social-Media-Icons-Plugin online erstellen und in jede Shopify-Homepage einbetten. Sie m\u00fcssen kein kostenpflichtiges Abonnement abschlie\u00dfen oder Ihre Kartendaten angeben, um an unserem Service teilzunehmen. Wenn Sie auf Probleme jeglicher Art sto\u00dfen, wenden Sie sich bitte an unseren technischen Support.<\/p><\/div>\r\n\t\t\t\t\t<\/div>\r\n\t\t\t\t<\/div><\/div>\n","protected":false},"excerpt":{"rendered":"","protected":false},"author":9,"featured_media":0,"parent":2084,"menu_order":0,"comment_status":"closed","ping_status":"closed","template":"templates\/template-application-platform.php","meta":{"publish_to_discourse":"","publish_post_category":"","wpdc_auto_publish_overridden":"","wpdc_topic_tags":"","wpdc_pin_topic":"","wpdc_pin_until":"","discourse_post_id":"","discourse_permalink":"","wpdc_publishing_response":"","wpdc_publishing_error":"","footnotes":""},"class_list":["post-10273","page","type-page","status-publish","hentry"],"yoast_head":"<!-- This site is optimized with the Yoast SEO plugin v25.3.1 - https:\/\/yoast.com\/wordpress\/plugins\/seo\/ -->\n<title>Shopify Social Media Icons-App f\u00fcr Ihren Shop ( 2025 )<\/title>\n<meta name=\"description\" content=\"Testen Sie unsere Social Media Icons f\u00fcr Shopify-Website v\u00f6llig kostenlos. Erstellen Sie in nur wenigen Minuten benutzerdefinierte Symbole f\u00fcr Ihre Website!\" \/>\n<meta name=\"robots\" content=\"index, follow, max-snippet:-1, max-image-preview:large, max-video-preview:-1\" \/>\n<link rel=\"canonical\" href=\"https:\/\/elfsight.com\/de\/social-media-icons-widget\/shopify\/\" \/>\n<meta property=\"og:locale\" content=\"de_DE\" \/>\n<meta property=\"og:type\" content=\"article\" \/>\n<meta property=\"og:title\" content=\"Shopify Social Media Icons-App f\u00fcr Ihren Shop ( 2025 )\" \/>\n<meta property=\"og:description\" content=\"Testen Sie unsere Social Media Icons f\u00fcr Shopify-Website v\u00f6llig kostenlos. Erstellen Sie in nur wenigen Minuten benutzerdefinierte Symbole f\u00fcr Ihre Website!\" \/>\n<meta property=\"og:url\" content=\"https:\/\/elfsight.com\/de\/social-media-icons-widget\/shopify\/\" \/>\n<meta property=\"og:site_name\" content=\"Elfsight DE\" \/>\n<meta property=\"article:modified_time\" content=\"2026-01-21T10:07:10+00:00\" \/>\n<meta name=\"twitter:card\" content=\"summary_large_image\" \/>\n<meta name=\"twitter:label1\" content=\"Gesch\u00e4tzte Lesezeit\" \/>\n\t<meta name=\"twitter:data1\" content=\"3\u00a0Minuten\" \/>\n<!-- \/ Yoast SEO plugin. -->","yoast_head_json":{"title":"Shopify Social Media Icons-App f\u00fcr Ihren Shop ( 2025 )","description":"Testen Sie unsere Social Media Icons f\u00fcr Shopify-Website v\u00f6llig kostenlos. Erstellen Sie in nur wenigen Minuten benutzerdefinierte Symbole f\u00fcr Ihre Website!","robots":{"index":"index","follow":"follow","max-snippet":"max-snippet:-1","max-image-preview":"max-image-preview:large","max-video-preview":"max-video-preview:-1"},"canonical":"https:\/\/elfsight.com\/de\/social-media-icons-widget\/shopify\/","og_locale":"de_DE","og_type":"article","og_title":"Shopify Social Media Icons-App f\u00fcr Ihren Shop ( 2025 )","og_description":"Testen Sie unsere Social Media Icons f\u00fcr Shopify-Website v\u00f6llig kostenlos. Erstellen Sie in nur wenigen Minuten benutzerdefinierte Symbole f\u00fcr Ihre Website!","og_url":"https:\/\/elfsight.com\/de\/social-media-icons-widget\/shopify\/","og_site_name":"Elfsight DE","article_modified_time":"2026-01-21T10:07:10+00:00","twitter_card":"summary_large_image","twitter_misc":{"Gesch\u00e4tzte Lesezeit":"3\u00a0Minuten"},"schema":{"@context":"https:\/\/schema.org","@graph":[{"@type":"WebPage","@id":"https:\/\/elfsight.com\/de\/social-media-icons-widget\/shopify\/","url":"https:\/\/elfsight.com\/de\/social-media-icons-widget\/shopify\/","name":"Shopify Social Media Icons-App f\u00fcr Ihren Shop ( 2025 )","isPartOf":{"@id":"https:\/\/elfsight.com\/de\/#website"},"datePublished":"1970-01-01T00:00:00+00:00","dateModified":"2026-01-21T10:07:10+00:00","description":"Testen Sie unsere Social Media Icons f\u00fcr Shopify-Website v\u00f6llig kostenlos. Erstellen Sie in nur wenigen Minuten benutzerdefinierte Symbole f\u00fcr Ihre Website!","breadcrumb":{"@id":"https:\/\/elfsight.com\/de\/social-media-icons-widget\/shopify\/#breadcrumb"},"inLanguage":"de","potentialAction":[{"@type":"ReadAction","target":["https:\/\/elfsight.com\/de\/social-media-icons-widget\/shopify\/"]}]},{"@type":"BreadcrumbList","@id":"https:\/\/elfsight.com\/de\/social-media-icons-widget\/shopify\/#breadcrumb","itemListElement":[{"@type":"ListItem","position":1,"name":"Home","item":"https:\/\/elfsight.com\/de\/"},{"@type":"ListItem","position":2,"name":"Social Media Icons","item":"https:\/\/elfsight.com\/de\/social-media-icons-widget\/"},{"@type":"ListItem","position":3,"name":"Social Media Icons &#8211; Shopify"}]},{"@type":"WebSite","@id":"https:\/\/elfsight.com\/de\/#website","url":"https:\/\/elfsight.com\/de\/","name":"Elfsight DE","description":"Just another Elfsight Sites site","potentialAction":[{"@type":"SearchAction","target":{"@type":"EntryPoint","urlTemplate":"https:\/\/elfsight.com\/de\/?s={search_term_string}"},"query-input":{"@type":"PropertyValueSpecification","valueRequired":true,"valueName":"search_term_string"}}],"inLanguage":"de"}]}},"meta_box":{"industry":"","seo_heading":"","heading":"","description":"","cta_heading":"","cta_description":"","application":"466","h1":"Social-Media-Symbole f\u00fcr Shopify","h1_caption":"F\u00fcgen Sie Symbole hinzu, die auf Ihre Social-Media-Profile verweisen, damit Besucher m\u00fchelos plattform\u00fcbergreifend auf Ihrer Shopify-Website mit Ihnen in Kontakt treten k\u00f6nnen.","application_category":[],"applications_title":"","applications_request_title":"","applications_request_button_text":"","hero_text":"","hero_video":"","hero_video_schema_markup":"","selling_points_title":"","selling_points_caption":"","selling_points":[],"selling_points_cta_text":"","features_title":"","features":"","ed_cta_examples_text":"","ed_cta_examples_hidden":"","ed_cta_demo_text":"","ed_cta_demo_hidden":"","why_caption":"","why_editor_title":"","why_editor_text":"","why_team_title":"","why_team_text":"","why_service_title":"","why_service_text":"","template_catalog_visible":"0","template_catalog_title":"","template_catalog_text":"","template_catalog_categories_visible":"","demo_title":"Erstellen Sie Ihre Social Media Icons-App","demo_caption":"Konfigurieren Sie Ihre Social-Media-Symbole und f\u00fcgen Sie sie kostenlos zu Ihrer Shopify-Website hinzu!","default_faq_hidden":"","app_template_category":[],"platform":"253","template_public_id":"","codecanyon_url":"","codecanyon_item_id":"","codecanyon_price":"","pricing_caption":"","pricing_elfsight_apps_hide_column":"","pricing_elfsight_apps_url":"","pricing_codecanyon_price_caption":"","integration_category":[],"integration_request_title":"","integration_request_cta":"","integration_platform":"","integrations":[],"platform_category":[],"video_schema_markup":"","price":"ab 0 $ \/ Monat","trial":"","benefits":[{"text":"Kostenloser Installationsservice"},{"text":"Premium-Support"},{"text":"14-t\u00e4gige Geld-zur\u00fcck-Garantie"},{"text":"Kontinuierliche kostenlose Updates"}],"button_url":"#demo","button_target_blank":"0","button_nofollow":"0","attributes":[{"name":"Installiert","content":"10,000 - 100,000"},{"name":"Reaktionsfreudig","content":"Ja"},{"name":"Kompatible Browser","content":"Firefox, Safari, Opera, Chrome, Edge"}],"tags":[],"tags_disable_links":"0","hide_more_platforms":"0","video_object":"","demo_hide_cta":"0","demo_hide_cloud_options":"0","pricing_title":"","pricing":[{"pricing_icon":"platform","pricing_title":"Elfsight Apps","pricing_title_caption":"Plattform\u00fcbergreifende Version, die auf jeder Website funktioniert","pricing_price":"ab 0 $ \/ Monat","pricing_price_caption":"Beginnen Sie mit einem kostenlosen Plan","pricing_benefits":[{"text":"Unbegrenzte Websites"},{"text":"Premium-Support"},{"text":"Kostenloser Installationsservice"},{"text":"Sonderangebot f\u00fcr mehrere Apps"}],"pricing_button_text":"Zur Website hinzuf\u00fcgen","pricing_button_url":"#demo"}],"related_apps_title":"","related_apps_hidden":"0","author":"","image":[],"title":"","job":"","social_networks":[]},"_links":{"self":[{"href":"https:\/\/elfsight.com\/de\/wp-json\/wp\/v2\/pages\/10273","targetHints":{"allow":["GET"]}}],"collection":[{"href":"https:\/\/elfsight.com\/de\/wp-json\/wp\/v2\/pages"}],"about":[{"href":"https:\/\/elfsight.com\/de\/wp-json\/wp\/v2\/types\/page"}],"author":[{"embeddable":true,"href":"https:\/\/elfsight.com\/de\/wp-json\/wp\/v2\/users\/9"}],"replies":[{"embeddable":true,"href":"https:\/\/elfsight.com\/de\/wp-json\/wp\/v2\/comments?post=10273"}],"version-history":[{"count":4,"href":"https:\/\/elfsight.com\/de\/wp-json\/wp\/v2\/pages\/10273\/revisions"}],"predecessor-version":[{"id":25611,"href":"https:\/\/elfsight.com\/de\/wp-json\/wp\/v2\/pages\/10273\/revisions\/25611"}],"up":[{"embeddable":true,"href":"https:\/\/elfsight.com\/de\/wp-json\/wp\/v2\/pages\/2084"}],"wp:attachment":[{"href":"https:\/\/elfsight.com\/de\/wp-json\/wp\/v2\/media?parent=10273"}],"curies":[{"name":"wp","href":"https:\/\/api.w.org\/{rel}","templated":true}]}}