{"id":10268,"date":"1970-01-01T00:00:00","date_gmt":"1970-01-01T00:00:00","guid":{"rendered":"https:\/\/elfsight.com\/de\/?page_id=10268"},"modified":"2025-02-13T09:16:04","modified_gmt":"2025-02-13T09:16:04","slug":"webflow","status":"publish","type":"page","link":"https:\/\/elfsight.com\/de\/social-media-icons-widget\/webflow\/","title":{"rendered":"Social Media Icons &#8211; Webflow"},"content":{"rendered":"\n<div class=\"application-platform-content-item-description application-platform-content-item\" id=\"description\" data-nav-section=\"description\">\n<h2>Social Media-Icons in Webflow mit dem Elfsight-Widget einbetten<\/h2>\n<p>Die einfachen und effektiven Social Icons von Elfsight sind da, um Ihre Website mit sozialen Medien zu verbinden. Bleiben Sie mit Ihren Kunden in Kontakt, auch nachdem sie Ihre Website verlassen haben, indem Sie Social Buttons nutzen. Responsives Layout, anpassbare Farbschemata und Stile, sofort einsatzbereite Icons von den beliebtesten sozialen Netzwerken und viele weitere Optionen in unserem Social Icons-Widget.<\/p>\n<p><b>Steigern Sie Ihre Pr\u00e4senz in den sozialen Medien.<\/b><\/p>\n<ul>\n<li><b>St\u00e4rkerer sozialer Beweis und h\u00f6here Popularit\u00e4t Ihrer Konten<\/b>.<br>Verbessern Sie Ihr Markenimage, indem Sie es in den sozialen Medien f\u00f6rdern und sozialen Beweis sowie Popularit\u00e4t steigern.<\/li>\n<li><b>Mehr Follower durch aktive Beteiligung an sozialen Medien<\/b>.<br>Zeigen Sie Ihre aktive Pr\u00e4senz in den sozialen Medien und wecken Sie das Interesse an Ihrem Unternehmen, um mehr Follower zu gewinnen.<\/li>\n<li><b>Bessere Kundenkommunikation mit schnellen Kontaktm\u00f6glichkeiten<\/b>.<br>Zeigen Sie Ihren aktuellen und zuk\u00fcnftigen Kunden mehr M\u00f6glichkeiten, Sie zu erreichen, und verbessern Sie die Kommunikation mit ihnen.<\/li>\n<\/ul>\n<\/div>\n<div class=\"application-platform-content-item-features application-platform-content-item\" id=\"features\" data-nav-section=\"features\">\n<h2>Hauptfunktionen des Social Media Icons-Widgets<\/h2>\n<p>Die Hauptvorteile unserer Icons, die sie zu den besten Webflow-Icons machen:<\/p>\n<ul>\n<li>\u00dcber 50 vordefinierte soziale Plattformen;<\/li>\n<li>5 Icon-Gr\u00f6\u00dfenoptionen;<\/li>\n<li>3 Positionsvarianten;<\/li>\n<li>5 Animationstypen;<\/li>\n<li>3 Farbschemata f\u00fcr Icons, Hintergrund und Hover-Effekt;<\/li>\n<li>5 Arten von Hover-Effekten.<\/li>\n<\/ul>\n<p><a href=\"#demo\">Entdecken Sie die vollst\u00e4ndige Liste selbst<\/a><\/p>\n<\/div>\n<div class=\"application-platform-content-item-installation application-platform-content-item\" id=\"installation\" data-nav-section=\"installation\">\n<h2>Wie man Social Media-Icons auf einer Webflow-Website hinzuf\u00fcgt<\/h2>\n<div class=\"video-container\">\n<iframe width=\"720\" height=\"405\" src=\"https:\/\/www.youtube.com\/embed\/Rv_tsMMkF8I\" frameborder=\"0\" allowfullscreen=\"\"><\/iframe>\n<\/div>\n<p>Eine schnelle Anleitung zum Hinzuf\u00fcgen von Icons auf eine Website ohne spezielle Programmierkenntnisse. Die gesamte Installationszeit betr\u00e4gt nicht mehr als drei Minuten.<\/p>\n<ol>\n<li><b>Gestalten Sie Ihre benutzerdefinierten Social Icons<\/b>.<br>Verwenden Sie unseren kostenlosen Editor, um ein Widget mit dem gew\u00fcnschten Look und den n\u00f6tigen Funktionen zu erstellen.<\/li>\n<li><b>Kopieren Sie den Code zur Integration des Widgets<\/b>.<br>Nach der Erstellung des Widgets erhalten Sie den Code f\u00fcr das Icons-Widget \u00fcber die Popup-Benachrichtigung in Elfsight Apps.<\/li>\n<li><b>Zeigen Sie das Widget auf Ihrer Webflow-Website an<\/b>.<br>Platzieren Sie das Widget an der gew\u00fcnschten Stelle der Seite und wenden Sie die \u00c4nderungen an.<\/li>\n<li><b>Fertig!<\/b><br>Besuchen Sie Ihre Website, um Ihre Icons zu \u00fcberpr\u00fcfen.<\/li>\n<\/ol>\n<p>Die Icons konnten nicht installiert oder angepasst werden? Sehen Sie sich unseren vollst\u00e4ndigen Leitfaden \u00ab<a href=\"https:\/\/elfsight.com\/tutorials\/how-to-add-social-media-icons-to-webflow\/\" target=\"_blank\" rel=\"noopener noreferrer\">Wie man Social Media-Icons zu einer Webflow-Website hinzuf\u00fcgt<\/a>\u00bb an oder wenden Sie sich an unser Help Center.<\/p>\n<\/div>\n<div class=\"faq\" data-component=\"FAQ\">\n<div class=\"faq-item\">\r\n\t\t\t\t\t<div class=\"faq-item-question\">\r\n\t\t\t\t\t\t<h3 class=\"faq-item-question-text\">Wie kann ich Social Media-Icons ohne Programmierung zu meiner Webflow-Website hinzuf\u00fcgen?<\/h3>\r\n\r\n\t\t\t\t\t\t<div class=\"faq-item-question-icon\"><\/div>\r\n\t\t\t\t\t<\/div>\r\n\r\n\t\t\t\t\t<div class=\"faq-item-answer\">\r\n\t\t\t\t\t\t<div class=\"faq-item-answer-text\">\n\n<p>Das Unternehmen Elfsight bietet eine Cloud-L\u00f6sung, mit der Sie selbst einen Abschnitt f\u00fcr Social Media-Icons erstellen k\u00f6nnen. Befolgen Sie die unkomplizierten Schritte:<\/p>\n<ul>\n<li>Starten Sie mit der Live-Demo, um das Social Media Icons-Plugin zu erstellen, das Sie auf Ihrer Webflow-Website sehen m\u00f6chten.<\/li>\n<li>W\u00e4hlen Sie eine der vorgefertigten Vorlagen aus und passen Sie die Einstellungen f\u00fcr die Social Media Icons an, \u00e4ndern Sie das Layout und die Farben, und f\u00fcgen Sie Ihre Inhalte ohne Programmierung hinzu.<\/li>\n<li>Klicken Sie, um die vorgenommenen Einstellungen f\u00fcr die Social Media Icons zu speichern, und kopieren Sie den Installationscode des Widgets, den Sie einfach in Ihre Webflow-Website einf\u00fcgen k\u00f6nnen \u2013 kostenlos.<\/li>\n<\/ul>\n<p>Mit dem benutzerfreundlichen Konfigurator kann jeder Internetnutzer Social Media Icons online erstellen und problemlos in jede Webflow-Homepage einf\u00fcgen. Es ist keine kostenpflichtige Anmeldung oder die Eingabe von Zahlungsdaten erforderlich, um auf den Editor zuzugreifen. Wenn Sie auf Probleme sto\u00dfen, k\u00f6nnen Sie sich jederzeit an unseren technischen Kundenservice wenden.<\/p>\n<\/div>\r\n\t\t\t\t\t<\/div>\r\n\t\t\t\t<\/div>\n<\/div>\n","protected":false},"excerpt":{"rendered":"","protected":false},"author":9,"featured_media":0,"parent":2084,"menu_order":0,"comment_status":"closed","ping_status":"closed","template":"templates\/template-application-platform.php","meta":{"publish_to_discourse":"","publish_post_category":"","wpdc_auto_publish_overridden":"","wpdc_topic_tags":"","wpdc_pin_topic":"","wpdc_pin_until":"","discourse_post_id":"","discourse_permalink":"","wpdc_publishing_response":"","wpdc_publishing_error":"","footnotes":""},"class_list":["post-10268","page","type-page","status-publish","hentry"],"yoast_head":"<!-- This site is optimized with the Yoast SEO plugin v25.3.1 - https:\/\/yoast.com\/wordpress\/plugins\/seo\/ -->\n<title>Social-Media-Symbole \u2013 F\u00fcgen Sie soziale Symbole zur Webflow-Website hinzu<\/title>\n<meta name=\"description\" content=\"Probieren Sie Elfsight Social Media Icons f\u00fcr Webflow jetzt aus. Erstellen Sie in nur zwei Minuten Ihre einzigartigen Symbole f\u00fcr Ihre Website!\" \/>\n<meta name=\"robots\" content=\"index, follow, max-snippet:-1, max-image-preview:large, max-video-preview:-1\" \/>\n<link rel=\"canonical\" href=\"https:\/\/elfsight.com\/de\/social-media-icons-widget\/webflow\/\" \/>\n<meta property=\"og:locale\" content=\"de_DE\" \/>\n<meta property=\"og:type\" content=\"article\" \/>\n<meta property=\"og:title\" content=\"Social-Media-Symbole \u2013 F\u00fcgen Sie soziale Symbole zur Webflow-Website hinzu\" \/>\n<meta property=\"og:description\" content=\"Probieren Sie Elfsight Social Media Icons f\u00fcr Webflow jetzt aus. Erstellen Sie in nur zwei Minuten Ihre einzigartigen Symbole f\u00fcr Ihre Website!\" \/>\n<meta property=\"og:url\" content=\"https:\/\/elfsight.com\/de\/social-media-icons-widget\/webflow\/\" \/>\n<meta property=\"og:site_name\" content=\"Elfsight DE\" \/>\n<meta property=\"article:modified_time\" content=\"2025-02-13T09:16:04+00:00\" \/>\n<meta name=\"twitter:card\" content=\"summary_large_image\" \/>\n<meta name=\"twitter:label1\" content=\"Gesch\u00e4tzte Lesezeit\" \/>\n\t<meta name=\"twitter:data1\" content=\"3\u00a0Minuten\" \/>\n<!-- \/ Yoast SEO plugin. -->","yoast_head_json":{"title":"Social-Media-Symbole \u2013 F\u00fcgen Sie soziale Symbole zur Webflow-Website hinzu","description":"Probieren Sie Elfsight Social Media Icons f\u00fcr Webflow jetzt aus. Erstellen Sie in nur zwei Minuten Ihre einzigartigen Symbole f\u00fcr Ihre Website!","robots":{"index":"index","follow":"follow","max-snippet":"max-snippet:-1","max-image-preview":"max-image-preview:large","max-video-preview":"max-video-preview:-1"},"canonical":"https:\/\/elfsight.com\/de\/social-media-icons-widget\/webflow\/","og_locale":"de_DE","og_type":"article","og_title":"Social-Media-Symbole \u2013 F\u00fcgen Sie soziale Symbole zur Webflow-Website hinzu","og_description":"Probieren Sie Elfsight Social Media Icons f\u00fcr Webflow jetzt aus. Erstellen Sie in nur zwei Minuten Ihre einzigartigen Symbole f\u00fcr Ihre Website!","og_url":"https:\/\/elfsight.com\/de\/social-media-icons-widget\/webflow\/","og_site_name":"Elfsight DE","article_modified_time":"2025-02-13T09:16:04+00:00","twitter_card":"summary_large_image","twitter_misc":{"Gesch\u00e4tzte Lesezeit":"3\u00a0Minuten"},"schema":{"@context":"https:\/\/schema.org","@graph":[{"@type":"WebPage","@id":"https:\/\/elfsight.com\/de\/social-media-icons-widget\/webflow\/","url":"https:\/\/elfsight.com\/de\/social-media-icons-widget\/webflow\/","name":"Social-Media-Symbole \u2013 F\u00fcgen Sie soziale Symbole zur Webflow-Website hinzu","isPartOf":{"@id":"https:\/\/elfsight.com\/de\/#website"},"datePublished":"1970-01-01T00:00:00+00:00","dateModified":"2025-02-13T09:16:04+00:00","description":"Probieren Sie Elfsight Social Media Icons f\u00fcr Webflow jetzt aus. Erstellen Sie in nur zwei Minuten Ihre einzigartigen Symbole f\u00fcr Ihre Website!","breadcrumb":{"@id":"https:\/\/elfsight.com\/de\/social-media-icons-widget\/webflow\/#breadcrumb"},"inLanguage":"de","potentialAction":[{"@type":"ReadAction","target":["https:\/\/elfsight.com\/de\/social-media-icons-widget\/webflow\/"]}]},{"@type":"BreadcrumbList","@id":"https:\/\/elfsight.com\/de\/social-media-icons-widget\/webflow\/#breadcrumb","itemListElement":[{"@type":"ListItem","position":1,"name":"Home","item":"https:\/\/elfsight.com\/de\/"},{"@type":"ListItem","position":2,"name":"Social Media Icons","item":"https:\/\/elfsight.com\/de\/social-media-icons-widget\/"},{"@type":"ListItem","position":3,"name":"Social Media Icons &#8211; Webflow"}]},{"@type":"WebSite","@id":"https:\/\/elfsight.com\/de\/#website","url":"https:\/\/elfsight.com\/de\/","name":"Elfsight DE","description":"Just another Elfsight Sites site","potentialAction":[{"@type":"SearchAction","target":{"@type":"EntryPoint","urlTemplate":"https:\/\/elfsight.com\/de\/?s={search_term_string}"},"query-input":{"@type":"PropertyValueSpecification","valueRequired":true,"valueName":"search_term_string"}}],"inLanguage":"de"}]}},"meta_box":{"industry":"","seo_heading":"","heading":"","description":"","cta_heading":"","cta_description":"","application":"466","h1":"Social-Media-Symbole f\u00fcr Webflow","h1_caption":"F\u00fcgen Sie Symbole hinzu, die auf Ihre Social-Media-Profile verweisen, damit Besucher m\u00fchelos plattform\u00fcbergreifend mit Ihnen auf Ihrer Webflow-Website in Kontakt treten k\u00f6nnen.","application_category":[],"applications_title":"","applications_request_title":"","applications_request_button_text":"","hero_text":"","hero_video":"","hero_video_schema_markup":"","selling_points_title":"","selling_points_caption":"","selling_points":[],"selling_points_cta_text":"","features_title":"","features":"","ed_cta_examples_text":"","ed_cta_examples_hidden":"","ed_cta_demo_text":"","ed_cta_demo_hidden":"","why_caption":"","why_editor_title":"","why_editor_text":"","why_team_title":"","why_team_text":"","why_service_title":"","why_service_text":"","template_catalog_visible":"0","template_catalog_title":"","template_catalog_text":"","template_catalog_categories_visible":"","demo_title":"Erstellen Sie Ihr Social-Media-Icons-Widget","demo_caption":"Konfigurieren Sie Ihre Social-Media-Symbole und f\u00fcgen Sie sie kostenlos zu Ihrer Webflow-Website hinzu!","default_faq_hidden":"","app_template_category":[],"platform":"250","template_public_id":"","codecanyon_url":"","codecanyon_item_id":"","codecanyon_price":"","pricing_caption":"","pricing_elfsight_apps_hide_column":"","pricing_elfsight_apps_url":"","pricing_codecanyon_price_caption":"","integration_category":[],"integration_request_title":"","integration_request_cta":"","integration_platform":"","integrations":[],"platform_category":[],"video_schema_markup":"","price":"ab 0 $ \/ Monat","trial":"","benefits":[{"text":"Kostenlose Installationshilfe"},{"text":"Kompetentes Support-Team"},{"text":"14-t\u00e4gige R\u00fcckerstattungsgarantie"},{"text":"Kontinuierliche kostenlose Updates"}],"button_url":"#demo","button_target_blank":"0","button_nofollow":"0","attributes":[{"name":"Installiert","content":"10,000 - 100,000"},{"name":"Reaktionsfreudig","content":"Ja"},{"name":"Kompatible Browser","content":"Firefox, Safari, Opera, Chrome, Edge"}],"tags":[],"tags_disable_links":"0","hide_more_platforms":"0","video_object":"","demo_hide_cta":"0","demo_hide_cloud_options":"0","pricing_title":"","pricing":[{"pricing_icon":"platform","pricing_title":"Webflow widget","pricing_title_caption":"Plattformunabh\u00e4ngige digitale L\u00f6sung, die zu jeder Website passt (einschlie\u00dflich Webflow)","pricing_price":"ab 0 $ \/ Monat","pricing_price_caption":"Beginnen Sie mit einem kostenlosen Plan","pricing_benefits":[{"text":"Unbegrenzte Websites"},{"text":"Professionelles Support-Team"},{"text":"Kostenlose Installationsunterst\u00fctzung"},{"text":"Sonderangebot f\u00fcr mehrere Apps"}],"pricing_button_text":"Zur Website hinzuf\u00fcgen","pricing_button_url":"#demo"}],"related_apps_title":"","related_apps_hidden":"0","author":"","image":[],"title":"","job":"","social_networks":[]},"_links":{"self":[{"href":"https:\/\/elfsight.com\/de\/wp-json\/wp\/v2\/pages\/10268","targetHints":{"allow":["GET"]}}],"collection":[{"href":"https:\/\/elfsight.com\/de\/wp-json\/wp\/v2\/pages"}],"about":[{"href":"https:\/\/elfsight.com\/de\/wp-json\/wp\/v2\/types\/page"}],"author":[{"embeddable":true,"href":"https:\/\/elfsight.com\/de\/wp-json\/wp\/v2\/users\/9"}],"replies":[{"embeddable":true,"href":"https:\/\/elfsight.com\/de\/wp-json\/wp\/v2\/comments?post=10268"}],"version-history":[{"count":4,"href":"https:\/\/elfsight.com\/de\/wp-json\/wp\/v2\/pages\/10268\/revisions"}],"predecessor-version":[{"id":24055,"href":"https:\/\/elfsight.com\/de\/wp-json\/wp\/v2\/pages\/10268\/revisions\/24055"}],"up":[{"embeddable":true,"href":"https:\/\/elfsight.com\/de\/wp-json\/wp\/v2\/pages\/2084"}],"wp:attachment":[{"href":"https:\/\/elfsight.com\/de\/wp-json\/wp\/v2\/media?parent=10268"}],"curies":[{"name":"wp","href":"https:\/\/api.w.org\/{rel}","templated":true}]}}