{"id":10266,"date":"1970-01-01T00:00:00","date_gmt":"1970-01-01T00:00:00","guid":{"rendered":"https:\/\/elfsight.com\/de\/?page_id=10266"},"modified":"2025-02-13T06:29:36","modified_gmt":"2025-02-13T06:29:36","slug":"blogger","status":"publish","type":"page","link":"https:\/\/elfsight.com\/de\/social-media-icons-widget\/blogger\/","title":{"rendered":"Social Media Icons &#8211; Blogger"},"content":{"rendered":"\n<div class=\"application-platform-content-item-description application-platform-content-item\" id=\"description\" data-nav-section=\"description\"><h2>Beschreibung<\/h2>Praktische und vorteilhafte Social Icons von Elfsight, um Ihre Website mit verschiedenen sozialen Netzwerken zu verbinden. Unterst\u00fctzen Sie weiterhin die Verbindung zu Ihren Kunden und machen Sie sie zu Ihren Abonnenten. Ein adaptives Layout, umfassende Anpassung des Aussehens und Designs mit vorgefertigten Symbolen aller g\u00e4ngigen sozialen Medien. <br><b>Steigern Sie die Pr\u00e4senz Ihres Unternehmens in den sozialen Medien.<\/b><ul><li><b>Demonstrieren Sie Ihre Position in sozialen Medien<\/b>. Teilen Sie den Nutzern unserer Website mit, dass die Marke in verschiedenen sozialen Medien eine starke Position einnimmt, und senden Sie sie mit einem Mausklick an Ihre sozialen Seiten.<\/li><li><b>Maximale Anzahl von Besucher f\u00fcr Ihre sozialen Netzwerke<\/b>. Bieten Sie Website-Benutzern eine entwirrende Variante, um Ihr soziales Profil zu erreichen und maximale Benutzer in sozialen Medien zu genie\u00dfen.<\/li><li><b>Bringen Sie die Interaktion mit Kunden auf die n\u00e4chste Ebene<\/b>. Zeigen Sie Ihren aktuellen und potenziellen Kunden mehr Methoden, um zu helfen und die Qualit\u00e4t des Supports zu steigern.<\/li><\/ul><\/div><div class=\"application-platform-content-item-features application-platform-content-item\" id=\"features\" data-nav-section=\"features\"><h2>Funktionen<\/h2>Die meisten Wichtige Vorteile, um unsere Symbole zum besten Blogger-Social-Widget zu machen.<ul><li>Unbegrenzt viele Symbole hinzuf\u00fcgen;<\/li><li>\u00c4ndern Sie die Reihenfolge der Symboldemonstration;<\/li><li>Floating-Layout, damit die Symbole dem folgen scrollen;<\/li><li>Native, Schwarz-Wei\u00df-Farben der Symbole;<\/li><li>3 Varianten des Randradius: Kreis, gerundet, quadratischer Randradius.<\/li><\/ul><a href=\"#demo\">Testen Sie die Hauptfunktionen in unserer Demo<\/a><\/div><div class=\"application-platform-content-item-installation application-platform-content-item\" id=\"installation\" data-nav-section=\"installation\"><h2>So f\u00fcgen Sie das Widget \u201eSocial Media Icons\u201c zu Blogger hinzu<\/h2><div class=\" Video-Container\"><iframe width=\"560\" height=\"315\" src=\"https:\/\/www.youtube.com\/embed\/2Ca9W3tHyxA?si=YAIkWUwYFmqq-J9v\" frameborder=\"0\" allow=\"accelerometer; autoplay; clipboard-write; encrypted-media; gyroscope; picture-in-picture; web-share\" allowfullscreen><\/iframe><\/div>Eine einfache Anleitung zum Anzeigen von Symbolen auf einer Seite ohne Erfahrung in der Programmierung. Die vollst\u00e4ndige Integrationsdauer betr\u00e4gt weniger als 60 Sekunden.<ol><li><b>Erstellen Sie Ihre personalisierten Social Icons<\/b>. Stellen Sie mithilfe unserer kostenlosen Demo ein Plugin mit dem erforderlichen Design und den erforderlichen Funktionen zusammen.<\/li><li><b>Holen Sie sich den Code zum Integrieren des Plugins<\/b>. Erhalten Sie nach der Widget-Einstellung den Code f\u00fcr das Icons-Plugin aus der angezeigten Benachrichtigung auf Elfsight Apps.<\/li><li><b>Zeigen Sie das Plugin auf Blogger an Website<\/b>. F\u00fcgen Sie das Plugin an der erforderlichen Stelle der Website hinzu und wenden Sie die Ergebnisse an.<\/li><li><b>Sie haben die Installation vollst\u00e4ndig durchgef\u00fchrt<\/b>. Geben Sie Ihre Website ein, um Ihr Plugin zu \u00fcberpr\u00fcfen. <\/li><\/ol>Konnten Sie die Symbole nicht auf einer Website platzieren oder festlegen? Lesen Sie unsere ausf\u00fchrliche Anleitung, <a href=\"https:\/\/elfsight.com\/tutorials\/how-to-add-social-media-icons-to-blogger\/\" target=\"_blank\" rel=\"noopener noreferrer\">wie Sie Symbole auf Blogger hinzuf\u00fcgen k\u00f6nnen<\/a>, oder hinterlassen Sie eine Anfrage bei unserem Support-Team.<\/div><div class=\"faq\" data-component=\"FAQ\"><div class=\"faq-item\">\r\n\t\t\t\t\t<div class=\"faq-item-question\">\r\n\t\t\t\t\t\t<h3 class=\"faq-item-question-text\">Gibt es eine Methode, um Social-Media-Symbole ohne Codierung in meine Blogger-Webseite einzubetten?<\/h3>\r\n\r\n\t\t\t\t\t\t<div class=\"faq-item-question-icon\"><\/div>\r\n\t\t\t\t\t<\/div>\r\n\r\n\t\t\t\t\t<div class=\"faq-item-answer\">\r\n\t\t\t\t\t\t<div class=\"faq-item-answer-text\"> Live-Editor zum Generieren eines Plugins f\u00fcr Social-Media-Symbole, das Sie gerne auf Ihrer Blogger-Webseite sehen m\u00f6chten.<\/li><li>W\u00e4hlen Sie eine unserer vorgefertigten Vorlagen aus, \u00e4ndern Sie die Einstellungen f\u00fcr Social-Media-Symbole, \u00e4ndern Sie das Layout und die Farben und aktualisieren Sie sie Ihre Inhalte ohne Programmierkenntnisse.<\/li><li>Klicken Sie, um die Social-Media-Symbole zu speichern und den Code zur Installation zu kopieren, den Sie m\u00fchelos und kostenlos in die Blogger-Website einf\u00fcgen k\u00f6nnen.<\/li><\/ul><p> Mit unserem intuitiven Konfigurator kann jeder Webbenutzer online einen Abschnitt mit Social-Media-Symbolen erstellen und in die Blogger-Website einbetten. Sie sollten nicht bezahlen oder Ihre Kartendaten offenlegen, um Zugang zu unserem Editor zu erhalten. Wenn Sie bei irgendeinem Schritt auf Hindernisse sto\u00dfen, wenden Sie sich an unser Support-Team.<\/p><\/div>\r\n\t\t\t\t\t<\/div>\r\n\t\t\t\t<\/div><\/div>\n","protected":false},"excerpt":{"rendered":"","protected":false},"author":9,"featured_media":0,"parent":2084,"menu_order":0,"comment_status":"closed","ping_status":"closed","template":"templates\/template-application-platform.php","meta":{"publish_to_discourse":"","publish_post_category":"","wpdc_auto_publish_overridden":"","wpdc_topic_tags":"","wpdc_pin_topic":"","wpdc_pin_until":"","discourse_post_id":"","discourse_permalink":"","wpdc_publishing_response":"","wpdc_publishing_error":"","footnotes":""},"class_list":["post-10266","page","type-page","status-publish","hentry"],"yoast_head":"<!-- This site is optimized with the Yoast SEO plugin v25.3.1 - https:\/\/yoast.com\/wordpress\/plugins\/seo\/ -->\n<title>Social-Media-Symbole \u2013 F\u00fcgen Sie das Widget \u201eSocial-Media-Symbole\u201c zu Blogger hinzu<\/title>\n<meta name=\"description\" content=\"Testen Sie Elfsight Social Media Icons f\u00fcr Blogger kostenlos. Konfigurieren Sie in nur wenigen Minuten benutzerdefinierte Symbole f\u00fcr Ihre Website!\" \/>\n<meta name=\"robots\" content=\"index, follow, max-snippet:-1, max-image-preview:large, max-video-preview:-1\" \/>\n<link rel=\"canonical\" href=\"https:\/\/elfsight.com\/de\/social-media-icons-widget\/blogger\/\" \/>\n<meta property=\"og:locale\" content=\"de_DE\" \/>\n<meta property=\"og:type\" content=\"article\" \/>\n<meta property=\"og:title\" content=\"Social-Media-Symbole \u2013 F\u00fcgen Sie das Widget \u201eSocial-Media-Symbole\u201c zu Blogger hinzu\" \/>\n<meta property=\"og:description\" content=\"Testen Sie Elfsight Social Media Icons f\u00fcr Blogger kostenlos. Konfigurieren Sie in nur wenigen Minuten benutzerdefinierte Symbole f\u00fcr Ihre Website!\" \/>\n<meta property=\"og:url\" content=\"https:\/\/elfsight.com\/de\/social-media-icons-widget\/blogger\/\" \/>\n<meta property=\"og:site_name\" content=\"Elfsight DE\" \/>\n<meta property=\"article:modified_time\" content=\"2025-02-13T06:29:36+00:00\" \/>\n<meta name=\"twitter:card\" content=\"summary_large_image\" \/>\n<meta name=\"twitter:label1\" content=\"Gesch\u00e4tzte Lesezeit\" \/>\n\t<meta name=\"twitter:data1\" content=\"3\u00a0Minuten\" \/>\n<!-- \/ Yoast SEO plugin. -->","yoast_head_json":{"title":"Social-Media-Symbole \u2013 F\u00fcgen Sie das Widget \u201eSocial-Media-Symbole\u201c zu Blogger hinzu","description":"Testen Sie Elfsight Social Media Icons f\u00fcr Blogger kostenlos. Konfigurieren Sie in nur wenigen Minuten benutzerdefinierte Symbole f\u00fcr Ihre Website!","robots":{"index":"index","follow":"follow","max-snippet":"max-snippet:-1","max-image-preview":"max-image-preview:large","max-video-preview":"max-video-preview:-1"},"canonical":"https:\/\/elfsight.com\/de\/social-media-icons-widget\/blogger\/","og_locale":"de_DE","og_type":"article","og_title":"Social-Media-Symbole \u2013 F\u00fcgen Sie das Widget \u201eSocial-Media-Symbole\u201c zu Blogger hinzu","og_description":"Testen Sie Elfsight Social Media Icons f\u00fcr Blogger kostenlos. Konfigurieren Sie in nur wenigen Minuten benutzerdefinierte Symbole f\u00fcr Ihre Website!","og_url":"https:\/\/elfsight.com\/de\/social-media-icons-widget\/blogger\/","og_site_name":"Elfsight DE","article_modified_time":"2025-02-13T06:29:36+00:00","twitter_card":"summary_large_image","twitter_misc":{"Gesch\u00e4tzte Lesezeit":"3\u00a0Minuten"},"schema":{"@context":"https:\/\/schema.org","@graph":[{"@type":"WebPage","@id":"https:\/\/elfsight.com\/de\/social-media-icons-widget\/blogger\/","url":"https:\/\/elfsight.com\/de\/social-media-icons-widget\/blogger\/","name":"Social-Media-Symbole \u2013 F\u00fcgen Sie das Widget \u201eSocial-Media-Symbole\u201c zu Blogger hinzu","isPartOf":{"@id":"https:\/\/elfsight.com\/de\/#website"},"datePublished":"1970-01-01T00:00:00+00:00","dateModified":"2025-02-13T06:29:36+00:00","description":"Testen Sie Elfsight Social Media Icons f\u00fcr Blogger kostenlos. Konfigurieren Sie in nur wenigen Minuten benutzerdefinierte Symbole f\u00fcr Ihre Website!","breadcrumb":{"@id":"https:\/\/elfsight.com\/de\/social-media-icons-widget\/blogger\/#breadcrumb"},"inLanguage":"de","potentialAction":[{"@type":"ReadAction","target":["https:\/\/elfsight.com\/de\/social-media-icons-widget\/blogger\/"]}]},{"@type":"BreadcrumbList","@id":"https:\/\/elfsight.com\/de\/social-media-icons-widget\/blogger\/#breadcrumb","itemListElement":[{"@type":"ListItem","position":1,"name":"Home","item":"https:\/\/elfsight.com\/de\/"},{"@type":"ListItem","position":2,"name":"Social Media Icons","item":"https:\/\/elfsight.com\/de\/social-media-icons-widget\/"},{"@type":"ListItem","position":3,"name":"Social Media Icons &#8211; Blogger"}]},{"@type":"WebSite","@id":"https:\/\/elfsight.com\/de\/#website","url":"https:\/\/elfsight.com\/de\/","name":"Elfsight DE","description":"Just another Elfsight Sites site","potentialAction":[{"@type":"SearchAction","target":{"@type":"EntryPoint","urlTemplate":"https:\/\/elfsight.com\/de\/?s={search_term_string}"},"query-input":{"@type":"PropertyValueSpecification","valueRequired":true,"valueName":"search_term_string"}}],"inLanguage":"de"}]}},"meta_box":{"industry":"","seo_heading":"","heading":"","description":"","cta_heading":"","cta_description":"","application":"466","h1":"Social-Media-Symbole f\u00fcr Blogger","h1_caption":"F\u00fcgen Sie Symbole hinzu, die auf Ihre Social-Media-Profile verweisen, damit Besucher m\u00fchelos plattform\u00fcbergreifend auf Ihrer Blogger-Website mit Ihnen in Kontakt treten k\u00f6nnen.","application_category":[],"applications_title":"","applications_request_title":"","applications_request_button_text":"","hero_text":"","hero_video":"","hero_video_schema_markup":"","selling_points_title":"","selling_points_caption":"","selling_points":[],"selling_points_cta_text":"","features_title":"","features":"","ed_cta_examples_text":"","ed_cta_examples_hidden":"","ed_cta_demo_text":"","ed_cta_demo_hidden":"","why_caption":"","why_editor_title":"","why_editor_text":"","why_team_title":"","why_team_text":"","why_service_title":"","why_service_text":"","template_catalog_visible":"0","template_catalog_title":"","template_catalog_text":"","template_catalog_categories_visible":"","demo_title":"Erstellen Sie Ihr Social-Media-Icons-Widget","demo_caption":"Konfigurieren Sie Ihre Social-Media-Symbole und f\u00fcgen Sie sie kostenlos zu Ihrer Blogger-Website hinzu!","default_faq_hidden":"","app_template_category":[],"platform":"262","template_public_id":"","codecanyon_url":"","codecanyon_item_id":"","codecanyon_price":"","pricing_caption":"","pricing_elfsight_apps_hide_column":"","pricing_elfsight_apps_url":"","pricing_codecanyon_price_caption":"","integration_category":[],"integration_request_title":"","integration_request_cta":"","integration_platform":"","integrations":[],"platform_category":[],"video_schema_markup":"","price":"ab 0 $ \/ Monat","trial":"","benefits":[{"text":"Kostenloser Installationsservice"},{"text":"Professioneller Kundenservice"},{"text":"14-t\u00e4gige Geld-zur\u00fcck-Garantie"},{"text":"Laufende kostenlose Verbesserungen"}],"button_url":"#demo","button_target_blank":"0","button_nofollow":"0","attributes":[{"name":"Installiert","content":"10,000 - 100,000"},{"name":"Reaktionsfreudig","content":"Ja"},{"name":"Kompatible Browser","content":"Firefox, Safari, Opera, Chrome, Edge"}],"tags":[],"tags_disable_links":"0","hide_more_platforms":"0","video_object":"","demo_hide_cta":"0","demo_hide_cloud_options":"0","pricing_title":"","pricing":[{"pricing_icon":"platform","pricing_title":"Elfsight Apps","pricing_title_caption":"Multiplattform-Version, die f\u00fcr jede Website geeignet ist","pricing_price":"ab 0 $ \/ Monat","pricing_price_caption":"Beginnen Sie mit einem kostenlosen Plan","pricing_benefits":[{"text":"Unbegrenzte Websites"},{"text":"Schneller Support und gut dokumentiert"},{"text":"Kostenlose Installationshilfe"},{"text":"Flexibles Design"}],"pricing_button_text":"Zur Website hinzuf\u00fcgen","pricing_button_url":"#demo"}],"related_apps_title":"","related_apps_hidden":"0","author":"","image":[],"title":"","job":"","social_networks":[]},"_links":{"self":[{"href":"https:\/\/elfsight.com\/de\/wp-json\/wp\/v2\/pages\/10266","targetHints":{"allow":["GET"]}}],"collection":[{"href":"https:\/\/elfsight.com\/de\/wp-json\/wp\/v2\/pages"}],"about":[{"href":"https:\/\/elfsight.com\/de\/wp-json\/wp\/v2\/types\/page"}],"author":[{"embeddable":true,"href":"https:\/\/elfsight.com\/de\/wp-json\/wp\/v2\/users\/9"}],"replies":[{"embeddable":true,"href":"https:\/\/elfsight.com\/de\/wp-json\/wp\/v2\/comments?post=10266"}],"version-history":[{"count":6,"href":"https:\/\/elfsight.com\/de\/wp-json\/wp\/v2\/pages\/10266\/revisions"}],"predecessor-version":[{"id":24026,"href":"https:\/\/elfsight.com\/de\/wp-json\/wp\/v2\/pages\/10266\/revisions\/24026"}],"up":[{"embeddable":true,"href":"https:\/\/elfsight.com\/de\/wp-json\/wp\/v2\/pages\/2084"}],"wp:attachment":[{"href":"https:\/\/elfsight.com\/de\/wp-json\/wp\/v2\/media?parent=10266"}],"curies":[{"name":"wp","href":"https:\/\/api.w.org\/{rel}","templated":true}]}}