{"id":10265,"date":"1970-01-01T00:00:00","date_gmt":"1970-01-01T00:00:00","guid":{"rendered":"https:\/\/elfsight.com\/de\/?page_id=10265"},"modified":"2025-02-13T06:13:23","modified_gmt":"2025-02-13T06:13:23","slug":"bigcommerce","status":"publish","type":"page","link":"https:\/\/elfsight.com\/de\/social-media-icons-widget\/bigcommerce\/","title":{"rendered":"Social Media Icons &#8211; BigCommerce"},"content":{"rendered":"\n<div class=\"application-platform-content-item-description application-platform-content-item\" id=\"description\" data-nav-section=\"description\"><h2>Beschreibung<\/h2><p>Einfache und effiziente Social Icons von Elfsight, um Ihre Website mit den beliebtesten sozialen Netzwerken zu verbinden. St\u00e4rken Sie die Bindung zu Ihren Nutzern und machen Sie sie zu Ihren Followern. Eine responsive Vorlage, detaillierte Anpassungsparameter f\u00fcr Farbschema und Stil mit eingebetteten Symbolen aller wichtigen sozialen Medien.<\/p><p><b>Erh\u00f6hen Sie die Reichweite Ihres Unternehmens auf sozialen Plattformen.<\/b><\/p><ul><li><b>Engagieren Sie mehr Follower<\/b>.<br> Zeigen Sie den Weg zu den erforderlichen sozialen Seiten und verdoppeln Sie die Wahrscheinlichkeit, dass Ihre Website-Benutzer zu Ihren Followern werden.<\/li><li><b>Die h\u00f6chste Leserzahl f\u00fcr Ihre Social-Media-Seiten<\/b>.<br> Bieten Sie Website-Nutzern eine schnelle Weiterleitung zu Ihrer Social-Media-Seite und gewinnen Sie mehr Besucher in sozialen Netzwerken.<\/li><li><b>Ein solides soziales Argument<\/b>.<br> St\u00e4rken Sie das Vertrauen Ihrer Website-Besucher zu Ihrer Marke mit Hilfe von Profilen in den erfolgreichsten sozialen Medien.<\/li><\/ul><\/div><div class=\"application-platform-content-item-features application-platform-content-item\" id=\"features\" data-nav-section=\"features\"><h2>Funktionen<\/h2><p>Die grundlegenden Eigenschaften, die Elfsight Icons zur besten BigCommerce-Social-App machen.<\/p><ul><li>F\u00fcgen Sie ein neues Medium hinzu, indem Sie einfach eine URL in Ihr Profil einf\u00fcgen;<\/li><li>Symbole duplizieren und l\u00f6schen;<\/li><li>Inline-Layout zum Platzieren von Symbolen im Inhaltsbereich;<\/li><li>3 Farbschemata f\u00fcr Symbole, Hintergrund und Hover-Effekt;<\/li><li> 6 eingebettete Symbolstile.<\/li><\/ul><p><a href=\"#demo\">Probieren Sie die wichtigsten Funktionen in unserem Editor aus<\/a><\/p><\/div><div class=\"application-platform-content-item-installation  application-platform-content-item\" id=\"installation \" data-nav-section=\"installation \"><h2>So f\u00fcgen Sie Social-Media-Symbole zu BigCommerce hinzu<\/h2><div class=\"video-container\"><iframe width=\"560\" height=\"315\" src=\"https:\/\/www.youtube.com\/embed\/QPMmCtKIfAI?si=Tow5-5SCmRLvL8ng\" frameborder=\"0\" allow=\"accelerometer; autoplay; clipboard-write; encrypted-media; gyroscope; picture-in-picture; web-share\" allowfullscreen><\/iframe><\/div><p>Befolgen Sie einfach die unten beschriebenen Schritte, um die App in BigCommerce zu integrieren.<\/p> <ol><li><b>Nutzen Sie unsere kostenlose Demo und beginnen Sie mit der Erstellung Ihres ma\u00dfgeschneiderten Widgets. <\/b><br> Geben Sie das bevorzugte Aussehen und die bevorzugten Aspekte des Widgets an und wenden Sie die Korrekturen an. <\/li> <li><b>Sie erhalten Ihren pers\u00f6nlichen Code in der Box von Elfsight Apps. <\/b><br> Sobald die Generierung Ihrer Social Media Icons abgeschlossen ist, kopieren Sie den exklusiven Code in das angezeigte Feld und speichern Sie ihn zur weiteren Verwendung. <\/li> <li><b>Beginnen Sie mit der Verwendung des Tools auf der BigCommerce-Website. <\/b><br> Implementieren Sie den Code, den Sie k\u00fcrzlich kopiert haben, in Ihre Seite und wenden Sie die \u00c4nderungen an. <\/li> <li><b>Die Installation wurde erfolgreich durchgef\u00fchrt. <\/b><br> Besuchen Sie Ihre Website, um die Funktionsweise der App zu \u00fcberpr\u00fcfen. <\/li><\/ol><p>Sie haben es nicht geschafft, die Symbole auf einer Website zu installieren oder vorzuf\u00fchren? Lesen Sie unseren vollst\u00e4ndigen Leitfaden \u201e<a href=\"https:\/\/elfsight.com\/tutorials\/how-to-add-social-media-icons-to-bigcommerce\/\" target=\"_blank\" rel=\"noopener noreferrer\">How um Symbole auf BigCommerce einzurichten<\/a>\u00bb oder schreiben Sie eine Nachricht an unser Hilfecenter.<\/p><\/div><div class=\"faq\" data-component=\"FAQ\"><div class=\"faq-item\">\r\n\t\t\t\t\t<div class=\"faq-item-question\">\r\n\t\t\t\t\t\t<h3 class=\"faq-item-question-text\">Gibt es eine Methode, um ohne Programmiererfahrung Social-Media-Symbole zu meiner BigCommerce-Webseite hinzuzuf\u00fcgen?<\/h3>\r\n\r\n\t\t\t\t\t\t<div class=\"faq-item-question-icon\"><\/div>\r\n\t\t\t\t\t<\/div>\r\n\r\n\t\t\t\t\t<div class=\"faq-item-answer\">\r\n\t\t\t\t\t\t<div class=\"faq-item-answer-text\"><p>Das Unternehmen Elfsight stellt eine SaaS-L\u00f6sung vor, mit der ein breites Publikum selbst einen Abschnitt mit Social-Media-Symbolen erstellen kann. Sehen Sie sich die unkomplizierten Anweisungen an: <\/p><ul> <li>Gehen Sie zur Online-Demo, um ein Social-Media-Icons-Plugin zu erstellen, das Sie auf Ihrer BigCommerce-Homepage einbetten m\u00f6chten.<\/li><li>W\u00e4hlen Sie eine der vielen vorgefertigten Vorlagen aus, \u00e4ndern Sie die Einstellungen f\u00fcr Social-Media-Icons und \u00e4ndern Sie das Layout und Farbschema, f\u00fcgen Sie Ihre Inhalte ohne Programmierkenntnisse hinzu.<\/li><li>Speichern Sie die Social-Media-Symbole und erhalten Sie Installationscode, der im Rahmen eines kostenlosen Plans in die BigCommerce-Webseite eingebunden werden kann.<\/li><\/ul> <p>Mit dem benutzerfreundlichen Konfigurator kann jeder Internetnutzer online ein Social-Media-Icons-Widget erstellen und es einfach in die BigCommerce-Website einbinden. Sie sollten nicht bezahlen oder Ihre Kartendaten offenlegen, um auf den Editor zuzugreifen. Wenn Sie auf Hindernisse jeglicher Art sto\u00dfen, wenden Sie sich bitte an unseren Kundensupport.<\/p><\/div>\r\n\t\t\t\t\t<\/div>\r\n\t\t\t\t<\/div><\/div>\n","protected":false},"excerpt":{"rendered":"","protected":false},"author":9,"featured_media":0,"parent":2084,"menu_order":0,"comment_status":"closed","ping_status":"closed","template":"templates\/template-application-platform.php","meta":{"publish_to_discourse":"","publish_post_category":"","wpdc_auto_publish_overridden":"","wpdc_topic_tags":"","wpdc_pin_topic":"","wpdc_pin_until":"","discourse_post_id":"","discourse_permalink":"","wpdc_publishing_response":"","wpdc_publishing_error":"","footnotes":""},"class_list":["post-10265","page","type-page","status-publish","hentry"],"yoast_head":"<!-- This site is optimized with the Yoast SEO plugin v25.3.1 - https:\/\/yoast.com\/wordpress\/plugins\/seo\/ -->\n<title>Social Media Icons \u2013 F\u00fcgen Sie die Social Icons-App zu BigCommerce hinzu<\/title>\n<meta name=\"description\" content=\"Lernen Sie jetzt unsere Social Media Icons f\u00fcr BigCommerce kennen. Entwerfen Sie in wenigen Minuten einzigartige Symbole f\u00fcr Ihre Website!\" \/>\n<meta name=\"robots\" content=\"index, follow, max-snippet:-1, max-image-preview:large, max-video-preview:-1\" \/>\n<link rel=\"canonical\" href=\"https:\/\/elfsight.com\/de\/social-media-icons-widget\/bigcommerce\/\" \/>\n<meta property=\"og:locale\" content=\"de_DE\" \/>\n<meta property=\"og:type\" content=\"article\" \/>\n<meta property=\"og:title\" content=\"Social Media Icons \u2013 F\u00fcgen Sie die Social Icons-App zu BigCommerce hinzu\" \/>\n<meta property=\"og:description\" content=\"Lernen Sie jetzt unsere Social Media Icons f\u00fcr BigCommerce kennen. Entwerfen Sie in wenigen Minuten einzigartige Symbole f\u00fcr Ihre Website!\" \/>\n<meta property=\"og:url\" content=\"https:\/\/elfsight.com\/de\/social-media-icons-widget\/bigcommerce\/\" \/>\n<meta property=\"og:site_name\" content=\"Elfsight DE\" \/>\n<meta property=\"article:modified_time\" content=\"2025-02-13T06:13:23+00:00\" \/>\n<meta name=\"twitter:card\" content=\"summary_large_image\" \/>\n<meta name=\"twitter:label1\" content=\"Gesch\u00e4tzte Lesezeit\" \/>\n\t<meta name=\"twitter:data1\" content=\"3\u00a0Minuten\" \/>\n<!-- \/ Yoast SEO plugin. -->","yoast_head_json":{"title":"Social Media Icons \u2013 F\u00fcgen Sie die Social Icons-App zu BigCommerce hinzu","description":"Lernen Sie jetzt unsere Social Media Icons f\u00fcr BigCommerce kennen. Entwerfen Sie in wenigen Minuten einzigartige Symbole f\u00fcr Ihre Website!","robots":{"index":"index","follow":"follow","max-snippet":"max-snippet:-1","max-image-preview":"max-image-preview:large","max-video-preview":"max-video-preview:-1"},"canonical":"https:\/\/elfsight.com\/de\/social-media-icons-widget\/bigcommerce\/","og_locale":"de_DE","og_type":"article","og_title":"Social Media Icons \u2013 F\u00fcgen Sie die Social Icons-App zu BigCommerce hinzu","og_description":"Lernen Sie jetzt unsere Social Media Icons f\u00fcr BigCommerce kennen. Entwerfen Sie in wenigen Minuten einzigartige Symbole f\u00fcr Ihre Website!","og_url":"https:\/\/elfsight.com\/de\/social-media-icons-widget\/bigcommerce\/","og_site_name":"Elfsight DE","article_modified_time":"2025-02-13T06:13:23+00:00","twitter_card":"summary_large_image","twitter_misc":{"Gesch\u00e4tzte Lesezeit":"3\u00a0Minuten"},"schema":{"@context":"https:\/\/schema.org","@graph":[{"@type":"WebPage","@id":"https:\/\/elfsight.com\/de\/social-media-icons-widget\/bigcommerce\/","url":"https:\/\/elfsight.com\/de\/social-media-icons-widget\/bigcommerce\/","name":"Social Media Icons \u2013 F\u00fcgen Sie die Social Icons-App zu BigCommerce hinzu","isPartOf":{"@id":"https:\/\/elfsight.com\/de\/#website"},"datePublished":"1970-01-01T00:00:00+00:00","dateModified":"2025-02-13T06:13:23+00:00","description":"Lernen Sie jetzt unsere Social Media Icons f\u00fcr BigCommerce kennen. Entwerfen Sie in wenigen Minuten einzigartige Symbole f\u00fcr Ihre Website!","breadcrumb":{"@id":"https:\/\/elfsight.com\/de\/social-media-icons-widget\/bigcommerce\/#breadcrumb"},"inLanguage":"de","potentialAction":[{"@type":"ReadAction","target":["https:\/\/elfsight.com\/de\/social-media-icons-widget\/bigcommerce\/"]}]},{"@type":"BreadcrumbList","@id":"https:\/\/elfsight.com\/de\/social-media-icons-widget\/bigcommerce\/#breadcrumb","itemListElement":[{"@type":"ListItem","position":1,"name":"Home","item":"https:\/\/elfsight.com\/de\/"},{"@type":"ListItem","position":2,"name":"Social Media Icons","item":"https:\/\/elfsight.com\/de\/social-media-icons-widget\/"},{"@type":"ListItem","position":3,"name":"Social Media Icons &#8211; BigCommerce"}]},{"@type":"WebSite","@id":"https:\/\/elfsight.com\/de\/#website","url":"https:\/\/elfsight.com\/de\/","name":"Elfsight DE","description":"Just another Elfsight Sites site","potentialAction":[{"@type":"SearchAction","target":{"@type":"EntryPoint","urlTemplate":"https:\/\/elfsight.com\/de\/?s={search_term_string}"},"query-input":{"@type":"PropertyValueSpecification","valueRequired":true,"valueName":"search_term_string"}}],"inLanguage":"de"}]}},"meta_box":{"industry":"","seo_heading":"","heading":"","description":"","cta_heading":"","cta_description":"","application":"466","h1":"BigCommerce-Social-Media-Symbole","h1_caption":"F\u00fcgen Sie Symbole hinzu, die auf Ihre Social-Media-Profile verweisen, damit Besucher m\u00fchelos plattform\u00fcbergreifend mit Ihnen auf Ihrer BigCommerce-Website in Kontakt treten k\u00f6nnen.","application_category":[],"applications_title":"","applications_request_title":"","applications_request_button_text":"","hero_text":"","hero_video":"","hero_video_schema_markup":"","selling_points_title":"","selling_points_caption":"","selling_points":[],"selling_points_cta_text":"","features_title":"","features":"","ed_cta_examples_text":"","ed_cta_examples_hidden":"","ed_cta_demo_text":"","ed_cta_demo_hidden":"","why_caption":"","why_editor_title":"","why_editor_text":"","why_team_title":"","why_team_text":"","why_service_title":"","why_service_text":"","template_catalog_visible":"0","template_catalog_title":"","template_catalog_text":"","template_catalog_categories_visible":"","demo_title":"Erstellen Sie Ihre Social Media Icons-App","demo_caption":"Konfigurieren Sie Ihre Social-Media-Symbole und f\u00fcgen Sie sie kostenlos zu Ihrer BigCommerce-Website hinzu!","default_faq_hidden":"","app_template_category":[],"platform":"268","template_public_id":"","codecanyon_url":"","codecanyon_item_id":"","codecanyon_price":"","pricing_caption":"","pricing_elfsight_apps_hide_column":"","pricing_elfsight_apps_url":"","pricing_codecanyon_price_caption":"","integration_category":[],"integration_request_title":"","integration_request_cta":"","integration_platform":"","integrations":[],"platform_category":[],"video_schema_markup":"","price":"ab 0 $ \/ Monat","trial":"","benefits":[{"text":"Kostenlose Installationsunterst\u00fctzung"},{"text":"Kompetenter Kundenservice"},{"text":"14-t\u00e4gige Geld-zur\u00fcck-Garantie"},{"text":"Lebenslange kostenlose Updates"}],"button_url":"#demo","button_target_blank":"0","button_nofollow":"0","attributes":[{"name":"Installiert","content":"10,000 - 100,000"},{"name":"Reaktionsfreudig","content":"Ja"},{"name":"Kompatible Browser","content":"Firefox, Safari, Opera, Chrome, Edge"}],"tags":[],"tags_disable_links":"0","hide_more_platforms":"0","video_object":"","demo_hide_cta":"0","demo_hide_cloud_options":"0","pricing_title":"","pricing":[{"pricing_icon":"platform","pricing_title":"Elfsight Apps","pricing_title_caption":"Plattform\u00fcbergreifende digitale L\u00f6sung, die auf jeder Website funktioniert","pricing_price":"ab 0 $ \/ Monat","pricing_price_caption":"Beginnen Sie mit einem kostenlosen Plan","pricing_benefits":[{"text":"Unbegrenzte Websites"},{"text":"Schnelle Unternehmensunterst\u00fctzung und gut dokumentiert"},{"text":"Kostenlose Installationshilfe"},{"text":"Vollst\u00e4ndig anpassbar"}],"pricing_button_text":"Zur Website hinzuf\u00fcgen","pricing_button_url":"#demo"}],"related_apps_title":"","related_apps_hidden":"0","author":"","image":[],"title":"","job":"","social_networks":[]},"_links":{"self":[{"href":"https:\/\/elfsight.com\/de\/wp-json\/wp\/v2\/pages\/10265","targetHints":{"allow":["GET"]}}],"collection":[{"href":"https:\/\/elfsight.com\/de\/wp-json\/wp\/v2\/pages"}],"about":[{"href":"https:\/\/elfsight.com\/de\/wp-json\/wp\/v2\/types\/page"}],"author":[{"embeddable":true,"href":"https:\/\/elfsight.com\/de\/wp-json\/wp\/v2\/users\/9"}],"replies":[{"embeddable":true,"href":"https:\/\/elfsight.com\/de\/wp-json\/wp\/v2\/comments?post=10265"}],"version-history":[{"count":3,"href":"https:\/\/elfsight.com\/de\/wp-json\/wp\/v2\/pages\/10265\/revisions"}],"predecessor-version":[{"id":24019,"href":"https:\/\/elfsight.com\/de\/wp-json\/wp\/v2\/pages\/10265\/revisions\/24019"}],"up":[{"embeddable":true,"href":"https:\/\/elfsight.com\/de\/wp-json\/wp\/v2\/pages\/2084"}],"wp:attachment":[{"href":"https:\/\/elfsight.com\/de\/wp-json\/wp\/v2\/media?parent=10265"}],"curies":[{"name":"wp","href":"https:\/\/api.w.org\/{rel}","templated":true}]}}