{"id":10260,"date":"1970-01-01T00:00:00","date_gmt":"1970-01-01T00:00:00","guid":{"rendered":"https:\/\/elfsight.com\/de\/?page_id=10260"},"modified":"2025-02-13T06:44:30","modified_gmt":"2025-02-13T06:44:30","slug":"drupal","status":"publish","type":"page","link":"https:\/\/elfsight.com\/de\/social-media-icons-widget\/drupal\/","title":{"rendered":"Social Media Icons &#8211; Drupal"},"content":{"rendered":"\n<div class=\"application-platform-content-item-description application-platform-content-item\" id=\"description\" data-nav-section=\"description\"><h2>Beschreibung<\/h2><p>Praktische und effektive Social Icons von Elfsight, um Ihre Website mit verschiedenen sozialen Medien zu verbinden. Bauen Sie Kontakte zu Ihren Kunden auf und machen Sie sie zu Ihren Fans. Eine responsive Vorlage, umfangreiche Anpassungsm\u00f6glichkeiten der Benutzeroberfl\u00e4che und des Stils mit gebrauchsfertigen Symbolen aller wichtigen sozialen Medien.<\/p><p><b>Steigern Sie die Popularit\u00e4t Ihrer Marke in sozialen Medien<\/b><\/p> <ul><li><b>Gewinnen Sie neue Abonnenten<\/b>.<br>Stellen Sie einen Link zu den erforderlichen sozialen Konten bereit und erh\u00f6hen Sie die Chancen, dass Ihre Website-Besucher zu Ihren Abonnenten werden.<\/li><li><b> Neue Leser in sozialen Medien<\/b>.<br>Erh\u00f6hen Sie die Reichweite Ihrer Medienseiten, indem Sie die Leser der Website kontinuierlich einbeziehen und sie in Abonnenten verwandeln.<\/li><li><b>Bleiben Sie rund um die Uhr mit Ihren Kunden in Verbindung <\/b>.<br>Gibt den Lesern die M\u00f6glichkeit, eines der bequemsten zus\u00e4tzlichen Kommunikations- und Unterst\u00fctzungstools \u00fcber soziale Netzwerke auszuw\u00e4hlen.<\/li><li><b>Produktive Einbindung von Kunden<\/b> .<br>Zeigen Sie Ihren aktiven Status in sozialen Medien und sorgen Sie bei den Besuchern der Website f\u00fcr zus\u00e4tzliche Aufmerksamkeit f\u00fcr Ihr Unternehmen.<\/li><\/ul><\/div><div class=\"application-platform-content-item-features application-platform-content-item\" id=\"features\" data-nav-section=\"features\"><h2>Funktionen<\/h2><p>Die wichtigsten Punkte, die Elfsight-Symbole zum besten Drupal-Social-Modul machen.<\/p><ul><li>Eine Bibliothek mit Symbolen der beliebtesten Medien;<\/li><li>Duplizieren und l\u00f6schen Symbole;<\/li><li>3 Varianten der Symbole ausrichten: links, rechts, in der Mitte;<\/li><li>Schwarze, native und wei\u00dfe Farben der Symbole beim Schweben;<\/li><li>Anpassbare Deckkraft in Prozente der Symbole und Hover.<\/li><\/ul><p><a href=\"#demo\">Studieren Sie die wichtigsten Funktionen im Elfsight-Konfigurator<\/a><\/p><\/div><div class=\"application-platform-content-item-installation application-platform-content-item\" id=\"installation\" data-nav-section=\"installation\"><h2>So f\u00fcgen Sie das Modul \u201eSocial Media Icons\u201c zu Drupal hinzu<\/h2><div class=\"video-container\"><iframe width=\"560\" height=\"315\" src=\"https:\/\/www.youtube.com\/embed\/Od2kZQ-3mPQ?si=ddJ1Shsr1jH_vAqg\" frameborder=\"0\" allow=\"accelerometer; autoplay; clipboard-write; encrypted-media; gyroscope; picture-in-picture; web-share\" allowfullscreen><\/iframe><\/div><p>F\u00fchren Sie einfach die folgenden Schritte aus, um mit der Verwendung des Social Media Icons-Moduls auf Drupal zu beginnen.<\/p> <ol><li><b>Verwalten Sie unseren kostenlosen Konfigurator und beginnen Sie mit der Gestaltung Ihres ma\u00dfgeschneiderten Moduls. <\/b><br> Finden Sie das bevorzugte Design und die Eigenschaften des Widgets und speichern Sie die Korrekturen. <\/li> <li><b>Erhalten Sie den pers\u00f6nlichen Code, der im Fenster von Elfsight Apps angezeigt wird. <\/b><br> Sobald die Einrichtung Ihres pers\u00f6nlichen Plugins abgeschlossen ist, kopieren Sie den pers\u00f6nlichen Code im angezeigten Fenster und speichern Sie ihn zur weiteren Verwendung. <\/li> <li><b>Initiieren Sie den Einsatz des Moduls auf der Drupal-Website. <\/b><br> Implementieren Sie den Code, den Sie k\u00fcrzlich kopiert haben, in Ihre Website und \u00fcbernehmen Sie die Anpassungen. <\/li> <li><b>Fertig! Die Integration ist vollst\u00e4ndig beendet. <\/b><br> Gehen Sie auf Ihre Seite, um die Leistung des Tools zu \u00fcberpr\u00fcfen. <\/li><\/ol><p>F\u00e4llt es Ihnen schwer, die Symbole auf einer Website einzurichten oder hinzuzuf\u00fcgen? Schauen Sie es sich in unserem ausf\u00fchrlichen Tutorial an: <a href=\"https:\/\/elfsight.com\/tutorials\/how-to-add-social-media-icons-to-drupal\/\" target=\"_blank\" rel=\"noopener\">So platzieren Sie Symbole auf Drupal<\/a> oder kontaktieren Sie unser Hilfecenter.<\/p><\/div><div class=\"faq\" data-component=\"FAQ\"><div class=\"faq-item\">\r\n\t\t\t\t\t<div class=\"faq-item-question\">\r\n\t\t\t\t\t\t<h3 class=\"faq-item-question-text\">Auf welche Weise kann ich Social-Media-Symbole zu meinem Drupal hinzuf\u00fcgen, ohne \u00fcber Programmiererfahrung zu verf\u00fcgen?<\/h3>\r\n\r\n\t\t\t\t\t\t<div class=\"faq-item-question-icon\"><\/div>\r\n\t\t\t\t\t<\/div>\r\n\r\n\t\t\t\t\t<div class=\"faq-item-answer\">\r\n\t\t\t\t\t\t<div class=\"faq-item-answer-text\"> Beginnen Sie mit der Arbeit im Online-Editor, um ein Widget f\u00fcr Social-Media-Symbole zu erstellen, das Sie auf Ihrer Drupal-Startseite sehen m\u00f6chten.<\/li><li>W\u00e4hlen Sie eine unserer vorgefertigten Vorlagen aus und \u00e4ndern Sie die Einstellungen f\u00fcr Social-Media-Symbole, \u00e4ndern Sie das Layout und die Farben, F\u00fcgen Sie Ihre Inhalte ohne Codierung hinzu.<\/li><li>Speichern Sie die Social-Media-Symbole und erhalten Sie den Code zur Installation, den Sie im Rahmen eines kostenlosen Plans einfach in Ihre Drupal-Homepage einbetten k\u00f6nnen.<\/li><\/ul><p> Mit Hilfe des benutzerfreundlichen Konfigurators kann jeder Webbenutzer eine Social-Media-Icons-App erstellen und in die Drupal-Homepage einbinden. F\u00fcr den Zugriff auf unseren Editor ist keine Zahlung oder \u00dcbermittlung Ihrer Kartendaten erforderlich. Sollten bei irgendeinem Schritt Probleme auftreten, wenden Sie sich bitte an unser Support-Team.<\/p><\/div>\r\n\t\t\t\t\t<\/div>\r\n\t\t\t\t<\/div><\/div>\n","protected":false},"excerpt":{"rendered":"","protected":false},"author":9,"featured_media":0,"parent":2084,"menu_order":0,"comment_status":"closed","ping_status":"closed","template":"templates\/template-application-platform.php","meta":{"publish_to_discourse":"","publish_post_category":"","wpdc_auto_publish_overridden":"","wpdc_topic_tags":"","wpdc_pin_topic":"","wpdc_pin_until":"","discourse_post_id":"","discourse_permalink":"","wpdc_publishing_response":"","wpdc_publishing_error":"","footnotes":""},"class_list":["post-10260","page","type-page","status-publish","hentry"],"yoast_head":"<!-- This site is optimized with the Yoast SEO plugin v25.3.1 - https:\/\/yoast.com\/wordpress\/plugins\/seo\/ -->\n<title>Social Media Icons \u2013 F\u00fcgen Sie das Modul \u201eSocial Icons\u201c zu Drupal hinzu<\/title>\n<meta name=\"description\" content=\"Probieren Sie jetzt unsere Social-Media-Icons f\u00fcr Drupal aus. Gestalten Sie in wenigen Minuten individuell gestaltete Symbole f\u00fcr Ihre Website!\" \/>\n<meta name=\"robots\" content=\"index, follow, max-snippet:-1, max-image-preview:large, max-video-preview:-1\" \/>\n<link rel=\"canonical\" href=\"https:\/\/elfsight.com\/de\/social-media-icons-widget\/drupal\/\" \/>\n<meta property=\"og:locale\" content=\"de_DE\" \/>\n<meta property=\"og:type\" content=\"article\" \/>\n<meta property=\"og:title\" content=\"Social Media Icons \u2013 F\u00fcgen Sie das Modul \u201eSocial Icons\u201c zu Drupal hinzu\" \/>\n<meta property=\"og:description\" content=\"Probieren Sie jetzt unsere Social-Media-Icons f\u00fcr Drupal aus. Gestalten Sie in wenigen Minuten individuell gestaltete Symbole f\u00fcr Ihre Website!\" \/>\n<meta property=\"og:url\" content=\"https:\/\/elfsight.com\/de\/social-media-icons-widget\/drupal\/\" \/>\n<meta property=\"og:site_name\" content=\"Elfsight DE\" \/>\n<meta property=\"article:modified_time\" content=\"2025-02-13T06:44:30+00:00\" \/>\n<meta name=\"twitter:card\" content=\"summary_large_image\" \/>\n<meta name=\"twitter:label1\" content=\"Gesch\u00e4tzte Lesezeit\" \/>\n\t<meta name=\"twitter:data1\" content=\"3\u00a0Minuten\" \/>\n<!-- \/ Yoast SEO plugin. -->","yoast_head_json":{"title":"Social Media Icons \u2013 F\u00fcgen Sie das Modul \u201eSocial Icons\u201c zu Drupal hinzu","description":"Probieren Sie jetzt unsere Social-Media-Icons f\u00fcr Drupal aus. Gestalten Sie in wenigen Minuten individuell gestaltete Symbole f\u00fcr Ihre Website!","robots":{"index":"index","follow":"follow","max-snippet":"max-snippet:-1","max-image-preview":"max-image-preview:large","max-video-preview":"max-video-preview:-1"},"canonical":"https:\/\/elfsight.com\/de\/social-media-icons-widget\/drupal\/","og_locale":"de_DE","og_type":"article","og_title":"Social Media Icons \u2013 F\u00fcgen Sie das Modul \u201eSocial Icons\u201c zu Drupal hinzu","og_description":"Probieren Sie jetzt unsere Social-Media-Icons f\u00fcr Drupal aus. Gestalten Sie in wenigen Minuten individuell gestaltete Symbole f\u00fcr Ihre Website!","og_url":"https:\/\/elfsight.com\/de\/social-media-icons-widget\/drupal\/","og_site_name":"Elfsight DE","article_modified_time":"2025-02-13T06:44:30+00:00","twitter_card":"summary_large_image","twitter_misc":{"Gesch\u00e4tzte Lesezeit":"3\u00a0Minuten"},"schema":{"@context":"https:\/\/schema.org","@graph":[{"@type":"WebPage","@id":"https:\/\/elfsight.com\/de\/social-media-icons-widget\/drupal\/","url":"https:\/\/elfsight.com\/de\/social-media-icons-widget\/drupal\/","name":"Social Media Icons \u2013 F\u00fcgen Sie das Modul \u201eSocial Icons\u201c zu Drupal hinzu","isPartOf":{"@id":"https:\/\/elfsight.com\/de\/#website"},"datePublished":"1970-01-01T00:00:00+00:00","dateModified":"2025-02-13T06:44:30+00:00","description":"Probieren Sie jetzt unsere Social-Media-Icons f\u00fcr Drupal aus. Gestalten Sie in wenigen Minuten individuell gestaltete Symbole f\u00fcr Ihre Website!","breadcrumb":{"@id":"https:\/\/elfsight.com\/de\/social-media-icons-widget\/drupal\/#breadcrumb"},"inLanguage":"de","potentialAction":[{"@type":"ReadAction","target":["https:\/\/elfsight.com\/de\/social-media-icons-widget\/drupal\/"]}]},{"@type":"BreadcrumbList","@id":"https:\/\/elfsight.com\/de\/social-media-icons-widget\/drupal\/#breadcrumb","itemListElement":[{"@type":"ListItem","position":1,"name":"Home","item":"https:\/\/elfsight.com\/de\/"},{"@type":"ListItem","position":2,"name":"Social Media Icons","item":"https:\/\/elfsight.com\/de\/social-media-icons-widget\/"},{"@type":"ListItem","position":3,"name":"Social Media Icons &#8211; Drupal"}]},{"@type":"WebSite","@id":"https:\/\/elfsight.com\/de\/#website","url":"https:\/\/elfsight.com\/de\/","name":"Elfsight DE","description":"Just another Elfsight Sites site","potentialAction":[{"@type":"SearchAction","target":{"@type":"EntryPoint","urlTemplate":"https:\/\/elfsight.com\/de\/?s={search_term_string}"},"query-input":{"@type":"PropertyValueSpecification","valueRequired":true,"valueName":"search_term_string"}}],"inLanguage":"de"}]}},"meta_box":{"industry":"","seo_heading":"","heading":"","description":"","cta_heading":"","cta_description":"","application":"466","h1":"Social-Media-Symbole f\u00fcr Drupal","h1_caption":"F\u00fcgen Sie Symbole hinzu, die auf Ihre Social-Media-Profile verweisen, damit Besucher problemlos plattform\u00fcbergreifend auf Ihrer Drupal-Website mit Ihnen in Kontakt treten k\u00f6nnen.","application_category":[],"applications_title":"","applications_request_title":"","applications_request_button_text":"","hero_text":"","hero_video":"","hero_video_schema_markup":"","selling_points_title":"","selling_points_caption":"","selling_points":[],"selling_points_cta_text":"","features_title":"","features":"","ed_cta_examples_text":"","ed_cta_examples_hidden":"","ed_cta_demo_text":"","ed_cta_demo_hidden":"","why_caption":"","why_editor_title":"","why_editor_text":"","why_team_title":"","why_team_text":"","why_service_title":"","why_service_text":"","template_catalog_visible":"0","template_catalog_title":"","template_catalog_text":"","template_catalog_categories_visible":"","demo_title":"Erstellen Sie Ihr Social-Media-Icons-Modul","demo_caption":"Konfigurieren Sie Ihre Social-Media-Symbole und f\u00fcgen Sie sie kostenlos zu Ihrer Drupal-Website hinzu!","default_faq_hidden":"","app_template_category":[],"platform":"261","template_public_id":"","codecanyon_url":"","codecanyon_item_id":"","codecanyon_price":"","pricing_caption":"","pricing_elfsight_apps_hide_column":"","pricing_elfsight_apps_url":"","pricing_codecanyon_price_caption":"","integration_category":[],"integration_request_title":"","integration_request_cta":"","integration_platform":"","integrations":[],"platform_category":[],"video_schema_markup":"","price":"ab 0 $ \/ Monat","trial":"","benefits":[{"text":"Kostenloser Installationsservice"},{"text":"Erfahrener Kundensupport"},{"text":"14-t\u00e4gige R\u00fcckerstattungsgarantie"},{"text":"Zuk\u00fcnftige kostenlose Updates"}],"button_url":"#demo","button_target_blank":"0","button_nofollow":"0","attributes":[{"name":"Installiert","content":"10,000 - 100,000"},{"name":"Reaktionsfreudig","content":"Ja"},{"name":"Kompatible Browser","content":"Firefox, Safari, Opera, Chrome, Edge"}],"tags":[],"tags_disable_links":"0","hide_more_platforms":"0","video_object":"","demo_hide_cta":"0","demo_hide_cloud_options":"0","pricing_title":"","pricing":[{"pricing_icon":"platform","pricing_title":"Elfsight Apps","pricing_title_caption":"Multiplattform-Version, die f\u00fcr jede Site geeignet ist","pricing_price":"ab 0 $ \/ Monat","pricing_price_caption":"Beginnen Sie mit einem kostenlosen Plan","pricing_benefits":[{"text":"Unbegrenzte Domains"},{"text":"Kostenloser Kundensupport und gut dokumentiert"},{"text":"Kostenloser Installationssupport"},{"text":"Tolles Angebot f\u00fcr mehrere Apps"}],"pricing_button_text":"Zur Website hinzuf\u00fcgen","pricing_button_url":"#demo"}],"related_apps_title":"","related_apps_hidden":"0","author":"","image":[],"title":"","job":"","social_networks":[]},"_links":{"self":[{"href":"https:\/\/elfsight.com\/de\/wp-json\/wp\/v2\/pages\/10260","targetHints":{"allow":["GET"]}}],"collection":[{"href":"https:\/\/elfsight.com\/de\/wp-json\/wp\/v2\/pages"}],"about":[{"href":"https:\/\/elfsight.com\/de\/wp-json\/wp\/v2\/types\/page"}],"author":[{"embeddable":true,"href":"https:\/\/elfsight.com\/de\/wp-json\/wp\/v2\/users\/9"}],"replies":[{"embeddable":true,"href":"https:\/\/elfsight.com\/de\/wp-json\/wp\/v2\/comments?post=10260"}],"version-history":[{"count":5,"href":"https:\/\/elfsight.com\/de\/wp-json\/wp\/v2\/pages\/10260\/revisions"}],"predecessor-version":[{"id":24031,"href":"https:\/\/elfsight.com\/de\/wp-json\/wp\/v2\/pages\/10260\/revisions\/24031"}],"up":[{"embeddable":true,"href":"https:\/\/elfsight.com\/de\/wp-json\/wp\/v2\/pages\/2084"}],"wp:attachment":[{"href":"https:\/\/elfsight.com\/de\/wp-json\/wp\/v2\/media?parent=10260"}],"curies":[{"name":"wp","href":"https:\/\/api.w.org\/{rel}","templated":true}]}}