{"id":10259,"date":"1970-01-01T00:00:00","date_gmt":"1970-01-01T00:00:00","guid":{"rendered":"https:\/\/elfsight.com\/de\/?page_id=10259"},"modified":"2025-02-13T07:47:21","modified_gmt":"2025-02-13T07:47:21","slug":"joomla","status":"publish","type":"page","link":"https:\/\/elfsight.com\/de\/social-media-icons-widget\/joomla\/","title":{"rendered":"Social Media Icons &#8211; Joomla"},"content":{"rendered":"\n<div class=\"application-platform-content-item-description application-platform-content-item\" id=\"description\" data-nav-section=\"description\"><h2>Beschreibung<\/h2><p>Einfache und effiziente Social Icons von Elfsight, um Ihre Website mit den ben\u00f6tigten sozialen Netzwerken zu verbinden. Halten Sie den Kontakt zu Ihren Besuchern aufrecht und machen Sie sie zu Ihren Abonnenten. Ein anpassungsf\u00e4higes Layout, flexibles Aussehen und Stil mit fertigen Symbolen aller wichtigen sozialen Medien.<\/p><p><b>F\u00fcgen Sie die Pr\u00e4senz Ihres Unternehmens in sozialen Netzwerken hinzu.<\/b><\/p><ul><li> <b>Erh\u00f6hen Sie Ihre Pr\u00e4senz in sozialen Medien<\/b>.<br>Zeigen Sie den Lesern Ihrer Website, dass Ihr Unternehmen in verschiedenen sozialen Netzwerken eine solide Position einnimmt, und f\u00fchren Sie sie mit einem Mausklick zu Ihren sozialen Profilen.<\/li><li><b>Die h\u00f6chste Leserzahl f\u00fcr Ihre sozialen Medien<\/b>.<br>Geben Sie Website-Kunden eine unkomplizierte M\u00f6glichkeit, Ihre soziale Seite zu besuchen und mehr Leser in sozialen Netzwerken zu gewinnen.<\/li><li><b>Ein starker sozialer Beweis<\/b>.<br>Steigern Sie das Vertrauen der Leser Ihrer Website in Ihr Unternehmen mit Konten in allen trendigen sozialen Netzwerken.<\/li><\/ul><\/div><div class=\"application-platform-content-item-features application-platform-content-item\" id=\"features\" data-nav-section=\"features\"><h2>Funktionen<\/h2><p>Die herausragenden Eigenschaften, die unsere Symbole zur besten sozialen Joomla-Erweiterung machen.<\/p><ul><li>F\u00fcgen Sie ein neues Medium hinzu, indem Sie einfach eine URL einf\u00fcgen Ihr Profil;<\/li><li>5 Optionen f\u00fcr die Symbolgr\u00f6\u00dfe;<\/li><li>Floating-Layout, damit die Symbole dem Bildlauf folgen;<\/li><li>Wei\u00df, Schwarz und native Hintergrundfarben beim Hover; <\/li><li>3 Varianten des Randradius: Kreis, gerundet, quadratischer Randradius.<\/li><\/ul><p><a href=\"#demo\">\u00dcberpr\u00fcfen Sie die Grundfunktionen in unserem Editor<\/a><\/p><\/div><div class=\"application-platform-content-item-installation application-platform-content-item\" id=\"installation\" data-nav-section=\"installation\"><h2>So f\u00fcgen Sie die Erweiterung \u201eSocial Media Icons\u201c zu Joomla hinzu<\/h2><div class=\"video-container\"><iframe width=\"560\" height=\"315\" src=\"https:\/\/www.youtube.com\/embed\/IyRmWOoqhCA?si=ND6SQIIsdY_ad9fc\" frameborder=\"0\" allow=\"accelerometer; autoplay; clipboard-write; encrypted-media; gyroscope; picture-in-picture; web-share\" allowfullscreen><\/iframe><\/div><p>Befolgen Sie einfach die nachstehenden Anweisungen, um Beginnen Sie mit der Arbeit mit dem Tool auf Joomla.<\/p> <ol><li><b>Starten Sie unsere kostenlose Demo und beginnen Sie mit der Erstellung Ihrer individuellen Social-Media-Icons-Erweiterung. <\/b><br> W\u00e4hlen Sie das ausgew\u00e4hlte Aussehen und die Spezifikationen der Erweiterung und speichern Sie die Korrekturen. <\/li> <li><b>Sie erhalten Ihren pers\u00f6nlichen Code, der im Feld von Elfsight Apps angezeigt wird. <\/b><br> Nachdem die Einrichtung Ihres pers\u00f6nlichen Plugins abgeschlossen ist, kopieren Sie den pers\u00f6nlichen Code aus dem angezeigten Popup und bewahren Sie ihn f\u00fcr einen sp\u00e4teren Bedarf auf. <\/li> <li><b>Initiieren Sie die Nutzung des Tools auf der Joomla-Site. <\/b><br> Integrieren Sie den zuvor gespeicherten Code in Ihre Website und speichern Sie die Korrekturen. <\/li> <li><b>Fertig! Die Integration ist vollst\u00e4ndig durchgef\u00fchrt. <\/b><br> Besuchen Sie Ihre Website, um die Funktionsweise des Tools in Aktion zu sehen. <\/li><\/ol><p>Sie k\u00f6nnen die Symbole auf einer Website nicht gestalten oder einf\u00fcgen? Lesen Sie unser umfassendes Tutorial &#8222;<a href=\"https:\/\/elfsight.com\/tutorials\/how-to-add-social-media-icons-to-joomla\/\" target=\"_blank\" rel=\"noopener noreferrer\">Wie Sie Symbole auf Joomla installieren<\/a>&#8220; oder wenden Sie sich an unser Hilfecenter.<\/p><\/div><div class=\"faq\" data-component=\"FAQ\"><div class=\"faq-item\">\r\n\t\t\t\t\t<div class=\"faq-item-question\">\r\n\t\t\t\t\t\t<h3 class=\"faq-item-question-text\">Wie kann ich soziale Medien-Icons ohne Programmierkenntnisse in meine Joomla-Website einbetten?<\/h3>\r\n\r\n\t\t\t\t\t\t<div class=\"faq-item-question-icon\"><\/div>\r\n\t\t\t\t\t<\/div>\r\n\r\n\t\t\t\t\t<div class=\"faq-item-answer\">\r\n\t\t\t\t\t\t<div class=\"faq-item-answer-text\"> Erstellen Sie mit dem Live-Editor einen Abschnitt mit Social-Media-Symbolen, der auf Ihrem Joomla angezeigt werden soll.<\/li><li>Entscheiden Sie sich f\u00fcr eine der vielen vorgefertigten Vorlagen und \u00e4ndern Sie die Einstellungen f\u00fcr Social-Media-Symbole, f\u00fcgen Sie Ihre Inhalte hinzu, transformieren Sie das Layout und Farbschema ohne Programmierkenntnisse.<\/li><li>Speichern Sie die Einstellungen, die Sie in Social Media Icons vorgenommen haben, und erhalten Sie den Widget-Code zum Einbetten, den Sie mit einem kostenlosen Plan m\u00fchelos in die Joomla-Homepage integrieren k\u00f6nnen.<\/li><\/ul><p>Mit unserem unkomplizierten Editor kann jeder Webbenutzer online einen Abschnitt mit Social-Media-Symbolen erstellen und ihn einfach in die Joomla-Site einbinden. F\u00fcr den Zugriff auf Elfsight Editor ist es nicht erforderlich, ein kostenpflichtiges Abonnement abzuschlie\u00dfen oder Ihre Kartendaten einzugeben. Wenn Sie bei irgendeinem Schritt auf Hindernisse sto\u00dfen, wenden Sie sich bitte an unsere Mitarbeiter des technischen Supports.<\/p><\/div>\r\n\t\t\t\t\t<\/div>\r\n\t\t\t\t<\/div><\/div>\n","protected":false},"excerpt":{"rendered":"","protected":false},"author":9,"featured_media":0,"parent":2084,"menu_order":0,"comment_status":"closed","ping_status":"closed","template":"templates\/template-application-platform.php","meta":{"publish_to_discourse":"","publish_post_category":"","wpdc_auto_publish_overridden":"","wpdc_topic_tags":"","wpdc_pin_topic":"","wpdc_pin_until":"","discourse_post_id":"","discourse_permalink":"","wpdc_publishing_response":"","wpdc_publishing_error":"","footnotes":""},"class_list":["post-10259","page","type-page","status-publish","hentry"],"yoast_head":"<!-- This site is optimized with the Yoast SEO plugin v25.3.1 - https:\/\/yoast.com\/wordpress\/plugins\/seo\/ -->\n<title>Social Media Icons \u2013 F\u00fcgen Sie die Erweiterung \u201eSocial Icons\u201c zu Joomla hinzu<\/title>\n<meta name=\"description\" content=\"Testen Sie jetzt Elfsight Social Media Icons f\u00fcr Joomla. Erstellen Sie in nur wenigen Minuten individuelle Symbole f\u00fcr Ihre Website!\" \/>\n<meta name=\"robots\" content=\"index, follow, max-snippet:-1, max-image-preview:large, max-video-preview:-1\" \/>\n<link rel=\"canonical\" href=\"https:\/\/elfsight.com\/de\/social-media-icons-widget\/joomla\/\" \/>\n<meta property=\"og:locale\" content=\"de_DE\" \/>\n<meta property=\"og:type\" content=\"article\" \/>\n<meta property=\"og:title\" content=\"Social Media Icons \u2013 F\u00fcgen Sie die Erweiterung \u201eSocial Icons\u201c zu Joomla hinzu\" \/>\n<meta property=\"og:description\" content=\"Testen Sie jetzt Elfsight Social Media Icons f\u00fcr Joomla. Erstellen Sie in nur wenigen Minuten individuelle Symbole f\u00fcr Ihre Website!\" \/>\n<meta property=\"og:url\" content=\"https:\/\/elfsight.com\/de\/social-media-icons-widget\/joomla\/\" \/>\n<meta property=\"og:site_name\" content=\"Elfsight DE\" \/>\n<meta property=\"article:modified_time\" content=\"2025-02-13T07:47:21+00:00\" \/>\n<meta name=\"twitter:card\" content=\"summary_large_image\" \/>\n<meta name=\"twitter:label1\" content=\"Gesch\u00e4tzte Lesezeit\" \/>\n\t<meta name=\"twitter:data1\" content=\"3\u00a0Minuten\" \/>\n<!-- \/ Yoast SEO plugin. -->","yoast_head_json":{"title":"Social Media Icons \u2013 F\u00fcgen Sie die Erweiterung \u201eSocial Icons\u201c zu Joomla hinzu","description":"Testen Sie jetzt Elfsight Social Media Icons f\u00fcr Joomla. Erstellen Sie in nur wenigen Minuten individuelle Symbole f\u00fcr Ihre Website!","robots":{"index":"index","follow":"follow","max-snippet":"max-snippet:-1","max-image-preview":"max-image-preview:large","max-video-preview":"max-video-preview:-1"},"canonical":"https:\/\/elfsight.com\/de\/social-media-icons-widget\/joomla\/","og_locale":"de_DE","og_type":"article","og_title":"Social Media Icons \u2013 F\u00fcgen Sie die Erweiterung \u201eSocial Icons\u201c zu Joomla hinzu","og_description":"Testen Sie jetzt Elfsight Social Media Icons f\u00fcr Joomla. Erstellen Sie in nur wenigen Minuten individuelle Symbole f\u00fcr Ihre Website!","og_url":"https:\/\/elfsight.com\/de\/social-media-icons-widget\/joomla\/","og_site_name":"Elfsight DE","article_modified_time":"2025-02-13T07:47:21+00:00","twitter_card":"summary_large_image","twitter_misc":{"Gesch\u00e4tzte Lesezeit":"3\u00a0Minuten"},"schema":{"@context":"https:\/\/schema.org","@graph":[{"@type":"WebPage","@id":"https:\/\/elfsight.com\/de\/social-media-icons-widget\/joomla\/","url":"https:\/\/elfsight.com\/de\/social-media-icons-widget\/joomla\/","name":"Social Media Icons \u2013 F\u00fcgen Sie die Erweiterung \u201eSocial Icons\u201c zu Joomla hinzu","isPartOf":{"@id":"https:\/\/elfsight.com\/de\/#website"},"datePublished":"1970-01-01T00:00:00+00:00","dateModified":"2025-02-13T07:47:21+00:00","description":"Testen Sie jetzt Elfsight Social Media Icons f\u00fcr Joomla. Erstellen Sie in nur wenigen Minuten individuelle Symbole f\u00fcr Ihre Website!","breadcrumb":{"@id":"https:\/\/elfsight.com\/de\/social-media-icons-widget\/joomla\/#breadcrumb"},"inLanguage":"de","potentialAction":[{"@type":"ReadAction","target":["https:\/\/elfsight.com\/de\/social-media-icons-widget\/joomla\/"]}]},{"@type":"BreadcrumbList","@id":"https:\/\/elfsight.com\/de\/social-media-icons-widget\/joomla\/#breadcrumb","itemListElement":[{"@type":"ListItem","position":1,"name":"Home","item":"https:\/\/elfsight.com\/de\/"},{"@type":"ListItem","position":2,"name":"Social Media Icons","item":"https:\/\/elfsight.com\/de\/social-media-icons-widget\/"},{"@type":"ListItem","position":3,"name":"Social Media Icons &#8211; Joomla"}]},{"@type":"WebSite","@id":"https:\/\/elfsight.com\/de\/#website","url":"https:\/\/elfsight.com\/de\/","name":"Elfsight DE","description":"Just another Elfsight Sites site","potentialAction":[{"@type":"SearchAction","target":{"@type":"EntryPoint","urlTemplate":"https:\/\/elfsight.com\/de\/?s={search_term_string}"},"query-input":{"@type":"PropertyValueSpecification","valueRequired":true,"valueName":"search_term_string"}}],"inLanguage":"de"}]}},"meta_box":{"industry":"","seo_heading":"","heading":"","description":"","cta_heading":"","cta_description":"","application":"466","h1":"Social-Media-Symbole f\u00fcr Joomla","h1_caption":"F\u00fcgen Sie Symbole hinzu, die auf Ihre Social-Media-Profile verweisen, damit Besucher m\u00fchelos plattform\u00fcbergreifend auf Ihrer Joomla-Website mit Ihnen in Kontakt treten k\u00f6nnen.","application_category":[],"applications_title":"","applications_request_title":"","applications_request_button_text":"","hero_text":"","hero_video":"","hero_video_schema_markup":"","selling_points_title":"","selling_points_caption":"","selling_points":[],"selling_points_cta_text":"","features_title":"","features":"","ed_cta_examples_text":"","ed_cta_examples_hidden":"","ed_cta_demo_text":"","ed_cta_demo_hidden":"","why_caption":"","why_editor_title":"","why_editor_text":"","why_team_title":"","why_team_text":"","why_service_title":"","why_service_text":"","template_catalog_visible":"0","template_catalog_title":"","template_catalog_text":"","template_catalog_categories_visible":"","demo_title":"Erstellen Sie Ihr Social-Media-Icons-Plugin","demo_caption":"Konfigurieren Sie Ihre Social-Media-Symbole und f\u00fcgen Sie sie kostenlos zu Ihrer Joomla-Website hinzu!","default_faq_hidden":"","app_template_category":[],"platform":"259","template_public_id":"","codecanyon_url":"","codecanyon_item_id":"","codecanyon_price":"","pricing_caption":"","pricing_elfsight_apps_hide_column":"","pricing_elfsight_apps_url":"","pricing_codecanyon_price_caption":"","integration_category":[],"integration_request_title":"","integration_request_cta":"","integration_platform":"","integrations":[],"platform_category":[],"video_schema_markup":"","price":"ab 0 $ \/ Monat","trial":"","benefits":[{"text":"Kostenlose Installationshilfe"},{"text":"Au\u00dfergew\u00f6hnlicher Support"},{"text":"14-t\u00e4gige Geld-zur\u00fcck-Garantie"},{"text":"St\u00e4ndige Aktualisierung"}],"button_url":"#demo","button_target_blank":"0","button_nofollow":"0","attributes":[{"name":"Installiert","content":"10,000 - 100,000"},{"name":"Reaktionsfreudig","content":"Ja"},{"name":"Kompatible Browser","content":"Firefox, Safari, Opera, Chrome, Edge"}],"tags":[],"tags_disable_links":"0","hide_more_platforms":"0","video_object":"","demo_hide_cta":"0","demo_hide_cloud_options":"0","pricing_title":"","pricing":[{"pricing_icon":"platform","pricing_title":"Elfsight Apps","pricing_title_caption":"Plattformunabh\u00e4ngige Version, die f\u00fcr jede Site geeignet ist","pricing_price":"ab 0 $ \/ Monat","pricing_price_caption":"Beginnen Sie mit einem kostenlosen Plan","pricing_benefits":[{"text":"Unbegrenzte Domains"},{"text":"Kundensupport rund um die Uhr"},{"text":"Kostenlose Installationsunterst\u00fctzung"},{"text":"Zeitlich begrenztes Angebot f\u00fcr mehrere Apps"}],"pricing_button_text":"Zur Website hinzuf\u00fcgen","pricing_button_url":"#demo"}],"related_apps_title":"","related_apps_hidden":"0","author":"","image":[],"title":"","job":"","social_networks":[]},"_links":{"self":[{"href":"https:\/\/elfsight.com\/de\/wp-json\/wp\/v2\/pages\/10259","targetHints":{"allow":["GET"]}}],"collection":[{"href":"https:\/\/elfsight.com\/de\/wp-json\/wp\/v2\/pages"}],"about":[{"href":"https:\/\/elfsight.com\/de\/wp-json\/wp\/v2\/types\/page"}],"author":[{"embeddable":true,"href":"https:\/\/elfsight.com\/de\/wp-json\/wp\/v2\/users\/9"}],"replies":[{"embeddable":true,"href":"https:\/\/elfsight.com\/de\/wp-json\/wp\/v2\/comments?post=10259"}],"version-history":[{"count":4,"href":"https:\/\/elfsight.com\/de\/wp-json\/wp\/v2\/pages\/10259\/revisions"}],"predecessor-version":[{"id":24036,"href":"https:\/\/elfsight.com\/de\/wp-json\/wp\/v2\/pages\/10259\/revisions\/24036"}],"up":[{"embeddable":true,"href":"https:\/\/elfsight.com\/de\/wp-json\/wp\/v2\/pages\/2084"}],"wp:attachment":[{"href":"https:\/\/elfsight.com\/de\/wp-json\/wp\/v2\/media?parent=10259"}],"curies":[{"name":"wp","href":"https:\/\/api.w.org\/{rel}","templated":true}]}}