{"id":10258,"date":"1970-01-01T00:00:00","date_gmt":"1970-01-01T00:00:00","guid":{"rendered":"https:\/\/elfsight.com\/de\/?page_id=10258"},"modified":"2025-02-13T08:26:54","modified_gmt":"2025-02-13T08:26:54","slug":"magento","status":"publish","type":"page","link":"https:\/\/elfsight.com\/de\/social-media-icons-widget\/magento\/","title":{"rendered":"Social Media Icons &#8211; Magento"},"content":{"rendered":"\n<div class=\"application-platform-content-item-description application-platform-content-item\" id=\"description\" data-nav-section=\"description\"><h2>Beschreibung<\/h2><p>Praktische und vorteilhafte Social Icons von Elfsight, um Ihre Website mit allen sozialen Medien zu verbinden. Unterst\u00fctzen Sie weiterhin die Bindung zu Ihren Benutzern und verwandeln Sie sie in Ihre Follower. Eine responsive Vorlage, umfassende Anpassung der Benutzeroberfl\u00e4che und des Designs mit eingebetteten Symbolen aller beliebtesten sozialen Medien.<\/p><p><b>Verbessern Sie die Reichweite Ihres Unternehmens im Bereich sozialer Dienste.<\/b><\/p><ul><li><b>Eine zus\u00e4tzliche M\u00f6glichkeit, mit Kunden in Kontakt zu treten<\/b>.<br>Soziale Netzwerke sind eine weitere M\u00f6glichkeit, mit Kunden in Kontakt zu bleiben und bieten die M\u00f6glichkeit, Ihre Beziehungen zu vertiefen.<\/li><li> <b>Mehr Abonnenten in sozialen Medien erreichen<\/b>.<br>Steigern Sie die Leser Ihrer Medienprofile ununterbrochen, ziehen Sie Besucher der Website an und verwandeln Sie sie in Fans.<\/li><li><b> Bleiben Sie st\u00e4ndig mit Kunden in Kontakt<\/b>.<br>Es erm\u00f6glicht Kunden, Sie auf einfachste Weise anzusprechen und Unterst\u00fctzung \u00fcber soziale Medien zu erhalten.<\/li><li><b>Steigern Sie die Interaktion mit Benutzern auf ein h\u00f6here Stufe<\/b>.<br>Demonstrieren Sie Ihren alten und neuen Kunden mehr Tools zur Kontaktaufnahme und st\u00e4rken Sie die Qualit\u00e4t des Help Centers.<\/li><\/ul><\/div><div class=\"application-platform-content-item-features application-platform-content-item\" id=\"features\" data-nav-section=\"features\"><h2>Funktionen<\/h2><p>Die herausragendsten Merkmale, die Elfsight-Symbole in die beste Magento-Social-Extension verwandeln.<\/p><ul><li>Unbegrenzt viele Symbole hinzuf\u00fcgen;<\/li><li>\u00c4ndern Sie die Reihenfolge Demonstration von Symbolen;<\/li><li>2 Layouts: Inline und Floating;<\/li><li>3 Farbschemata f\u00fcr Symbole, Hintergrund und Hover-Effekt;<\/li><li>5 Arten von Animationen beim Hover. <\/li><\/ul><p><a href=\"#demo\">Testen Sie die herausragenden Funktionen in der Elfsight-Demo<\/a><\/p><\/div><div class=\"application-platform-content-item-installation application-platform-content-item\" id=\"installation\" data-nav-section=\"installation\"><h2> So f\u00fcgen Sie Social-Media-Symbole zur Magento-Website hinzu<\/h2><p>F\u00fchren Sie einfach die folgenden Richtlinien aus, um mit der Arbeit mit der Erweiterung auf Magento zu beginnen.<\/p> <ol><li><b>Starten Sie unsere kostenlose Demo und beginnen Sie mit der Gestaltung Ihr personalisiertes Instrument. <\/b><br> Suchen Sie das benutzerdefinierte Formular und die Parameter der Erweiterung und speichern Sie die \u00c4nderungen. <\/li> <li><b>Lassen Sie Ihren einzigartigen Code in der speziellen Form auf Elfsight Apps offenlegen. <\/b><br> Kopieren Sie unmittelbar nach Abschluss der Anpassung Ihrer pers\u00f6nlichen Social-Media-Symbole den exklusiven Code aus dem angezeigten Feld und speichern Sie ihn f\u00fcr den sp\u00e4teren Bedarf. <\/li> <li><b>Initiieren Sie die Anwendung der Erweiterung auf Ihrer Magento-Webseite. <\/b><br> F\u00fcgen Sie den zuvor gespeicherten Code in Ihre Website ein und \u00fcbernehmen Sie die \u00c4nderungen. <\/li> <li><b>Du bist fertig! Die Einrichtung ist erfolgreich abgeschlossen. <\/b><br> Besuchen Sie Ihre Website, um zu \u00fcberpr\u00fcfen, wie die Erweiterung funktioniert. <\/li><\/ol><p>F\u00e4llt es Ihnen schwer, die Symbole auf einer Website zu entwerfen oder einzuf\u00fcgen? Lesen Sie unsere ausf\u00fchrliche Anleitung <a href=\"https:\/\/elfsight.com\/tutorials\/how-to-add-social-media-icons-to-magento\/\" target=\"_blank\" rel=\"noopener noreferrer\">Wie Sie Symbole auf Magento anzeigen<\/a> oder hinterlassen Sie Ihre Nachricht bei unserem Support-Team.<\/p><\/div><div class=\"faq\" data-component=\"FAQ\"><div class=\"faq-item\">\r\n\t\t\t\t\t<div class=\"faq-item-question\">\r\n\t\t\t\t\t\t<h3 class=\"faq-item-question-text\">Gibt es eine Methode, um Social-Media-Symbole ohne Programmierkenntnisse in meine Magento-Website einzubetten?<\/h3>\r\n\r\n\t\t\t\t\t\t<div class=\"faq-item-question-icon\"><\/div>\r\n\t\t\t\t\t<\/div>\r\n\r\n\t\t\t\t\t<div class=\"faq-item-answer\">\r\n\t\t\t\t\t\t<div class=\"faq-item-answer-text\"><p>Das Unternehmen Elfsight stellt eine SaaS-L\u00f6sung vor, mit der Benutzer selbst einen Abschnitt mit Social-Media-Symbolen erstellen k\u00f6nnen. Erfahren Sie die einfachen Anweisungen: <\/p><ul><li> Gehen Sie zur Live-Demo, um eine Social-Media-Icons-App zu erstellen, die Sie auf der Magento-Site einbinden m\u00f6chten.<\/li><li>W\u00e4hlen Sie eine der vielen vorgefertigten Vorlagen aus und \u00e4ndern Sie die Social-Media-Icons-Einstellungen, aktualisieren Sie Ihren Inhalt und \u00e4ndern Sie das Layout und Farben ohne Codierung.<\/li><li>Klicken Sie hier, um die Social Media Icons zu speichern und den Code zur Installation zu erhalten, der einfach und kostenlos in die Magento-Homepage eingebettet werden kann.<\/li><\/ul><p> Mit unserem benutzerfreundlichen Konfigurator kann jeder Webbenutzer ein Social-Media-Icons-Widget erstellen und es einfach in die Magento-Webseite einf\u00fcgen. F\u00fcr den Zugriff auf den Elfsight-Service ist es nicht erforderlich, zu bezahlen oder Ihre Kartendaten einzugeben. Sollten bei irgendeinem Schritt Probleme auftreten, wenden Sie sich bitte an unser Support-Team.<\/p><\/div>\r\n\t\t\t\t\t<\/div>\r\n\t\t\t\t<\/div><\/div>\n","protected":false},"excerpt":{"rendered":"","protected":false},"author":9,"featured_media":0,"parent":2084,"menu_order":0,"comment_status":"closed","ping_status":"closed","template":"templates\/template-application-platform.php","meta":{"publish_to_discourse":"","publish_post_category":"","wpdc_auto_publish_overridden":"","wpdc_topic_tags":"","wpdc_pin_topic":"","wpdc_pin_until":"","discourse_post_id":"","discourse_permalink":"","wpdc_publishing_response":"","wpdc_publishing_error":"","footnotes":""},"class_list":["post-10258","page","type-page","status-publish","hentry"],"yoast_head":"<!-- This site is optimized with the Yoast SEO plugin v25.3.1 - https:\/\/yoast.com\/wordpress\/plugins\/seo\/ -->\n<title>Social Media Icons \u2013 F\u00fcgen Sie die Social Icons-Erweiterung zu Magento hinzu<\/title>\n<meta name=\"description\" content=\"Schauen Sie sich kostenlos unsere Social-Media-Icons f\u00fcr Magento an. Entwerfen Sie in wenigen Minuten benutzerdefinierte Symbole f\u00fcr Ihre Website!\" \/>\n<meta name=\"robots\" content=\"index, follow, max-snippet:-1, max-image-preview:large, max-video-preview:-1\" \/>\n<link rel=\"canonical\" href=\"https:\/\/elfsight.com\/de\/social-media-icons-widget\/magento\/\" \/>\n<meta property=\"og:locale\" content=\"de_DE\" \/>\n<meta property=\"og:type\" content=\"article\" \/>\n<meta property=\"og:title\" content=\"Social Media Icons \u2013 F\u00fcgen Sie die Social Icons-Erweiterung zu Magento hinzu\" \/>\n<meta property=\"og:description\" content=\"Schauen Sie sich kostenlos unsere Social-Media-Icons f\u00fcr Magento an. Entwerfen Sie in wenigen Minuten benutzerdefinierte Symbole f\u00fcr Ihre Website!\" \/>\n<meta property=\"og:url\" content=\"https:\/\/elfsight.com\/de\/social-media-icons-widget\/magento\/\" \/>\n<meta property=\"og:site_name\" content=\"Elfsight DE\" \/>\n<meta property=\"article:modified_time\" content=\"2025-02-13T08:26:54+00:00\" \/>\n<meta name=\"twitter:card\" content=\"summary_large_image\" \/>\n<meta name=\"twitter:label1\" content=\"Gesch\u00e4tzte Lesezeit\" \/>\n\t<meta name=\"twitter:data1\" content=\"4\u00a0Minuten\" \/>\n<!-- \/ Yoast SEO plugin. -->","yoast_head_json":{"title":"Social Media Icons \u2013 F\u00fcgen Sie die Social Icons-Erweiterung zu Magento hinzu","description":"Schauen Sie sich kostenlos unsere Social-Media-Icons f\u00fcr Magento an. Entwerfen Sie in wenigen Minuten benutzerdefinierte Symbole f\u00fcr Ihre Website!","robots":{"index":"index","follow":"follow","max-snippet":"max-snippet:-1","max-image-preview":"max-image-preview:large","max-video-preview":"max-video-preview:-1"},"canonical":"https:\/\/elfsight.com\/de\/social-media-icons-widget\/magento\/","og_locale":"de_DE","og_type":"article","og_title":"Social Media Icons \u2013 F\u00fcgen Sie die Social Icons-Erweiterung zu Magento hinzu","og_description":"Schauen Sie sich kostenlos unsere Social-Media-Icons f\u00fcr Magento an. Entwerfen Sie in wenigen Minuten benutzerdefinierte Symbole f\u00fcr Ihre Website!","og_url":"https:\/\/elfsight.com\/de\/social-media-icons-widget\/magento\/","og_site_name":"Elfsight DE","article_modified_time":"2025-02-13T08:26:54+00:00","twitter_card":"summary_large_image","twitter_misc":{"Gesch\u00e4tzte Lesezeit":"4\u00a0Minuten"},"schema":{"@context":"https:\/\/schema.org","@graph":[{"@type":"WebPage","@id":"https:\/\/elfsight.com\/de\/social-media-icons-widget\/magento\/","url":"https:\/\/elfsight.com\/de\/social-media-icons-widget\/magento\/","name":"Social Media Icons \u2013 F\u00fcgen Sie die Social Icons-Erweiterung zu Magento hinzu","isPartOf":{"@id":"https:\/\/elfsight.com\/de\/#website"},"datePublished":"1970-01-01T00:00:00+00:00","dateModified":"2025-02-13T08:26:54+00:00","description":"Schauen Sie sich kostenlos unsere Social-Media-Icons f\u00fcr Magento an. Entwerfen Sie in wenigen Minuten benutzerdefinierte Symbole f\u00fcr Ihre Website!","breadcrumb":{"@id":"https:\/\/elfsight.com\/de\/social-media-icons-widget\/magento\/#breadcrumb"},"inLanguage":"de","potentialAction":[{"@type":"ReadAction","target":["https:\/\/elfsight.com\/de\/social-media-icons-widget\/magento\/"]}]},{"@type":"BreadcrumbList","@id":"https:\/\/elfsight.com\/de\/social-media-icons-widget\/magento\/#breadcrumb","itemListElement":[{"@type":"ListItem","position":1,"name":"Home","item":"https:\/\/elfsight.com\/de\/"},{"@type":"ListItem","position":2,"name":"Social Media Icons","item":"https:\/\/elfsight.com\/de\/social-media-icons-widget\/"},{"@type":"ListItem","position":3,"name":"Social Media Icons &#8211; Magento"}]},{"@type":"WebSite","@id":"https:\/\/elfsight.com\/de\/#website","url":"https:\/\/elfsight.com\/de\/","name":"Elfsight DE","description":"Just another Elfsight Sites site","potentialAction":[{"@type":"SearchAction","target":{"@type":"EntryPoint","urlTemplate":"https:\/\/elfsight.com\/de\/?s={search_term_string}"},"query-input":{"@type":"PropertyValueSpecification","valueRequired":true,"valueName":"search_term_string"}}],"inLanguage":"de"}]}},"meta_box":{"industry":"","seo_heading":"","heading":"","description":"","cta_heading":"","cta_description":"","application":"466","h1":"Social-Media-Symbole f\u00fcr Magento","h1_caption":"F\u00fcgen Sie Symbole hinzu, die auf Ihre Social-Media-Profile verweisen, damit Besucher problemlos plattform\u00fcbergreifend auf Ihrer Magento-Website mit Ihnen in Kontakt treten k\u00f6nnen.","application_category":[],"applications_title":"","applications_request_title":"","applications_request_button_text":"","hero_text":"","hero_video":"","hero_video_schema_markup":"","selling_points_title":"","selling_points_caption":"","selling_points":[],"selling_points_cta_text":"","features_title":"","features":"","ed_cta_examples_text":"","ed_cta_examples_hidden":"","ed_cta_demo_text":"","ed_cta_demo_hidden":"","why_caption":"","why_editor_title":"","why_editor_text":"","why_team_title":"","why_team_text":"","why_service_title":"","why_service_text":"","template_catalog_visible":"0","template_catalog_title":"","template_catalog_text":"","template_catalog_categories_visible":"","demo_title":"Erstellen Sie Ihre Social Media Icons-Erweiterung","demo_caption":"Konfigurieren Sie Ihre Social-Media-Symbole und f\u00fcgen Sie sie kostenlos zu Ihrer Magento-Website hinzu!","default_faq_hidden":"","app_template_category":[],"platform":"256","template_public_id":"","codecanyon_url":"","codecanyon_item_id":"","codecanyon_price":"","pricing_caption":"","pricing_elfsight_apps_hide_column":"","pricing_elfsight_apps_url":"","pricing_codecanyon_price_caption":"","integration_category":[],"integration_request_title":"","integration_request_cta":"","integration_platform":"","integrations":[],"platform_category":[],"video_schema_markup":"","price":"ab 0 $ \/ Monat","trial":"","benefits":[{"text":"Kostenlose Installationsunterst\u00fctzung"},{"text":"Kompetenter Kundenservice"},{"text":"14-t\u00e4gige R\u00fcckerstattungsgarantie"},{"text":"Regelm\u00e4\u00dfige Verbesserungen"}],"button_url":"#demo","button_target_blank":"0","button_nofollow":"0","attributes":[{"name":"Installiert","content":"10,000 - 100,000"},{"name":"Reaktionsfreudig","content":"Ja"},{"name":"Kompatible Browser","content":"Firefox, Safari, Opera, Chrome, Edge"}],"tags":[],"tags_disable_links":"0","hide_more_platforms":"0","video_object":"","demo_hide_cta":"0","demo_hide_cloud_options":"0","pricing_title":"","pricing":[{"pricing_icon":"platform","pricing_title":"Elfsight Apps","pricing_title_caption":"Plattform\u00fcbergreifende L\u00f6sung, die f\u00fcr jede Website geeignet ist","pricing_price":"ab 0 $ \/ Monat","pricing_price_caption":"Beginnen Sie mit einem kostenlosen Plan","pricing_benefits":[{"text":"Unbegrenzte Domains"},{"text":"Kostenloser und p\u00fcnktlicher Support und gut dokumentiert"},{"text":"Kostenlose Installationsunterst\u00fctzung"},{"text":"100 % anpassbar"}],"pricing_button_text":"Zur Website hinzuf\u00fcgen","pricing_button_url":"#demo"}],"related_apps_title":"","related_apps_hidden":"0","author":"","image":[],"title":"","job":"","social_networks":[]},"_links":{"self":[{"href":"https:\/\/elfsight.com\/de\/wp-json\/wp\/v2\/pages\/10258","targetHints":{"allow":["GET"]}}],"collection":[{"href":"https:\/\/elfsight.com\/de\/wp-json\/wp\/v2\/pages"}],"about":[{"href":"https:\/\/elfsight.com\/de\/wp-json\/wp\/v2\/types\/page"}],"author":[{"embeddable":true,"href":"https:\/\/elfsight.com\/de\/wp-json\/wp\/v2\/users\/9"}],"replies":[{"embeddable":true,"href":"https:\/\/elfsight.com\/de\/wp-json\/wp\/v2\/comments?post=10258"}],"version-history":[{"count":3,"href":"https:\/\/elfsight.com\/de\/wp-json\/wp\/v2\/pages\/10258\/revisions"}],"predecessor-version":[{"id":24043,"href":"https:\/\/elfsight.com\/de\/wp-json\/wp\/v2\/pages\/10258\/revisions\/24043"}],"up":[{"embeddable":true,"href":"https:\/\/elfsight.com\/de\/wp-json\/wp\/v2\/pages\/2084"}],"wp:attachment":[{"href":"https:\/\/elfsight.com\/de\/wp-json\/wp\/v2\/media?parent=10258"}],"curies":[{"name":"wp","href":"https:\/\/api.w.org\/{rel}","templated":true}]}}