{"id":10251,"date":"1970-01-01T00:00:00","date_gmt":"1970-01-01T00:00:00","guid":{"rendered":"https:\/\/elfsight.com\/de\/?page_id=10251"},"modified":"2025-02-13T08:45:32","modified_gmt":"2025-02-13T08:45:32","slug":"opencart","status":"publish","type":"page","link":"https:\/\/elfsight.com\/de\/social-media-icons-widget\/opencart\/","title":{"rendered":"Social Media Icons &#8211; OpenCart"},"content":{"rendered":"\n<div class=\"application-platform-content-item-description application-platform-content-item\" id=\"description\" data-nav-section=\"description\"><h2>Beschreibung<\/h2><p>Einfache und vorteilhafte Social Icons von Elfsight, um Ihre Website mit verschiedenen sozialen Medien zu verbinden. Bleiben Sie mit Ihren Nutzern in Kontakt und machen Sie sie zu Ihren Fans. Eine adaptive Vorlage, vollst\u00e4ndige Anpassung der Benutzeroberfl\u00e4che und des Designs mit gebrauchsfertigen Symbolen aller wichtigen sozialen Medien.<\/p><p><b>Erh\u00f6hen Sie die Pr\u00e4senz Ihres Unternehmens in sozialen Medien.<\/b><\/p> <ul><li><b>Eine zus\u00e4tzliche M\u00f6glichkeit, mit Kunden zu kommunizieren<\/b>.<br>Soziale Medien sind eine weitere Variante, um mit Kunden in Kontakt zu bleiben und bieten die M\u00f6glichkeit, Ihre Beziehungen auszubauen.<\/li><li><b>H\u00f6chste Besucherzahl f\u00fcr Ihre sozialen Profile<\/b>.<br>Geben Sie Website-Besuchern den Weg zu Ihrem sozialen Profil und freuen Sie sich \u00fcber mehr Besucher in sozialen Netzwerken.<\/li><li><b>Steigern Sie die Interaktion mit Besuchern zur n\u00e4chsten Stufe<\/b>.<br>Demonstrieren Sie Ihren alten und neuen Kunden mehr Tools zur Kommunikation und zur Steigerung der Qualit\u00e4t des Help Centers.<\/li><\/ul><\/div><div class=\"application-platform-content-item-features application-platform-content-item\" id=\"features\" data-nav-section=\"features\"><h2>Features<\/h2><p>Die herausragendsten Eigenschaften, die unsere Icons zur besten OpenCart-Social-Extension machen.<\/p><ul><li>F\u00fcgen Sie ein neues Medium hinzu, indem Sie einfach eine URL in Ihr Profil einf\u00fcgen;<\/li><li>Symbole duplizieren und l\u00f6schen;<\/li><li>2 Layouts: Inline und Floating;<\/li><li>Native, wei\u00dfe und schwarze Hintergrundfarben;<\/li><li>Anpassbare Deckkraft in Prozent der Symbole und Hover.<\/li><\/ul><p><a href=\"#demo\">Testen Sie am meisten Hervorragende Funktionen im Elfsight-Editor<\/a><\/p><\/div><div class=\"application-platform-content-item-installation application-platform-content-item\" id=\"installation\" data-nav-section=\"installation\"><h2>So f\u00fcgen Sie soziale Symbole zu OpenCart hinzu<\/h2><p>Befolgen Sie einfach die folgenden Richtlinien, um die einzuf\u00fcgen Tool auf OpenCart.<\/p> <ol><li><b>F\u00fchren Sie unseren kostenlosen Konfigurator aus und beginnen Sie mit der Erstellung Ihres ma\u00dfgeschneiderten Instruments. <\/b><br> Geben Sie das bevorzugte Layout und die Eigenschaften der Erweiterung an und wenden Sie die \u00c4nderungen an. <\/li> <li><b>Holen Sie sich den individuellen Code, der in der Box auf Elfsight Apps angezeigt wird. <\/b><br> Sobald die Erstellung Ihrer pers\u00f6nlichen Social-Media-Symbole abgeschlossen ist, kopieren Sie den individuellen Code aus dem erscheinenden Feld und speichern Sie ihn f\u00fcr einen sp\u00e4teren Anlass. <\/li> <li><b>Beginnen Sie mit der Verwendung des Widgets auf Ihrer OpenCart-Website. <\/b><br> F\u00fcgen Sie den k\u00fcrzlich gespeicherten Code auf Ihrer Seite ein und wenden Sie die Korrekturen an. <\/li> <li><b>Die Installation wurde erfolgreich durchgef\u00fchrt. <\/b><br> Besuchen Sie Ihre Website, um in Aktion zu sehen, wie das Widget funktioniert. <\/li><\/ol> <p>F\u00e4llt es Ihnen schwer, einer Website Symbole hinzuzuf\u00fcgen oder festzulegen? Lesen Sie unser vollst\u00e4ndiges Handbuch <a href=\"https:\/\/elfsight.com\/tutorials\/how-to-add-social-media-icons-to-opencart\/\" target=\"_blank\" rel=\"noopener noreferrer\">Wie Sie Symbole auf OpenCart hinzuf\u00fcgen<\/a> oder wenden Sie sich an unser Hilfecenter.<\/p><\/div><div class=\"faq\" data-component=\"FAQ\"><div class=\"faq-item\">\r\n\t\t\t\t\t<div class=\"faq-item-question\">\r\n\t\t\t\t\t\t<h3 class=\"faq-item-question-text\">Gibt es eine M\u00f6glichkeit, Social-Media-Symbole ohne Codierung zu meiner OpenCart-Webseite hinzuzuf\u00fcgen?<\/h3>\r\n\r\n\t\t\t\t\t\t<div class=\"faq-item-question-icon\"><\/div>\r\n\t\t\t\t\t<\/div>\r\n\r\n\t\t\t\t\t<div class=\"faq-item-answer\">\r\n\t\t\t\t\t\t<div class=\"faq-item-answer-text\"> So betten Sie Social-Media-Symbole in Ihre OpenCart-Seite ein, ohne Programmierkenntnisse:<\/li><li>W\u00e4hlen Sie eine unserer vorgefertigten Vorlagen aus und \u00e4ndern Sie die Einstellungen f\u00fcr Social-Media-Symbole, f\u00fcgen Sie Ihre Inhalte ein, \u00e4ndern Sie das Layout und das Farbschema mit Keine Programmierkenntnisse.<\/li><li>Speichern Sie die Social Media Icons und erhalten Sie den Installationscode, der m\u00fchelos in jede OpenCart-Site eingef\u00fcgt werden kann, ohne einen kostenpflichtigen Plan zu kaufen.<\/li><\/ul><p>Mit dem Mit dem unkomplizierten Konfigurator kann jeder Webbenutzer einen Abschnitt mit Social-Media-Symbolen erstellen und einfach in seine OpenCart-Website einbetten. Sie d\u00fcrfen weder bezahlen noch Ihre Kartendaten offenlegen, um auf den Dienst zuzugreifen. Sollten Sie bei irgendeinem Schritt auf Hindernisse sto\u00dfen, wenden Sie sich bitte an unseren Kundensupport.<\/p><\/div>\r\n\t\t\t\t\t<\/div>\r\n\t\t\t\t<\/div><\/div>\n","protected":false},"excerpt":{"rendered":"","protected":false},"author":9,"featured_media":0,"parent":2084,"menu_order":0,"comment_status":"closed","ping_status":"closed","template":"templates\/template-application-platform.php","meta":{"publish_to_discourse":"","publish_post_category":"","wpdc_auto_publish_overridden":"","wpdc_topic_tags":"","wpdc_pin_topic":"","wpdc_pin_until":"","discourse_post_id":"","discourse_permalink":"","wpdc_publishing_response":"","wpdc_publishing_error":"","footnotes":""},"class_list":["post-10251","page","type-page","status-publish","hentry"],"yoast_head":"<!-- This site is optimized with the Yoast SEO plugin v25.3.1 - https:\/\/yoast.com\/wordpress\/plugins\/seo\/ -->\n<title>Social Media Icons \u2013 F\u00fcgen Sie die Social Icons-Erweiterung zu OpenCart hinzu<\/title>\n<meta name=\"description\" content=\"Probieren Sie jetzt Elfsight Social Media Icons f\u00fcr OpenCart aus. Generieren Sie in wenigen Minuten einzigartige Symbole f\u00fcr Ihre Website!\" \/>\n<meta name=\"robots\" content=\"index, follow, max-snippet:-1, max-image-preview:large, max-video-preview:-1\" \/>\n<link rel=\"canonical\" href=\"https:\/\/elfsight.com\/de\/social-media-icons-widget\/opencart\/\" \/>\n<meta property=\"og:locale\" content=\"de_DE\" \/>\n<meta property=\"og:type\" content=\"article\" \/>\n<meta property=\"og:title\" content=\"Social Media Icons \u2013 F\u00fcgen Sie die Social Icons-Erweiterung zu OpenCart hinzu\" \/>\n<meta property=\"og:description\" content=\"Probieren Sie jetzt Elfsight Social Media Icons f\u00fcr OpenCart aus. Generieren Sie in wenigen Minuten einzigartige Symbole f\u00fcr Ihre Website!\" \/>\n<meta property=\"og:url\" content=\"https:\/\/elfsight.com\/de\/social-media-icons-widget\/opencart\/\" \/>\n<meta property=\"og:site_name\" content=\"Elfsight DE\" \/>\n<meta property=\"article:modified_time\" content=\"2025-02-13T08:45:32+00:00\" \/>\n<meta name=\"twitter:card\" content=\"summary_large_image\" \/>\n<meta name=\"twitter:label1\" content=\"Gesch\u00e4tzte Lesezeit\" \/>\n\t<meta name=\"twitter:data1\" content=\"3\u00a0Minuten\" \/>\n<!-- \/ Yoast SEO plugin. -->","yoast_head_json":{"title":"Social Media Icons \u2013 F\u00fcgen Sie die Social Icons-Erweiterung zu OpenCart hinzu","description":"Probieren Sie jetzt Elfsight Social Media Icons f\u00fcr OpenCart aus. Generieren Sie in wenigen Minuten einzigartige Symbole f\u00fcr Ihre Website!","robots":{"index":"index","follow":"follow","max-snippet":"max-snippet:-1","max-image-preview":"max-image-preview:large","max-video-preview":"max-video-preview:-1"},"canonical":"https:\/\/elfsight.com\/de\/social-media-icons-widget\/opencart\/","og_locale":"de_DE","og_type":"article","og_title":"Social Media Icons \u2013 F\u00fcgen Sie die Social Icons-Erweiterung zu OpenCart hinzu","og_description":"Probieren Sie jetzt Elfsight Social Media Icons f\u00fcr OpenCart aus. Generieren Sie in wenigen Minuten einzigartige Symbole f\u00fcr Ihre Website!","og_url":"https:\/\/elfsight.com\/de\/social-media-icons-widget\/opencart\/","og_site_name":"Elfsight DE","article_modified_time":"2025-02-13T08:45:32+00:00","twitter_card":"summary_large_image","twitter_misc":{"Gesch\u00e4tzte Lesezeit":"3\u00a0Minuten"},"schema":{"@context":"https:\/\/schema.org","@graph":[{"@type":"WebPage","@id":"https:\/\/elfsight.com\/de\/social-media-icons-widget\/opencart\/","url":"https:\/\/elfsight.com\/de\/social-media-icons-widget\/opencart\/","name":"Social Media Icons \u2013 F\u00fcgen Sie die Social Icons-Erweiterung zu OpenCart hinzu","isPartOf":{"@id":"https:\/\/elfsight.com\/de\/#website"},"datePublished":"1970-01-01T00:00:00+00:00","dateModified":"2025-02-13T08:45:32+00:00","description":"Probieren Sie jetzt Elfsight Social Media Icons f\u00fcr OpenCart aus. Generieren Sie in wenigen Minuten einzigartige Symbole f\u00fcr Ihre Website!","breadcrumb":{"@id":"https:\/\/elfsight.com\/de\/social-media-icons-widget\/opencart\/#breadcrumb"},"inLanguage":"de","potentialAction":[{"@type":"ReadAction","target":["https:\/\/elfsight.com\/de\/social-media-icons-widget\/opencart\/"]}]},{"@type":"BreadcrumbList","@id":"https:\/\/elfsight.com\/de\/social-media-icons-widget\/opencart\/#breadcrumb","itemListElement":[{"@type":"ListItem","position":1,"name":"Home","item":"https:\/\/elfsight.com\/de\/"},{"@type":"ListItem","position":2,"name":"Social Media Icons","item":"https:\/\/elfsight.com\/de\/social-media-icons-widget\/"},{"@type":"ListItem","position":3,"name":"Social Media Icons &#8211; OpenCart"}]},{"@type":"WebSite","@id":"https:\/\/elfsight.com\/de\/#website","url":"https:\/\/elfsight.com\/de\/","name":"Elfsight DE","description":"Just another Elfsight Sites site","potentialAction":[{"@type":"SearchAction","target":{"@type":"EntryPoint","urlTemplate":"https:\/\/elfsight.com\/de\/?s={search_term_string}"},"query-input":{"@type":"PropertyValueSpecification","valueRequired":true,"valueName":"search_term_string"}}],"inLanguage":"de"}]}},"meta_box":{"industry":"","seo_heading":"","heading":"","description":"","cta_heading":"","cta_description":"","application":"466","h1":"Social-Media-Symbole f\u00fcr OpenCart","h1_caption":"F\u00fcgen Sie Symbole hinzu, die auf Ihre Social-Media-Profile verweisen, damit Besucher m\u00fchelos plattform\u00fcbergreifend auf Ihrer Opencart-Website mit Ihnen in Kontakt treten k\u00f6nnen.","application_category":[],"applications_title":"","applications_request_title":"","applications_request_button_text":"","hero_text":"","hero_video":"","hero_video_schema_markup":"","selling_points_title":"","selling_points_caption":"","selling_points":[],"selling_points_cta_text":"","features_title":"","features":"","ed_cta_examples_text":"","ed_cta_examples_hidden":"","ed_cta_demo_text":"","ed_cta_demo_hidden":"","why_caption":"","why_editor_title":"","why_editor_text":"","why_team_title":"","why_team_text":"","why_service_title":"","why_service_text":"","template_catalog_visible":"0","template_catalog_title":"","template_catalog_text":"","template_catalog_categories_visible":"","demo_title":"Erstellen Sie Ihre Social Media Icons-Erweiterung","demo_caption":"Konfigurieren Sie Ihre Social-Media-Symbole und f\u00fcgen Sie sie kostenlos zu Ihrer OpenCart-Website hinzu!","default_faq_hidden":"","app_template_category":[],"platform":"254","template_public_id":"","codecanyon_url":"","codecanyon_item_id":"","codecanyon_price":"","pricing_caption":"","pricing_elfsight_apps_hide_column":"","pricing_elfsight_apps_url":"","pricing_codecanyon_price_caption":"","integration_category":[],"integration_request_title":"","integration_request_cta":"","integration_platform":"","integrations":[],"platform_category":[],"video_schema_markup":"","price":"ab 0 $ \/ Monat","trial":"","benefits":[{"text":"Kostenlose Installationsunterst\u00fctzung"},{"text":"Effektiver Kundenservice"},{"text":"14-t\u00e4gige R\u00fcckerstattungsgarantie"},{"text":"Kontinuierliche kostenlose Updates"}],"button_url":"#demo","button_target_blank":"0","button_nofollow":"0","attributes":[{"name":"Installiert","content":"10,000 - 100,000"},{"name":"Reaktionsfreudig","content":"Ja"},{"name":"Kompatible Browser","content":"Firefox, Edge, Chrome, Opera, Safari"}],"tags":[],"tags_disable_links":"0","hide_more_platforms":"0","video_object":"","demo_hide_cta":"0","demo_hide_cloud_options":"0","pricing_title":"","pricing":[{"pricing_icon":"platform","pricing_title":"Elfsight Apps","pricing_title_caption":"Plattformunabh\u00e4ngige digitale L\u00f6sung, die auf jeder Website funktioniert","pricing_price":"ab 0 $ \/ Monat","pricing_price_caption":"Beginnen Sie mit einem kostenlosen Plan","pricing_benefits":[{"text":"Unbegrenzte Domains"},{"text":"Engagierter und p\u00fcnktlicher Support"},{"text":"Kostenlose Installationsunterst\u00fctzung"},{"text":"Vollst\u00e4ndig anpassbar"}],"pricing_button_text":"Zur Website hinzuf\u00fcgen","pricing_button_url":"#demo"}],"related_apps_title":"","related_apps_hidden":"0","author":"","image":[],"title":"","job":"","social_networks":[]},"_links":{"self":[{"href":"https:\/\/elfsight.com\/de\/wp-json\/wp\/v2\/pages\/10251","targetHints":{"allow":["GET"]}}],"collection":[{"href":"https:\/\/elfsight.com\/de\/wp-json\/wp\/v2\/pages"}],"about":[{"href":"https:\/\/elfsight.com\/de\/wp-json\/wp\/v2\/types\/page"}],"author":[{"embeddable":true,"href":"https:\/\/elfsight.com\/de\/wp-json\/wp\/v2\/users\/9"}],"replies":[{"embeddable":true,"href":"https:\/\/elfsight.com\/de\/wp-json\/wp\/v2\/comments?post=10251"}],"version-history":[{"count":3,"href":"https:\/\/elfsight.com\/de\/wp-json\/wp\/v2\/pages\/10251\/revisions"}],"predecessor-version":[{"id":24049,"href":"https:\/\/elfsight.com\/de\/wp-json\/wp\/v2\/pages\/10251\/revisions\/24049"}],"up":[{"embeddable":true,"href":"https:\/\/elfsight.com\/de\/wp-json\/wp\/v2\/pages\/2084"}],"wp:attachment":[{"href":"https:\/\/elfsight.com\/de\/wp-json\/wp\/v2\/media?parent=10251"}],"curies":[{"name":"wp","href":"https:\/\/api.w.org\/{rel}","templated":true}]}}