{"id":10250,"date":"1970-01-01T00:00:00","date_gmt":"1970-01-01T00:00:00","guid":{"rendered":"https:\/\/elfsight.com\/de\/?page_id=10250"},"modified":"2026-01-20T14:03:31","modified_gmt":"2026-01-20T14:03:31","slug":"squarespace","status":"publish","type":"page","link":"https:\/\/elfsight.com\/de\/social-media-icons-widget\/squarespace\/","title":{"rendered":"Social Media Icons &#8211; Squarespace"},"content":{"rendered":"\n<div class=\"application-platform-content-item-description application-platform-content-item\" id=\"description\" data-nav-section=\"description\">\n<h2>Social Media Icons auf Squarespace mit dem Elfsight-Widget einbetten<\/h2>\n<p>Einfach und effizient \u2013 Social Icons von Elfsight, um Ihre Website mit den wichtigsten sozialen Netzwerken zu verbinden. Entwickeln Sie Kontakte mit Ihren Nutzern und verwandeln Sie sie in Abonnenten. Ein responsives Layout, detaillierte Einstellungen f\u00fcr Aussehen und Stil mit fertigen Icons aller wichtigen sozialen Netzwerke.<\/p>\n<p><b>Steigern Sie die Popularit\u00e4t Ihres Unternehmens in sozialen Netzwerken.<\/b><\/p>\n<ul>\n<li><b>Ein weiterer Weg, um mit Nutzern in Kontakt zu treten<\/b>.<br>Soziale Netzwerke k\u00f6nnen eine M\u00f6glichkeit sein, die Verbindung zu Nutzern zu halten und die Beziehungen zu st\u00e4rken.<\/li>\n<li><b>Erreichen Sie mehr Leser in sozialen Netzwerken<\/b>.<br>Steigern Sie regelm\u00e4\u00dfig die Leserschaft Ihrer Medienprofile, indem Sie Website-Besucher anziehen und sie in Follower verwandeln.<\/li>\n<li><b>Seien Sie 24\/7 mit Ihren Kunden verbunden<\/b>.<br>Erm\u00f6glicht es Besuchern, auf eine besonders einfache Art und Weise \u00fcber soziale Netzwerke Kontakt aufzunehmen und Hilfe zu erhalten.<\/li>\n<li><b>Effektive Einbindung der Nutzer<\/b>.<br>Zeigen Sie Ihre dynamische Pr\u00e4senz in sozialen Netzwerken und wecken Sie das Interesse an Ihrem Unternehmen bei den Kunden der Website.<\/li>\n<\/ul>\n<\/div>\n<div class=\"application-platform-content-item-features application-platform-content-item\" id=\"features\" data-nav-section=\"features\">\n<h2>Hauptfunktionen des Social Media Icons Widgets<\/h2>\n<p>Die wichtigsten Vorteile, die unsere Icons zum besten Squarespace-Widget f\u00fcr soziale Netzwerke machen.<\/p>\n<ul>\n<li>Unbegrenzte Icons hinzuf\u00fcgen;<\/li>\n<li>Icons duplizieren und l\u00f6schen;<\/li>\n<li>3 Ausrichtungsvarianten der Icons: links, rechts, Mitte;<\/li>\n<li>Wei\u00df, Schwarz und Native Farben des Hintergrunds beim Hover;<\/li>\n<li>6 eingebettete Icon-Stile.<\/li>\n<\/ul>\n<p><a href=\"#demo\">\u00dcberpr\u00fcfen Sie die wichtigsten Funktionen in unserer Demo<\/a><\/p>\n<\/div>\n<div class=\"application-platform-content-item-installation application-platform-content-item\" id=\"installation\" data-nav-section=\"installation\">\n<h2>So f\u00fcgen Sie Social Media Icons zu Squarespace hinzu<\/h2>\n<div class=\"video-container\"><iframe allowfullscreen=\"\" frameborder=\"0\" height=\"405\" src=\"https:\/\/www.youtube.com\/embed\/y0YEI2Yu4fg?si=h46fmnkWveyLPtU2\" width=\"720\"><\/iframe><\/div>\n<p>Ein klarer Plan, um Icons auf einer Website ohne Entwicklungs-Erfahrung zu platzieren. Die gesamte Einrichtungsdauer betr\u00e4gt etwa 80 Sekunden.<\/p>\n<ol>\n<li><b>Erstellen Sie Ihre individuellen Social Icons<\/b>.<br>Nutzen Sie unseren kostenlosen Konfigurator, um ein Plugin mit Ihrem bevorzugten Design und Funktionen zu generieren.<\/li>\n<li><b>Erhalten Sie den Code zum Einbetten des Plugins<\/b>.<br>Nach der Widget-Anpassung erhalten Sie den Code f\u00fcr das Icons-Plugin aus der angezeigten Benachrichtigung auf Elfsight Apps.<\/li>\n<li><b>Zeigen Sie das Plugin auf der Squarespace-Website an<\/b>.<br>Betten Sie das Plugin an der gew\u00fcnschten Stelle der Seite ein und wenden Sie die \u00c4nderungen an.<\/li>\n<li><b>Die Einrichtung ist abgeschlossen<\/b>.<br>Gehen Sie zu Ihrer Seite, um Ihre Arbeit zu sehen.<\/li>\n<\/ol>\n<p>Haben Sie Probleme, die Icons auf Ihrer Seite zu platzieren oder anzuzeigen? \u00dcberpr\u00fcfen Sie dies in unserem detaillierten Handbuch \u201e<a href=\"https:\/\/elfsight.com\/tutorials\/how-to-add-social-media-icons-to-squarespace\/\" target=\"_blank\" rel=\"noopener noreferrer\">So f\u00fcgen Sie Icons auf Squarespace hinzu<\/a>\u201c oder wenden Sie sich an unser Support-Center.<\/p>\n<\/div>\n<div class=\"faq\" data-component=\"FAQ\">\n<div class=\"faq-item\">\r\n\t\t\t\t\t<div class=\"faq-item-question\">\r\n\t\t\t\t\t\t<h3 class=\"faq-item-question-text\">Wie kann ich Social Media Icons auf meiner Squarespace-Seite ohne Programmierkenntnisse einbetten?<\/h3>\r\n\r\n\t\t\t\t\t\t<div class=\"faq-item-question-icon\"><\/div>\r\n\t\t\t\t\t<\/div>\r\n\r\n\t\t\t\t\t<div class=\"faq-item-answer\">\r\n\t\t\t\t\t\t<div class=\"faq-item-answer-text\">\n\n<p>Die Elfsight-Firma bietet eine SaaS-L\u00f6sung an, mit der Sie ein Social Media Icons-Widget selbst erstellen k\u00f6nnen. Sehen Sie, wie einfach das ist: <\/p>\n<ul>\n<li>Arbeiten Sie direkt im Live-Editor, um einen Social Media Icons-Bereich zu erstellen, den Sie auf Ihrer Squarespace-Seite einbetten m\u00f6chten.<\/li>\n<li>W\u00e4hlen Sie eines der vielen vorgefertigten Templates aus und passen Sie die Einstellungen der Social Media Icons an, \u00e4ndern Sie das Layout und Farbschema, f\u00fcgen Sie Ihren Inhalt hinzu \u2013 ohne Programmierkenntnisse.<\/li>\n<li>Speichern Sie die Social Media Icons und erhalten Sie den Installationscode, den Sie problemlos auf jeder Squarespace-Website einf\u00fcgen k\u00f6nnen, ohne eine kostenpflichtige Version zu kaufen.<\/li>\n<\/ul>\n<p>Mit unserem benutzerfreundlichen Editor kann jeder Internetnutzer einen Social Media Icons-Bereich online erstellen und ganz einfach auf seiner Squarespace-Website einf\u00fcgen. Es ist nicht erforderlich, ein kostenpflichtiges Abonnement abzuschlie\u00dfen oder Kartendaten anzugeben, um auf den Elfsight-Service zuzugreifen. Wenn Sie auf Probleme sto\u00dfen, z\u00f6gern Sie bitte nicht, sich an unser Support-Team zu wenden.<\/p>\n<\/div>\r\n\t\t\t\t\t<\/div>\r\n\t\t\t\t<\/div>\n<\/div>\n","protected":false},"excerpt":{"rendered":"","protected":false},"author":9,"featured_media":0,"parent":2084,"menu_order":0,"comment_status":"closed","ping_status":"closed","template":"templates\/template-application-platform.php","meta":{"publish_to_discourse":"","publish_post_category":"","wpdc_auto_publish_overridden":"","wpdc_topic_tags":"","wpdc_pin_topic":"","wpdc_pin_until":"","discourse_post_id":"","discourse_permalink":"","wpdc_publishing_response":"","wpdc_publishing_error":"","footnotes":""},"class_list":["post-10250","page","type-page","status-publish","hentry"],"yoast_head":"<!-- This site is optimized with the Yoast SEO plugin v25.3.1 - https:\/\/yoast.com\/wordpress\/plugins\/seo\/ -->\n<title>Social-Media-Symbole \u2013 F\u00fcgen Sie das Widget \u201eSocial-Media-Symbole\u201c zu Squarespace hinzu<\/title>\n<meta name=\"description\" content=\"Testen Sie Elfsight Social Media Icons f\u00fcr Squarespace kostenlos. Erstellen Sie in nur wenigen Minuten individuelle Symbole f\u00fcr Ihre Website!\" \/>\n<meta name=\"robots\" content=\"index, follow, max-snippet:-1, max-image-preview:large, max-video-preview:-1\" \/>\n<link rel=\"canonical\" href=\"https:\/\/elfsight.com\/de\/social-media-icons-widget\/squarespace\/\" \/>\n<meta property=\"og:locale\" content=\"de_DE\" \/>\n<meta property=\"og:type\" content=\"article\" \/>\n<meta property=\"og:title\" content=\"Social-Media-Symbole \u2013 F\u00fcgen Sie das Widget \u201eSocial-Media-Symbole\u201c zu Squarespace hinzu\" \/>\n<meta property=\"og:description\" content=\"Testen Sie Elfsight Social Media Icons f\u00fcr Squarespace kostenlos. Erstellen Sie in nur wenigen Minuten individuelle Symbole f\u00fcr Ihre Website!\" \/>\n<meta property=\"og:url\" content=\"https:\/\/elfsight.com\/de\/social-media-icons-widget\/squarespace\/\" \/>\n<meta property=\"og:site_name\" content=\"Elfsight DE\" \/>\n<meta property=\"article:modified_time\" content=\"2026-01-20T14:03:31+00:00\" \/>\n<meta name=\"twitter:card\" content=\"summary_large_image\" \/>\n<meta name=\"twitter:label1\" content=\"Gesch\u00e4tzte Lesezeit\" \/>\n\t<meta name=\"twitter:data1\" content=\"4\u00a0Minuten\" \/>\n<!-- \/ Yoast SEO plugin. -->","yoast_head_json":{"title":"Social-Media-Symbole \u2013 F\u00fcgen Sie das Widget \u201eSocial-Media-Symbole\u201c zu Squarespace hinzu","description":"Testen Sie Elfsight Social Media Icons f\u00fcr Squarespace kostenlos. Erstellen Sie in nur wenigen Minuten individuelle Symbole f\u00fcr Ihre Website!","robots":{"index":"index","follow":"follow","max-snippet":"max-snippet:-1","max-image-preview":"max-image-preview:large","max-video-preview":"max-video-preview:-1"},"canonical":"https:\/\/elfsight.com\/de\/social-media-icons-widget\/squarespace\/","og_locale":"de_DE","og_type":"article","og_title":"Social-Media-Symbole \u2013 F\u00fcgen Sie das Widget \u201eSocial-Media-Symbole\u201c zu Squarespace hinzu","og_description":"Testen Sie Elfsight Social Media Icons f\u00fcr Squarespace kostenlos. Erstellen Sie in nur wenigen Minuten individuelle Symbole f\u00fcr Ihre Website!","og_url":"https:\/\/elfsight.com\/de\/social-media-icons-widget\/squarespace\/","og_site_name":"Elfsight DE","article_modified_time":"2026-01-20T14:03:31+00:00","twitter_card":"summary_large_image","twitter_misc":{"Gesch\u00e4tzte Lesezeit":"4\u00a0Minuten"},"schema":{"@context":"https:\/\/schema.org","@graph":[{"@type":"WebPage","@id":"https:\/\/elfsight.com\/de\/social-media-icons-widget\/squarespace\/","url":"https:\/\/elfsight.com\/de\/social-media-icons-widget\/squarespace\/","name":"Social-Media-Symbole \u2013 F\u00fcgen Sie das Widget \u201eSocial-Media-Symbole\u201c zu Squarespace hinzu","isPartOf":{"@id":"https:\/\/elfsight.com\/de\/#website"},"datePublished":"1970-01-01T00:00:00+00:00","dateModified":"2026-01-20T14:03:31+00:00","description":"Testen Sie Elfsight Social Media Icons f\u00fcr Squarespace kostenlos. Erstellen Sie in nur wenigen Minuten individuelle Symbole f\u00fcr Ihre Website!","breadcrumb":{"@id":"https:\/\/elfsight.com\/de\/social-media-icons-widget\/squarespace\/#breadcrumb"},"inLanguage":"de","potentialAction":[{"@type":"ReadAction","target":["https:\/\/elfsight.com\/de\/social-media-icons-widget\/squarespace\/"]}]},{"@type":"BreadcrumbList","@id":"https:\/\/elfsight.com\/de\/social-media-icons-widget\/squarespace\/#breadcrumb","itemListElement":[{"@type":"ListItem","position":1,"name":"Home","item":"https:\/\/elfsight.com\/de\/"},{"@type":"ListItem","position":2,"name":"Social Media Icons","item":"https:\/\/elfsight.com\/de\/social-media-icons-widget\/"},{"@type":"ListItem","position":3,"name":"Social Media Icons &#8211; Squarespace"}]},{"@type":"WebSite","@id":"https:\/\/elfsight.com\/de\/#website","url":"https:\/\/elfsight.com\/de\/","name":"Elfsight DE","description":"Just another Elfsight Sites site","potentialAction":[{"@type":"SearchAction","target":{"@type":"EntryPoint","urlTemplate":"https:\/\/elfsight.com\/de\/?s={search_term_string}"},"query-input":{"@type":"PropertyValueSpecification","valueRequired":true,"valueName":"search_term_string"}}],"inLanguage":"de"}]}},"meta_box":{"industry":"","seo_heading":"","heading":"","description":"","cta_heading":"","cta_description":"","application":"466","h1":"Social-Media-Symbole f\u00fcr Squarespace","h1_caption":"F\u00fcgen Sie Symbole hinzu, die auf Ihre Social-Media-Profile verweisen, damit Besucher m\u00fchelos plattform\u00fcbergreifend mit Ihnen auf Ihrer Squarespace-Website in Kontakt treten k\u00f6nnen.","application_category":[],"applications_title":"","applications_request_title":"","applications_request_button_text":"","hero_text":"","hero_video":"","hero_video_schema_markup":"","selling_points_title":"","selling_points_caption":"","selling_points":[],"selling_points_cta_text":"","features_title":"","features":"","ed_cta_examples_text":"","ed_cta_examples_hidden":"","ed_cta_demo_text":"","ed_cta_demo_hidden":"","why_caption":"","why_editor_title":"","why_editor_text":"","why_team_title":"","why_team_text":"","why_service_title":"","why_service_text":"","template_catalog_visible":"0","template_catalog_title":"","template_catalog_text":"","template_catalog_categories_visible":"","demo_title":"Erstellen Sie Ihr Social-Media-Icons-Plugin","demo_caption":"Konfigurieren Sie Ihre Social-Media-Symbole und f\u00fcgen Sie sie kostenlos zu Ihrer Squarespace-Website hinzu!","default_faq_hidden":"","app_template_category":[],"platform":"252","template_public_id":"","codecanyon_url":"","codecanyon_item_id":"","codecanyon_price":"","pricing_caption":"","pricing_elfsight_apps_hide_column":"","pricing_elfsight_apps_url":"","pricing_codecanyon_price_caption":"","integration_category":[],"integration_request_title":"","integration_request_cta":"","integration_platform":"","integrations":[],"platform_category":[],"video_schema_markup":"","price":"ab 0 $ \/ Monat","trial":"","benefits":[{"text":"Kostenloser Installationsservice"},{"text":"Au\u00dfergew\u00f6hnlicher Support"},{"text":"14-t\u00e4gige Geld-zur\u00fcck-Garantie"},{"text":"Zuk\u00fcnftige kostenlose Updates"}],"button_url":"#demo","button_target_blank":"0","button_nofollow":"0","attributes":[{"name":"Installiert","content":"10,000 - 100,000"},{"name":"Reaktionsfreudig","content":"Ja"},{"name":"Kompatible Browser","content":"Firefox, Safari, Opera, Chrome, Edge"}],"tags":[],"tags_disable_links":"0","hide_more_platforms":"0","video_object":"","demo_hide_cta":"0","demo_hide_cloud_options":"0","pricing_title":"","pricing":[{"pricing_icon":"platform","pricing_title":"Elfsight Apps","pricing_title_caption":"Engagierter Kundensupport und gut dokumentiert","pricing_price":"ab 0 $ \/ Monat","pricing_price_caption":"Beginnen Sie mit einem kostenlosen Plan","pricing_benefits":[{"text":"Unbegrenzte Domains"},{"text":"Engagierter Kundensupport und gut dokumentiert"},{"text":"Kostenlose Installationshilfe"},{"text":"Vollst\u00e4ndig anpassbar"}],"pricing_button_text":"Zur Website hinzuf\u00fcgen","pricing_button_url":"#demo"}],"related_apps_title":"","related_apps_hidden":"0","author":"","image":[],"title":"","job":"","social_networks":[]},"_links":{"self":[{"href":"https:\/\/elfsight.com\/de\/wp-json\/wp\/v2\/pages\/10250","targetHints":{"allow":["GET"]}}],"collection":[{"href":"https:\/\/elfsight.com\/de\/wp-json\/wp\/v2\/pages"}],"about":[{"href":"https:\/\/elfsight.com\/de\/wp-json\/wp\/v2\/types\/page"}],"author":[{"embeddable":true,"href":"https:\/\/elfsight.com\/de\/wp-json\/wp\/v2\/users\/9"}],"replies":[{"embeddable":true,"href":"https:\/\/elfsight.com\/de\/wp-json\/wp\/v2\/comments?post=10250"}],"version-history":[{"count":4,"href":"https:\/\/elfsight.com\/de\/wp-json\/wp\/v2\/pages\/10250\/revisions"}],"predecessor-version":[{"id":25607,"href":"https:\/\/elfsight.com\/de\/wp-json\/wp\/v2\/pages\/10250\/revisions\/25607"}],"up":[{"embeddable":true,"href":"https:\/\/elfsight.com\/de\/wp-json\/wp\/v2\/pages\/2084"}],"wp:attachment":[{"href":"https:\/\/elfsight.com\/de\/wp-json\/wp\/v2\/media?parent=10250"}],"curies":[{"name":"wp","href":"https:\/\/api.w.org\/{rel}","templated":true}]}}