{"id":10244,"date":"1970-01-01T00:00:00","date_gmt":"1970-01-01T00:00:00","guid":{"rendered":"https:\/\/elfsight.com\/de\/?page_id=10244"},"modified":"2025-02-13T09:27:28","modified_gmt":"2025-02-13T09:27:28","slug":"weebly","status":"publish","type":"page","link":"https:\/\/elfsight.com\/de\/social-media-icons-widget\/weebly\/","title":{"rendered":"Social Media Icons &#8211; Weebly"},"content":{"rendered":"\n<div class=\"application-platform-content-item-description application-platform-content-item\" id=\"description\" data-nav-section=\"description\">\n<h2>Beschreibung<\/h2>\n<p>Handliche und effiziente Social Icons von Elfsight, um Ihre Website mit verschiedenen sozialen Medien zu verbinden. St\u00e4rken Sie die Verbindung zu Ihren Besuchern und machen Sie sie zu Ihren Abonnenten. Ein adaptives Layout, detaillierte Anpassungsm\u00f6glichkeiten von Aussehen und Stil mit eingebetteten Symbolen aller beliebtesten sozialen Medien.<\/p>\n<p><b>Steigern Sie die Popularit\u00e4t Ihrer Marke in sozialen Diensten.<\/b><\/p> \n<ul>\n    <li><b>Eine weitere M\u00f6glichkeit, Sie f\u00fcr Kunden zu kontaktieren.<\/b><br>Soziale Medien dienen als zus\u00e4tzliche M\u00f6glichkeit, mit Benutzern in Kontakt zu bleiben und bieten die M\u00f6glichkeit, Ihre Beziehungen auszubauen.<\/li>\n    <li><b>Zus\u00e4tzliche Leser in den sozialen Medien.<\/b><br>Erh\u00f6hen Sie die Reichweite Ihrer Social-Media-Konten, beziehen Sie die Leser der Seite sofort ein und machen Sie sie zu Followern.<\/li>\n    <li><b>Bleiben Sie immer mit Ihren Kunden in Kontakt.<\/b><br>Erm\u00f6glicht Benutzern, eine der einfachsten Methoden zu finden, Sie anzusprechen, und erm\u00f6glicht eine bessere Unterst\u00fctzung \u00fcber soziale Medien.<\/li>\n    <li><b>Ein starkes soziales Statement.<\/b><br>St\u00e4rken Sie das Vertrauen der Nutzer Ihrer Website in Ihr Unternehmen mit Hilfe von Accounts in besonders angesagten sozialen Medien.<\/li>\n<\/ul>\n<\/div>\n\n<div class=\"application-platform-content-item-features application-platform-content-item\" id=\"features\" data-nav-section=\"features\">\n<h2>Funktionen<\/h2>\n<p>Die herausragende Funktionalit\u00e4t, die Elfsight-Symbole zur besten Weebly-Social-App macht.<\/p>\n<ul>\n    <li>Eine Bibliothek mit Symbolen der beliebtesten Medien;<\/li>\n    <li>\u00c4ndern Sie die Reihenfolge der Symboldemonstration;<\/li>\n    <li>Floating-Layout, damit die Symbole dem Bildlauf folgen;<\/li>\n    <li>Native, wei\u00dfe und schwarze Hintergrundfarben;<\/li>\n    <li>3 Varianten des Randradius: kreisf\u00f6rmiger, abgerundeter, quadratischer Randradius.<\/li>\n<\/ul>\n<p><a href=\"#demo\">Testen Sie die herausragenden Eigenschaften in unserem Konfigurator<\/a><\/p>\n<\/div>\n\n<div class=\"application-platform-content-item-installation application-platform-content-item\" id=\"installation\" data-nav-section=\"installation\">\n<h2>So f\u00fcgen Sie Social-Media-Symbole zu Weebly hinzu<\/h2>\n<div class=\"video-container\">\n    <iframe src=\"https:\/\/www.youtube.com\/embed\/lRbRUpgrVwE\" width=\"720\" height=\"405\" frameborder=\"0\" allowfullscreen=\"allowfullscreen\"><\/iframe>\n<\/div>\n<p>Eine klare Anleitung zum Einbinden von Icons auf einer Seite ohne Kompetenz in Entwicklungen. Die durchschnittliche Installationsdauer betr\u00e4gt weniger als 90 Sekunden.<\/p>\n<ol>\n    <li><b>F\u00fchren Sie unseren kostenlosen Konfigurator aus und beginnen Sie mit der Erstellung Ihrer individuellen App.<\/b><br> Bestimmen Sie das individuelle Erscheinungsbild und die Funktionsmerkmale der App und speichern Sie alle \u00c4nderungen.<\/li>\n    <li><b>Erhalten Sie den pers\u00f6nlichen Code, der im Fenster von Elfsight Apps angezeigt wird.<\/b><br> Nachdem die Erstellung Ihrer pers\u00f6nlichen App abgeschlossen ist, kopieren Sie den individuellen Code im erscheinenden Popup und speichern Sie ihn zur weiteren Verwendung.<\/li>\n    <li><b>Beginnen Sie mit der Nutzung der App auf der Weebly-Website.<\/b><br> Betten Sie den Code, den Sie k\u00fcrzlich gespeichert haben, in Ihre Seite ein und wenden Sie die Korrekturen an.<\/li>\n    <li><b>Du bist fertig! Die Integration ist erfolgreich abgeschlossen.<\/b><br> Besuchen Sie Ihre Website, um in Aktion zu sehen, wie die App funktioniert.<\/li>\n<\/ol>\n<p>Sie k\u00f6nnen die Symbole auf einer Website nicht hinzuf\u00fcgen oder anpassen? Sehen Sie sich unseren umfassenden Leitfaden <a href=\"https:\/\/elfsight.com\/tutorials\/how-to-add-social-media-icons-to-weebly\/\" target=\"_blank\" rel=\"noopener noreferrer\">Wie Sie Symbole auf Weebly installieren<\/a>\u201c an oder wenden Sie sich an unser Support-Team.<\/p>\n<\/div>\n\n<div class=\"faq\" data-component=\"FAQ\">\n<div class=\"faq-item\">\r\n\t\t\t\t\t<div class=\"faq-item-question\">\r\n\t\t\t\t\t\t<h3 class=\"faq-item-question-text\">Gibt es eine Option zum Einbetten von Social-Media-Symbolen auf meiner Weebly-Homepage, ohne zu programmieren?<\/h3>\r\n\r\n\t\t\t\t\t\t<div class=\"faq-item-question-icon\"><\/div>\r\n\t\t\t\t\t<\/div>\r\n\r\n\t\t\t\t\t<div class=\"faq-item-answer\">\r\n\t\t\t\t\t\t<div class=\"faq-item-answer-text\">\n<p>Ja! Sie k\u00f6nnen die Live-Demo unseres Konfigurators verwenden, um ein Social-Media-Icon-Plugin zu erstellen, das Sie auf der Weebly-Website einbetten m\u00f6chten. W\u00e4hlen Sie eine der vielen vorgefertigten Vorlagen, passen Sie die Social-Media-Icons-Einstellungen an, f\u00fcgen Sie Ihre Inhalte ein und \u00e4ndern Sie das Layout sowie die Farben der Elemente \u2013 ganz ohne Codierung.<\/p>\n<p>Speichern Sie die Einstellungen, die Sie in den Social Media Icons vorgenommen haben, und erhalten Sie den Installationscode, den Sie einfach und kostenlos auf der Weebly-Homepage hinzuf\u00fcgen k\u00f6nnen.<\/p>\n<p>Mit unserem unkomplizierten Editor kann jeder Webbenutzer einen Abschnitt mit Social-Media-Symbolen erstellen und ihn m\u00fchelos in seine Weebly-Webseite einbetten. Sie sollten weder bezahlen noch Ihre Kartendaten einreichen, um auf den Elfsight Editor zuzugreifen. Wenn Sie auf Probleme jeglicher Art sto\u00dfen, wenden Sie sich bitte an unsere Support-Mitarbeiter.<\/p>\n<\/div>\r\n\t\t\t\t\t<\/div>\r\n\t\t\t\t<\/div>\n<\/div>\n","protected":false},"excerpt":{"rendered":"","protected":false},"author":9,"featured_media":0,"parent":2084,"menu_order":0,"comment_status":"closed","ping_status":"closed","template":"templates\/template-application-platform.php","meta":{"publish_to_discourse":"","publish_post_category":"","wpdc_auto_publish_overridden":"","wpdc_topic_tags":"","wpdc_pin_topic":"","wpdc_pin_until":"","discourse_post_id":"","discourse_permalink":"","wpdc_publishing_response":"","wpdc_publishing_error":"","footnotes":""},"class_list":["post-10244","page","type-page","status-publish","hentry"],"yoast_head":"<!-- This site is optimized with the Yoast SEO plugin v25.3.1 - https:\/\/yoast.com\/wordpress\/plugins\/seo\/ -->\n<title>Social-Media-Icons \u2013 F\u00fcgen Sie die Social-Icons-App zu Weebly hinzu<\/title>\n<meta name=\"description\" content=\"Testen Sie unsere Social Media Icons f\u00fcr Weebly v\u00f6llig kostenlos. Generieren Sie in wenigen Minuten individuelle Symbole f\u00fcr Ihre Website!\" \/>\n<meta name=\"robots\" content=\"index, follow, max-snippet:-1, max-image-preview:large, max-video-preview:-1\" \/>\n<link rel=\"canonical\" href=\"https:\/\/elfsight.com\/de\/social-media-icons-widget\/weebly\/\" \/>\n<meta property=\"og:locale\" content=\"de_DE\" \/>\n<meta property=\"og:type\" content=\"article\" \/>\n<meta property=\"og:title\" content=\"Social-Media-Icons \u2013 F\u00fcgen Sie die Social-Icons-App zu Weebly hinzu\" \/>\n<meta property=\"og:description\" content=\"Testen Sie unsere Social Media Icons f\u00fcr Weebly v\u00f6llig kostenlos. Generieren Sie in wenigen Minuten individuelle Symbole f\u00fcr Ihre Website!\" \/>\n<meta property=\"og:url\" content=\"https:\/\/elfsight.com\/de\/social-media-icons-widget\/weebly\/\" \/>\n<meta property=\"og:site_name\" content=\"Elfsight DE\" \/>\n<meta property=\"article:modified_time\" content=\"2025-02-13T09:27:28+00:00\" \/>\n<meta name=\"twitter:card\" content=\"summary_large_image\" \/>\n<meta name=\"twitter:label1\" content=\"Gesch\u00e4tzte Lesezeit\" \/>\n\t<meta name=\"twitter:data1\" content=\"4\u00a0Minuten\" \/>\n<!-- \/ Yoast SEO plugin. -->","yoast_head_json":{"title":"Social-Media-Icons \u2013 F\u00fcgen Sie die Social-Icons-App zu Weebly hinzu","description":"Testen Sie unsere Social Media Icons f\u00fcr Weebly v\u00f6llig kostenlos. Generieren Sie in wenigen Minuten individuelle Symbole f\u00fcr Ihre Website!","robots":{"index":"index","follow":"follow","max-snippet":"max-snippet:-1","max-image-preview":"max-image-preview:large","max-video-preview":"max-video-preview:-1"},"canonical":"https:\/\/elfsight.com\/de\/social-media-icons-widget\/weebly\/","og_locale":"de_DE","og_type":"article","og_title":"Social-Media-Icons \u2013 F\u00fcgen Sie die Social-Icons-App zu Weebly hinzu","og_description":"Testen Sie unsere Social Media Icons f\u00fcr Weebly v\u00f6llig kostenlos. Generieren Sie in wenigen Minuten individuelle Symbole f\u00fcr Ihre Website!","og_url":"https:\/\/elfsight.com\/de\/social-media-icons-widget\/weebly\/","og_site_name":"Elfsight DE","article_modified_time":"2025-02-13T09:27:28+00:00","twitter_card":"summary_large_image","twitter_misc":{"Gesch\u00e4tzte Lesezeit":"4\u00a0Minuten"},"schema":{"@context":"https:\/\/schema.org","@graph":[{"@type":"WebPage","@id":"https:\/\/elfsight.com\/de\/social-media-icons-widget\/weebly\/","url":"https:\/\/elfsight.com\/de\/social-media-icons-widget\/weebly\/","name":"Social-Media-Icons \u2013 F\u00fcgen Sie die Social-Icons-App zu Weebly hinzu","isPartOf":{"@id":"https:\/\/elfsight.com\/de\/#website"},"datePublished":"1970-01-01T00:00:00+00:00","dateModified":"2025-02-13T09:27:28+00:00","description":"Testen Sie unsere Social Media Icons f\u00fcr Weebly v\u00f6llig kostenlos. Generieren Sie in wenigen Minuten individuelle Symbole f\u00fcr Ihre Website!","breadcrumb":{"@id":"https:\/\/elfsight.com\/de\/social-media-icons-widget\/weebly\/#breadcrumb"},"inLanguage":"de","potentialAction":[{"@type":"ReadAction","target":["https:\/\/elfsight.com\/de\/social-media-icons-widget\/weebly\/"]}]},{"@type":"BreadcrumbList","@id":"https:\/\/elfsight.com\/de\/social-media-icons-widget\/weebly\/#breadcrumb","itemListElement":[{"@type":"ListItem","position":1,"name":"Home","item":"https:\/\/elfsight.com\/de\/"},{"@type":"ListItem","position":2,"name":"Social Media Icons","item":"https:\/\/elfsight.com\/de\/social-media-icons-widget\/"},{"@type":"ListItem","position":3,"name":"Social Media Icons &#8211; Weebly"}]},{"@type":"WebSite","@id":"https:\/\/elfsight.com\/de\/#website","url":"https:\/\/elfsight.com\/de\/","name":"Elfsight DE","description":"Just another Elfsight Sites site","potentialAction":[{"@type":"SearchAction","target":{"@type":"EntryPoint","urlTemplate":"https:\/\/elfsight.com\/de\/?s={search_term_string}"},"query-input":{"@type":"PropertyValueSpecification","valueRequired":true,"valueName":"search_term_string"}}],"inLanguage":"de"}]}},"meta_box":{"industry":"","seo_heading":"","heading":"","description":"","cta_heading":"","cta_description":"","application":"466","h1":"Social-Media-Symbole f\u00fcr Weebly","h1_caption":"F\u00fcgen Sie Symbole hinzu, die auf Ihre Social-Media-Profile verweisen, damit Besucher m\u00fchelos plattform\u00fcbergreifend mit Ihnen auf Ihrer Weebly-Website in Kontakt treten k\u00f6nnen.","application_category":[],"applications_title":"","applications_request_title":"","applications_request_button_text":"","hero_text":"","hero_video":"","hero_video_schema_markup":"","selling_points_title":"","selling_points_caption":"","selling_points":[],"selling_points_cta_text":"","features_title":"","features":"","ed_cta_examples_text":"","ed_cta_examples_hidden":"","ed_cta_demo_text":"","ed_cta_demo_hidden":"","why_caption":"","why_editor_title":"","why_editor_text":"","why_team_title":"","why_team_text":"","why_service_title":"","why_service_text":"","template_catalog_visible":"0","template_catalog_title":"","template_catalog_text":"","template_catalog_categories_visible":"","demo_title":"Erstellen Sie Ihre Social Media Icons-App","demo_caption":"Konfigurieren Sie Ihre Social-Media-Symbole und f\u00fcgen Sie sie kostenlos zu Ihrer Weebly-Website hinzu!","default_faq_hidden":"","app_template_category":[],"platform":"249","template_public_id":"","codecanyon_url":"","codecanyon_item_id":"","codecanyon_price":"","pricing_caption":"","pricing_elfsight_apps_hide_column":"","pricing_elfsight_apps_url":"","pricing_codecanyon_price_caption":"","integration_category":[],"integration_request_title":"","integration_request_cta":"","integration_platform":"","integrations":[],"platform_category":[],"video_schema_markup":"","price":"ab 0 $ \/ Monat","trial":"","benefits":[{"text":"Kostenlose Installationshilfe"},{"text":"Au\u00dfergew\u00f6hnlicher Support"},{"text":"14-t\u00e4gige Geld-zur\u00fcck-Garantie"},{"text":"Laufende kostenlose Updates"}],"button_url":"#demo","button_target_blank":"0","button_nofollow":"0","attributes":[{"name":"Installiert","content":"10,000 - 100,000"},{"name":"Reaktionsfreudig","content":"Ja"},{"name":"Kompatible Browser","content":"Firefox, Safari, Opera, Chrome, Edge"}],"tags":[],"tags_disable_links":"0","hide_more_platforms":"0","video_object":"","demo_hide_cta":"0","demo_hide_cloud_options":"0","pricing_title":"","pricing":[{"pricing_icon":"platform","pricing_title":"Elfsight Apps","pricing_title_caption":"Plattform\u00fcbergreifende Version, die auf jeder Website funktioniert (einschlie\u00dflich Weebly)","pricing_price":"ab 0 $ \/ Monat","pricing_price_caption":"Beginnen Sie mit dem kostenlosen Plan","pricing_benefits":[{"text":"Unbegrenzte Websites"},{"text":"Premium-Support"},{"text":"Kostenloser Installationsservice"},{"text":"Sonderangebot f\u00fcr mehrere Apps"}],"pricing_button_text":"Zur Website hinzuf\u00fcgen","pricing_button_url":"#demo"}],"related_apps_title":"","related_apps_hidden":"0","author":"","image":[],"title":"","job":"","social_networks":[]},"_links":{"self":[{"href":"https:\/\/elfsight.com\/de\/wp-json\/wp\/v2\/pages\/10244","targetHints":{"allow":["GET"]}}],"collection":[{"href":"https:\/\/elfsight.com\/de\/wp-json\/wp\/v2\/pages"}],"about":[{"href":"https:\/\/elfsight.com\/de\/wp-json\/wp\/v2\/types\/page"}],"author":[{"embeddable":true,"href":"https:\/\/elfsight.com\/de\/wp-json\/wp\/v2\/users\/9"}],"replies":[{"embeddable":true,"href":"https:\/\/elfsight.com\/de\/wp-json\/wp\/v2\/comments?post=10244"}],"version-history":[{"count":4,"href":"https:\/\/elfsight.com\/de\/wp-json\/wp\/v2\/pages\/10244\/revisions"}],"predecessor-version":[{"id":24058,"href":"https:\/\/elfsight.com\/de\/wp-json\/wp\/v2\/pages\/10244\/revisions\/24058"}],"up":[{"embeddable":true,"href":"https:\/\/elfsight.com\/de\/wp-json\/wp\/v2\/pages\/2084"}],"wp:attachment":[{"href":"https:\/\/elfsight.com\/de\/wp-json\/wp\/v2\/media?parent=10244"}],"curies":[{"name":"wp","href":"https:\/\/api.w.org\/{rel}","templated":true}]}}