{"id":10243,"date":"1970-01-01T00:00:00","date_gmt":"1970-01-01T00:00:00","guid":{"rendered":"https:\/\/elfsight.com\/de\/?page_id=10243"},"modified":"2025-02-13T09:33:48","modified_gmt":"2025-02-13T09:33:48","slug":"wix","status":"publish","type":"page","link":"https:\/\/elfsight.com\/de\/social-media-icons-widget\/wix\/","title":{"rendered":"Social Media Icons &#8211; Wix"},"content":{"rendered":"\n<div class=\"application-platform-content-item-description application-platform-content-item\" id=\"description\" data-nav-section=\"description\"><h2>Beschreibung<\/h2><p>Handliche und effiziente Social Icons von Elfsight zur Integration Ihrer Website in alle g\u00e4ngigen sozialen Netzwerke. Bleiben Sie mit Ihren Kunden in Kontakt und machen Sie sie zu Ihren Fans. Ein responsives Layout, vollst\u00e4ndige Anpassung der Benutzeroberfl\u00e4che und des Designs mit eingebetteten Symbolen aller wichtigen sozialen Medien.<\/p><p><b>Verbessern Sie die Reichweite Ihres Unternehmens in sozialen Netzwerken.<\/b><\/p><ul><li><b>Eine zus\u00e4tzliche M\u00f6glichkeit, mit Kunden in Kontakt zu treten<\/b>.<br>Soziale Netzwerke sind eine zus\u00e4tzliche M\u00f6glichkeit, die Bindung zu Besuchern zu st\u00e4rken und Ihre Kundenbeziehungen zu verbessern.<\/li><li><b>Maximale Anzahl von Lesern f\u00fcr Ihre Social-Media-Konten<\/b>.<br>Geben Sie Website-Kunden eine weitere einfache M\u00f6glichkeit, Ihr Social-Media-Konto zu besuchen und sich \u00fcber maximale Leser in den sozialen Medien zu freuen.<\/li><li><b>Ein solides soziales Statement<\/b>.<br>Erh\u00f6hen Sie das Vertrauen Ihrer Website-Besucher zu Ihrer Marke dank Profilen in allen angesagten sozialen Netzwerken<\/li><\/ul><\/div><div class=\"application-platform-content-item-features application-platform-content-item\" id=\"features\" data-nav-section=\"features\"><h2>Funktionen<\/h2><p>Die Hauptfunktionen, die unsere Symbole zur besten sozialen App von Wix machen.<\/p><ul><li>Eine Bibliothek mit Symbolen der beliebtesten Medien;<\/li><li>2 Layouts: Inline und schwebend;<\/li><li>Floating-Layout, damit die Symbole dem Bildlauf folgen;<\/li><li>Native, Schwarz-Wei\u00df-Farben der Symbole;<\/li><li>3 Varianten des Rahmenradius: Kreis, abgerundeter, quadratischer Randradius.<\/li><\/ul><p><a href=\"#demo\">Studieren Sie die Hauptfunktionen im Elfsight-Editor<\/a><\/p><\/div><div class=\"application-platform-content-item- Installation application-platform-content-item\" id=\" Installation\" data-nav-section=\" Installation\"><h2>So f\u00fcgen Sie die Social Media Icons-App zu Wix hinzu<\/h2><div class=\"video-container\"><iframe width=\"560\" height=\"315\" src=\"https:\/\/www.youtube.com\/embed\/h87NtR5Z_nY?si=L4dJ9Mm61plTt7bP\" frameborder=\"0\" allow=\"accelerometer; autoplay; clipboard-write; encrypted-media; gyroscope; picture-in-picture; web-share\" allowfullscreen><\/iframe><\/div><p>Eine einfache Anleitung zum Anzeigen von Symbolen auf einer Seite ohne Kenntnisse in Entwicklungen. Die vollst\u00e4ndige Integrationsdauer betr\u00e4gt etwa 60 Sekunden.<\/p><ol><li><b>Erstellen Sie Ihre personalisierten Social Icons<\/b>.<br>Verwenden Sie unseren <a href=\"#demo\">kostenlosen Konfigurator<\/a>, stellen Sie ein Widget mit dem erforderlichen Aussehen und den erforderlichen Einstellungen zusammen.<\/li><li><b>Erhalten Sie einen Code zum Anzeigen der App<\/b>.<br>Nach der Widget-Erstellung erhalten Sie einen Code f\u00fcr das soziale Widget aus der angezeigten Benachrichtigung auf Elfsight Apps.<\/li><li><b>Betten Sie die App auf der Wix-Website ein<\/b>.<br>Zeigen Sie das Widget an der gew\u00fcnschten Stelle der Seite an und ver\u00f6ffentlichen Sie die Ergebnisse.<\/li><li> <b>Fertig!<\/b><br>Besuchen Sie Ihre Website, um Ihre Arbeit zu sehen.<\/li><\/ol>\n\n<p>Konnten Sie die Icons auf Ihrer Seite nicht einrichten oder anzeigen? Studieren Sie unsere vollst\u00e4ndige Anleitung \u00ab<a href=\"https:\/\/elfsight.com\/tutorials\/how-to-add-social-media-icons-to-wix\/\" target=\"_blank\" rel=\"noopener noreferrer\">Wie man Icons auf Wix platziert<\/a>\u00bb oder hinterlassen Sie eine Anfrage bei unserem Support-Team.<\/p>\n<\/div>\n<div class=\"faq\" data-component=\"FAQ\">\n<div class=\"faq-item\">\r\n\t\t\t\t\t<div class=\"faq-item-question\">\r\n\t\t\t\t\t\t<h3 class=\"faq-item-question-text\">Wie kann ich Social Media-Icons auf meiner Wix-Webseite ohne Programmierkenntnisse einf\u00fcgen?<\/h3>\r\n\r\n\t\t\t\t\t\t<div class=\"faq-item-question-icon\"><\/div>\r\n\t\t\t\t\t<\/div>\r\n\r\n\t\t\t\t\t<div class=\"faq-item-answer\">\r\n\t\t\t\t\t\t<div class=\"faq-item-answer-text\">\n\n<p>Das Unternehmen Elfsight bietet eine L\u00f6sung, mit der der Nutzer selbst eine Social Media Icons-App erstellen kann. Finden Sie heraus, wie unkompliziert der Prozess ist:<\/p>\n<\/p><ul> <li>Gehen Sie zum Online-Editor, um eine Social Media Icons-App zu erstellen, die auf Ihrer Wix-Webseite angezeigt werden soll.<\/li><li>W\u00e4hlen Sie eine der vorgefertigten Vorlagen aus, \u00e4ndern Sie die Einstellungen f\u00fcr Social Media Icons und wechseln Sie zu Mit Layout und Farbe der Elemente k\u00f6nnen Sie Ihre Inhalte ohne Programmierkenntnisse einbinden.<\/li><li>Klicken Sie hier, um die Social-Media-Symbole zu speichern und den Widget-Code zum Einbetten zu erhalten, der in die Wix-Website eingef\u00fcgt werden kann, ohne eine kostenpflichtige Version kaufen zu m\u00fcssen. <\/li><\/ul><p>Mit dem benutzerfreundlichen Konfigurator kann jeder Internetnutzer online ein Social-Media-Icons-Widget erstellen und problemlos in jede Wix-Homepage integrieren. Sie m\u00fcssen keinen kostenpflichtigen Plan abschlie\u00dfen oder Ihre Kartendaten eingeben, um an unserem Service teilzunehmen. Sollten bei irgendeinem Schritt Probleme auftreten, z\u00f6gern Sie nicht, sich an unsere Mitarbeiter des technischen Supports zu wenden.<\/p><\/div>\r\n\t\t\t\t\t<\/div>\r\n\t\t\t\t<\/div><\/div>\n","protected":false},"excerpt":{"rendered":"","protected":false},"author":9,"featured_media":0,"parent":2084,"menu_order":0,"comment_status":"closed","ping_status":"closed","template":"templates\/template-application-platform.php","meta":{"publish_to_discourse":"","publish_post_category":"","wpdc_auto_publish_overridden":"","wpdc_topic_tags":"","wpdc_pin_topic":"","wpdc_pin_until":"","discourse_post_id":"","discourse_permalink":"","wpdc_publishing_response":"","wpdc_publishing_error":"","footnotes":""},"class_list":["post-10243","page","type-page","status-publish","hentry"],"yoast_head":"<!-- This site is optimized with the Yoast SEO plugin v25.3.1 - https:\/\/yoast.com\/wordpress\/plugins\/seo\/ -->\n<title>Social Media Icons \u2013 Social Icons-App zu Wix hinzuf\u00fcgen<\/title>\n<meta name=\"description\" content=\"Testen Sie jetzt Elfsight Social Media Icons f\u00fcr Wix. Generieren Sie in wenigen Minuten individuelle Symbole f\u00fcr Ihre Website!\" \/>\n<meta name=\"robots\" content=\"index, follow, max-snippet:-1, max-image-preview:large, max-video-preview:-1\" \/>\n<link rel=\"canonical\" href=\"https:\/\/elfsight.com\/de\/social-media-icons-widget\/wix\/\" \/>\n<meta property=\"og:locale\" content=\"de_DE\" \/>\n<meta property=\"og:type\" content=\"article\" \/>\n<meta property=\"og:title\" content=\"Social Media Icons \u2013 Social Icons-App zu Wix hinzuf\u00fcgen\" \/>\n<meta property=\"og:description\" content=\"Testen Sie jetzt Elfsight Social Media Icons f\u00fcr Wix. Generieren Sie in wenigen Minuten individuelle Symbole f\u00fcr Ihre Website!\" \/>\n<meta property=\"og:url\" content=\"https:\/\/elfsight.com\/de\/social-media-icons-widget\/wix\/\" \/>\n<meta property=\"og:site_name\" content=\"Elfsight DE\" \/>\n<meta property=\"article:modified_time\" content=\"2025-02-13T09:33:48+00:00\" \/>\n<meta name=\"twitter:card\" content=\"summary_large_image\" \/>\n<meta name=\"twitter:label1\" content=\"Gesch\u00e4tzte Lesezeit\" \/>\n\t<meta name=\"twitter:data1\" content=\"3\u00a0Minuten\" \/>\n<!-- \/ Yoast SEO plugin. -->","yoast_head_json":{"title":"Social Media Icons \u2013 Social Icons-App zu Wix hinzuf\u00fcgen","description":"Testen Sie jetzt Elfsight Social Media Icons f\u00fcr Wix. Generieren Sie in wenigen Minuten individuelle Symbole f\u00fcr Ihre Website!","robots":{"index":"index","follow":"follow","max-snippet":"max-snippet:-1","max-image-preview":"max-image-preview:large","max-video-preview":"max-video-preview:-1"},"canonical":"https:\/\/elfsight.com\/de\/social-media-icons-widget\/wix\/","og_locale":"de_DE","og_type":"article","og_title":"Social Media Icons \u2013 Social Icons-App zu Wix hinzuf\u00fcgen","og_description":"Testen Sie jetzt Elfsight Social Media Icons f\u00fcr Wix. Generieren Sie in wenigen Minuten individuelle Symbole f\u00fcr Ihre Website!","og_url":"https:\/\/elfsight.com\/de\/social-media-icons-widget\/wix\/","og_site_name":"Elfsight DE","article_modified_time":"2025-02-13T09:33:48+00:00","twitter_card":"summary_large_image","twitter_misc":{"Gesch\u00e4tzte Lesezeit":"3\u00a0Minuten"},"schema":{"@context":"https:\/\/schema.org","@graph":[{"@type":"WebPage","@id":"https:\/\/elfsight.com\/de\/social-media-icons-widget\/wix\/","url":"https:\/\/elfsight.com\/de\/social-media-icons-widget\/wix\/","name":"Social Media Icons \u2013 Social Icons-App zu Wix hinzuf\u00fcgen","isPartOf":{"@id":"https:\/\/elfsight.com\/de\/#website"},"datePublished":"1970-01-01T00:00:00+00:00","dateModified":"2025-02-13T09:33:48+00:00","description":"Testen Sie jetzt Elfsight Social Media Icons f\u00fcr Wix. Generieren Sie in wenigen Minuten individuelle Symbole f\u00fcr Ihre Website!","breadcrumb":{"@id":"https:\/\/elfsight.com\/de\/social-media-icons-widget\/wix\/#breadcrumb"},"inLanguage":"de","potentialAction":[{"@type":"ReadAction","target":["https:\/\/elfsight.com\/de\/social-media-icons-widget\/wix\/"]}]},{"@type":"BreadcrumbList","@id":"https:\/\/elfsight.com\/de\/social-media-icons-widget\/wix\/#breadcrumb","itemListElement":[{"@type":"ListItem","position":1,"name":"Home","item":"https:\/\/elfsight.com\/de\/"},{"@type":"ListItem","position":2,"name":"Social Media Icons","item":"https:\/\/elfsight.com\/de\/social-media-icons-widget\/"},{"@type":"ListItem","position":3,"name":"Social Media Icons &#8211; Wix"}]},{"@type":"WebSite","@id":"https:\/\/elfsight.com\/de\/#website","url":"https:\/\/elfsight.com\/de\/","name":"Elfsight DE","description":"Just another Elfsight Sites site","potentialAction":[{"@type":"SearchAction","target":{"@type":"EntryPoint","urlTemplate":"https:\/\/elfsight.com\/de\/?s={search_term_string}"},"query-input":{"@type":"PropertyValueSpecification","valueRequired":true,"valueName":"search_term_string"}}],"inLanguage":"de"}]}},"meta_box":{"industry":"","seo_heading":"","heading":"","description":"","cta_heading":"","cta_description":"","application":"466","h1":"Social-Media-Symbole f\u00fcr Wix","h1_caption":"F\u00fcgen Sie Symbole hinzu, die auf Ihre Social-Media-Profile verweisen, damit Besucher m\u00fchelos plattform\u00fcbergreifend mit Ihnen auf Ihrer Website von Wix in Kontakt treten k\u00f6nnen.","application_category":[],"applications_title":"","applications_request_title":"","applications_request_button_text":"","hero_text":"","hero_video":"","hero_video_schema_markup":"","selling_points_title":"","selling_points_caption":"","selling_points":[],"selling_points_cta_text":"","features_title":"","features":"","ed_cta_examples_text":"","ed_cta_examples_hidden":"","ed_cta_demo_text":"","ed_cta_demo_hidden":"","why_caption":"","why_editor_title":"","why_editor_text":"","why_team_title":"","why_team_text":"","why_service_title":"","why_service_text":"","template_catalog_visible":"0","template_catalog_title":"","template_catalog_text":"","template_catalog_categories_visible":"","demo_title":"Erstellen Sie Ihre Social Media Icons-App","demo_caption":"Konfigurieren Sie Ihre Social-Media-Symbole und f\u00fcgen Sie sie kostenlos zu Ihrer Wix-Website hinzu!","default_faq_hidden":"","app_template_category":[],"platform":"265","template_public_id":"","codecanyon_url":"","codecanyon_item_id":"","codecanyon_price":"","pricing_caption":"","pricing_elfsight_apps_hide_column":"","pricing_elfsight_apps_url":"","pricing_codecanyon_price_caption":"","integration_category":[],"integration_request_title":"","integration_request_cta":"","integration_platform":"","integrations":[],"platform_category":[],"video_schema_markup":"","price":"ab 0 $ \/ Monat","trial":"","benefits":[{"text":"Kostenlose Installationsunterst\u00fctzung"},{"text":"Professioneller Kundenservice"},{"text":"14-t\u00e4gige R\u00fcckerstattungsgarantie"},{"text":"Fortlaufende Entwicklung"}],"button_url":"#demo","button_target_blank":"0","button_nofollow":"0","attributes":[{"name":"Installiert","content":"10,000 - 100,000"},{"name":"Reaktionsfreudig","content":"Ja"},{"name":"Kompatible Browser","content":"Safari, Edge, Opera, Firefox, Chrome"}],"tags":[],"tags_disable_links":"0","hide_more_platforms":"0","video_object":"","demo_hide_cta":"0","demo_hide_cloud_options":"0","pricing_title":"","pricing":[{"pricing_icon":"platform","pricing_title":"Wix app","pricing_title_caption":"Plattformunabh\u00e4ngige L\u00f6sung, die f\u00fcr jede Website geeignet ist (einschlie\u00dflich Wix)","pricing_price":"ab 0 $ \/ Monat","pricing_price_caption":"Beginnen Sie mit einem kostenlosen Plan","pricing_benefits":[{"text":"Unbegrenzte Anzahl an Domains"},{"text":"Engagierter und p\u00fcnktlicher Support"},{"text":"Kostenloser Installationssupport"},{"text":"100 % anpassbar"}],"pricing_button_text":"Zur Website hinzuf\u00fcgen","pricing_button_url":"#demo"}],"related_apps_title":"","related_apps_hidden":"0","author":"","image":[],"title":"","job":"","social_networks":[]},"_links":{"self":[{"href":"https:\/\/elfsight.com\/de\/wp-json\/wp\/v2\/pages\/10243","targetHints":{"allow":["GET"]}}],"collection":[{"href":"https:\/\/elfsight.com\/de\/wp-json\/wp\/v2\/pages"}],"about":[{"href":"https:\/\/elfsight.com\/de\/wp-json\/wp\/v2\/types\/page"}],"author":[{"embeddable":true,"href":"https:\/\/elfsight.com\/de\/wp-json\/wp\/v2\/users\/9"}],"replies":[{"embeddable":true,"href":"https:\/\/elfsight.com\/de\/wp-json\/wp\/v2\/comments?post=10243"}],"version-history":[{"count":3,"href":"https:\/\/elfsight.com\/de\/wp-json\/wp\/v2\/pages\/10243\/revisions"}],"predecessor-version":[{"id":24060,"href":"https:\/\/elfsight.com\/de\/wp-json\/wp\/v2\/pages\/10243\/revisions\/24060"}],"up":[{"embeddable":true,"href":"https:\/\/elfsight.com\/de\/wp-json\/wp\/v2\/pages\/2084"}],"wp:attachment":[{"href":"https:\/\/elfsight.com\/de\/wp-json\/wp\/v2\/media?parent=10243"}],"curies":[{"name":"wp","href":"https:\/\/api.w.org\/{rel}","templated":true}]}}