{"id":10241,"date":"1970-01-01T00:00:00","date_gmt":"1970-01-01T00:00:00","guid":{"rendered":"https:\/\/elfsight.com\/de\/?page_id=10241"},"modified":"2025-02-13T07:04:22","modified_gmt":"2025-02-13T07:04:22","slug":"elementor","status":"publish","type":"page","link":"https:\/\/elfsight.com\/de\/social-media-icons-widget\/elementor\/","title":{"rendered":"Social Media Icons &#8211; Elementor"},"content":{"rendered":"\n<div class=\"application-platform-content-item-description application-platform-content-item\" id=\"description\" data-nav-section=\"description\"><h2>Etten Sie Social-Media-Symbole auf Elementor mit dem Elfsight-Widget ein<\/h2><p>Beginnen Sie mit dem Ausbau Ihres Gesch\u00e4fts in sozialen Netzwerken und gewinnen Sie neue Follower und Leser, die effektive Ver\u00f6ffentlichungen auf Ihrer pers\u00f6nlichen Website nutzen.<\/p><p><b>Erzielen Sie mehr Klicks und Leser aus sozialen Netzwerken!<\/b><\/p><p><b>Maximale Werbung f\u00fcr Ver\u00f6ffentlichungen und Produkte in soziale Medien<\/b><br> Mit nur einem Klick werden Ihre Inhalte in allen sozialen Medien ohne Einschr\u00e4nkungen aktiv beworben.<\/p><p><b>Steigern Sie die Aufrufe auf Ihrer Website<\/b><br> Bringen Sie durch aktive Pr\u00e4senz in sozialen Netzwerken neue Nutzer auf Ihre Website und steigern Sie die Besuchszahlen.<\/p><p><b>Erh\u00f6hen Sie die Leserzahl in sozialen Medien<\/b><br> Ver\u00f6ffentlichen Sie spannende Inhalte? Lassen Sie die Zuschauer selbst Publikationen f\u00fcr ihre Leser teilen und sie weiter verbreiten.<\/p><\/div><div class=\"application-platform-content-item-features application-platform-content-item\" id=\"features\" data-nav-section=\"features\"><h2>Hauptfunktionen des Social-Media-Icons-Widgets<\/h2><p>Was Elfsight ausmacht Sind Icons die besten unter den Elementor-Social-Plugins? Sehen Sie sich unsere strategischen Vorteile an:<\/p><ul><li>F\u00fcgen Sie ein neues Medium hinzu, indem Sie einfach eine URL in Ihr Profil einf\u00fcgen;<\/li><li>5 Optionen f\u00fcr die Symbolgr\u00f6\u00dfe;<\/li><li>3 Ausrichtung Varianten der Symbole: links, rechts, in der Mitte;<\/li><li>Symbole und Hintergrund \u00e4ndern ihre Farbe beim Hover;<\/li><li>5 Arten von Animationen beim Hover.<\/li><\/ul><p><a href=\"#demo\">Pr\u00fcfen Sie die anderen Vorteile eines kostenlosen Editors<\/a><\/p><\/div><div class=\"application-platform-content-item-installation application-platform-content-item\" id=\"installation\" data-nav-section=\"installation\"><h2>So f\u00fcgen Sie Social-Media-Symbole zur Elementor-Website hinzu <\/h2><div class=\"video-container\"><iframe width=\"560\" height=\"315\" src=\"https:\/\/www.youtube.com\/embed\/MvdrXRrA0Io?si=yLAD65u3bk2OUdCl\" frameborder=\"0\" allow=\"accelerometer; autoplay; clipboard-write; encrypted-media; gyroscope; picture-in-picture; web-share\" allowfullscreen><\/iframe><\/div><p>Ein kurzes Tutorial zum Anzeigen von Widgets ohne Erfahrung in der Webentwicklung oder Hilfe eines professionellen Entwicklers. Sie ben\u00f6tigen 2 Minuten, um die Anleitung durchzuf\u00fchren.<\/p><ol><li><b>Entwerfen Sie Ihre einzigartigen Social Icons<\/b><br> Erstellen Sie mit unserer kostenlosen Demo ein Plugin mit der gew\u00fcnschten Vorlage und den gew\u00fcnschten Einstellungen.<\/li><li><b>Erhalten Sie einen Code zum Integrieren des Plugins<\/b><br> Nach der Widget-Generierung erhalten Sie einen Code f\u00fcr das Social Plugin aus dem erscheinenden Fenster von Elfsight Apps.<\/li><li><b>Plugin auf der Elementor-Website platzieren<\/b><br> Betten Sie das Plugin an einer ausgew\u00e4hlten Stelle der Website ein und \u00fcbernehmen Sie die \u00c4nderungen.<\/li><li><b>Die Einbettung ist erfolgreich!<\/b><br> Besuchen Sie Ihre Website, um Ihr Widget zu \u00fcberpr\u00fcfen.<\/li><\/ol><p>Ben\u00f6tigen Sie Ratschl\u00e4ge zum Einrichten oder Anpassen des Plugins? Das Elfsight-Hilfecenter-Team wird Ihnen gerne weiterhelfen und eine L\u00f6sung anbieten!<\/p><\/div><div class=\"faq\" data-component=\"FAQ\"><div class=\"faq-item\">\r\n\t\t\t\t\t<div class=\"faq-item-question\">\r\n\t\t\t\t\t\t<h3 class=\"faq-item-question-text\">Wie f\u00fcge ich meinem Elementor Social-Media-Symbole ohne Coding-Kenntnisse hinzu?<\/h3>\r\n\r\n\t\t\t\t\t\t<div class=\"faq-item-question-icon\"><\/div>\r\n\t\t\t\t\t<\/div>\r\n\r\n\t\t\t\t\t<div class=\"faq-item-answer\">\r\n\t\t\t\t\t\t<div class=\"faq-item-answer-text\"> Verwenden Sie die Elfsight-App f\u00fcr Elementor, um Social-Media-Symbole ohne Coding-Kenntnisse hinzuzuf\u00fcgen.<\/li><li>W\u00e4hlen Sie eine unserer vorgefertigten Vorlagen und passen Sie die Einstellungen f\u00fcr Social-Media-Symbole an, \u00e4ndern Sie das Layout und die Farben und f\u00fcgen Sie Ihre Inhalte ohne Codierung hinzu.<\/li><li>Speichern Sie die Social-Media-Symbole und kopieren Sie den Code des Widgets zum Einbetten, der problemlos in jede Elementor-Homepage eingef\u00fcgt werden kann, ohne dass Sie eine kostenpflichtige Version kaufen m\u00fcssen.<\/li><\/ul><p>Mit der Hilfe unseres unkomplizierten Editors k\u00f6nnen Sie jeden Webbenutzer k\u00f6nnen Social-Media-Symbole erstellen und auf jeder Elementor-Website einf\u00fcgen. Sie m\u00fcssen weder bezahlen noch Ihre Kartendaten eingeben, um auf unseren Service zuzugreifen. Wenn Sie auf Probleme jeglicher Art sto\u00dfen, z\u00f6gern Sie bitte nicht, sich an unsere Support-Mitarbeiter zu wenden.<\/p><\/div>\r\n\t\t\t\t\t<\/div>\r\n\t\t\t\t<\/div><\/div>\n","protected":false},"excerpt":{"rendered":"","protected":false},"author":9,"featured_media":0,"parent":2084,"menu_order":0,"comment_status":"closed","ping_status":"closed","template":"templates\/template-application-platform.php","meta":{"publish_to_discourse":"","publish_post_category":"","wpdc_auto_publish_overridden":"","wpdc_topic_tags":"","wpdc_pin_topic":"","wpdc_pin_until":"","discourse_post_id":"","discourse_permalink":"","wpdc_publishing_response":"","wpdc_publishing_error":"","footnotes":""},"class_list":["post-10241","page","type-page","status-publish","hentry"],"yoast_head":"<!-- This site is optimized with the Yoast SEO plugin v25.3.1 - https:\/\/yoast.com\/wordpress\/plugins\/seo\/ -->\n<title>Widget \u201eSocial Media Icons\u201c f\u00fcr die Elementor-Website (2025)<\/title>\n<meta name=\"description\" content=\"Richten Sie in wenigen Minuten Social-Media-Symbole auf Ihrer Elementor-Website ein. Sofortige und einfache Generierung verschiedener Website-Plugins durch Elfsight.\" \/>\n<meta name=\"robots\" content=\"index, follow, max-snippet:-1, max-image-preview:large, max-video-preview:-1\" \/>\n<link rel=\"canonical\" href=\"https:\/\/elfsight.com\/de\/social-media-icons-widget\/elementor\/\" \/>\n<meta property=\"og:locale\" content=\"de_DE\" \/>\n<meta property=\"og:type\" content=\"article\" \/>\n<meta property=\"og:title\" content=\"Widget \u201eSocial Media Icons\u201c f\u00fcr die Elementor-Website (2025)\" \/>\n<meta property=\"og:description\" content=\"Richten Sie in wenigen Minuten Social-Media-Symbole auf Ihrer Elementor-Website ein. Sofortige und einfache Generierung verschiedener Website-Plugins durch Elfsight.\" \/>\n<meta property=\"og:url\" content=\"https:\/\/elfsight.com\/de\/social-media-icons-widget\/elementor\/\" \/>\n<meta property=\"og:site_name\" content=\"Elfsight DE\" \/>\n<meta property=\"article:modified_time\" content=\"2025-02-13T07:04:22+00:00\" \/>\n<meta name=\"twitter:card\" content=\"summary_large_image\" \/>\n<meta name=\"twitter:label1\" content=\"Gesch\u00e4tzte Lesezeit\" \/>\n\t<meta name=\"twitter:data1\" content=\"3\u00a0Minuten\" \/>\n<!-- \/ Yoast SEO plugin. -->","yoast_head_json":{"title":"Widget \u201eSocial Media Icons\u201c f\u00fcr die Elementor-Website (2025)","description":"Richten Sie in wenigen Minuten Social-Media-Symbole auf Ihrer Elementor-Website ein. Sofortige und einfache Generierung verschiedener Website-Plugins durch Elfsight.","robots":{"index":"index","follow":"follow","max-snippet":"max-snippet:-1","max-image-preview":"max-image-preview:large","max-video-preview":"max-video-preview:-1"},"canonical":"https:\/\/elfsight.com\/de\/social-media-icons-widget\/elementor\/","og_locale":"de_DE","og_type":"article","og_title":"Widget \u201eSocial Media Icons\u201c f\u00fcr die Elementor-Website (2025)","og_description":"Richten Sie in wenigen Minuten Social-Media-Symbole auf Ihrer Elementor-Website ein. Sofortige und einfache Generierung verschiedener Website-Plugins durch Elfsight.","og_url":"https:\/\/elfsight.com\/de\/social-media-icons-widget\/elementor\/","og_site_name":"Elfsight DE","article_modified_time":"2025-02-13T07:04:22+00:00","twitter_card":"summary_large_image","twitter_misc":{"Gesch\u00e4tzte Lesezeit":"3\u00a0Minuten"},"schema":{"@context":"https:\/\/schema.org","@graph":[{"@type":"WebPage","@id":"https:\/\/elfsight.com\/de\/social-media-icons-widget\/elementor\/","url":"https:\/\/elfsight.com\/de\/social-media-icons-widget\/elementor\/","name":"Widget \u201eSocial Media Icons\u201c f\u00fcr die Elementor-Website (2025)","isPartOf":{"@id":"https:\/\/elfsight.com\/de\/#website"},"datePublished":"1970-01-01T00:00:00+00:00","dateModified":"2025-02-13T07:04:22+00:00","description":"Richten Sie in wenigen Minuten Social-Media-Symbole auf Ihrer Elementor-Website ein. Sofortige und einfache Generierung verschiedener Website-Plugins durch Elfsight.","breadcrumb":{"@id":"https:\/\/elfsight.com\/de\/social-media-icons-widget\/elementor\/#breadcrumb"},"inLanguage":"de","potentialAction":[{"@type":"ReadAction","target":["https:\/\/elfsight.com\/de\/social-media-icons-widget\/elementor\/"]}]},{"@type":"BreadcrumbList","@id":"https:\/\/elfsight.com\/de\/social-media-icons-widget\/elementor\/#breadcrumb","itemListElement":[{"@type":"ListItem","position":1,"name":"Home","item":"https:\/\/elfsight.com\/de\/"},{"@type":"ListItem","position":2,"name":"Social Media Icons","item":"https:\/\/elfsight.com\/de\/social-media-icons-widget\/"},{"@type":"ListItem","position":3,"name":"Social Media Icons &#8211; Elementor"}]},{"@type":"WebSite","@id":"https:\/\/elfsight.com\/de\/#website","url":"https:\/\/elfsight.com\/de\/","name":"Elfsight DE","description":"Just another Elfsight Sites site","potentialAction":[{"@type":"SearchAction","target":{"@type":"EntryPoint","urlTemplate":"https:\/\/elfsight.com\/de\/?s={search_term_string}"},"query-input":{"@type":"PropertyValueSpecification","valueRequired":true,"valueName":"search_term_string"}}],"inLanguage":"de"}]}},"meta_box":{"industry":"","seo_heading":"","heading":"","description":"","cta_heading":"","cta_description":"","application":"466","h1":"Soziale Symbole von Elementor","h1_caption":"F\u00fcgen Sie Symbole hinzu, die auf Ihre Social-Media-Profile verweisen, damit Besucher m\u00fchelos plattform\u00fcbergreifend mit Ihnen auf Ihrer Elementor-Website in Kontakt treten k\u00f6nnen.","application_category":[],"applications_title":"","applications_request_title":"","applications_request_button_text":"","hero_text":"","hero_video":"","hero_video_schema_markup":"","selling_points_title":"","selling_points_caption":"","selling_points":[],"selling_points_cta_text":"","features_title":"","features":"","ed_cta_examples_text":"","ed_cta_examples_hidden":"","ed_cta_demo_text":"","ed_cta_demo_hidden":"","why_caption":"","why_editor_title":"","why_editor_text":"","why_team_title":"","why_team_text":"","why_service_title":"","why_service_text":"","template_catalog_visible":"0","template_catalog_title":"","template_catalog_text":"","template_catalog_categories_visible":"","demo_title":"Erstellen Sie Ihr Social-Media-Icons-Widget","demo_caption":"Konfigurieren Sie Ihre Social-Media-Symbole und f\u00fcgen Sie sie kostenlos zu Ihrer Elementor-Website hinzu!","default_faq_hidden":"","app_template_category":[],"platform":"223","template_public_id":"","codecanyon_url":"","codecanyon_item_id":"","codecanyon_price":"","pricing_caption":"","pricing_elfsight_apps_hide_column":"","pricing_elfsight_apps_url":"","pricing_codecanyon_price_caption":"","integration_category":[],"integration_request_title":"","integration_request_cta":"","integration_platform":"","integrations":[],"platform_category":[],"video_schema_markup":"","price":"ab 0 $ \/ Monat","trial":"","benefits":[{"text":"Kostenloser Installationsservice"},{"text":"Kompetenter Kundenservice"},{"text":"14-t\u00e4gige R\u00fcckerstattungsgarantie"},{"text":"Kontinuierliche kostenlose Updates"}],"button_url":"#demo","button_target_blank":"0","button_nofollow":"0","attributes":[{"name":"Installiert","content":"10,000 - 100,000"},{"name":"Reaktionsfreudig","content":"Ja"},{"name":"Kompatible Browser","content":"Firefox, Safari, Opera, Chrome, Edge"}],"tags":[],"tags_disable_links":"0","hide_more_platforms":"0","video_object":"","demo_hide_cta":"0","demo_hide_cloud_options":"0","pricing_title":"","pricing":[{"pricing_icon":"platform","pricing_title":"Elfsight Apps","pricing_title_caption":"Plattform\u00fcbergreifende L\u00f6sung, die f\u00fcr jede Website geeignet ist","pricing_price":"ab 0 $ \/ Monat","pricing_price_caption":"Beginnen Sie mit einem kostenlosen Plan","pricing_benefits":[{"text":"Unbegrenzte Domains"},{"text":"Support rund um die Uhr"},{"text":"Kostenlose Installationshilfe"},{"text":"Preis f\u00fcr mehrere Apps"}],"pricing_button_text":"Zur Website hinzuf\u00fcgen","pricing_button_url":"#demo"}],"related_apps_title":"","related_apps_hidden":"0","author":"","image":[],"title":"","job":"","social_networks":[]},"_links":{"self":[{"href":"https:\/\/elfsight.com\/de\/wp-json\/wp\/v2\/pages\/10241","targetHints":{"allow":["GET"]}}],"collection":[{"href":"https:\/\/elfsight.com\/de\/wp-json\/wp\/v2\/pages"}],"about":[{"href":"https:\/\/elfsight.com\/de\/wp-json\/wp\/v2\/types\/page"}],"author":[{"embeddable":true,"href":"https:\/\/elfsight.com\/de\/wp-json\/wp\/v2\/users\/9"}],"replies":[{"embeddable":true,"href":"https:\/\/elfsight.com\/de\/wp-json\/wp\/v2\/comments?post=10241"}],"version-history":[{"count":3,"href":"https:\/\/elfsight.com\/de\/wp-json\/wp\/v2\/pages\/10241\/revisions"}],"predecessor-version":[{"id":24033,"href":"https:\/\/elfsight.com\/de\/wp-json\/wp\/v2\/pages\/10241\/revisions\/24033"}],"up":[{"embeddable":true,"href":"https:\/\/elfsight.com\/de\/wp-json\/wp\/v2\/pages\/2084"}],"wp:attachment":[{"href":"https:\/\/elfsight.com\/de\/wp-json\/wp\/v2\/media?parent=10241"}],"curies":[{"name":"wp","href":"https:\/\/api.w.org\/{rel}","templated":true}]}}