{"id":1024,"date":"2020-06-09T09:58:48","date_gmt":"2020-06-09T09:58:48","guid":{"rendered":"https:\/\/elfsight.com\/de\/?page_id=1024"},"modified":"2024-07-16T10:57:42","modified_gmt":"2024-07-16T10:57:42","slug":"examples","status":"publish","type":"page","link":"https:\/\/elfsight.com\/de\/event-calendar-widget\/examples\/","title":{"rendered":"Event Calendar &#8211; Examples"},"content":{"rendered":"\n<div class=\"application-examples-item application-examples-item-loading\">\n                            <div class=\"col-row\">\n                                <div class=\"col-6 col-m-8 col-s-12\"><h3 class=\"application-examples-item-title\">Beispiel 1. Team Spiele<\/h3><div class=\"application-examples-item-description\">Pr\u00e4sentieren Sie Ihre bevorstehenden Spiele. Heim- und Ausw\u00e4rtsspiele haben unterschiedliche Hintergrundfarben, um den Benutzern die Suche zu erleichtern. \u00dcber die CTA-Schaltfl\u00e4che k\u00f6nnen Sie Tickets kaufen, was f\u00fcr Benutzer \u00e4u\u00dferst praktisch ist, da sie die Website nicht verlassen m\u00fcssen, um die Tickets zu finden.<\/div><\/div>\n                <\/div>\n\n                <div class=\"application-examples-item-iframe-container browser-frame\">\n                    <div class=\"application-examples-item-iframe-wrapper\">\n                        <iframe class=\"application-examples-item-iframe\" data-src=\"https:\/\/elfsight.com\/examples?widget_id=43f2336e-48d2-4c7c-b17f-003f045e20ce\" width=\"100%\" allow=\"autoplay; fullscreen\"><\/iframe>\n                    <\/div>\n\n                    <div class=\"application-examples-item-loader\"><\/div>\n                <\/div>\n            <\/div>\n\n<div class=\"application-examples-item application-examples-item-loading\">\n                            <div class=\"col-row\">\n                                <div class=\"col-6 col-m-8 col-s-12\"><h3 class=\"application-examples-item-title\">Beispiel 2. Bevorstehende Veranstaltungen<\/h3><div class=\"application-examples-item-description\">Dieser Kalender ist minimalistisch gestaltet und zeigt nur die Daten und Namen der bevorstehenden Veranstaltungen. Alle zus\u00e4tzlichen Informationen werden im Popup angezeigt, das per Klick ge\u00f6ffnet wird. Dies ist eine gute Wahl f\u00fcr diejenigen, die nur begrenzten Platz auf der Seite haben.<\/div><\/div>\n                <\/div>\n\n                <div class=\"application-examples-item-iframe-container browser-frame\">\n                    <div class=\"application-examples-item-iframe-wrapper\">\n                        <iframe class=\"application-examples-item-iframe\" data-src=\"https:\/\/elfsight.com\/examples?widget_id=da4fbdc1-5e26-4388-93e5-f00e6c75567d\" width=\"100%\" allow=\"autoplay; fullscreen\"><\/iframe>\n                    <\/div>\n\n                    <div class=\"application-examples-item-loader\"><\/div>\n                <\/div>\n            <\/div>\n\n<div class=\"application-examples-item application-examples-item-loading\">\n                            <div class=\"col-row\">\n                                <div class=\"col-6 col-m-8 col-s-12\"><h3 class=\"application-examples-item-title\">Beispiel 3. Die n\u00e4chsten Live-Webinare<\/h3><div class=\"application-examples-item-description\">Pr\u00e4sentieren Sie alle bevorstehenden Live-Webinare auf stilvollste Weise, um mehr Teilnehmer einzuladen. Jede Veranstaltung enth\u00e4lt eine aktive Schaltfl\u00e4che mit Registrierung, Datum, Name des Sprechers und Dauer der Veranstaltung. Die Veranstaltungskarten enthalten alle erforderlichen Informationen, damit Benutzer schnell entscheiden k\u00f6nnen, ob sie an einer der Karten teilnehmen m\u00f6chten.<\/div><\/div>\n                <\/div>\n\n                <div class=\"application-examples-item-iframe-container browser-frame\">\n                    <div class=\"application-examples-item-iframe-wrapper\">\n                        <iframe class=\"application-examples-item-iframe\" data-src=\"https:\/\/elfsight.com\/examples?widget_id=19443857-bcd1-4d27-8bfa-efe39acf826d\" width=\"100%\" allow=\"autoplay; fullscreen\"><\/iframe>\n                    <\/div>\n\n                    <div class=\"application-examples-item-loader\"><\/div>\n                <\/div>\n            <\/div>\n\n<div class=\"application-examples-item application-examples-item-loading\">\n                            <div class=\"col-row\">\n                                <div class=\"col-6 col-m-8 col-s-12\"><h3 class=\"application-examples-item-title\">Beispiel 4. Universit\u00e4tsveranstaltungen<\/h3><div class=\"application-examples-item-description\">M\u00fcssen Sie die Aktivit\u00e4ten auf dem Universit\u00e4tscampus f\u00f6rdern? Eine informative Liste von Veranstaltungen ist hier die beste L\u00f6sung. Dieser Kalender ist schwarz und wei\u00df lackiert und sieht klassisch aus. Das Fehlen von Bildern bietet die M\u00f6glichkeit, die Aufmerksamkeit der Benutzer auf die Namen der aufgelisteten Ereignisse zu lenken, und farbige Beschriftungen geben den Ereignistyp an.<\/div><\/div>\n                <\/div>\n\n                <div class=\"application-examples-item-iframe-container browser-frame\">\n                    <div class=\"application-examples-item-iframe-wrapper\">\n                        <iframe class=\"application-examples-item-iframe\" data-src=\"https:\/\/elfsight.com\/examples?widget_id=da5222c1-bfaa-4058-b8cb-7f8a545aad26\" width=\"100%\" allow=\"autoplay; fullscreen\"><\/iframe>\n                    <\/div>\n\n                    <div class=\"application-examples-item-loader\"><\/div>\n                <\/div>\n            <\/div>\n\n<div class=\"application-examples-item application-examples-item-loading\">\n                            <div class=\"col-row\">\n                                <div class=\"col-6 col-m-8 col-s-12\"><h3 class=\"application-examples-item-title\">Beispiel 5. Online-Kurse<\/h3><div class=\"application-examples-item-description\">Der Veranstaltungskalender enth\u00e4lt alle notwendigen Informationen zu den bevorstehenden Veranstaltungen. Benutzer k\u00f6nnen die Ereignisse nach Typ sortieren und die gew\u00fcnschten ausw\u00e4hlen. Die CTA-Schaltfl\u00e4chen sind schwarz lackiert, um den Kontrast zum wei\u00dfen Hintergrund zu schaffen. Die Beschriftung zeigt den Preis und erleichtert den Benutzern die Kaufentscheidung.<\/div><\/div>\n                <\/div>\n\n                <div class=\"application-examples-item-iframe-container browser-frame\">\n                    <div class=\"application-examples-item-iframe-wrapper\">\n                        <iframe class=\"application-examples-item-iframe\" data-src=\"https:\/\/elfsight.com\/examples?widget_id=264e97b0-6d51-4c4c-9bb0-c4a1d0a0abeb\" width=\"100%\" allow=\"autoplay; fullscreen\"><\/iframe>\n                    <\/div>\n\n                    <div class=\"application-examples-item-loader\"><\/div>\n                <\/div>\n            <\/div>\n\n<div class=\"application-examples-item application-examples-item-loading\">\n                            <div class=\"col-row\">\n                                <div class=\"col-6 col-m-8 col-s-12\"><h3 class=\"application-examples-item-title\">Beispiel 6. Stadt Veranstaltungen<\/h3><div class=\"application-examples-item-description\">Dann ist diese Variante genau das Richtige f\u00fcr Sie. Jede Veranstaltung hier hat eine Beschriftung, die ihren Typ angibt, und eine Miniaturansicht, die die Aufmerksamkeit des Publikums auf sich zieht. Alle Veranstaltungen sind in verschiedene Kategorien mit Akzentfarben unterteilt. Dadurch k\u00f6nnen Benutzer leichter verstehen, welche Veranstaltungen einen Besuch wert sind.<\/div><\/div>\n                <\/div>\n\n                <div class=\"application-examples-item-iframe-container browser-frame\">\n                    <div class=\"application-examples-item-iframe-wrapper\">\n                        <iframe class=\"application-examples-item-iframe\" data-src=\"https:\/\/elfsight.com\/examples?widget_id=aa869490-314c-4713-b58e-0e6b8277bd95\" width=\"100%\" allow=\"autoplay; fullscreen\"><\/iframe>\n                    <\/div>\n\n                    <div class=\"application-examples-item-loader\"><\/div>\n                <\/div>\n            <\/div>\n\n<div class=\"application-cta-create\">\n                    <div class=\"application-cta-create-bg\">\n                        <div class=\"application-cta-create-bg-left\"><\/div>\n\n                        <div class=\"application-cta-create-bg-right\">\n                            <img decoding=\"async\" src=\"https:\/\/elfsight.com\/de\/wp-content\/themes\/elfsight\/frontend\/assets\/img\/application-cta-create.jpg\" alt=\"Beginnen Sie mit der Erstellung Ihres Widgets\">\n                        <\/div>\n                    <\/div>\n\n                    <div class=\"application-cta-create-content inner\">\n                        <div class=\"application-cta-create-content-inner\">\n                            <div class=\"application-cta-create-content-icon\">\n                                <svg viewBox=\"0 0 25 25\" width=\"100%\" height=\"100%\">\n                                    <use xlink:href=\"#icon-settings\"><\/use>\n                                <\/svg>\n                            <\/div>\n\n                            <div class=\"application-cta-create-content-title\">Beginnen Sie mit der Erstellung Ihres Widgets<\/div>\n\n                            <div class=\"application-cta-create-content-text\">Schnell. Einfach. Keine Codierung.<\/div>\n\n                            <a class=\"application-cta-create-content-button button-48 button-has-right-icon button-black button\" href=\"\">\n                                <span class=\"button-label\">Widget erstellen<\/span>\n\n                                <svg class=\"button-icon\">\n                                    <use xlink:href=\"#icon-arrow-link\"><\/use>\n                                <\/svg>\n                            <\/a>\n                        <\/div>\n                    <\/div>\n                <\/div>\n\n<div class=\"application-examples-item application-examples-item-loading\">\n                            <div class=\"col-row\">\n                                <div class=\"col-6 col-m-8 col-s-12\"><h3 class=\"application-examples-item-title\">Beispiel 7. Museumsveranstaltungen<\/h3><div class=\"application-examples-item-description\">Erstellen Sie einen gro\u00dfartigen Kalender, der perfekt zum Design Ihrer Website passt und die Aufmerksamkeit der Benutzer auf sich zieht. Mit dem Layout \u201cGrid\u201d  k\u00f6nnen Sie ganz einfach alle Veranstaltungen an einem Ort pr\u00e4sentieren. F\u00fcr mehr Benutzerkomfort k\u00f6nnen Sie jeder Veranstaltungskategorie eine Farbe zuweisen.<\/div><\/div>\n                <\/div>\n\n                <div class=\"application-examples-item-iframe-container browser-frame\">\n                    <div class=\"application-examples-item-iframe-wrapper\">\n                        <iframe class=\"application-examples-item-iframe\" data-src=\"https:\/\/elfsight.com\/examples?widget_id=3febd190-ad8a-4211-8373-ab57df1cc6da\" width=\"100%\" allow=\"autoplay; fullscreen\"><\/iframe>\n                    <\/div>\n\n                    <div class=\"application-examples-item-loader\"><\/div>\n                <\/div>\n            <\/div>\n\n<div class=\"application-examples-item application-examples-item-loading\">\n                            <div class=\"col-row\">\n                                <div class=\"col-6 col-m-8 col-s-12\"><h3 class=\"application-examples-item-title\">Beispiel 8. Hotelaktivit\u00e4ten &amp; Unterhaltungsplan<\/h3><div class=\"application-examples-item-description\">Das Mauerwerk ist die perfekte Wahl f\u00fcr die Demonstration von Unterhaltungsveranstaltungen. Die in Gelb und Schwarz gemalten Daten und ein helles Bild helfen den Benutzern, die Veranstaltung nicht zu verpassen. Alle Ereignisse werden je nach verf\u00fcgbarem vertikalen Raum in die optimale Position gebracht. Diese Anordnung von Bl\u00f6cken sieht nicht standardisiert und modern aus.<\/div><\/div>\n                <\/div>\n\n                <div class=\"application-examples-item-iframe-container browser-frame\">\n                    <div class=\"application-examples-item-iframe-wrapper\">\n                        <iframe class=\"application-examples-item-iframe\" data-src=\"https:\/\/elfsight.com\/examples?widget_id=b2c7c63b-cb9f-4db8-a985-927f3556e501\" width=\"100%\" allow=\"autoplay; fullscreen\"><\/iframe>\n                    <\/div>\n\n                    <div class=\"application-examples-item-loader\"><\/div>\n                <\/div>\n            <\/div>\n\n<div class=\"application-examples-item application-examples-item-loading\">\n                            <div class=\"col-row\">\n                                <div class=\"col-6 col-m-8 col-s-12\"><h3 class=\"application-examples-item-title\">Beispiel 9. Jazzclub<\/h3><div class=\"application-examples-item-description\">Erstellen Sie Ihren stilvollen Kalender mit nur wenigen Klicks. Sie m\u00fcssen lediglich das Hintergrundbild ausw\u00e4hlen, um die im selben Stil gestalteten Ereignisse hervorzuheben. Der Kalender enth\u00e4lt das rot gef\u00e4rbte Datum, die \u00dcberschrift und die Uhrzeit.<\/div><\/div>\n                <\/div>\n\n                <div class=\"application-examples-item-iframe-container browser-frame\">\n                    <div class=\"application-examples-item-iframe-wrapper\">\n                        <iframe class=\"application-examples-item-iframe\" data-src=\"https:\/\/elfsight.com\/examples?widget_id=1eb02c9d-601b-44dd-adab-488fe2c05115\" width=\"100%\" allow=\"autoplay; fullscreen\"><\/iframe>\n                    <\/div>\n\n                    <div class=\"application-examples-item-loader\"><\/div>\n                <\/div>\n            <\/div>\n\n<div class=\"application-examples-item application-examples-item-loading\">\n                            <div class=\"col-row\">\n                                <div class=\"col-6 col-m-8 col-s-12\"><h3 class=\"application-examples-item-title\">Beispiel 10. Festival Lineup<\/h3><div class=\"application-examples-item-description\">Dieser Kalender verwendet verblassende Farben, um Stufen anzuzeigen. Dies ist eine einfache und intuitive Methode, die immer noch unglaublich beeindruckend aussieht. \u00dcber eine spezielle Schaltfl\u00e4che k\u00f6nnen Benutzer auch Ereignisse filtern und diejenigen ausw\u00e4hlen, die sie am meisten interessieren.<\/div><\/div>\n                <\/div>\n\n                <div class=\"application-examples-item-iframe-container browser-frame\">\n                    <div class=\"application-examples-item-iframe-wrapper\">\n                        <iframe class=\"application-examples-item-iframe\" data-src=\"https:\/\/elfsight.com\/examples?widget_id=bac4aee8-7256-482b-b942-5a8c45364011\" width=\"100%\" allow=\"autoplay; fullscreen\"><\/iframe>\n                    <\/div>\n\n                    <div class=\"application-examples-item-loader\"><\/div>\n                <\/div>\n            <\/div>\n\n<div class=\"application-examples-item application-examples-item-loading\">\n                            <div class=\"col-row\">\n                                <div class=\"col-6 col-m-8 col-s-12\"><h3 class=\"application-examples-item-title\">Beispiel 11. Konzertsaal<\/h3><div class=\"application-examples-item-description\">Hier haben wir ein Beispiel f\u00fcr einen perfekt arrangierten Veranstaltungskalender des Konzertsaal. Alle Ereignisse k\u00f6nnen nach Datum sortiert werden. Jedes von ihnen enth\u00e4lt ein Bild, das Datum und eine CTA-Schaltfl\u00e4che, mit der Sie Tickets kaufen und zur Checkout-Seite gelangen k\u00f6nnen. Die Verwendung des Kalenders ist unglaublich einfach, da alle Veranstaltungen in chronologischer Reihenfolge angeordnet sind.<\/div><\/div>\n                <\/div>\n\n                <div class=\"application-examples-item-iframe-container browser-frame\">\n                    <div class=\"application-examples-item-iframe-wrapper\">\n                        <iframe class=\"application-examples-item-iframe\" data-src=\"https:\/\/elfsight.com\/examples?widget_id=a3b46df8-9ae5-4961-bc39-35743ab3e55d\" width=\"100%\" allow=\"autoplay; fullscreen\"><\/iframe>\n                    <\/div>\n\n                    <div class=\"application-examples-item-loader\"><\/div>\n                <\/div>\n            <\/div>\n\n<div class=\"application-examples-item application-examples-item-loading\">\n                            <div class=\"col-row\">\n                                <div class=\"col-6 col-m-8 col-s-12\"><h3 class=\"application-examples-item-title\">Beispiel 12. Slider-Ausstellung<\/h3><div class=\"application-examples-item-description\">Der Slider ist eine gro\u00dfartige Option f\u00fcr diejenigen, die nur \u00fcber begrenzten Platz auf der Seite verf\u00fcgen oder nicht viele Veranstaltungen gleichzeitig anbieten k\u00f6nnen. Hier sehen wir drei Folien, von denen jede eine neue Farbe hat. Durch Klicken auf die CTA-Buttons k\u00f6nnen Benutzer zur Checkout-Seite gehen und Tickets kaufen. Der Slider passt perfekt in den Inhaltsbereich der Website und ben\u00f6tigt nicht zu viel Platz.<\/div><\/div>\n                <\/div>\n\n                <div class=\"application-examples-item-iframe-container browser-frame\">\n                    <div class=\"application-examples-item-iframe-wrapper\">\n                        <iframe class=\"application-examples-item-iframe\" data-src=\"https:\/\/elfsight.com\/examples?widget_id=decff575-2b28-4fc6-9ab9-ff8663d22d81\" width=\"100%\" allow=\"autoplay; fullscreen\"><\/iframe>\n                    <\/div>\n\n                    <div class=\"application-examples-item-loader\"><\/div>\n                <\/div>\n            <\/div>\n\n<div class=\"application-examples-item application-examples-item-loading\">\n                            <div class=\"col-row\">\n                                <div class=\"col-6 col-m-8 col-s-12\"><h3 class=\"application-examples-item-title\">Beispiel 13. Kongresszentrum<\/h3><div class=\"application-examples-item-description\">Dieser Kalender ist schwarz und gelb gestrichen und sieht unglaublich stylisch aus. Hier wird das Mauerwerk Layout verwendet, um den Inhalt ansprechend und ansprechend zu gestalten. Helle CTA-Tasten ermutigen Benutzer, Tickets zu kaufen. F\u00fcr jede Veranstaltung kann eine Beschriftung mit Rabatt Informationen hinzugef\u00fcgt werden.<\/div><\/div>\n                <\/div>\n\n                <div class=\"application-examples-item-iframe-container browser-frame\">\n                    <div class=\"application-examples-item-iframe-wrapper\">\n                        <iframe class=\"application-examples-item-iframe\" data-src=\"https:\/\/elfsight.com\/examples?widget_id=1cb5abc2-11ae-451c-891f-ae9c864fbb17\" width=\"100%\" allow=\"autoplay; fullscreen\"><\/iframe>\n                    <\/div>\n\n                    <div class=\"application-examples-item-loader\"><\/div>\n                <\/div>\n            <\/div>\n","protected":false},"excerpt":{"rendered":"","protected":false},"author":11,"featured_media":0,"parent":1011,"menu_order":0,"comment_status":"closed","ping_status":"closed","template":"templates\/template-application-examples.php","meta":{"publish_to_discourse":"","publish_post_category":"","wpdc_auto_publish_overridden":"","wpdc_topic_tags":"","wpdc_pin_topic":"","wpdc_pin_until":"","discourse_post_id":"","discourse_permalink":"","wpdc_publishing_response":"","wpdc_publishing_error":"","footnotes":""},"class_list":["post-1024","page","type-page","status-publish","hentry"],"yoast_head":"<!-- This site is optimized with the Yoast SEO plugin v25.3.1 - https:\/\/yoast.com\/wordpress\/plugins\/seo\/ -->\n<title>Die beste Online Kalender in Website einbinden - Kostenlos und schnell<\/title>\n<meta name=\"description\" content=\"Erstellen Sie kostenlos eine Veranstaltungs App direkt auf Ihrer Website. Das beste Ergebnis finden Sie in allen Beispielen f\u00fcr vorgefertigte Vorlagen.\" \/>\n<meta name=\"robots\" content=\"index, follow, max-snippet:-1, max-image-preview:large, max-video-preview:-1\" \/>\n<link rel=\"canonical\" href=\"https:\/\/elfsight.com\/de\/event-calendar-widget\/examples\/\" \/>\n<meta property=\"og:locale\" content=\"de_DE\" \/>\n<meta property=\"og:type\" content=\"article\" \/>\n<meta property=\"og:title\" content=\"Die beste Online Kalender in Website einbinden - Kostenlos und schnell\" \/>\n<meta property=\"og:description\" content=\"Erstellen Sie kostenlos eine Veranstaltungs App direkt auf Ihrer Website. Das beste Ergebnis finden Sie in allen Beispielen f\u00fcr vorgefertigte Vorlagen.\" \/>\n<meta property=\"og:url\" content=\"https:\/\/elfsight.com\/de\/event-calendar-widget\/examples\/\" \/>\n<meta property=\"og:site_name\" content=\"Elfsight DE\" \/>\n<meta property=\"article:modified_time\" content=\"2024-07-16T10:57:42+00:00\" \/>\n<meta name=\"twitter:card\" content=\"summary_large_image\" \/>\n<meta name=\"twitter:label1\" content=\"Gesch\u00e4tzte Lesezeit\" \/>\n\t<meta name=\"twitter:data1\" content=\"4\u00a0Minuten\" \/>\n<!-- \/ Yoast SEO plugin. -->","yoast_head_json":{"title":"Die beste Online Kalender in Website einbinden - Kostenlos und schnell","description":"Erstellen Sie kostenlos eine Veranstaltungs App direkt auf Ihrer Website. Das beste Ergebnis finden Sie in allen Beispielen f\u00fcr vorgefertigte Vorlagen.","robots":{"index":"index","follow":"follow","max-snippet":"max-snippet:-1","max-image-preview":"max-image-preview:large","max-video-preview":"max-video-preview:-1"},"canonical":"https:\/\/elfsight.com\/de\/event-calendar-widget\/examples\/","og_locale":"de_DE","og_type":"article","og_title":"Die beste Online Kalender in Website einbinden - Kostenlos und schnell","og_description":"Erstellen Sie kostenlos eine Veranstaltungs App direkt auf Ihrer Website. Das beste Ergebnis finden Sie in allen Beispielen f\u00fcr vorgefertigte Vorlagen.","og_url":"https:\/\/elfsight.com\/de\/event-calendar-widget\/examples\/","og_site_name":"Elfsight DE","article_modified_time":"2024-07-16T10:57:42+00:00","twitter_card":"summary_large_image","twitter_misc":{"Gesch\u00e4tzte Lesezeit":"4\u00a0Minuten"},"schema":{"@context":"https:\/\/schema.org","@graph":[{"@type":"WebPage","@id":"https:\/\/elfsight.com\/de\/event-calendar-widget\/examples\/","url":"https:\/\/elfsight.com\/de\/event-calendar-widget\/examples\/","name":"Die beste Online Kalender in Website einbinden - Kostenlos und schnell","isPartOf":{"@id":"https:\/\/elfsight.com\/de\/#website"},"datePublished":"2020-06-09T09:58:48+00:00","dateModified":"2024-07-16T10:57:42+00:00","description":"Erstellen Sie kostenlos eine Veranstaltungs App direkt auf Ihrer Website. Das beste Ergebnis finden Sie in allen Beispielen f\u00fcr vorgefertigte Vorlagen.","breadcrumb":{"@id":"https:\/\/elfsight.com\/de\/event-calendar-widget\/examples\/#breadcrumb"},"inLanguage":"de","potentialAction":[{"@type":"ReadAction","target":["https:\/\/elfsight.com\/de\/event-calendar-widget\/examples\/"]}]},{"@type":"BreadcrumbList","@id":"https:\/\/elfsight.com\/de\/event-calendar-widget\/examples\/#breadcrumb","itemListElement":[{"@type":"ListItem","position":1,"name":"Home","item":"https:\/\/elfsight.com\/de\/"},{"@type":"ListItem","position":2,"name":"Event Calendar","item":"https:\/\/elfsight.com\/de\/event-calendar-widget\/"},{"@type":"ListItem","position":3,"name":"Event Calendar &#8211; Examples"}]},{"@type":"WebSite","@id":"https:\/\/elfsight.com\/de\/#website","url":"https:\/\/elfsight.com\/de\/","name":"Elfsight DE","description":"Just another Elfsight Sites site","potentialAction":[{"@type":"SearchAction","target":{"@type":"EntryPoint","urlTemplate":"https:\/\/elfsight.com\/de\/?s={search_term_string}"},"query-input":{"@type":"PropertyValueSpecification","valueRequired":true,"valueName":"search_term_string"}}],"inLanguage":"de"}]}},"meta_box":{"industry":"","seo_heading":"","heading":"","description":"","cta_heading":"","cta_description":"","application":"500","h1":"Beispiele f\u00fcr die Veranstaltungskalender Widget","h1_caption":"","application_category":[],"applications_title":"","applications_request_title":"","applications_request_button_text":"","hero_text":"","hero_video":"","hero_video_schema_markup":"","selling_points_title":"","selling_points_caption":"","selling_points":[],"selling_points_cta_text":"","features_title":"","features":"","ed_cta_examples_text":"","ed_cta_examples_hidden":"","ed_cta_demo_text":"","ed_cta_demo_hidden":"","why_caption":"","why_editor_title":"","why_editor_text":"","why_team_title":"","why_team_text":"","why_service_title":"","why_service_text":"","template_catalog_visible":"","template_catalog_title":"","template_catalog_text":"","template_catalog_categories_visible":"","demo_title":"","demo_caption":"","default_faq_hidden":"","app_template_category":[],"platform":"","template_public_id":"","codecanyon_url":"","codecanyon_item_id":"","codecanyon_price":"","pricing_caption":"","pricing_elfsight_apps_hide_column":"","pricing_elfsight_apps_url":"","pricing_codecanyon_price_caption":"","integration_category":[],"integration_request_title":"","integration_request_cta":"","integration_platform":"","integrations":[],"platform_category":[],"video_schema_markup":"","price":"","trial":"","benefits":[],"button_url":"","button_target_blank":"","button_nofollow":"","attributes":[],"tags":[],"tags_disable_links":"","hide_more_platforms":"","video_object":"","demo_hide_cta":"","demo_hide_cloud_options":"","pricing_title":"","pricing":[],"related_apps_title":"","related_apps_hidden":"","author":"","image":[],"title":"","job":"","social_networks":[]},"_links":{"self":[{"href":"https:\/\/elfsight.com\/de\/wp-json\/wp\/v2\/pages\/1024","targetHints":{"allow":["GET"]}}],"collection":[{"href":"https:\/\/elfsight.com\/de\/wp-json\/wp\/v2\/pages"}],"about":[{"href":"https:\/\/elfsight.com\/de\/wp-json\/wp\/v2\/types\/page"}],"author":[{"embeddable":true,"href":"https:\/\/elfsight.com\/de\/wp-json\/wp\/v2\/users\/11"}],"replies":[{"embeddable":true,"href":"https:\/\/elfsight.com\/de\/wp-json\/wp\/v2\/comments?post=1024"}],"version-history":[{"count":4,"href":"https:\/\/elfsight.com\/de\/wp-json\/wp\/v2\/pages\/1024\/revisions"}],"predecessor-version":[{"id":22323,"href":"https:\/\/elfsight.com\/de\/wp-json\/wp\/v2\/pages\/1024\/revisions\/22323"}],"up":[{"embeddable":true,"href":"https:\/\/elfsight.com\/de\/wp-json\/wp\/v2\/pages\/1011"}],"wp:attachment":[{"href":"https:\/\/elfsight.com\/de\/wp-json\/wp\/v2\/media?parent=1024"}],"curies":[{"name":"wp","href":"https:\/\/api.w.org\/{rel}","templated":true}]}}