{"id":10236,"date":"1970-01-01T00:00:00","date_gmt":"1970-01-01T00:00:00","guid":{"rendered":"https:\/\/elfsight.com\/de\/?page_id=10236"},"modified":"2025-02-13T08:21:24","modified_gmt":"2025-02-13T08:21:24","slug":"iframe","status":"publish","type":"page","link":"https:\/\/elfsight.com\/de\/social-media-icons-widget\/iframe\/","title":{"rendered":"Social Media Icons &#8211; iFrame"},"content":{"rendered":"\n<div class=\"application-platform-content-item-description application-platform-content-item\" id=\"description\" data-nav-section=\"description\"><h2>Etten Sie Social-Media-Symbole in iFrame mit dem Elfsight-Widget ein<\/h2><p>Social Icons von Elfsight verbinden Ihre Website mit fast jedem sozialen Netzwerk Medien. St\u00e4rken Sie die Verbindung zu Ihren Kunden und machen Sie sie zu Ihren Abonnenten. Ein responsives Layout, anpassbare Farben und Stile sowie gebrauchsfertige Symbole f\u00fcr alle wichtigen sozialen Medien.<\/p> <p><b>Erh\u00f6hen Sie die Reichweite Ihres Unternehmens im Bereich soziale Dienste.<\/b><\/p> <p><b>Eine zus\u00e4tzliche M\u00f6glichkeit, mit Kunden zu kommunizieren<\/b><br> Soziale Medien sind eine zus\u00e4tzliche Variante, um Ihre Bindung zu den Nutzern zu st\u00e4rken und es einfacher zu machen, Ihr Unternehmen online zu finden.<\/p><p> <b>Maximale Besucherzahl f\u00fcr Ihre sozialen Netzwerke<\/b><br> Geben Sie Website-Kunden eine einfache M\u00f6glichkeit, Ihre soziale Seite zu erreichen und maximale Besucher in sozialen Medien zu finden.<\/p><p><b>Bringen Sie Interaktion mit Benutzer auf eine neue Stufe<\/b><br> Zeigen Sie Ihren aktuellen und neuen Benutzern mehr M\u00f6glichkeiten, sich zu vernetzen und die Qualit\u00e4t des Help Centers zu steigern.<\/p><\/div><div class=\"application-platform-content-item-features application-platform-content-item\" id=\"features\" data-nav-section=\"features\"><h2> Hauptfunktionen des Social-Media-Icons-Widgets<\/h2><p>Die grundlegenden Eigenschaften, die Elfsight-Icons zum besten IFrame-Social-Plugin machen.<\/p><ul><li>\u00dcber 50 vordefinierte soziale Plattformen;<\/li> <li>5 Optionen f\u00fcr die Symbolgr\u00f6\u00dfe;<\/li><li>2 Layouts: Inline und Floating;<\/li><li>3 Varianten der Symbole ausrichten;<\/li><li>5 Animationen f\u00fcr Hover-Typen.<\/li><\/ul><p><a href=\"#demo\">\u00dcberpr\u00fcfen Sie alle grundlegenden Funktionen in unserem Editor<\/a><\/p><\/div><div class=\"application-platform-content-item-installation application-platform-content-item\" id=\"installation\" data-nav-section=\"installation\"><h2> So f\u00fcgen Sie soziale Symbole zur iFrame-Website hinzu<\/h2><p>Eine klare Anleitung zum Erstellen von Symbolen auf einer Seite ohne Kenntnisse in Entwicklungen. Die ungef\u00e4hre Einrichtungszeit betr\u00e4gt weniger als 3 Minuten.<\/p><ol><li><b>Erstellen Sie Ihr personalisiertes Social-Plugin<\/b><br> Erstellen Sie mit unserem kostenlosen Konfigurator ein Plugin mit einer bevorzugten Benutzeroberfl\u00e4che und funktionalen Merkmalen. <\/li><li><b>Kopieren Sie den pers\u00f6nlichen Code, um das Plugin einzubetten<\/b><br> Nachdem Sie Ihr Plugin eingerichtet haben, erhalten Sie Ihren pers\u00f6nlichen Code \u00fcber die erscheinende Benachrichtigung auf Elfsight Apps. Kopiere es. <\/li> <li><b>Ver\u00f6ffentlichen Sie das Plugin auf Ihrer iFrame-Site<\/b><br> W\u00e4hlen Sie den Bereich aus, in dem Sie das Plugin sichtbar machen m\u00f6chten, und f\u00fcgen Sie dort den gespeicherten Code ein. Ver\u00f6ffentlichen Sie die \u00c4nderungen. <\/li> <li><b>Die Einbettung ist erfolgreich! <\/b><br> Besuchen Sie Ihren Shop, um Ihre Symbole zu sehen. <\/li> <\/ol><p>Sie k\u00f6nnen die Symbole auf Ihrer Website nicht erstellen oder festlegen? Lesen Sie unser vollst\u00e4ndiges Handbuch \u201eSo richten Sie Symbole auf IFrame ein\u201c oder wenden Sie sich an unser Support-Team.<\/p><\/div><div class=\"faq\" data-component=\"FAQ\"><div class=\"faq-item\">\r\n\t\t\t\t\t<div class=\"faq-item-question\">\r\n\t\t\t\t\t\t<h3 class=\"faq-item-question-text\">Gibt es eine Option, Social-Media-Icons ohne Programmierkenntnisse in meine iFrame-Homepage einzubetten?<\/h3>\r\n\r\n\t\t\t\t\t\t<div class=\"faq-item-question-icon\"><\/div>\r\n\t\t\t\t\t<\/div>\r\n\r\n\t\t\t\t\t<div class=\"faq-item-answer\">\r\n\t\t\t\t\t\t<div class=\"faq-item-answer-text\"> <li>Beginnen Sie direkt im Online-Editor mit der Arbeit, um ein Widget f\u00fcr Social-Media-Symbole zu erstellen, das Sie auf der iFrame-Site einbetten m\u00f6chten.<\/li><li>Klicken Sie auf eine der vorgefertigten Vorlagen, passen Sie die Einstellungen f\u00fcr Social-Media-Symbole an und \u00e4ndern Sie das Layout und Farbschema hinzuf\u00fcgen, f\u00fcgen Sie Ihre Inhalte ohne Programmierkenntnisse hinzu.<\/li><li>Klicken Sie hier, um die Social-Media-Symbole zu speichern und den Installationscode des Widgets zu erhalten, der problemlos und kostenlos in jede iFrame-Homepage eingebunden werden kann.<\/li><\/ul><p>Mit dem benutzerfreundlichen Editor kann jeder Webbenutzer das Social Media Icons-Plugin online erstellen und m\u00fchelos in seine iFrame-Homepage einbetten. Sie m\u00fcssen weder bezahlen noch Ihre Kartendaten eingeben, um auf den Editor zuzugreifen. Wenn Sie auf Hindernisse jeglicher Art sto\u00dfen, wenden Sie sich bitte an unser technisches Support-Team.<\/p><\/div>\r\n\t\t\t\t\t<\/div>\r\n\t\t\t\t<\/div><\/div>\n","protected":false},"excerpt":{"rendered":"","protected":false},"author":9,"featured_media":0,"parent":2084,"menu_order":0,"comment_status":"closed","ping_status":"closed","template":"templates\/template-application-platform.php","meta":{"publish_to_discourse":"","publish_post_category":"","wpdc_auto_publish_overridden":"","wpdc_topic_tags":"","wpdc_pin_topic":"","wpdc_pin_until":"","discourse_post_id":"","discourse_permalink":"","wpdc_publishing_response":"","wpdc_publishing_error":"","footnotes":""},"class_list":["post-10236","page","type-page","status-publish","hentry"],"yoast_head":"<!-- This site is optimized with the Yoast SEO plugin v25.3.1 - https:\/\/yoast.com\/wordpress\/plugins\/seo\/ -->\n<title>iFrame Social Media Icons Plugin f\u00fcr Ihre Website (kostenlos und schnell)<\/title>\n<meta name=\"description\" content=\"Probieren Sie jetzt das Elfsight Social Media Icons-Plugin f\u00fcr iFrame aus. Erstellen Sie in wenigen Minuten benutzerdefinierte Symbole f\u00fcr Ihre Website!\" \/>\n<meta name=\"robots\" content=\"index, follow, max-snippet:-1, max-image-preview:large, max-video-preview:-1\" \/>\n<link rel=\"canonical\" href=\"https:\/\/elfsight.com\/de\/social-media-icons-widget\/iframe\/\" \/>\n<meta property=\"og:locale\" content=\"de_DE\" \/>\n<meta property=\"og:type\" content=\"article\" \/>\n<meta property=\"og:title\" content=\"iFrame Social Media Icons Plugin f\u00fcr Ihre Website (kostenlos und schnell)\" \/>\n<meta property=\"og:description\" content=\"Probieren Sie jetzt das Elfsight Social Media Icons-Plugin f\u00fcr iFrame aus. Erstellen Sie in wenigen Minuten benutzerdefinierte Symbole f\u00fcr Ihre Website!\" \/>\n<meta property=\"og:url\" content=\"https:\/\/elfsight.com\/de\/social-media-icons-widget\/iframe\/\" \/>\n<meta property=\"og:site_name\" content=\"Elfsight DE\" \/>\n<meta property=\"article:modified_time\" content=\"2025-02-13T08:21:24+00:00\" \/>\n<meta name=\"twitter:card\" content=\"summary_large_image\" \/>\n<meta name=\"twitter:label1\" content=\"Gesch\u00e4tzte Lesezeit\" \/>\n\t<meta name=\"twitter:data1\" content=\"3\u00a0Minuten\" \/>\n<!-- \/ Yoast SEO plugin. -->","yoast_head_json":{"title":"iFrame Social Media Icons Plugin f\u00fcr Ihre Website (kostenlos und schnell)","description":"Probieren Sie jetzt das Elfsight Social Media Icons-Plugin f\u00fcr iFrame aus. Erstellen Sie in wenigen Minuten benutzerdefinierte Symbole f\u00fcr Ihre Website!","robots":{"index":"index","follow":"follow","max-snippet":"max-snippet:-1","max-image-preview":"max-image-preview:large","max-video-preview":"max-video-preview:-1"},"canonical":"https:\/\/elfsight.com\/de\/social-media-icons-widget\/iframe\/","og_locale":"de_DE","og_type":"article","og_title":"iFrame Social Media Icons Plugin f\u00fcr Ihre Website (kostenlos und schnell)","og_description":"Probieren Sie jetzt das Elfsight Social Media Icons-Plugin f\u00fcr iFrame aus. Erstellen Sie in wenigen Minuten benutzerdefinierte Symbole f\u00fcr Ihre Website!","og_url":"https:\/\/elfsight.com\/de\/social-media-icons-widget\/iframe\/","og_site_name":"Elfsight DE","article_modified_time":"2025-02-13T08:21:24+00:00","twitter_card":"summary_large_image","twitter_misc":{"Gesch\u00e4tzte Lesezeit":"3\u00a0Minuten"},"schema":{"@context":"https:\/\/schema.org","@graph":[{"@type":"WebPage","@id":"https:\/\/elfsight.com\/de\/social-media-icons-widget\/iframe\/","url":"https:\/\/elfsight.com\/de\/social-media-icons-widget\/iframe\/","name":"iFrame Social Media Icons Plugin f\u00fcr Ihre Website (kostenlos und schnell)","isPartOf":{"@id":"https:\/\/elfsight.com\/de\/#website"},"datePublished":"1970-01-01T00:00:00+00:00","dateModified":"2025-02-13T08:21:24+00:00","description":"Probieren Sie jetzt das Elfsight Social Media Icons-Plugin f\u00fcr iFrame aus. Erstellen Sie in wenigen Minuten benutzerdefinierte Symbole f\u00fcr Ihre Website!","breadcrumb":{"@id":"https:\/\/elfsight.com\/de\/social-media-icons-widget\/iframe\/#breadcrumb"},"inLanguage":"de","potentialAction":[{"@type":"ReadAction","target":["https:\/\/elfsight.com\/de\/social-media-icons-widget\/iframe\/"]}]},{"@type":"BreadcrumbList","@id":"https:\/\/elfsight.com\/de\/social-media-icons-widget\/iframe\/#breadcrumb","itemListElement":[{"@type":"ListItem","position":1,"name":"Home","item":"https:\/\/elfsight.com\/de\/"},{"@type":"ListItem","position":2,"name":"Social Media Icons","item":"https:\/\/elfsight.com\/de\/social-media-icons-widget\/"},{"@type":"ListItem","position":3,"name":"Social Media Icons &#8211; iFrame"}]},{"@type":"WebSite","@id":"https:\/\/elfsight.com\/de\/#website","url":"https:\/\/elfsight.com\/de\/","name":"Elfsight DE","description":"Just another Elfsight Sites site","potentialAction":[{"@type":"SearchAction","target":{"@type":"EntryPoint","urlTemplate":"https:\/\/elfsight.com\/de\/?s={search_term_string}"},"query-input":{"@type":"PropertyValueSpecification","valueRequired":true,"valueName":"search_term_string"}}],"inLanguage":"de"}]}},"meta_box":{"industry":"","seo_heading":"","heading":"","description":"","cta_heading":"","cta_description":"","application":"466","h1":"iFrame-Social-Media-Symbole","h1_caption":"F\u00fcgen Sie Symbole hinzu, die auf Ihre Social-Media-Profile verweisen, damit Besucher m\u00fchelos plattform\u00fcbergreifend auf Ihrer iFrame-Website mit Ihnen in Kontakt treten k\u00f6nnen.","application_category":[],"applications_title":"","applications_request_title":"","applications_request_button_text":"","hero_text":"","hero_video":"","hero_video_schema_markup":"","selling_points_title":"","selling_points_caption":"","selling_points":[],"selling_points_cta_text":"","features_title":"","features":"","ed_cta_examples_text":"","ed_cta_examples_hidden":"","ed_cta_demo_text":"","ed_cta_demo_hidden":"","why_caption":"","why_editor_title":"","why_editor_text":"","why_team_title":"","why_team_text":"","why_service_title":"","why_service_text":"","template_catalog_visible":"0","template_catalog_title":"","template_catalog_text":"","template_catalog_categories_visible":"","demo_title":"Erstellen Sie Ihr Social-Media-Icons-Widget","demo_caption":"Konfigurieren Sie Ihre Social-Media-Symbole und f\u00fcgen Sie sie kostenlos zu Ihrer iFrame-Website hinzu!","default_faq_hidden":"","app_template_category":[],"platform":"240","template_public_id":"","codecanyon_url":"","codecanyon_item_id":"","codecanyon_price":"","pricing_caption":"","pricing_elfsight_apps_hide_column":"","pricing_elfsight_apps_url":"","pricing_codecanyon_price_caption":"","integration_category":[],"integration_request_title":"","integration_request_cta":"","integration_platform":"","integrations":[],"platform_category":[],"video_schema_markup":"","price":"ab 0 $ \/ Monat","trial":"","benefits":[{"text":"Kostenlose Installationshilfe"},{"text":"Kompetenter Kundenservice"},{"text":"14-t\u00e4gige R\u00fcckerstattungsgarantie"},{"text":"Zuk\u00fcnftige kostenlose Verbesserungen"}],"button_url":"#demo","button_target_blank":"0","button_nofollow":"0","attributes":[{"name":"Installiert","content":"10,000 - 100,000"},{"name":"Reaktionsfreudig","content":"Ja"},{"name":"Kompatible Browser","content":"Edge, Chrome, Firefox, Safari, Opera"}],"tags":[],"tags_disable_links":"0","hide_more_platforms":"0","video_object":"","demo_hide_cta":"0","demo_hide_cloud_options":"0","pricing_title":"","pricing":[{"pricing_icon":"platform","pricing_title":"Elfsight Apps","pricing_title_caption":"Plattform\u00fcbergreifende Version","pricing_price":"ab 0 $ \/ Monat","pricing_price_caption":"Beginnen Sie mit einem kostenlosen Plan","pricing_benefits":[{"text":"Unbegrenzte Websites"},{"text":"Professioneller Kundensupport"},{"text":"Kostenlose Installationsunterst\u00fctzung"},{"text":"Sonderangebot f\u00fcr mehrere Apps"}],"pricing_button_text":"Zur Website hinzuf\u00fcgen","pricing_button_url":"#demo"}],"related_apps_title":"","related_apps_hidden":"0","author":"","image":[],"title":"","job":"","social_networks":[]},"_links":{"self":[{"href":"https:\/\/elfsight.com\/de\/wp-json\/wp\/v2\/pages\/10236","targetHints":{"allow":["GET"]}}],"collection":[{"href":"https:\/\/elfsight.com\/de\/wp-json\/wp\/v2\/pages"}],"about":[{"href":"https:\/\/elfsight.com\/de\/wp-json\/wp\/v2\/types\/page"}],"author":[{"embeddable":true,"href":"https:\/\/elfsight.com\/de\/wp-json\/wp\/v2\/users\/9"}],"replies":[{"embeddable":true,"href":"https:\/\/elfsight.com\/de\/wp-json\/wp\/v2\/comments?post=10236"}],"version-history":[{"count":3,"href":"https:\/\/elfsight.com\/de\/wp-json\/wp\/v2\/pages\/10236\/revisions"}],"predecessor-version":[{"id":24041,"href":"https:\/\/elfsight.com\/de\/wp-json\/wp\/v2\/pages\/10236\/revisions\/24041"}],"up":[{"embeddable":true,"href":"https:\/\/elfsight.com\/de\/wp-json\/wp\/v2\/pages\/2084"}],"wp:attachment":[{"href":"https:\/\/elfsight.com\/de\/wp-json\/wp\/v2\/media?parent=10236"}],"curies":[{"name":"wp","href":"https:\/\/api.w.org\/{rel}","templated":true}]}}