{"id":10235,"date":"1970-01-01T00:00:00","date_gmt":"1970-01-01T00:00:00","guid":{"rendered":"https:\/\/elfsight.com\/de\/?page_id=10235"},"modified":"2025-07-10T08:23:54","modified_gmt":"2025-07-10T08:23:54","slug":"facebook","status":"publish","type":"page","link":"https:\/\/elfsight.com\/de\/social-media-icons-widget\/facebook\/","title":{"rendered":"Social Media Icons &#8211; Facebook Page"},"content":{"rendered":"<div class=\"application-platform-content-item-description application-platform-content-item\" id=\"description\" data-nav-section=\"description\"><h2>Beschreibung<\/h2><p>Einfache und effiziente Elfsight Social Icons, um Ihre Unternehmensseite mit allen sozialen Medien zu vereinen. Bleiben Sie mit Ihren Kunden in Verbindung und machen Sie sie zu Ihren Abonnenten. Ein adaptives Layout, detaillierte Einstellungen f\u00fcr Farbschema und Stil mit eingebetteten Symbolen aller wichtigen sozialen Medien.<\/p><p><b>Steigern Sie die Popularit\u00e4t Ihrer Marke in sozialen Diensten.<\/b><\/p><\/div> <div class=\"application-platform-content-item-features application-platform-content-item\" id=\"features\" data-nav-section=\"features\"><h2>Funktionen<\/h2><p>\u00dcberpr\u00fcfen Sie die wichtigsten Eigenschaften, die unsere Symbole zum besten sozialen Widget f\u00fcr Facebook-Unternehmensseiten machen.<\/p><ul><li>50+ vordefiniert soziale Plattformen;<\/li><li>5 Symbolgr\u00f6\u00dfenoptionen;<\/li><li>2 Layouts: Inline und Floating;<\/li><li>Symbole hinzuf\u00fcgen, l\u00f6schen, duplizieren und neu anordnen;<\/li> <li>3 Varianten der Symbole ausrichten.<\/li><\/ul><p><a href=\"#demo\">\u00dcberpr\u00fcfen Sie die wichtigsten Funktionen im Elfsight-Konfigurator<\/a><\/p><\/div> <div class=\"application-platform-content-item-installation application-platform-content-item\" id=\"installation\" data-nav-section=\"installation\"><h2>So f\u00fcgen Sie Social-Media-Links zu einer Facebook-Seite hinzu<\/h2><p>Eine klare Anleitung zum Erstellen von Symbolen auf einer Seite ohne Programmierkenntnisse. Die durchschnittliche Installationszeit betr\u00e4gt etwa 1 Minute.<\/p><ul><li><b>Entwerfen Sie Ihre ma\u00dfgeschneiderten Social Icons<\/b><br>Richten Sie mit unserem kostenlosen Konfigurator ein Plugin mit einer bevorzugten Oberfl\u00e4che ein und funktionale Merkmale. <\/li><li><b>Erwerben Sie den individuellen Code, um das Plugin zu ver\u00f6ffentlichen<\/b><br>Nachdem Sie Ihr Widget generiert haben, erhalten Sie den Installationscode \u00fcber das Popup-Fenster von Elfsight Apps. Kopieren Sie es zur sp\u00e4teren Verwendung. <\/li><li><b>F\u00fcgen Sie das Widget zur Facebook-Seite hinzu<\/b><br> Erstellen Sie Ihren benutzerdefinierten Facebook-Tab. F\u00fcgen Sie den Code, den Sie bei elfsight apps erhalten haben, in die Registerkarte ein. Wenn Sie Probleme haben, lesen Sie einfach unseren Leitfaden unter <a href=\"https:\/\/elfsight.com\/blog\/how-to-add-custom-tab-to-facebook-page\/\" target=\"_blank\" rel=\"noopener noreferrer\">Benutzerdefinierten Facebook-Tab erstellen<\/a><\/li><li><b>Die Einrichtung ist abgeschlossen<\/b><br>Betreten Sie die Seite, um Ihr Widget anzuzeigen.<\/li><\/ul> <p>Sie k\u00f6nnen die Symbole auf Ihrer Seite nicht erstellen oder hinzuf\u00fcgen? Lesen Sie unser ausf\u00fchrliches Tutorial \u201eSo f\u00fcgen Sie Symbole auf Facebook hinzu\u201c oder besuchen Sie unser Hilfecenter.<\/p><\/div>","protected":false},"excerpt":{"rendered":"","protected":false},"author":9,"featured_media":0,"parent":2084,"menu_order":0,"comment_status":"closed","ping_status":"closed","template":"templates\/template-application-platform.php","meta":{"publish_to_discourse":"","publish_post_category":"","wpdc_auto_publish_overridden":"","wpdc_topic_tags":"","wpdc_pin_topic":"","wpdc_pin_until":"","discourse_post_id":"","discourse_permalink":"","wpdc_publishing_response":"","wpdc_publishing_error":"","footnotes":""},"class_list":["post-10235","page","type-page","status-publish","hentry"],"yoast_head":"<!-- This site is optimized with the Yoast SEO plugin v25.3.1 - https:\/\/yoast.com\/wordpress\/plugins\/seo\/ -->\n<title>Registerkarte \u201eSocial-Media-Links\u201c zur Facebook-Seite hinzuf\u00fcgen (2025)<\/title>\n<meta name=\"description\" content=\"Erstellen Sie mit Elfsight Ihren Tab \u201eSocial-Media-Links\u201c und f\u00fcgen Sie ihn schnell auf der Facebook-Seite hinzu. Wir bieten kostenlosen Kundenservice und andere Boni.\" \/>\n<meta name=\"robots\" content=\"index, follow, max-snippet:-1, max-image-preview:large, max-video-preview:-1\" \/>\n<link rel=\"canonical\" href=\"https:\/\/elfsight.com\/de\/social-media-icons-widget\/facebook\/\" \/>\n<meta property=\"og:locale\" content=\"de_DE\" \/>\n<meta property=\"og:type\" content=\"article\" \/>\n<meta property=\"og:title\" content=\"Registerkarte \u201eSocial-Media-Links\u201c zur Facebook-Seite hinzuf\u00fcgen (2025)\" \/>\n<meta property=\"og:description\" content=\"Erstellen Sie mit Elfsight Ihren Tab \u201eSocial-Media-Links\u201c und f\u00fcgen Sie ihn schnell auf der Facebook-Seite hinzu. Wir bieten kostenlosen Kundenservice und andere Boni.\" \/>\n<meta property=\"og:url\" content=\"https:\/\/elfsight.com\/de\/social-media-icons-widget\/facebook\/\" \/>\n<meta property=\"og:site_name\" content=\"Elfsight DE\" \/>\n<meta property=\"article:modified_time\" content=\"2025-07-10T08:23:54+00:00\" \/>\n<meta name=\"twitter:card\" content=\"summary_large_image\" \/>\n<meta name=\"twitter:label1\" content=\"Gesch\u00e4tzte Lesezeit\" \/>\n\t<meta name=\"twitter:data1\" content=\"2\u00a0Minuten\" \/>\n<!-- \/ Yoast SEO plugin. -->","yoast_head_json":{"title":"Registerkarte \u201eSocial-Media-Links\u201c zur Facebook-Seite hinzuf\u00fcgen (2025)","description":"Erstellen Sie mit Elfsight Ihren Tab \u201eSocial-Media-Links\u201c und f\u00fcgen Sie ihn schnell auf der Facebook-Seite hinzu. Wir bieten kostenlosen Kundenservice und andere Boni.","robots":{"index":"index","follow":"follow","max-snippet":"max-snippet:-1","max-image-preview":"max-image-preview:large","max-video-preview":"max-video-preview:-1"},"canonical":"https:\/\/elfsight.com\/de\/social-media-icons-widget\/facebook\/","og_locale":"de_DE","og_type":"article","og_title":"Registerkarte \u201eSocial-Media-Links\u201c zur Facebook-Seite hinzuf\u00fcgen (2025)","og_description":"Erstellen Sie mit Elfsight Ihren Tab \u201eSocial-Media-Links\u201c und f\u00fcgen Sie ihn schnell auf der Facebook-Seite hinzu. Wir bieten kostenlosen Kundenservice und andere Boni.","og_url":"https:\/\/elfsight.com\/de\/social-media-icons-widget\/facebook\/","og_site_name":"Elfsight DE","article_modified_time":"2025-07-10T08:23:54+00:00","twitter_card":"summary_large_image","twitter_misc":{"Gesch\u00e4tzte Lesezeit":"2\u00a0Minuten"},"schema":{"@context":"https:\/\/schema.org","@graph":[{"@type":"WebPage","@id":"https:\/\/elfsight.com\/de\/social-media-icons-widget\/facebook\/","url":"https:\/\/elfsight.com\/de\/social-media-icons-widget\/facebook\/","name":"Registerkarte \u201eSocial-Media-Links\u201c zur Facebook-Seite hinzuf\u00fcgen (2025)","isPartOf":{"@id":"https:\/\/elfsight.com\/de\/#website"},"datePublished":"1970-01-01T00:00:00+00:00","dateModified":"2025-07-10T08:23:54+00:00","description":"Erstellen Sie mit Elfsight Ihren Tab \u201eSocial-Media-Links\u201c und f\u00fcgen Sie ihn schnell auf der Facebook-Seite hinzu. Wir bieten kostenlosen Kundenservice und andere Boni.","breadcrumb":{"@id":"https:\/\/elfsight.com\/de\/social-media-icons-widget\/facebook\/#breadcrumb"},"inLanguage":"de","potentialAction":[{"@type":"ReadAction","target":["https:\/\/elfsight.com\/de\/social-media-icons-widget\/facebook\/"]}]},{"@type":"BreadcrumbList","@id":"https:\/\/elfsight.com\/de\/social-media-icons-widget\/facebook\/#breadcrumb","itemListElement":[{"@type":"ListItem","position":1,"name":"Home","item":"https:\/\/elfsight.com\/de\/"},{"@type":"ListItem","position":2,"name":"Social Media Icons","item":"https:\/\/elfsight.com\/de\/social-media-icons-widget\/"},{"@type":"ListItem","position":3,"name":"Social Media Icons &#8211; Facebook Page"}]},{"@type":"WebSite","@id":"https:\/\/elfsight.com\/de\/#website","url":"https:\/\/elfsight.com\/de\/","name":"Elfsight DE","description":"Just another Elfsight Sites site","potentialAction":[{"@type":"SearchAction","target":{"@type":"EntryPoint","urlTemplate":"https:\/\/elfsight.com\/de\/?s={search_term_string}"},"query-input":{"@type":"PropertyValueSpecification","valueRequired":true,"valueName":"search_term_string"}}],"inLanguage":"de"}]}},"meta_box":{"industry":"","seo_heading":"","heading":"","description":"","cta_heading":"","cta_description":"","application":"466","h1":"So f\u00fcgen Sie Social-Media-Links zu einer Facebook-Seite hinzu","h1_caption":"F\u00fcgen Sie Symbole hinzu, die auf Ihre Social-Media-Profile verweisen, damit Besucher m\u00fchelos plattform\u00fcbergreifend auf Ihrer Facebook-Seite mit Ihnen in Kontakt treten k\u00f6nnen.","application_category":[],"applications_title":"","applications_request_title":"","applications_request_button_text":"","hero_text":"","hero_video":"","hero_video_schema_markup":"","selling_points_title":"","selling_points_caption":"","selling_points":[],"selling_points_cta_text":"","features_title":"","features":"","ed_cta_examples_text":"","ed_cta_examples_hidden":"","ed_cta_demo_text":"","ed_cta_demo_hidden":"","why_caption":"","why_editor_title":"","why_editor_text":"","why_team_title":"","why_team_text":"","why_service_title":"","why_service_text":"","template_catalog_visible":"","template_catalog_title":"","template_catalog_text":"","template_catalog_categories_visible":"","demo_title":"Erstellen Sie Ihr Social-Media-Icons-Widget","demo_caption":"Konfigurieren Sie Ihre Social-Media-Symbole und f\u00fcgen Sie sie kostenlos Ihrer Facebook-Seite hinzu!","default_faq_hidden":"","app_template_category":[],"platform":"216","template_public_id":"","codecanyon_url":"","codecanyon_item_id":"","codecanyon_price":"","pricing_caption":"","pricing_elfsight_apps_hide_column":"","pricing_elfsight_apps_url":"","pricing_codecanyon_price_caption":"","integration_category":[],"integration_request_title":"","integration_request_cta":"","integration_platform":"","integrations":[],"platform_category":[],"video_schema_markup":"","price":"ab 0 $ \/ Monat","trial":"","benefits":[{"text":"Kostenlose Installationshilfe"},{"text":"Professioneller Kundenservice"},{"text":"14-t\u00e4gige Geld-zur\u00fcck-Garantie"},{"text":"Zuk\u00fcnftige kostenlose Verbesserungen"}],"button_url":"#demo","button_target_blank":"","button_nofollow":"","attributes":[{"name":"Installiert","content":"10,000 - 100,000"},{"name":"Reaktionsfreudig","content":"Ja"},{"name":"Kompatible Browser","content":"Opera, Edge, Chrome, Safari, Firefox"}],"tags":[],"tags_disable_links":"","hide_more_platforms":"","video_object":"","demo_hide_cta":"","demo_hide_cloud_options":"","pricing_title":"","pricing":[{"pricing_icon":"platform","pricing_title":"Elfsight Apps","pricing_title_caption":"Plattform\u00fcbergreifende Version, die zu jeder Website passt","pricing_price":"ab 0 $ \/ Monat","pricing_price_caption":"Beginnen Sie mit einem kostenlosen Plan","pricing_benefits":[{"text":"Unbegrenzte Websites"},{"text":"Engagierter und p\u00fcnktlicher Support"},{"text":"Kostenloser Installationssupport"},{"text":"Sonderangebot f\u00fcr mehrere Apps"}],"pricing_button_text":"Zur Website hinzuf\u00fcgen","pricing_button_url":"#demo"}],"related_apps_title":"","related_apps_hidden":"","author":"","image":[],"title":"","job":"","social_networks":[]},"_links":{"self":[{"href":"https:\/\/elfsight.com\/de\/wp-json\/wp\/v2\/pages\/10235","targetHints":{"allow":["GET"]}}],"collection":[{"href":"https:\/\/elfsight.com\/de\/wp-json\/wp\/v2\/pages"}],"about":[{"href":"https:\/\/elfsight.com\/de\/wp-json\/wp\/v2\/types\/page"}],"author":[{"embeddable":true,"href":"https:\/\/elfsight.com\/de\/wp-json\/wp\/v2\/users\/9"}],"replies":[{"embeddable":true,"href":"https:\/\/elfsight.com\/de\/wp-json\/wp\/v2\/comments?post=10235"}],"version-history":[{"count":1,"href":"https:\/\/elfsight.com\/de\/wp-json\/wp\/v2\/pages\/10235\/revisions"}],"predecessor-version":[{"id":10239,"href":"https:\/\/elfsight.com\/de\/wp-json\/wp\/v2\/pages\/10235\/revisions\/10239"}],"up":[{"embeddable":true,"href":"https:\/\/elfsight.com\/de\/wp-json\/wp\/v2\/pages\/2084"}],"wp:attachment":[{"href":"https:\/\/elfsight.com\/de\/wp-json\/wp\/v2\/media?parent=10235"}],"curies":[{"name":"wp","href":"https:\/\/api.w.org\/{rel}","templated":true}]}}