{"id":10234,"date":"1970-01-01T00:00:00","date_gmt":"1970-01-01T00:00:00","guid":{"rendered":"https:\/\/elfsight.com\/de\/?page_id=10234"},"modified":"2025-02-13T09:37:23","modified_gmt":"2025-02-13T09:37:23","slug":"woocommerce","status":"publish","type":"page","link":"https:\/\/elfsight.com\/de\/social-media-icons-widget\/woocommerce\/","title":{"rendered":"Social Media Icons &#8211; WooCommerce"},"content":{"rendered":"\n<div class=\"application-platform-content-item-description application-platform-content-item\" id=\"description\" data-nav-section=\"description\"><h2>Beschreibung<\/h2><p>Einfach und effektiv: Elfsight Social Icons verbindet Ihre Website mit allen sozialen Netzwerken, die Sie ben\u00f6tigen. St\u00e4rken Sie die Verbindung zu Ihren Kunden und machen Sie sie zu Ihren Fans. Eine adaptive Vorlage, detaillierte Schnittstellen- und Stileinstellungen mit eingebetteten Symbolen aller beliebtesten sozialen Medien.<\/p><p><b>F\u00fcgen Sie die Pr\u00e4senz Ihres Unternehmens in sozialen Netzwerken hinzu!<\/b><\/p><\/div> <div class=\"application-platform-content-item-features application-platform-content-item\" id=\"features\" data-nav-section=\"features\"><h2>Sehen Sie sich die wichtigsten Funktionen des Widgets an:<\/h2><ul><li>50+ vordefinierte soziale Plattformen;<\/li><li>5 Symbolgr\u00f6\u00dfenoptionen;<\/li><li>3 Positionsvarianten;<\/li><li>5 Animationstypen;<\/li><li>3 Farbschemata f\u00fcr Symbole, Hintergrund und Hover-Effekt;<\/li><li>5 Arten von Hover Wirkung.<\/li><\/ul><p><a href=\"#demo\">Probieren Sie einfach diese Demo aus, um zu sehen, wie es funktioniert<\/a><\/p><\/div><div class=\"application-platform-content-item-installation  application-platform-content-item\" id=\"installation \" data-nav-section=\"installation \"><h2>Wie bette ich Social-Media-Symbole in meine Woocommerce-Website ein?<\/h2><p>Befolgen Sie einfach die nachstehenden Anweisungen, um das Widget zu aktivieren.<\/p><ol><li><b>Verwaltung unseres kostenlosen Editors und beginnen Sie mit der Gestaltung Ihres ma\u00dfgeschneiderten Plugins.<\/b><br>W\u00e4hlen Sie das ausgew\u00e4hlte Aussehen und die Spezifikationen des Plugins und speichern Sie die \u00c4nderungen.<\/li><li><b>Kopieren Sie den pers\u00f6nlichen Code, der im Fenster auf Elfsight angezeigt wird Apps.<\/b><br>Kopieren Sie direkt nach Abschluss der Anpassung Ihres Widgets den pers\u00f6nlichen Code aus dem angezeigten Feld und speichern Sie ihn f\u00fcr die zuk\u00fcnftige Verwendung.<\/li><li><b>Initiieren Sie die Anwendung des Widgets Ihre WooCommerce-Webseite.<\/b><br>Geben Sie den k\u00fcrzlich auf Ihrer Seite gespeicherten Code ein und \u00fcbernehmen Sie die \u00c4nderungen.<\/li><li><b>Die Installation ist erfolgreich abgeschlossen.<\/b><br>Gehen Sie zu Besuchen Sie Ihre Webseite, um die Leistung des Tools zu \u00fcberpr\u00fcfen.<\/li><\/ol><p>Wenn Sie irgendwelche Probleme haben, z\u00f6gern Sie nicht, sich an unseren Support zu wenden. Unsere Berater helfen Ihnen gerne bei allen Schwierigkeiten, die Sie mit dem Tool haben k\u00f6nnten.<\/p><\/div><div class=\"faq\" data-component=\"FAQ\"><div class=\"faq-item\">\r\n\t\t\t\t\t<div class=\"faq-item-question\">\r\n\t\t\t\t\t\t<h3 class=\"faq-item-question-text\">Gibt es eine Methode f\u00fcr Hinzuf\u00fcgen von Social-Media-Symbolen zu meiner WooCommerce-Website ohne Programmierkenntnisse?<\/h3>\r\n\r\n\t\t\t\t\t\t<div class=\"faq-item-question-icon\"><\/div>\r\n\t\t\t\t\t<\/div>\r\n\r\n\t\t\t\t\t<div class=\"faq-item-answer\">\r\n\t\t\t\t\t\t<div class=\"faq-item-answer-text\"> Gehen Sie zum Live-Editor, um einen Abschnitt mit Social-Media-Symbolen zu erstellen, den Sie Ihrem WooCommerce hinzuf\u00fcgen m\u00f6chten.<\/li><li>W\u00e4hlen Sie eine unserer vorgefertigten Vorlagen aus und \u00e4ndern Sie die Einstellungen f\u00fcr Social-Media-Symbole, \u00e4ndern Sie das Layout und das Farbschema. Aktualisieren Sie Ihre Inhalte ohne Programmierkenntnisse.<\/li><li>Speichern Sie die Einstellungen, die Sie in Social Media Icons vorgenommen haben, und erhalten Sie Code f\u00fcr die Installation, der problemlos in Ihre WooCommerce-Webseite eingebunden werden kann, ohne dass Sie ein kostenpflichtiges Abonnement kaufen m\u00fcssen .<\/li><\/ul><p>Mit Hilfe unseres intuitiven Editors kann jeder Webbenutzer Social-Media-Symbole online erstellen und auf der WooCommerce-Website einf\u00fcgen. Sie m\u00fcssen kein kostenpflichtiges Abonnement abschlie\u00dfen oder Ihre Kartendaten angeben, um auf den Elfsight Editor zuzugreifen. Sollten bei irgendeinem Schritt Probleme auftreten, wenden Sie sich bitte an unseren technischen Kundensupport.<\/p><\/div>\r\n\t\t\t\t\t<\/div>\r\n\t\t\t\t<\/div><\/div>\n","protected":false},"excerpt":{"rendered":"","protected":false},"author":9,"featured_media":0,"parent":2084,"menu_order":0,"comment_status":"closed","ping_status":"closed","template":"templates\/template-application-platform.php","meta":{"publish_to_discourse":"","publish_post_category":"","wpdc_auto_publish_overridden":"","wpdc_topic_tags":"","wpdc_pin_topic":"","wpdc_pin_until":"","discourse_post_id":"","discourse_permalink":"","wpdc_publishing_response":"","wpdc_publishing_error":"","footnotes":""},"class_list":["post-10234","page","type-page","status-publish","hentry"],"yoast_head":"<!-- This site is optimized with the Yoast SEO plugin v25.3.1 - https:\/\/yoast.com\/wordpress\/plugins\/seo\/ -->\n<title>WooCommerce Social Media Icons f\u00fcr Ihre Website (2025)<\/title>\n<meta name=\"description\" content=\"Nutzen Sie die Chance, die Social-Media-Symbole mit ein paar Klicks zu personalisieren und sie direkt aus der Live-Demo auf Ihrer WooCommerce-Website einzubetten.\" \/>\n<meta name=\"robots\" content=\"index, follow, max-snippet:-1, max-image-preview:large, max-video-preview:-1\" \/>\n<link rel=\"canonical\" href=\"https:\/\/elfsight.com\/de\/social-media-icons-widget\/woocommerce\/\" \/>\n<meta property=\"og:locale\" content=\"de_DE\" \/>\n<meta property=\"og:type\" content=\"article\" \/>\n<meta property=\"og:title\" content=\"WooCommerce Social Media Icons f\u00fcr Ihre Website (2025)\" \/>\n<meta property=\"og:description\" content=\"Nutzen Sie die Chance, die Social-Media-Symbole mit ein paar Klicks zu personalisieren und sie direkt aus der Live-Demo auf Ihrer WooCommerce-Website einzubetten.\" \/>\n<meta property=\"og:url\" content=\"https:\/\/elfsight.com\/de\/social-media-icons-widget\/woocommerce\/\" \/>\n<meta property=\"og:site_name\" content=\"Elfsight DE\" \/>\n<meta property=\"article:modified_time\" content=\"2025-02-13T09:37:23+00:00\" \/>\n<meta name=\"twitter:card\" content=\"summary_large_image\" \/>\n<meta name=\"twitter:label1\" content=\"Gesch\u00e4tzte Lesezeit\" \/>\n\t<meta name=\"twitter:data1\" content=\"3\u00a0Minuten\" \/>\n<!-- \/ Yoast SEO plugin. -->","yoast_head_json":{"title":"WooCommerce Social Media Icons f\u00fcr Ihre Website (2025)","description":"Nutzen Sie die Chance, die Social-Media-Symbole mit ein paar Klicks zu personalisieren und sie direkt aus der Live-Demo auf Ihrer WooCommerce-Website einzubetten.","robots":{"index":"index","follow":"follow","max-snippet":"max-snippet:-1","max-image-preview":"max-image-preview:large","max-video-preview":"max-video-preview:-1"},"canonical":"https:\/\/elfsight.com\/de\/social-media-icons-widget\/woocommerce\/","og_locale":"de_DE","og_type":"article","og_title":"WooCommerce Social Media Icons f\u00fcr Ihre Website (2025)","og_description":"Nutzen Sie die Chance, die Social-Media-Symbole mit ein paar Klicks zu personalisieren und sie direkt aus der Live-Demo auf Ihrer WooCommerce-Website einzubetten.","og_url":"https:\/\/elfsight.com\/de\/social-media-icons-widget\/woocommerce\/","og_site_name":"Elfsight DE","article_modified_time":"2025-02-13T09:37:23+00:00","twitter_card":"summary_large_image","twitter_misc":{"Gesch\u00e4tzte Lesezeit":"3\u00a0Minuten"},"schema":{"@context":"https:\/\/schema.org","@graph":[{"@type":"WebPage","@id":"https:\/\/elfsight.com\/de\/social-media-icons-widget\/woocommerce\/","url":"https:\/\/elfsight.com\/de\/social-media-icons-widget\/woocommerce\/","name":"WooCommerce Social Media Icons f\u00fcr Ihre Website (2025)","isPartOf":{"@id":"https:\/\/elfsight.com\/de\/#website"},"datePublished":"1970-01-01T00:00:00+00:00","dateModified":"2025-02-13T09:37:23+00:00","description":"Nutzen Sie die Chance, die Social-Media-Symbole mit ein paar Klicks zu personalisieren und sie direkt aus der Live-Demo auf Ihrer WooCommerce-Website einzubetten.","breadcrumb":{"@id":"https:\/\/elfsight.com\/de\/social-media-icons-widget\/woocommerce\/#breadcrumb"},"inLanguage":"de","potentialAction":[{"@type":"ReadAction","target":["https:\/\/elfsight.com\/de\/social-media-icons-widget\/woocommerce\/"]}]},{"@type":"BreadcrumbList","@id":"https:\/\/elfsight.com\/de\/social-media-icons-widget\/woocommerce\/#breadcrumb","itemListElement":[{"@type":"ListItem","position":1,"name":"Home","item":"https:\/\/elfsight.com\/de\/"},{"@type":"ListItem","position":2,"name":"Social Media Icons","item":"https:\/\/elfsight.com\/de\/social-media-icons-widget\/"},{"@type":"ListItem","position":3,"name":"Social Media Icons &#8211; WooCommerce"}]},{"@type":"WebSite","@id":"https:\/\/elfsight.com\/de\/#website","url":"https:\/\/elfsight.com\/de\/","name":"Elfsight DE","description":"Just another Elfsight Sites site","potentialAction":[{"@type":"SearchAction","target":{"@type":"EntryPoint","urlTemplate":"https:\/\/elfsight.com\/de\/?s={search_term_string}"},"query-input":{"@type":"PropertyValueSpecification","valueRequired":true,"valueName":"search_term_string"}}],"inLanguage":"de"}]}},"meta_box":{"industry":"","seo_heading":"","heading":"","description":"","cta_heading":"","cta_description":"","application":"466","h1":"WooCommerce-Social-Media-Symbole","h1_caption":"F\u00fcgen Sie Symbole hinzu, die auf Ihre Social-Media-Profile verweisen, damit Besucher m\u00fchelos plattform\u00fcbergreifend mit Ihnen auf Ihrer WooCommerce-Website in Kontakt treten k\u00f6nnen.","application_category":[],"applications_title":"","applications_request_title":"","applications_request_button_text":"","hero_text":"","hero_video":"","hero_video_schema_markup":"","selling_points_title":"","selling_points_caption":"","selling_points":[],"selling_points_cta_text":"","features_title":"","features":"","ed_cta_examples_text":"","ed_cta_examples_hidden":"","ed_cta_demo_text":"","ed_cta_demo_hidden":"","why_caption":"","why_editor_title":"","why_editor_text":"","why_team_title":"","why_team_text":"","why_service_title":"","why_service_text":"","template_catalog_visible":"0","template_catalog_title":"","template_catalog_text":"","template_catalog_categories_visible":"","demo_title":"Erstellen Sie Ihre Social Media Icons-App","demo_caption":"Konfigurieren Sie Ihre Social-Media-Symbole und f\u00fcgen Sie sie kostenlos zu Ihrer WooCommerce-Website hinzu!","default_faq_hidden":"","app_template_category":[],"platform":"200","template_public_id":"","codecanyon_url":"","codecanyon_item_id":"","codecanyon_price":"","pricing_caption":"","pricing_elfsight_apps_hide_column":"","pricing_elfsight_apps_url":"","pricing_codecanyon_price_caption":"","integration_category":[],"integration_request_title":"","integration_request_cta":"","integration_platform":"","integrations":[],"platform_category":[],"video_schema_markup":"","price":"ab 0 $ \/ Monat","trial":"","benefits":[{"text":"Kostenlose Installationshilfe"},{"text":"Kompetenter Kundenservice"},{"text":"14-t\u00e4gige R\u00fcckerstattungsgarantie"},{"text":"St\u00e4ndige Aktualisierung"}],"button_url":"#demo","button_target_blank":"0","button_nofollow":"0","attributes":[{"name":"Installiert","content":"10,000 - 100,000"},{"name":"Reaktionsfreudig","content":"Ja"},{"name":"Kompatible Browser","content":"Firefox, Safari, Opera, Chrome, Edge"}],"tags":[],"tags_disable_links":"0","hide_more_platforms":"0","video_object":"","demo_hide_cta":"0","demo_hide_cloud_options":"0","pricing_title":"","pricing":[{"pricing_icon":"platform","pricing_title":"Elfsight Apps","pricing_title_caption":"Plattformunabh\u00e4ngige Version, die auf jeder Website funktioniert","pricing_price":"ab 0 $ \/ Monat","pricing_price_caption":"Beginnen Sie mit einem kostenlosen Plan","pricing_benefits":[{"text":"Unbegrenzte Websites"},{"text":"Engagierte Unterst\u00fctzung"},{"text":"Kostenlose Installationshilfe"},{"text":"Vollst\u00e4ndig anpassbar"}],"pricing_button_text":"Zur Website hinzuf\u00fcgen","pricing_button_url":"#demo"}],"related_apps_title":"","related_apps_hidden":"0","author":"","image":[],"title":"","job":"","social_networks":[]},"_links":{"self":[{"href":"https:\/\/elfsight.com\/de\/wp-json\/wp\/v2\/pages\/10234","targetHints":{"allow":["GET"]}}],"collection":[{"href":"https:\/\/elfsight.com\/de\/wp-json\/wp\/v2\/pages"}],"about":[{"href":"https:\/\/elfsight.com\/de\/wp-json\/wp\/v2\/types\/page"}],"author":[{"embeddable":true,"href":"https:\/\/elfsight.com\/de\/wp-json\/wp\/v2\/users\/9"}],"replies":[{"embeddable":true,"href":"https:\/\/elfsight.com\/de\/wp-json\/wp\/v2\/comments?post=10234"}],"version-history":[{"count":3,"href":"https:\/\/elfsight.com\/de\/wp-json\/wp\/v2\/pages\/10234\/revisions"}],"predecessor-version":[{"id":24062,"href":"https:\/\/elfsight.com\/de\/wp-json\/wp\/v2\/pages\/10234\/revisions\/24062"}],"up":[{"embeddable":true,"href":"https:\/\/elfsight.com\/de\/wp-json\/wp\/v2\/pages\/2084"}],"wp:attachment":[{"href":"https:\/\/elfsight.com\/de\/wp-json\/wp\/v2\/media?parent=10234"}],"curies":[{"name":"wp","href":"https:\/\/api.w.org\/{rel}","templated":true}]}}