{"id":10226,"date":"1970-01-01T00:00:00","date_gmt":"1970-01-01T00:00:00","guid":{"rendered":"https:\/\/elfsight.com\/de\/?page_id=10226"},"modified":"2025-02-13T09:42:17","modified_gmt":"2025-02-13T09:42:17","slug":"prestashop","status":"publish","type":"page","link":"https:\/\/elfsight.com\/de\/social-media-icons-widget\/prestashop\/","title":{"rendered":"Social Media Icons &#8211; PrestaShop"},"content":{"rendered":"\n<div class=\"application-platform-content-item-description application-platform-content-item\" id=\"description\" data-nav-section=\"description\"> <h2>Beschreibung<\/h2> <p>Elfsight Social Media Icons ist ein einfaches Tool, um auf einer Website Symbole f\u00fcr soziale Medien zu platzieren, wo Ihr Unternehmen ist ist am aktivsten. Installieren Sie dieses Widget mit unbegrenzten Symbolen und Ihr Publikum wird eine neue M\u00f6glichkeit haben, in Kontakt zu bleiben und Ihre Follower zu werden. Das Elfsight Social Media Icons-Widget bietet umfangreiche Anpassungsm\u00f6glichkeiten, mit denen Sie ein perfektes Widget f\u00fcr Ihren Anwendungsfall erstellen k\u00f6nnen. <\/p><p><b>Machen Sie Ihre Website f\u00fcr E-Commerce-Ziele mit Social Media Icons erfolgreicher<\/b><\/p> <\/div> <div class=\"application-platform-content-item-features application-platform-content-item\" id=\"features\" data-nav-section=\"features\"> <h2>Hier sind die Schl\u00fcssel Funktionen des Widgets: <\/h2> <ul><li>50+ vordefinierte soziale Plattformen<\/li><li>5 Symbolgr\u00f6\u00dfenoptionen<\/li><li>2 Layouts: Inline und Floating<\/li><li>Symbole neu anordnen, duplizieren, l\u00f6schen und hinzuf\u00fcgen<\/li><li>3 Varianten der Symbole ausrichten<\/li><li>5 Animationen f\u00fcr Hover-Typen<\/li><li>3 Arten von Rahmenradien<\/li> <li>Anpassbare Deckkraft der Symbole<\/li><li>6 eingebettete Symbolstile <\/li><\/ul><p><a href=\"#demo\">Probieren Sie einfach diese Demo aus, um die Funktionalit\u00e4t des zu verstehen widget<\/a><\/p> <\/div> <div class=\"application-platform-content-item-installation application-platform-content-item\" id=\"installation\" data-nav-section=\"installation\"> <h2>Wie f\u00fcge ich Social-Media-Symbole zu meiner PrestaShop-Webseite hinzu? <\/h2> <p>Befolgen Sie einfach die folgenden Richtlinien, um das Tool hinzuf\u00fcgen. <\/p> <ol><li><b>Verwalten Sie unseren kostenlosen Editor und beginnen Sie mit der Erstellung Ihres einzigartigen Instruments. <\/b><br> W\u00e4hlen Sie das gew\u00fcnschte Layout und die gew\u00fcnschten Spezifikationen des Widgets und \u00fcbernehmen Sie die \u00c4nderungen. <\/li> <li><b>Kopieren Sie Ihren einzigartigen Code, der im Fenster von Elfsight Apps angezeigt wird. <\/b><br> Sobald die Erstellung Ihres Add-ons abgeschlossen ist, kopieren Sie den einzelnen Code im erscheinenden Fenster und bewahren Sie ihn f\u00fcr die weitere Verwendung auf. <\/li> <li><b>Beginnen Sie mit der Verwendung des Widgets auf Ihrer PrestaShop-Website. <\/b><br> Implementieren Sie den Code, den Sie k\u00fcrzlich auf Ihrer Seite gespeichert haben, und \u00fcbernehmen Sie die \u00c4nderungen. <\/li> <li><b>Die Installation ist vollst\u00e4ndig durchgef\u00fchrt. <\/b><br> Gehen Sie zu Ihrer Webseite, um die Leistung des Add-ons zu \u00fcberpr\u00fcfen. <\/li><\/ol> <p>Wenn Sie mit Anfragen konfrontiert werden oder auf Hindernisse sto\u00dfen, wenden Sie sich bitte an unser Kundendienstteam. Unsere Berater helfen Ihnen gerne bei allen Schwierigkeiten, die Sie mit dem Produkt haben. <\/p> <\/div><div class=\"faq\" data-component=\"FAQ\"><div class=\"faq-item\">\r\n\t\t\t\t\t<div class=\"faq-item-question\">\r\n\t\t\t\t\t\t<h3 class=\"faq-item-question-text\">Gibt es eine Methode, Social-Media-Symbole ohne Programmierkenntnisse zu meiner PrestaShop-Website hinzuzuf\u00fcgen?<\/h3>\r\n\r\n\t\t\t\t\t\t<div class=\"faq-item-question-icon\"><\/div>\r\n\t\t\t\t\t<\/div>\r\n\r\n\t\t\t\t\t<div class=\"faq-item-answer\">\r\n\t\t\t\t\t\t<div class=\"faq-item-answer-text\"><p>Elfsight-Unternehmen stellt eine Cloud-L\u00f6sung vor, mit der Websitebesitzer selbst eine Social Media Icons-App einrichten k\u00f6nnen. Sehen Sie sich die einfache Anleitung an: <\/p><ul><li>Gehen Sie zur Online-Demo, um ein Social Media Icons-Plugin zu erstellen, das Sie in PrestaShop integrieren m\u00f6chten Homepage.<\/li><li>W\u00e4hlen Sie eine der vorgefertigten Vorlagen und passen Sie die Einstellungen f\u00fcr Social Media-Symbole an, \u00e4ndern Sie das Layout und die Farben, f\u00fcgen Sie Ihre Inhalte ohne Programmierkenntnisse ein.<\/li><li>Speichern Sie die Social Media-Symbole und erhalten Sie Plugins Code f\u00fcr die Installation, den Sie problemlos in die PrestaShop-Website integrieren k\u00f6nnen, ohne einen kostenpflichtigen Plan zu kaufen.<\/li><\/ul><p>Mit unserem benutzerfreundlichen Editor kann jeder Internetnutzer Social-Media-Symbole online erstellen und in seine PrestaShop-Website einf\u00fcgen . Sie m\u00fcssen keinen kostenpflichtigen Plan abschlie\u00dfen oder Ihre Kartendaten \u00fcbermitteln, um den Dienst nutzen zu k\u00f6nnen. Sollten bei irgendeinem Schritt Probleme auftreten, wenden Sie sich bitte an unsere Mitarbeiter des technischen Supports.<\/p><\/div>\r\n\t\t\t\t\t<\/div>\r\n\t\t\t\t<\/div><\/div>\n","protected":false},"excerpt":{"rendered":"","protected":false},"author":9,"featured_media":0,"parent":2084,"menu_order":0,"comment_status":"closed","ping_status":"closed","template":"templates\/template-application-platform.php","meta":{"publish_to_discourse":"","publish_post_category":"","wpdc_auto_publish_overridden":"","wpdc_topic_tags":"","wpdc_pin_topic":"","wpdc_pin_until":"","discourse_post_id":"","discourse_permalink":"","wpdc_publishing_response":"","wpdc_publishing_error":"","footnotes":""},"class_list":["post-10226","page","type-page","status-publish","hentry"],"yoast_head":"<!-- This site is optimized with the Yoast SEO plugin v25.3.1 - https:\/\/yoast.com\/wordpress\/plugins\/seo\/ -->\n<title>Social-Media-Symbole \u2013 F\u00fcgen Sie das Widget \u201eSocial-Media-Symbole\u201c zu PrestaShop hinzu<\/title>\n<meta name=\"description\" content=\"Testen Sie Elfsight Social Media Icons f\u00fcr PrestaShop kostenlos. Erstellen Sie in nur wenigen Minuten individuelle Symbole f\u00fcr Ihre Website!\" \/>\n<meta name=\"robots\" content=\"index, follow, max-snippet:-1, max-image-preview:large, max-video-preview:-1\" \/>\n<link rel=\"canonical\" href=\"https:\/\/elfsight.com\/de\/social-media-icons-widget\/prestashop\/\" \/>\n<meta property=\"og:locale\" content=\"de_DE\" \/>\n<meta property=\"og:type\" content=\"article\" \/>\n<meta property=\"og:title\" content=\"Social-Media-Symbole \u2013 F\u00fcgen Sie das Widget \u201eSocial-Media-Symbole\u201c zu PrestaShop hinzu\" \/>\n<meta property=\"og:description\" content=\"Testen Sie Elfsight Social Media Icons f\u00fcr PrestaShop kostenlos. Erstellen Sie in nur wenigen Minuten individuelle Symbole f\u00fcr Ihre Website!\" \/>\n<meta property=\"og:url\" content=\"https:\/\/elfsight.com\/de\/social-media-icons-widget\/prestashop\/\" \/>\n<meta property=\"og:site_name\" content=\"Elfsight DE\" \/>\n<meta property=\"article:modified_time\" content=\"2025-02-13T09:42:17+00:00\" \/>\n<meta name=\"twitter:card\" content=\"summary_large_image\" \/>\n<meta name=\"twitter:label1\" content=\"Gesch\u00e4tzte Lesezeit\" \/>\n\t<meta name=\"twitter:data1\" content=\"3\u00a0Minuten\" \/>\n<!-- \/ Yoast SEO plugin. -->","yoast_head_json":{"title":"Social-Media-Symbole \u2013 F\u00fcgen Sie das Widget \u201eSocial-Media-Symbole\u201c zu PrestaShop hinzu","description":"Testen Sie Elfsight Social Media Icons f\u00fcr PrestaShop kostenlos. Erstellen Sie in nur wenigen Minuten individuelle Symbole f\u00fcr Ihre Website!","robots":{"index":"index","follow":"follow","max-snippet":"max-snippet:-1","max-image-preview":"max-image-preview:large","max-video-preview":"max-video-preview:-1"},"canonical":"https:\/\/elfsight.com\/de\/social-media-icons-widget\/prestashop\/","og_locale":"de_DE","og_type":"article","og_title":"Social-Media-Symbole \u2013 F\u00fcgen Sie das Widget \u201eSocial-Media-Symbole\u201c zu PrestaShop hinzu","og_description":"Testen Sie Elfsight Social Media Icons f\u00fcr PrestaShop kostenlos. Erstellen Sie in nur wenigen Minuten individuelle Symbole f\u00fcr Ihre Website!","og_url":"https:\/\/elfsight.com\/de\/social-media-icons-widget\/prestashop\/","og_site_name":"Elfsight DE","article_modified_time":"2025-02-13T09:42:17+00:00","twitter_card":"summary_large_image","twitter_misc":{"Gesch\u00e4tzte Lesezeit":"3\u00a0Minuten"},"schema":{"@context":"https:\/\/schema.org","@graph":[{"@type":"WebPage","@id":"https:\/\/elfsight.com\/de\/social-media-icons-widget\/prestashop\/","url":"https:\/\/elfsight.com\/de\/social-media-icons-widget\/prestashop\/","name":"Social-Media-Symbole \u2013 F\u00fcgen Sie das Widget \u201eSocial-Media-Symbole\u201c zu PrestaShop hinzu","isPartOf":{"@id":"https:\/\/elfsight.com\/de\/#website"},"datePublished":"1970-01-01T00:00:00+00:00","dateModified":"2025-02-13T09:42:17+00:00","description":"Testen Sie Elfsight Social Media Icons f\u00fcr PrestaShop kostenlos. Erstellen Sie in nur wenigen Minuten individuelle Symbole f\u00fcr Ihre Website!","breadcrumb":{"@id":"https:\/\/elfsight.com\/de\/social-media-icons-widget\/prestashop\/#breadcrumb"},"inLanguage":"de","potentialAction":[{"@type":"ReadAction","target":["https:\/\/elfsight.com\/de\/social-media-icons-widget\/prestashop\/"]}]},{"@type":"BreadcrumbList","@id":"https:\/\/elfsight.com\/de\/social-media-icons-widget\/prestashop\/#breadcrumb","itemListElement":[{"@type":"ListItem","position":1,"name":"Home","item":"https:\/\/elfsight.com\/de\/"},{"@type":"ListItem","position":2,"name":"Social Media Icons","item":"https:\/\/elfsight.com\/de\/social-media-icons-widget\/"},{"@type":"ListItem","position":3,"name":"Social Media Icons &#8211; PrestaShop"}]},{"@type":"WebSite","@id":"https:\/\/elfsight.com\/de\/#website","url":"https:\/\/elfsight.com\/de\/","name":"Elfsight DE","description":"Just another Elfsight Sites site","potentialAction":[{"@type":"SearchAction","target":{"@type":"EntryPoint","urlTemplate":"https:\/\/elfsight.com\/de\/?s={search_term_string}"},"query-input":{"@type":"PropertyValueSpecification","valueRequired":true,"valueName":"search_term_string"}}],"inLanguage":"de"}]}},"meta_box":{"industry":"","seo_heading":"","heading":"","description":"","cta_heading":"","cta_description":"","application":"466","h1":"Social-Media-Symbole f\u00fcr PrestaShop","h1_caption":"F\u00fcgen Sie Symbole hinzu, die auf Ihre Social-Media-Profile verweisen, damit Besucher m\u00fchelos plattform\u00fcbergreifend auf Ihrer Prestashop-Website mit Ihnen in Kontakt treten k\u00f6nnen.","application_category":[],"applications_title":"","applications_request_title":"","applications_request_button_text":"","hero_text":"","hero_video":"","hero_video_schema_markup":"","selling_points_title":"","selling_points_caption":"","selling_points":[],"selling_points_cta_text":"","features_title":"","features":"","ed_cta_examples_text":"","ed_cta_examples_hidden":"","ed_cta_demo_text":"","ed_cta_demo_hidden":"","why_caption":"","why_editor_title":"","why_editor_text":"","why_team_title":"","why_team_text":"","why_service_title":"","why_service_text":"","template_catalog_visible":"0","template_catalog_title":"","template_catalog_text":"","template_catalog_categories_visible":"","demo_title":"Erstellen Sie Ihr Social-Media-Icons-Addon","demo_caption":"Konfigurieren Sie Ihre Social-Media-Symbole und f\u00fcgen Sie sie kostenlos zu Ihrer PrestaShop-Website hinzu!","default_faq_hidden":"","app_template_category":[],"platform":"3811","template_public_id":"","codecanyon_url":"","codecanyon_item_id":"","codecanyon_price":"","pricing_caption":"","pricing_elfsight_apps_hide_column":"","pricing_elfsight_apps_url":"","pricing_codecanyon_price_caption":"","integration_category":[],"integration_request_title":"","integration_request_cta":"","integration_platform":"","integrations":[],"platform_category":[],"video_schema_markup":"","price":"ab 0 $ \/ Monat","trial":"","benefits":[{"text":"Kostenlose Installationsunterst\u00fctzung"},{"text":"Au\u00dfergew\u00f6hnlicher Support"},{"text":"14-t\u00e4gige R\u00fcckerstattungsgarantie"},{"text":"Fortlaufende Entwicklung"}],"button_url":"#demo","button_target_blank":"0","button_nofollow":"0","attributes":[{"name":"Installiert","content":"10,000 - 100,000"},{"name":"Reaktionsfreudig","content":"Ja"},{"name":"Kompatible Browser","content":"Firefox, Safari, Opera, Chrome, Edge"}],"tags":[],"tags_disable_links":"0","hide_more_platforms":"0","video_object":"","demo_hide_cta":"0","demo_hide_cloud_options":"0","pricing_title":"","pricing":[{"pricing_icon":"platform","pricing_title":"Elfsight Apps","pricing_title_caption":"Plattform\u00fcbergreifende L\u00f6sung, die f\u00fcr jede Website geeignet ist","pricing_price":"ab 0 $ \/ Monat","pricing_price_caption":"Beginnen Sie mit einem kostenlosen Plan","pricing_benefits":[{"text":"Unbegrenzte Domains"},{"text":"Premium-Kundensupport"},{"text":"Kostenloser Installationssupport"},{"text":"100 % anpassbar"}],"pricing_button_text":"Zur Website hinzuf\u00fcgen","pricing_button_url":"#demo"}],"related_apps_title":"","related_apps_hidden":"0","author":"","image":[],"title":"","job":"","social_networks":[]},"_links":{"self":[{"href":"https:\/\/elfsight.com\/de\/wp-json\/wp\/v2\/pages\/10226","targetHints":{"allow":["GET"]}}],"collection":[{"href":"https:\/\/elfsight.com\/de\/wp-json\/wp\/v2\/pages"}],"about":[{"href":"https:\/\/elfsight.com\/de\/wp-json\/wp\/v2\/types\/page"}],"author":[{"embeddable":true,"href":"https:\/\/elfsight.com\/de\/wp-json\/wp\/v2\/users\/9"}],"replies":[{"embeddable":true,"href":"https:\/\/elfsight.com\/de\/wp-json\/wp\/v2\/comments?post=10226"}],"version-history":[{"count":3,"href":"https:\/\/elfsight.com\/de\/wp-json\/wp\/v2\/pages\/10226\/revisions"}],"predecessor-version":[{"id":24065,"href":"https:\/\/elfsight.com\/de\/wp-json\/wp\/v2\/pages\/10226\/revisions\/24065"}],"up":[{"embeddable":true,"href":"https:\/\/elfsight.com\/de\/wp-json\/wp\/v2\/pages\/2084"}],"wp:attachment":[{"href":"https:\/\/elfsight.com\/de\/wp-json\/wp\/v2\/media?parent=10226"}],"curies":[{"name":"wp","href":"https:\/\/api.w.org\/{rel}","templated":true}]}}