{"id":10225,"date":"1970-01-01T00:00:00","date_gmt":"1970-01-01T00:00:00","guid":{"rendered":"https:\/\/elfsight.com\/de\/?page_id=10225"},"modified":"2025-07-10T08:24:07","modified_gmt":"2025-07-10T08:24:07","slug":"jimdo","status":"publish","type":"page","link":"https:\/\/elfsight.com\/de\/social-media-icons-widget\/jimdo\/","title":{"rendered":"Social Media Icons &#8211; Jimdo"},"content":{"rendered":"<div class=\"application-platform-content-item-description application-platform-content-item\" id=\"description\" data-nav-section=\"description\"><h2>Beschreibung<\/h2> <p>Elfsight Social Media Icons ist ein einfaches Tool, um auf einer Website Symbole f\u00fcr soziale Medien zu platzieren, wo Ihr Unternehmen ist ist am aktivsten. Installieren Sie dieses Widget mit unbegrenzten Symbolen und Ihr Publikum wird eine neue M\u00f6glichkeit haben, in Kontakt zu bleiben und Ihre Follower zu werden. Das Elfsight Social Media Icons-Widget bietet umfangreiche Anpassungsm\u00f6glichkeiten, mit denen Sie ein perfektes Widget f\u00fcr Ihren Anwendungsfall erstellen k\u00f6nnen. <\/p><p><b>Starten Sie mit Social Media Icons ein solides Gesch\u00e4ftswachstum und h\u00f6here Ums\u00e4tze <\/b><\/p> <\/div> <div class=\"application-platform-content-item-features application-platform-content-item\" id=\"features\" data-nav-section=\"features\"> <h2>Die wichtigsten Widget-Funktionen enthalten<\/h2> <ul><li>50+ vordefinierte soziale Plattformen<\/li><li>5 Symbolgr\u00f6\u00dfenoptionen<\/li><li>Zwei Layouts: schwebend und inline<\/li><li>L\u00f6schen, neu anordnen Symbole hinzuf\u00fcgen und duplizieren<\/li><li>3 Varianten der Symbole ausrichten<\/li><li>5 Animationen f\u00fcr Hover-Typen<\/li><li>3 Arten von Rahmenradien<\/li><li>Einstellbar Deckkraft der Symbole<\/li><li>Sechs eingebettete Symbolstile <\/li><\/ul><p><a href=\"#demo\">Testen Sie alle Personalisierungsfunktionen in einer Demo mit vollem Funktionsumfang<\/a><\/p> <\/div> <div class=\"application-platform-content-item-installation application-platform-content-item\" id=\"installation\" data-nav-section=\"installation\"> <h2>Wie f\u00fcge ich Social-Media-Symbole zu meiner Jimdo-Webseite hinzu? <\/h2> <p>Befolgen Sie einfach die folgenden Richtlinien, um mit der Arbeit mit dem Tool zu beginnen. <\/p> <ol><li><b>\u00d6ffnen Sie unseren kostenlosen Konfigurator und beginnen Sie mit der Gestaltung Ihres ma\u00dfgeschneiderten Widgets. <\/b><br> Suchen Sie die bevorzugte Benutzeroberfl\u00e4che und Optionen des Widgets und speichern Sie die \u00c4nderungen. <\/li> <li><b>Erhalten Sie den individuellen Code, der in der Box auf Elfsight Apps angezeigt wird. <\/b><br> Kopieren Sie direkt nach Abschluss der Konfiguration Ihres pers\u00f6nlichen Tools den exklusiven Code im Popup und bewahren Sie ihn zur sp\u00e4teren Verwendung auf. <\/li> <li><b>Initiieren Sie die Anwendung des Widgets auf Ihrer Jimdo-Site. <\/b><br> Betten Sie den zuvor gespeicherten Code in Ihre Webseite ein und speichern Sie die Anpassungen. <\/li> <li><b>Du bist fertig! Die Einbettung ist erfolgreich abgeschlossen. <\/b><br> Besuchen Sie Ihre Seite, um die Leistung des Tools zu \u00fcberpr\u00fcfen. <\/li><\/ol> <p>Wenn Sie Fragen haben oder auf Hindernisse sto\u00dfen, z\u00f6gern Sie nicht, sich an unser Kundendienstteam zu wenden. Unsere Berater helfen Ihnen gerne bei allen Problemen, die Sie mit dem Widget haben k\u00f6nnten. <\/p> <\/div><div class=\"faq\" data-component=\"FAQ\"><div class=\"faq-item\">\r\n\t\t\t\t\t<div class=\"faq-item-question\">\r\n\t\t\t\t\t\t<h3 class=\"faq-item-question-text\">Wie ist es m\u00f6glich, Social-Media-Symbole ohne Programmierkenntnisse zu meiner Jimdo-Site hinzuzuf\u00fcgen?<\/h3>\r\n\r\n\t\t\t\t\t\t<div class=\"faq-item-question-icon\"><\/div>\r\n\t\t\t\t\t<\/div>\r\n\r\n\t\t\t\t\t<div class=\"faq-item-answer\">\r\n\t\t\t\t\t\t<div class=\"faq-item-answer-text\"><p> Das Unternehmen Elfsight bietet eine Cloud-L\u00f6sung an, mit der Benutzer selbst ein Social-Media-Icons-Plugin erstellen k\u00f6nnen. Sehen Sie sich die unkomplizierte Anleitung an: <\/p><ul><li>Beginnen Sie direkt im Live-Editor mit der Arbeit, um ein Social-Media-Icons-Widget zu erstellen, das Sie m\u00f6chten Integrieren Sie es auf Ihrer Jimdo-Website.<\/li><li>W\u00e4hlen Sie eine der vorgefertigten Vorlagen und \u00e4ndern Sie die Einstellungen f\u00fcr Social-Media-Symbole, \u00e4ndern Sie das Layout und die Farben und f\u00fcgen Sie Ihre Inhalte ohne Programmiererfahrung ein.<\/li><li> Speichern Sie die Social Media Icons und kopieren Sie den Installationscode des Widgets, der mit einem kostenlosen Plan auf der Jimdo-Website hinzugef\u00fcgt werden kann.<\/li><\/ul><p>Mit dem unkomplizierten Konfigurator kann jeder Webbenutzer online eine Social Media Icons-App erstellen und f\u00fcgen Sie es einfach auf ihrer Jimdo-Homepage ein. Sie m\u00fcssen nicht bezahlen oder Ihre Kartendaten eingeben, um Elfsight Editor zu betreten. Sollten Sie auf Hindernisse jeglicher Art sto\u00dfen, z\u00f6gern Sie bitte nicht, sich an unsere Support-Mitarbeiter zu wenden.<\/p><\/div>\r\n\t\t\t\t\t<\/div>\r\n\t\t\t\t<\/div><\/div>","protected":false},"excerpt":{"rendered":"","protected":false},"author":9,"featured_media":0,"parent":2084,"menu_order":0,"comment_status":"closed","ping_status":"closed","template":"templates\/template-application-platform.php","meta":{"publish_to_discourse":"","publish_post_category":"","wpdc_auto_publish_overridden":"","wpdc_topic_tags":"","wpdc_pin_topic":"","wpdc_pin_until":"","discourse_post_id":"","discourse_permalink":"","wpdc_publishing_response":"","wpdc_publishing_error":"","footnotes":""},"class_list":["post-10225","page","type-page","status-publish","hentry"],"yoast_head":"<!-- This site is optimized with the Yoast SEO plugin v25.3.1 - https:\/\/yoast.com\/wordpress\/plugins\/seo\/ -->\n<title>Social-Media-Symbole \u2013 F\u00fcgen Sie das Widget \u201eSocial-Media-Symbole\u201c zu Jimdo hinzu<\/title>\n<meta name=\"description\" content=\"Testen Sie Elfsight Social Media Icons f\u00fcr Jimdo kostenlos. Erstellen Sie in nur wenigen Minuten individuelle Symbole f\u00fcr Ihre Website!\" \/>\n<meta name=\"robots\" content=\"index, follow, max-snippet:-1, max-image-preview:large, max-video-preview:-1\" \/>\n<link rel=\"canonical\" href=\"https:\/\/elfsight.com\/de\/social-media-icons-widget\/jimdo\/\" \/>\n<meta property=\"og:locale\" content=\"de_DE\" \/>\n<meta property=\"og:type\" content=\"article\" \/>\n<meta property=\"og:title\" content=\"Social-Media-Symbole \u2013 F\u00fcgen Sie das Widget \u201eSocial-Media-Symbole\u201c zu Jimdo hinzu\" \/>\n<meta property=\"og:description\" content=\"Testen Sie Elfsight Social Media Icons f\u00fcr Jimdo kostenlos. Erstellen Sie in nur wenigen Minuten individuelle Symbole f\u00fcr Ihre Website!\" \/>\n<meta property=\"og:url\" content=\"https:\/\/elfsight.com\/de\/social-media-icons-widget\/jimdo\/\" \/>\n<meta property=\"og:site_name\" content=\"Elfsight DE\" \/>\n<meta property=\"article:modified_time\" content=\"2025-07-10T08:24:07+00:00\" \/>\n<meta name=\"twitter:card\" content=\"summary_large_image\" \/>\n<meta name=\"twitter:label1\" content=\"Gesch\u00e4tzte Lesezeit\" \/>\n\t<meta name=\"twitter:data1\" content=\"3\u00a0Minuten\" \/>\n<!-- \/ Yoast SEO plugin. -->","yoast_head_json":{"title":"Social-Media-Symbole \u2013 F\u00fcgen Sie das Widget \u201eSocial-Media-Symbole\u201c zu Jimdo hinzu","description":"Testen Sie Elfsight Social Media Icons f\u00fcr Jimdo kostenlos. Erstellen Sie in nur wenigen Minuten individuelle Symbole f\u00fcr Ihre Website!","robots":{"index":"index","follow":"follow","max-snippet":"max-snippet:-1","max-image-preview":"max-image-preview:large","max-video-preview":"max-video-preview:-1"},"canonical":"https:\/\/elfsight.com\/de\/social-media-icons-widget\/jimdo\/","og_locale":"de_DE","og_type":"article","og_title":"Social-Media-Symbole \u2013 F\u00fcgen Sie das Widget \u201eSocial-Media-Symbole\u201c zu Jimdo hinzu","og_description":"Testen Sie Elfsight Social Media Icons f\u00fcr Jimdo kostenlos. Erstellen Sie in nur wenigen Minuten individuelle Symbole f\u00fcr Ihre Website!","og_url":"https:\/\/elfsight.com\/de\/social-media-icons-widget\/jimdo\/","og_site_name":"Elfsight DE","article_modified_time":"2025-07-10T08:24:07+00:00","twitter_card":"summary_large_image","twitter_misc":{"Gesch\u00e4tzte Lesezeit":"3\u00a0Minuten"},"schema":{"@context":"https:\/\/schema.org","@graph":[{"@type":"WebPage","@id":"https:\/\/elfsight.com\/de\/social-media-icons-widget\/jimdo\/","url":"https:\/\/elfsight.com\/de\/social-media-icons-widget\/jimdo\/","name":"Social-Media-Symbole \u2013 F\u00fcgen Sie das Widget \u201eSocial-Media-Symbole\u201c zu Jimdo hinzu","isPartOf":{"@id":"https:\/\/elfsight.com\/de\/#website"},"datePublished":"1970-01-01T00:00:00+00:00","dateModified":"2025-07-10T08:24:07+00:00","description":"Testen Sie Elfsight Social Media Icons f\u00fcr Jimdo kostenlos. Erstellen Sie in nur wenigen Minuten individuelle Symbole f\u00fcr Ihre Website!","breadcrumb":{"@id":"https:\/\/elfsight.com\/de\/social-media-icons-widget\/jimdo\/#breadcrumb"},"inLanguage":"de","potentialAction":[{"@type":"ReadAction","target":["https:\/\/elfsight.com\/de\/social-media-icons-widget\/jimdo\/"]}]},{"@type":"BreadcrumbList","@id":"https:\/\/elfsight.com\/de\/social-media-icons-widget\/jimdo\/#breadcrumb","itemListElement":[{"@type":"ListItem","position":1,"name":"Home","item":"https:\/\/elfsight.com\/de\/"},{"@type":"ListItem","position":2,"name":"Social Media Icons","item":"https:\/\/elfsight.com\/de\/social-media-icons-widget\/"},{"@type":"ListItem","position":3,"name":"Social Media Icons &#8211; Jimdo"}]},{"@type":"WebSite","@id":"https:\/\/elfsight.com\/de\/#website","url":"https:\/\/elfsight.com\/de\/","name":"Elfsight DE","description":"Just another Elfsight Sites site","potentialAction":[{"@type":"SearchAction","target":{"@type":"EntryPoint","urlTemplate":"https:\/\/elfsight.com\/de\/?s={search_term_string}"},"query-input":{"@type":"PropertyValueSpecification","valueRequired":true,"valueName":"search_term_string"}}],"inLanguage":"de"}]}},"meta_box":{"industry":"","seo_heading":"","heading":"","description":"","cta_heading":"","cta_description":"","application":"466","h1":"Widget \u201eSocial-Media-Symbole\u201c f\u00fcr Jimdo","h1_caption":"F\u00fcgen Sie Symbole hinzu, die auf Ihre Social-Media-Profile verweisen, damit Besucher m\u00fchelos plattform\u00fcbergreifend auf Ihrer Jimdo-Website mit Ihnen in Kontakt treten k\u00f6nnen.","application_category":[],"applications_title":"","applications_request_title":"","applications_request_button_text":"","hero_text":"","hero_video":"","hero_video_schema_markup":"","selling_points_title":"","selling_points_caption":"","selling_points":[],"selling_points_cta_text":"","features_title":"","features":"","ed_cta_examples_text":"","ed_cta_examples_hidden":"","ed_cta_demo_text":"","ed_cta_demo_hidden":"","why_caption":"","why_editor_title":"","why_editor_text":"","why_team_title":"","why_team_text":"","why_service_title":"","why_service_text":"","template_catalog_visible":"","template_catalog_title":"","template_catalog_text":"","template_catalog_categories_visible":"","demo_title":"Erstellen Sie Ihr Social-Media-Icons-Widget","demo_caption":"Konfigurieren Sie Ihre Social-Media-Symbole und f\u00fcgen Sie sie kostenlos zu Ihrer Jimdo-Website hinzu!","default_faq_hidden":"","app_template_category":[],"platform":"239","template_public_id":"","codecanyon_url":"","codecanyon_item_id":"","codecanyon_price":"","pricing_caption":"","pricing_elfsight_apps_hide_column":"","pricing_elfsight_apps_url":"","pricing_codecanyon_price_caption":"","integration_category":[],"integration_request_title":"","integration_request_cta":"","integration_platform":"","integrations":[],"platform_category":[],"video_schema_markup":"","price":"ab 0 $ \/ Monat","trial":"","benefits":[{"text":"Kostenlose Installationshilfe"},{"text":"Premium-Support"},{"text":"14-t\u00e4gige R\u00fcckerstattungsgarantie"},{"text":"Fortlaufende Entwicklung"}],"button_url":"#demo","button_target_blank":"","button_nofollow":"","attributes":[{"name":"Installiert","content":"10,000 - 100,000"},{"name":"Reaktionsfreudig","content":"Ja"},{"name":"Kompatible Browser","content":"Firefox, Safari, Opera, Chrome, Edge"}],"tags":[],"tags_disable_links":"","hide_more_platforms":"","video_object":"","demo_hide_cta":"","demo_hide_cloud_options":"","pricing_title":"","pricing":[{"pricing_icon":"platform","pricing_title":"Elfsight Apps","pricing_title_caption":"Plattformunabh\u00e4ngige Version, die auf jeder Site funktioniert","pricing_price":"ab 0 $ \/ Monat","pricing_price_caption":"Beginnen Sie mit einem kostenlosen Plan","pricing_benefits":[{"text":"Unbegrenzte Domains"},{"text":"Engagierte Unternehmensunterst\u00fctzung"},{"text":"Kostenloser Installationsservice"},{"text":"V\u00f6llig anpassbar"}],"pricing_button_text":"Zur Website hinzuf\u00fcgen","pricing_button_url":"#demo"}],"related_apps_title":"","related_apps_hidden":"","author":"","image":[],"title":"","job":"","social_networks":[]},"_links":{"self":[{"href":"https:\/\/elfsight.com\/de\/wp-json\/wp\/v2\/pages\/10225","targetHints":{"allow":["GET"]}}],"collection":[{"href":"https:\/\/elfsight.com\/de\/wp-json\/wp\/v2\/pages"}],"about":[{"href":"https:\/\/elfsight.com\/de\/wp-json\/wp\/v2\/types\/page"}],"author":[{"embeddable":true,"href":"https:\/\/elfsight.com\/de\/wp-json\/wp\/v2\/users\/9"}],"replies":[{"embeddable":true,"href":"https:\/\/elfsight.com\/de\/wp-json\/wp\/v2\/comments?post=10225"}],"version-history":[{"count":2,"href":"https:\/\/elfsight.com\/de\/wp-json\/wp\/v2\/pages\/10225\/revisions"}],"predecessor-version":[{"id":21925,"href":"https:\/\/elfsight.com\/de\/wp-json\/wp\/v2\/pages\/10225\/revisions\/21925"}],"up":[{"embeddable":true,"href":"https:\/\/elfsight.com\/de\/wp-json\/wp\/v2\/pages\/2084"}],"wp:attachment":[{"href":"https:\/\/elfsight.com\/de\/wp-json\/wp\/v2\/media?parent=10225"}],"curies":[{"name":"wp","href":"https:\/\/api.w.org\/{rel}","templated":true}]}}