{"id":10057,"date":"1970-01-01T00:00:00","date_gmt":"1970-01-01T00:00:00","guid":{"rendered":"https:\/\/elfsight.com\/de\/?page_id=10057"},"modified":"2025-07-10T08:15:32","modified_gmt":"2025-07-10T08:15:32","slug":"blogger","status":"publish","type":"page","link":"https:\/\/elfsight.com\/de\/rss-feed-widget\/blogger\/","title":{"rendered":"RSS Feed &#8211; Blogger"},"content":{"rendered":"<div class=\"application-platform-content-item-description application-platform-content-item\" id=\"description\" data-nav-section=\"description\"> <h2>Beschreibung<\/h2> <p>Elfsight RSS Feed f\u00fcr Blogger ist ein einzigartiges Widget f\u00fcr die Vermarktung von Emotionen und Erlebnissen. Damit k\u00f6nnen Sie einen individuellen Feed bestehend aus den Inhalten vieler Nachrichten-Websites erstellen und diesen direkt auf Ihrer Internetseite pr\u00e4sentieren. Genie\u00dfen Sie die vollst\u00e4ndige Kontrolle \u00fcber einen demonstrierten Inhalt und entfernen Sie Spam und alle unerw\u00fcnschten Inhalte durch manuelle Moderation. Der vollst\u00e4ndig reaktionsf\u00e4hige Online-Editor bietet Ihnen viele Vorlagen zur Auswahl. <\/p> <p><b>Machen Sie Ihre Website mithilfe von RSS-Feeds effizienter f\u00fcr Gesch\u00e4ftsziele<\/b><\/p> <\/div> <div class=\"application-platform-content-item-features application-platform-content-item\" id=\"features\" data-nav-section=\"features\"> <h2>Das Wichtigste Zu den Widget-Funktionen geh\u00f6rt<\/h2> <ul><li>Ausblenden des Kopfbereichs, damit Ihr Werkzeug minimalistisch aussieht. <\/li><li>Beseitigen Sie Spam und unerw\u00fcnschte Inhalte durch manuelle Moderation. <\/li><li>W\u00e4hlen Sie eines von sechs verf\u00fcgbaren Layouts aus: Liste, Karussell, Schieberegler, Collage, Mauerwerk, Raster. <\/li><li>Lassen Sie Ihre Beitr\u00e4ge in einem Popup-Modus anzeigen. <\/li><\/ul><p><a href=\"#demo\">Testen Sie alle Einstellungen in der Demo mit vollem Funktionsumfang<\/a><\/p> <\/div> <div class=\"application-platform-content-item-installation application-platform-content-item\" id=\"installation\" data-nav-section=\"installation\"> <h2>Wie bette ich RSS-Feeds in meine Blogger-Website ein? <\/h2> <p>Befolgen Sie einfach die folgenden Richtlinien, um das Widget zu integrieren. <\/p> <ol><li><b>F\u00fchren Sie unseren kostenlosen Konfigurator aus und beginnen Sie mit der Gestaltung Ihres einzigartigen Widgets. <\/b><br> W\u00e4hlen Sie das ausgew\u00e4hlte Aussehen und die Spezifikationen des Tools und speichern Sie die Korrekturen. <\/li> <li><b>Sie erhalten Ihren einzigartigen Code, der in der Box von Elfsight Apps angezeigt wird. <\/b><br> Nachdem die Konfiguration Ihres Tools abgeschlossen ist, kopieren Sie den exklusiven Code in das angezeigte Feld und bewahren Sie ihn f\u00fcr eine sp\u00e4tere Gelegenheit auf. <\/li> <li><b>Geben Sie an, wie Sie das Tool auf Ihrer Blogger-Website verwenden. <\/b><br> F\u00fcgen Sie den zuvor gespeicherten Code auf Ihrer Homepage hinzu und \u00fcbernehmen Sie die Anpassungen. <\/li> <li><b>Das Setup ist vollst\u00e4ndig beendet. <\/b><br> Besuchen Sie Ihre Website, um die Leistung des Tools anzuzeigen. <\/li><\/ol> <p>Wenn Sie Fragen haben oder auf Hindernisse sto\u00dfen, z\u00f6gern Sie nicht, sich an unser Support-Team zu wenden. Unsere Berater helfen Ihnen gerne bei allen Schwierigkeiten, die Sie mit dem Tool haben. <\/p> <\/div><div class=\"faq\" data-component=\"FAQ\"><div class=\"faq-item\">\r\n\t\t\t\t\t<div class=\"faq-item-question\">\r\n\t\t\t\t\t\t<h3 class=\"faq-item-question-text\">Wie ist es m\u00f6glich, RSS-Feeds ohne Programmierkenntnisse in meine Blogger-Webseite einzubetten?<\/h3>\r\n\r\n\t\t\t\t\t\t<div class=\"faq-item-question-icon\"><\/div>\r\n\t\t\t\t\t<\/div>\r\n\r\n\t\t\t\t\t<div class=\"faq-item-answer\">\r\n\t\t\t\t\t\t<div class=\"faq-item-answer-text\"><p>Elfsight Das Unternehmen bietet eine L\u00f6sung, mit der Benutzer selbst einen RSS-Feed-Bereich erstellen k\u00f6nnen. Finden Sie heraus, wie einfach es ist: <\/p><ul><li>Beginnen Sie direkt in der Live-Demo mit der Erstellung einer RSS-Feed-App, die Sie integrieren m\u00f6chten Blogger-Site.<\/li><li>W\u00e4hlen Sie eine der vorgefertigten Vorlagen und passen Sie die RSS-Feed-Einstellungen an, \u00e4ndern Sie das Layout und die Farbe der Elemente, aktualisieren Sie Ihre Inhalte ohne Codierung.<\/li><li>Speichern Sie den RSS-Feed und Erhalten Sie einen Installationscode, den Sie einfach und kostenlos in die Blogger-Website einf\u00fcgen k\u00f6nnen.<\/li><\/ul><p>Mit unserem benutzerfreundlichen Konfigurator kann jeder Internetnutzer online ein RSS-Feed-Widget erstellen und auf der Blogger-Website einf\u00fcgen. F\u00fcr den Zugriff auf den Service ist keine Zahlung oder Offenlegung Ihrer Kartendaten erforderlich. Wenn Sie auf Probleme jeglicher Art sto\u00dfen, wenden Sie sich bitte an unser Support-Team.<\/p><\/div>\r\n\t\t\t\t\t<\/div>\r\n\t\t\t\t<\/div><\/div>","protected":false},"excerpt":{"rendered":"","protected":false},"author":9,"featured_media":0,"parent":4029,"menu_order":0,"comment_status":"closed","ping_status":"closed","template":"templates\/template-application-platform.php","meta":{"publish_to_discourse":"","publish_post_category":"","wpdc_auto_publish_overridden":"","wpdc_topic_tags":"","wpdc_pin_topic":"","wpdc_pin_until":"","discourse_post_id":"","discourse_permalink":"","wpdc_publishing_response":"","wpdc_publishing_error":"","footnotes":""},"class_list":["post-10057","page","type-page","status-publish","hentry"],"yoast_head":"<!-- This site is optimized with the Yoast SEO plugin v25.3.1 - https:\/\/yoast.com\/wordpress\/plugins\/seo\/ -->\n<title>Betten Sie das RSS-Feed-Widget in wenigen einfachen Schritten in die Blogger-Website ein!<\/title>\n<meta name=\"description\" content=\"F\u00fcgen Sie ein responsives RSS-Feed-Widget auf Ihrer Blogger-Website ein. Nutzen Sie die praktische Elfsight-Demo und \u00e4ndern Sie Ihren fantastischen RSS-Feed mit nur wenigen Klicks\" \/>\n<meta name=\"robots\" content=\"index, follow, max-snippet:-1, max-image-preview:large, max-video-preview:-1\" \/>\n<link rel=\"canonical\" href=\"https:\/\/elfsight.com\/de\/rss-feed-widget\/blogger\/\" \/>\n<meta property=\"og:locale\" content=\"de_DE\" \/>\n<meta property=\"og:type\" content=\"article\" \/>\n<meta property=\"og:title\" content=\"Betten Sie das RSS-Feed-Widget in wenigen einfachen Schritten in die Blogger-Website ein!\" \/>\n<meta property=\"og:description\" content=\"F\u00fcgen Sie ein responsives RSS-Feed-Widget auf Ihrer Blogger-Website ein. Nutzen Sie die praktische Elfsight-Demo und \u00e4ndern Sie Ihren fantastischen RSS-Feed mit nur wenigen Klicks\" \/>\n<meta property=\"og:url\" content=\"https:\/\/elfsight.com\/de\/rss-feed-widget\/blogger\/\" \/>\n<meta property=\"og:site_name\" content=\"Elfsight DE\" \/>\n<meta property=\"article:modified_time\" content=\"2025-07-10T08:15:32+00:00\" \/>\n<meta name=\"twitter:card\" content=\"summary_large_image\" \/>\n<meta name=\"twitter:label1\" content=\"Gesch\u00e4tzte Lesezeit\" \/>\n\t<meta name=\"twitter:data1\" content=\"3\u00a0Minuten\" \/>\n<!-- \/ Yoast SEO plugin. -->","yoast_head_json":{"title":"Betten Sie das RSS-Feed-Widget in wenigen einfachen Schritten in die Blogger-Website ein!","description":"F\u00fcgen Sie ein responsives RSS-Feed-Widget auf Ihrer Blogger-Website ein. Nutzen Sie die praktische Elfsight-Demo und \u00e4ndern Sie Ihren fantastischen RSS-Feed mit nur wenigen Klicks","robots":{"index":"index","follow":"follow","max-snippet":"max-snippet:-1","max-image-preview":"max-image-preview:large","max-video-preview":"max-video-preview:-1"},"canonical":"https:\/\/elfsight.com\/de\/rss-feed-widget\/blogger\/","og_locale":"de_DE","og_type":"article","og_title":"Betten Sie das RSS-Feed-Widget in wenigen einfachen Schritten in die Blogger-Website ein!","og_description":"F\u00fcgen Sie ein responsives RSS-Feed-Widget auf Ihrer Blogger-Website ein. Nutzen Sie die praktische Elfsight-Demo und \u00e4ndern Sie Ihren fantastischen RSS-Feed mit nur wenigen Klicks","og_url":"https:\/\/elfsight.com\/de\/rss-feed-widget\/blogger\/","og_site_name":"Elfsight DE","article_modified_time":"2025-07-10T08:15:32+00:00","twitter_card":"summary_large_image","twitter_misc":{"Gesch\u00e4tzte Lesezeit":"3\u00a0Minuten"},"schema":{"@context":"https:\/\/schema.org","@graph":[{"@type":"WebPage","@id":"https:\/\/elfsight.com\/de\/rss-feed-widget\/blogger\/","url":"https:\/\/elfsight.com\/de\/rss-feed-widget\/blogger\/","name":"Betten Sie das RSS-Feed-Widget in wenigen einfachen Schritten in die Blogger-Website ein!","isPartOf":{"@id":"https:\/\/elfsight.com\/de\/#website"},"datePublished":"1970-01-01T00:00:00+00:00","dateModified":"2025-07-10T08:15:32+00:00","description":"F\u00fcgen Sie ein responsives RSS-Feed-Widget auf Ihrer Blogger-Website ein. Nutzen Sie die praktische Elfsight-Demo und \u00e4ndern Sie Ihren fantastischen RSS-Feed mit nur wenigen Klicks","breadcrumb":{"@id":"https:\/\/elfsight.com\/de\/rss-feed-widget\/blogger\/#breadcrumb"},"inLanguage":"de","potentialAction":[{"@type":"ReadAction","target":["https:\/\/elfsight.com\/de\/rss-feed-widget\/blogger\/"]}]},{"@type":"BreadcrumbList","@id":"https:\/\/elfsight.com\/de\/rss-feed-widget\/blogger\/#breadcrumb","itemListElement":[{"@type":"ListItem","position":1,"name":"Home","item":"https:\/\/elfsight.com\/de\/"},{"@type":"ListItem","position":2,"name":"RSS Feed","item":"https:\/\/elfsight.com\/de\/rss-feed-widget\/"},{"@type":"ListItem","position":3,"name":"RSS Feed &#8211; Blogger"}]},{"@type":"WebSite","@id":"https:\/\/elfsight.com\/de\/#website","url":"https:\/\/elfsight.com\/de\/","name":"Elfsight DE","description":"Just another Elfsight Sites site","potentialAction":[{"@type":"SearchAction","target":{"@type":"EntryPoint","urlTemplate":"https:\/\/elfsight.com\/de\/?s={search_term_string}"},"query-input":{"@type":"PropertyValueSpecification","valueRequired":true,"valueName":"search_term_string"}}],"inLanguage":"de"}]}},"meta_box":{"industry":"","seo_heading":"","heading":"","description":"","cta_heading":"","cta_description":"","application":"4028","h1":"Blogger-RSS-Feed-Widget","h1_caption":"Betten Sie einen RSS-Feed in Ihre Website ein, um Inhalte aus externen Quellen anzuzeigen und Ihre Website m\u00fchelos mit neuem Material auf Ihrer Blogger-Website auf dem neuesten Stand zu halten.","application_category":[],"applications_title":"","applications_request_title":"","applications_request_button_text":"","hero_text":"","hero_video":"","hero_video_schema_markup":"","selling_points_title":"","selling_points_caption":"","selling_points":[],"selling_points_cta_text":"","features_title":"","features":"","ed_cta_examples_text":"","ed_cta_examples_hidden":"","ed_cta_demo_text":"","ed_cta_demo_hidden":"","why_caption":"","why_editor_title":"","why_editor_text":"","why_team_title":"","why_team_text":"","why_service_title":"","why_service_text":"","template_catalog_visible":"","template_catalog_title":"","template_catalog_text":"","template_catalog_categories_visible":"","demo_title":"Erstellen Sie Ihr RSS-Feed-Widget","demo_caption":"Konfigurieren Sie Ihren RSS-Feed und f\u00fcgen Sie ihn kostenlos zu Ihrer Blogger-Website hinzu!","default_faq_hidden":"","app_template_category":[],"platform":"262","template_public_id":"","codecanyon_url":"","codecanyon_item_id":"","codecanyon_price":"","pricing_caption":"","pricing_elfsight_apps_hide_column":"","pricing_elfsight_apps_url":"","pricing_codecanyon_price_caption":"","integration_category":[],"integration_request_title":"","integration_request_cta":"","integration_platform":"","integrations":[],"platform_category":[],"video_schema_markup":"","price":"ab 0 $ \/ Monat","trial":"","benefits":[{"text":"Kostenloser Installationsservice"},{"text":"Erfahrener Kundensupport"},{"text":"14-t\u00e4gige Geld-zur\u00fcck-Garantie"},{"text":"Fortlaufende Entwicklung"}],"button_url":"#demo","button_target_blank":"","button_nofollow":"","attributes":[{"name":"Installiert","content":"10,000 - 100,000"},{"name":"Reaktionsfreudig","content":"Ja"},{"name":"Kompatible Browser","content":"Firefox, Safari, Opera, Chrome, Edge"}],"tags":[],"tags_disable_links":"","hide_more_platforms":"","video_object":"","demo_hide_cta":"","demo_hide_cloud_options":"","pricing_title":"","pricing":[{"pricing_icon":"platform","pricing_title":"Elfsight Apps","pricing_title_caption":"Plattformunabh\u00e4ngige L\u00f6sung","pricing_price":"ab 0 $ \/ Monat","pricing_price_caption":"Beginnen Sie mit einem kostenlosen Plan","pricing_benefits":[{"text":"Unbegrenzte Websites"},{"text":"Schneller und p\u00fcnktlicher Support"},{"text":"Kostenlose Installationsunterst\u00fctzung"},{"text":"100 % anpassbar"}],"pricing_button_text":"Zur Website hinzuf\u00fcgen","pricing_button_url":"#demo"}],"related_apps_title":"","related_apps_hidden":"","author":"","image":[],"title":"","job":"","social_networks":[]},"_links":{"self":[{"href":"https:\/\/elfsight.com\/de\/wp-json\/wp\/v2\/pages\/10057","targetHints":{"allow":["GET"]}}],"collection":[{"href":"https:\/\/elfsight.com\/de\/wp-json\/wp\/v2\/pages"}],"about":[{"href":"https:\/\/elfsight.com\/de\/wp-json\/wp\/v2\/types\/page"}],"author":[{"embeddable":true,"href":"https:\/\/elfsight.com\/de\/wp-json\/wp\/v2\/users\/9"}],"replies":[{"embeddable":true,"href":"https:\/\/elfsight.com\/de\/wp-json\/wp\/v2\/comments?post=10057"}],"version-history":[{"count":2,"href":"https:\/\/elfsight.com\/de\/wp-json\/wp\/v2\/pages\/10057\/revisions"}],"predecessor-version":[{"id":21859,"href":"https:\/\/elfsight.com\/de\/wp-json\/wp\/v2\/pages\/10057\/revisions\/21859"}],"up":[{"embeddable":true,"href":"https:\/\/elfsight.com\/de\/wp-json\/wp\/v2\/pages\/4029"}],"wp:attachment":[{"href":"https:\/\/elfsight.com\/de\/wp-json\/wp\/v2\/media?parent=10057"}],"curies":[{"name":"wp","href":"https:\/\/api.w.org\/{rel}","templated":true}]}}