{"id":10050,"date":"1970-01-01T00:00:00","date_gmt":"1970-01-01T00:00:00","guid":{"rendered":"https:\/\/elfsight.com\/de\/?page_id=10050"},"modified":"2025-02-12T16:40:45","modified_gmt":"2025-02-12T16:40:45","slug":"elementor","status":"publish","type":"page","link":"https:\/\/elfsight.com\/de\/rss-feed-widget\/elementor\/","title":{"rendered":"RSS Feed &#8211; Elementor"},"content":{"rendered":"\n<div class=\"application-platform-content-item-description application-platform-content-item\" id=\"description\" data-nav-section=\"description\"> <h2>RSS-Feed auf Elementor mit dem Elfsight-Widget einbetten<\/h2> <p>Elfsight RSS-Feed f\u00fcr Elementor ist ein Widget zur Vermarktung von Emotionen und Erlebnissen. Damit k\u00f6nnen Sie aus den Inhalten zahlreicher Nachrichten-Websites individuelle Feeds erstellen und diese direkt auf Ihrer Internetseite anzeigen. \u00dcbernehmen Sie die vollst\u00e4ndige Kontrolle \u00fcber einen angezeigten Inhalt und eliminieren Sie Spam und alle unerw\u00fcnschten Inhalte durch manuelle Moderation. Der vollst\u00e4ndig reaktionsf\u00e4hige Online-Editor bietet Ihnen mehrere Vorlagen zur Auswahl. <\/p> <p><b>Machen Sie Ihre Website mit RSS-Feed effizienter f\u00fcr Gesch\u00e4ftsaufgaben<\/b><\/p> <\/div> <div class=\"application-platform-content-item-features application-platform-content-item\" id=\"features\" data-nav-section=\"features\"> <h2>Nachfolgend finden Sie die grundlegenden Funktionen des Widget: <\/h2> <ul><li>Verstecken Sie den Kopfbereich, damit Ihr Widget minimalistisch aussieht. <\/li><li>Beseitigen Sie Spam und unerw\u00fcnschte Inhalte im manuellen Moderationsmodus. <\/li><li>W\u00e4hlen Sie eines von sechs verf\u00fcgbaren Layouts aus: Karussell, Liste, Mauerwerk, Schieberegler, Collage, Raster. <\/li><li>Lassen Sie Ihre Beitr\u00e4ge in einem Popup-Modus anzeigen. <\/li><\/ul><p><a href=\"#demo\">Sie k\u00f6nnen mithilfe der Demo sehen, wie das Widget funktioniert<\/a><\/p> <\/div> <div class=\"application-platform-content-item- Installation application-platform-content-item\" id=\" Installation\" data-nav-section=\" Installation\"> <h2>Wie bette ich einen RSS-Feed in meine Elementor-Website ein? <\/h2> <p>Befolgen Sie einfach die folgenden Richtlinien, um mit der Verwendung des Widgets zu beginnen. <\/p> <ol><li><b>Nutzen Sie unsere kostenlose Demo und beginnen Sie mit der Erstellung Ihres ma\u00dfgeschneiderten Widgets. <\/b><br> Bestimmen Sie das gew\u00fcnschte Design und die gew\u00fcnschte Funktionalit\u00e4t des Widgets und speichern Sie die \u00c4nderungen. <\/li> <li><b>Kopieren Sie den pers\u00f6nlichen Code, der im Fenster von Elfsight Apps angezeigt wird. <\/b><br> Sobald die Anpassung Ihres Widgets abgeschlossen ist, kopieren Sie den exklusiven Code aus dem angezeigten Feld und bewahren Sie ihn f\u00fcr zuk\u00fcnftige Gelegenheiten auf. <\/li> <li><b>Beginnen Sie mit der Verwendung des Widgets auf der Elementor-Website. <\/b><br> Geben Sie den Code ein, den Sie k\u00fcrzlich auf Ihrer Website gespeichert haben, und \u00fcbernehmen Sie die Anpassungen. <\/li> <li><b>Fertig! Die Einbettung ist vollst\u00e4ndig beendet. <\/b><br> Besuchen Sie Ihre Website, um einen Blick auf die Leistung des Tools zu werfen. <\/li><\/ol> <p>Sollten bei Ihnen Komplikationen auftreten, wenden Sie sich bitte an unser Support-Team. Unsere Berater helfen Ihnen gerne bei der L\u00f6sung aller Schwierigkeiten, die Sie mit dem Widget haben k\u00f6nnten. <\/p> <\/div><div class=\"faq\" data-component=\"FAQ\"><div class=\"faq-item\">\r\n\t\t\t\t\t<div class=\"faq-item-question\">\r\n\t\t\t\t\t\t<h3 class=\"faq-item-question-text\">Gibt es eine Option zum Hinzuf\u00fcgen eines RSS-Feeds zu meiner Elementor-Homepage ohne Programmierkenntnisse?<\/h3>\r\n\r\n\t\t\t\t\t\t<div class=\"faq-item-question-icon\"><\/div>\r\n\t\t\t\t\t<\/div>\r\n\r\n\t\t\t\t\t<div class=\"faq-item-answer\">\r\n\t\t\t\t\t\t<div class=\"faq-item-answer-text\"><p>Angebote des Unternehmens Elfsight Wenn Sie eine Cloud-L\u00f6sung ben\u00f6tigen, mit der Benutzer selbst eine RSS-Feed-App erstellen k\u00f6nnen, sehen Sie sich die einfachen Anweisungen an: <\/p><ul><li>Arbeiten Sie im Online-Editor, um ein RSS-Feed-Plugin zu erstellen, das auf Ihrer Elementor-Webseite angezeigt werden soll. <\/li><li>Entscheiden Sie sich f\u00fcr eine der vorgefertigten Vorlagen und optimieren Sie die RSS-Feed-Einstellungen, aktualisieren Sie Ihre Inhalte, \u00e4ndern Sie das Layout und die Farben ohne Programmierkenntnisse.<\/li><li>Speichern Sie den RSS-Feed und erhalten Sie den Widget-Code zum Einbetten, das einfach und kostenlos in Ihre Elementor-Homepage eingef\u00fcgt werden kann.<\/li><\/ul><p>Mit dem benutzerfreundlichen Editor kann jeder Webbenutzer eine RSS-Feed-App erstellen und diese in seine Elementor-Website einbinden. Sie sollten nicht bezahlen oder Ihre Kartendaten offenlegen, um auf unseren Editor zuzugreifen. Wenn Sie auf Probleme jeglicher Art sto\u00dfen, wenden Sie sich bitte an unser technisches Support-Team.<\/p><\/div>\r\n\t\t\t\t\t<\/div>\r\n\t\t\t\t<\/div><\/div>\n","protected":false},"excerpt":{"rendered":"","protected":false},"author":9,"featured_media":0,"parent":4029,"menu_order":0,"comment_status":"closed","ping_status":"closed","template":"templates\/template-application-platform.php","meta":{"publish_to_discourse":"","publish_post_category":"","wpdc_auto_publish_overridden":"","wpdc_topic_tags":"","wpdc_pin_topic":"","wpdc_pin_until":"","discourse_post_id":"","discourse_permalink":"","wpdc_publishing_response":"","wpdc_publishing_error":"","footnotes":""},"class_list":["post-10050","page","type-page","status-publish","hentry"],"yoast_head":"<!-- This site is optimized with the Yoast SEO plugin v25.3.1 - https:\/\/yoast.com\/wordpress\/plugins\/seo\/ -->\n<title>RSS-Feed-Widget zur Elementor-Website hinzuf\u00fcgen (schnell und kostenlos)<\/title>\n<meta name=\"description\" content=\"Implementieren Sie ein benutzerfreundliches RSS-Feed-Widget auf Ihrer Elementor-Website. Nutzen Sie die praktische Elfsight-Demo und erstellen Sie Ihren faszinierenden RSS-Feed.\" \/>\n<meta name=\"robots\" content=\"index, follow, max-snippet:-1, max-image-preview:large, max-video-preview:-1\" \/>\n<link rel=\"canonical\" href=\"https:\/\/elfsight.com\/de\/rss-feed-widget\/elementor\/\" \/>\n<meta property=\"og:locale\" content=\"de_DE\" \/>\n<meta property=\"og:type\" content=\"article\" \/>\n<meta property=\"og:title\" content=\"RSS-Feed-Widget zur Elementor-Website hinzuf\u00fcgen (schnell und kostenlos)\" \/>\n<meta property=\"og:description\" content=\"Implementieren Sie ein benutzerfreundliches RSS-Feed-Widget auf Ihrer Elementor-Website. Nutzen Sie die praktische Elfsight-Demo und erstellen Sie Ihren faszinierenden RSS-Feed.\" \/>\n<meta property=\"og:url\" content=\"https:\/\/elfsight.com\/de\/rss-feed-widget\/elementor\/\" \/>\n<meta property=\"og:site_name\" content=\"Elfsight DE\" \/>\n<meta property=\"article:modified_time\" content=\"2025-02-12T16:40:45+00:00\" \/>\n<meta name=\"twitter:card\" content=\"summary_large_image\" \/>\n<meta name=\"twitter:label1\" content=\"Gesch\u00e4tzte Lesezeit\" \/>\n\t<meta name=\"twitter:data1\" content=\"3\u00a0Minuten\" \/>\n<!-- \/ Yoast SEO plugin. -->","yoast_head_json":{"title":"RSS-Feed-Widget zur Elementor-Website hinzuf\u00fcgen (schnell und kostenlos)","description":"Implementieren Sie ein benutzerfreundliches RSS-Feed-Widget auf Ihrer Elementor-Website. Nutzen Sie die praktische Elfsight-Demo und erstellen Sie Ihren faszinierenden RSS-Feed.","robots":{"index":"index","follow":"follow","max-snippet":"max-snippet:-1","max-image-preview":"max-image-preview:large","max-video-preview":"max-video-preview:-1"},"canonical":"https:\/\/elfsight.com\/de\/rss-feed-widget\/elementor\/","og_locale":"de_DE","og_type":"article","og_title":"RSS-Feed-Widget zur Elementor-Website hinzuf\u00fcgen (schnell und kostenlos)","og_description":"Implementieren Sie ein benutzerfreundliches RSS-Feed-Widget auf Ihrer Elementor-Website. Nutzen Sie die praktische Elfsight-Demo und erstellen Sie Ihren faszinierenden RSS-Feed.","og_url":"https:\/\/elfsight.com\/de\/rss-feed-widget\/elementor\/","og_site_name":"Elfsight DE","article_modified_time":"2025-02-12T16:40:45+00:00","twitter_card":"summary_large_image","twitter_misc":{"Gesch\u00e4tzte Lesezeit":"3\u00a0Minuten"},"schema":{"@context":"https:\/\/schema.org","@graph":[{"@type":"WebPage","@id":"https:\/\/elfsight.com\/de\/rss-feed-widget\/elementor\/","url":"https:\/\/elfsight.com\/de\/rss-feed-widget\/elementor\/","name":"RSS-Feed-Widget zur Elementor-Website hinzuf\u00fcgen (schnell und kostenlos)","isPartOf":{"@id":"https:\/\/elfsight.com\/de\/#website"},"datePublished":"1970-01-01T00:00:00+00:00","dateModified":"2025-02-12T16:40:45+00:00","description":"Implementieren Sie ein benutzerfreundliches RSS-Feed-Widget auf Ihrer Elementor-Website. Nutzen Sie die praktische Elfsight-Demo und erstellen Sie Ihren faszinierenden RSS-Feed.","breadcrumb":{"@id":"https:\/\/elfsight.com\/de\/rss-feed-widget\/elementor\/#breadcrumb"},"inLanguage":"de","potentialAction":[{"@type":"ReadAction","target":["https:\/\/elfsight.com\/de\/rss-feed-widget\/elementor\/"]}]},{"@type":"BreadcrumbList","@id":"https:\/\/elfsight.com\/de\/rss-feed-widget\/elementor\/#breadcrumb","itemListElement":[{"@type":"ListItem","position":1,"name":"Home","item":"https:\/\/elfsight.com\/de\/"},{"@type":"ListItem","position":2,"name":"RSS Feed","item":"https:\/\/elfsight.com\/de\/rss-feed-widget\/"},{"@type":"ListItem","position":3,"name":"RSS Feed &#8211; Elementor"}]},{"@type":"WebSite","@id":"https:\/\/elfsight.com\/de\/#website","url":"https:\/\/elfsight.com\/de\/","name":"Elfsight DE","description":"Just another Elfsight Sites site","potentialAction":[{"@type":"SearchAction","target":{"@type":"EntryPoint","urlTemplate":"https:\/\/elfsight.com\/de\/?s={search_term_string}"},"query-input":{"@type":"PropertyValueSpecification","valueRequired":true,"valueName":"search_term_string"}}],"inLanguage":"de"}]}},"meta_box":{"industry":"","seo_heading":"","heading":"","description":"","cta_heading":"","cta_description":"","application":"4028","h1":"Elementor RSS-Feed-Widget","h1_caption":"Betten Sie einen RSS-Feed in Ihre Website ein, um Inhalte aus externen Quellen anzuzeigen und Ihre Website m\u00fchelos mit neuem Material auf Ihrer Elementor-Website auf dem neuesten Stand zu halten.","application_category":[],"applications_title":"","applications_request_title":"","applications_request_button_text":"","hero_text":"","hero_video":"","hero_video_schema_markup":"","selling_points_title":"","selling_points_caption":"","selling_points":[],"selling_points_cta_text":"","features_title":"","features":"","ed_cta_examples_text":"","ed_cta_examples_hidden":"","ed_cta_demo_text":"","ed_cta_demo_hidden":"","why_caption":"","why_editor_title":"","why_editor_text":"","why_team_title":"","why_team_text":"","why_service_title":"","why_service_text":"","template_catalog_visible":"0","template_catalog_title":"","template_catalog_text":"","template_catalog_categories_visible":"","demo_title":"Erstellen Sie Ihr RSS-Feed-Widget","demo_caption":"Konfigurieren Sie Ihren RSS-Feed und f\u00fcgen Sie ihn kostenlos zu Ihrer Elementor-Website hinzu!","default_faq_hidden":"","app_template_category":[],"platform":"223","template_public_id":"","codecanyon_url":"","codecanyon_item_id":"","codecanyon_price":"","pricing_caption":"","pricing_elfsight_apps_hide_column":"","pricing_elfsight_apps_url":"","pricing_codecanyon_price_caption":"","integration_category":[],"integration_request_title":"","integration_request_cta":"","integration_platform":"","integrations":[],"platform_category":[],"video_schema_markup":"","price":"ab 0 $ \/ Monat","trial":"","benefits":[{"text":"Kostenlose Installationsunterst\u00fctzung"},{"text":"Professioneller Kundenservice"},{"text":"14-t\u00e4gige Geld-zur\u00fcck-Garantie"},{"text":"Zuk\u00fcnftige Verbesserungen"}],"button_url":"#demo","button_target_blank":"0","button_nofollow":"0","attributes":[{"name":"Installiert","content":"10,000 - 100,000"},{"name":"Reaktionsfreudig","content":"Ja"},{"name":"Kompatible Browser","content":"Firefox, Safari, Opera, Chrome, Edge"}],"tags":[],"tags_disable_links":"0","hide_more_platforms":"0","video_object":"","demo_hide_cta":"0","demo_hide_cloud_options":"0","pricing_title":"","pricing":[{"pricing_icon":"platform","pricing_title":"Elfsight Apps","pricing_title_caption":"Plattform\u00fcbergreifende L\u00f6sung","pricing_price":"ab 0 $ \/ Monat","pricing_price_caption":"Beginnen Sie mit einem kostenlosen Plan","pricing_benefits":[{"text":"Unbegrenzte Domains"},{"text":"Erstklassiger und p\u00fcnktlicher Support"},{"text":"Kostenloser Installationsservice"},{"text":"Flexibles Design"}],"pricing_button_text":"Zur Website hinzuf\u00fcgen","pricing_button_url":"#demo"}],"related_apps_title":"","related_apps_hidden":"0","author":"","image":[],"title":"","job":"","social_networks":[]},"_links":{"self":[{"href":"https:\/\/elfsight.com\/de\/wp-json\/wp\/v2\/pages\/10050","targetHints":{"allow":["GET"]}}],"collection":[{"href":"https:\/\/elfsight.com\/de\/wp-json\/wp\/v2\/pages"}],"about":[{"href":"https:\/\/elfsight.com\/de\/wp-json\/wp\/v2\/types\/page"}],"author":[{"embeddable":true,"href":"https:\/\/elfsight.com\/de\/wp-json\/wp\/v2\/users\/9"}],"replies":[{"embeddable":true,"href":"https:\/\/elfsight.com\/de\/wp-json\/wp\/v2\/comments?post=10050"}],"version-history":[{"count":3,"href":"https:\/\/elfsight.com\/de\/wp-json\/wp\/v2\/pages\/10050\/revisions"}],"predecessor-version":[{"id":24015,"href":"https:\/\/elfsight.com\/de\/wp-json\/wp\/v2\/pages\/10050\/revisions\/24015"}],"up":[{"embeddable":true,"href":"https:\/\/elfsight.com\/de\/wp-json\/wp\/v2\/pages\/4029"}],"wp:attachment":[{"href":"https:\/\/elfsight.com\/de\/wp-json\/wp\/v2\/media?parent=10050"}],"curies":[{"name":"wp","href":"https:\/\/api.w.org\/{rel}","templated":true}]}}