{"id":10044,"date":"1970-01-01T00:00:00","date_gmt":"1970-01-01T00:00:00","guid":{"rendered":"https:\/\/elfsight.com\/de\/?page_id=10044"},"modified":"2025-07-10T08:17:44","modified_gmt":"2025-07-10T08:17:44","slug":"jquery","status":"publish","type":"page","link":"https:\/\/elfsight.com\/de\/rss-feed-widget\/jquery\/","title":{"rendered":"RSS Feed &#8211; jQuery"},"content":{"rendered":"<div class=\"application-platform-content-item-description application-platform-content-item\" id=\"description\" data-nav-section=\"description\"> <h2>Beschreibung<\/h2> <p>Elfsight RSS Feed f\u00fcr jQuery ist ein exklusives Plugin f\u00fcr die Vermarktung von Emotionen und Erlebnissen. Damit k\u00f6nnen Sie einen personalisierten Feed erstellen, der aus den Inhalten zahlreicher Nachrichtenblogs besteht \u2013 und ihn direkt auf Ihrer Internetseite platzieren. Genie\u00dfen Sie die volle Kontrolle \u00fcber einen demonstrierten Inhalt und eliminieren Sie Spam und alle unerw\u00fcnschten Inhalte durch manuelle Moderation. Der vollst\u00e4ndig responsive Online-Konfigurator bietet Ihnen verschiedene Vorlagen zur Auswahl. <\/p> <p><b>Erleben Sie mit RSS-Feed eine aktive Gesch\u00e4ftsentwicklung und steigern Sie den Umsatz <\/b><\/p> <\/div> <div class=\"application-platform-content-item-features application-platform-content-item\" id=\"features\" data-nav-section=\"features\"> <h2>Sehen Sie sich die Liste der beliebtesten an Wertvolle Funktionen: <\/h2> <ul><li>Verdecken Sie den Kopfbereich, damit das Widget minimalistisch aussieht. <\/li><li>Entfernen Sie Spam und unerw\u00fcnschte Inhalte durch manuelle Moderation. <\/li><li>W\u00e4hlen Sie eines der sechs verf\u00fcgbaren Layouts aus: Liste, Mauerwerk, Collage, Schieberegler, Raster, Karussell. <\/li><li>Erm\u00f6glichen Sie die Anzeige Ihrer Beitr\u00e4ge im Popup-Modus. <\/li><\/ul><p><a href=\"#demo\">Probieren Sie alle Anpassungsoptionen in der Demo mit vollem Funktionsumfang aus<\/a><\/p> <\/div> <div class=\"application-platform-content-item-installation application-platform-content-item\" id=\"installation\" data-nav-section=\"installation\"> <h2>Wie bette ich einen RSS-Feed in meine jQuery-Website ein? <\/h2> <p>Befolgen Sie einfach die unten beschriebenen Schritte, um das Plugin einzuf\u00fcgen. <\/p> <ol><li><b>Nutzen Sie unseren kostenlosen Konfigurator und beginnen Sie mit der Gestaltung Ihres einzigartigen Plugins. <\/b><br> W\u00e4hlen Sie die bevorzugte Form und Funktionalit\u00e4t des Plugins und \u00fcbernehmen Sie die \u00c4nderungen. <\/li> <li><b>Lassen Sie sich Ihren individuellen Code im Feld von Elfsight Apps anzeigen. <\/b><br> Sobald die Generierung Ihres pers\u00f6nlichen Plugins abgeschlossen ist, kopieren Sie den einzelnen Code aus dem erscheinenden Fenster und bewahren Sie ihn f\u00fcr die weitere Verwendung auf. <\/li> <li><b>Initiieren Sie die Nutzung des Plugins auf Ihrer jQuery-Website. <\/b><br> Geben Sie den zuvor kopierten Code in Ihre Seite ein und speichern Sie die \u00c4nderungen. <\/li> <li><b>Das Setup ist vollst\u00e4ndig durchgef\u00fchrt. <\/b><br> Gehen Sie auf Ihre Seite, um die Funktion des Plugins zu \u00fcberpr\u00fcfen. <\/li><\/ol> <p>Z\u00f6gern Sie nicht, sich an unser Kundendienstteam zu wenden, wenn Sie Fragen haben oder auf Schwierigkeiten sto\u00dfen. Unsere Berater sind bestrebt, alle Schwierigkeiten zu l\u00f6sen, die Sie mit dem Plugin haben k\u00f6nnten. <\/p> <\/div><div class=\"faq\" data-component=\"FAQ\"><div class=\"faq-item\">\r\n\t\t\t\t\t<div class=\"faq-item-question\">\r\n\t\t\t\t\t\t<h3 class=\"faq-item-question-text\">Gibt es eine Methode zum Einbetten von RSS-Feeds in meine jQuery-Webseite ohne Programmiererfahrung?<\/h3>\r\n\r\n\t\t\t\t\t\t<div class=\"faq-item-question-icon\"><\/div>\r\n\t\t\t\t\t<\/div>\r\n\r\n\t\t\t\t\t<div class=\"faq-item-answer\">\r\n\t\t\t\t\t\t<div class=\"faq-item-answer-text\"><p>Elfsight-Unternehmen bietet eine L\u00f6sung, mit der Benutzer selbst ein RSS-Feed-Widget erstellen k\u00f6nnen. Sehen Sie, wie einfach es ist: <\/p><ul><li>Gehen Sie zum Live-Editor, um ein RSS-Feed-Widget zu erstellen, das Sie in jQuery einbinden m\u00f6chten.<\/li><li>Entscheiden Sie sich f\u00fcr eine der vorgefertigten Vorlagen und passen Sie die RSS-Feed-Einstellungen an, aktualisieren Sie Ihre Inhalte, \u00e4ndern Sie das Layout und die Farben ohne Programmierkenntnisse.<\/li><li>Klicken Sie hier, um den RSS-Feed zu speichern und den Installationscode zu erhalten kann problemlos und kostenlos in die jQuery-Homepage eingef\u00fcgt werden.<\/li><\/ul><p>Mit dem intuitiven Konfigurator kann jeder Internetnutzer einen RSS-Feed online erstellen und in die jQuery-Site einbetten. Sie m\u00fcssen weder bezahlen noch Ihre Kartendaten angeben, um an unserem Service teilzunehmen. Wenn bei irgendeinem Schritt Probleme auftreten, wenden Sie sich bitte an unser Support-Team.<\/p><\/div>\r\n\t\t\t\t\t<\/div>\r\n\t\t\t\t<\/div><\/div>","protected":false},"excerpt":{"rendered":"","protected":false},"author":9,"featured_media":0,"parent":4029,"menu_order":0,"comment_status":"closed","ping_status":"closed","template":"templates\/template-application-platform.php","meta":{"publish_to_discourse":"","publish_post_category":"","wpdc_auto_publish_overridden":"","wpdc_topic_tags":"","wpdc_pin_topic":"","wpdc_pin_until":"","discourse_post_id":"","discourse_permalink":"","wpdc_publishing_response":"","wpdc_publishing_error":"","footnotes":""},"class_list":["post-10044","page","type-page","status-publish","hentry"],"yoast_head":"<!-- This site is optimized with the Yoast SEO plugin v25.3.1 - https:\/\/yoast.com\/wordpress\/plugins\/seo\/ -->\n<title>RSS-Feed-Plugin zur jQuery-Website hinzuf\u00fcgen (schnell und kostenlos)<\/title>\n<meta name=\"description\" content=\"Integrieren Sie ein responsives RSS-Feed-Plugin in Ihre jQuery-Website. Nutzen Sie die praktische Elfsight-Demo und generieren Sie in wenigen Minuten Ihren einzigartigen RSS-Feed\" \/>\n<meta name=\"robots\" content=\"index, follow, max-snippet:-1, max-image-preview:large, max-video-preview:-1\" \/>\n<link rel=\"canonical\" href=\"https:\/\/elfsight.com\/de\/rss-feed-widget\/jquery\/\" \/>\n<meta property=\"og:locale\" content=\"de_DE\" \/>\n<meta property=\"og:type\" content=\"article\" \/>\n<meta property=\"og:title\" content=\"RSS-Feed-Plugin zur jQuery-Website hinzuf\u00fcgen (schnell und kostenlos)\" \/>\n<meta property=\"og:description\" content=\"Integrieren Sie ein responsives RSS-Feed-Plugin in Ihre jQuery-Website. Nutzen Sie die praktische Elfsight-Demo und generieren Sie in wenigen Minuten Ihren einzigartigen RSS-Feed\" \/>\n<meta property=\"og:url\" content=\"https:\/\/elfsight.com\/de\/rss-feed-widget\/jquery\/\" \/>\n<meta property=\"og:site_name\" content=\"Elfsight DE\" \/>\n<meta property=\"article:modified_time\" content=\"2025-07-10T08:17:44+00:00\" \/>\n<meta name=\"twitter:card\" content=\"summary_large_image\" \/>\n<meta name=\"twitter:label1\" content=\"Gesch\u00e4tzte Lesezeit\" \/>\n\t<meta name=\"twitter:data1\" content=\"3\u00a0Minuten\" \/>\n<!-- \/ Yoast SEO plugin. -->","yoast_head_json":{"title":"RSS-Feed-Plugin zur jQuery-Website hinzuf\u00fcgen (schnell und kostenlos)","description":"Integrieren Sie ein responsives RSS-Feed-Plugin in Ihre jQuery-Website. Nutzen Sie die praktische Elfsight-Demo und generieren Sie in wenigen Minuten Ihren einzigartigen RSS-Feed","robots":{"index":"index","follow":"follow","max-snippet":"max-snippet:-1","max-image-preview":"max-image-preview:large","max-video-preview":"max-video-preview:-1"},"canonical":"https:\/\/elfsight.com\/de\/rss-feed-widget\/jquery\/","og_locale":"de_DE","og_type":"article","og_title":"RSS-Feed-Plugin zur jQuery-Website hinzuf\u00fcgen (schnell und kostenlos)","og_description":"Integrieren Sie ein responsives RSS-Feed-Plugin in Ihre jQuery-Website. Nutzen Sie die praktische Elfsight-Demo und generieren Sie in wenigen Minuten Ihren einzigartigen RSS-Feed","og_url":"https:\/\/elfsight.com\/de\/rss-feed-widget\/jquery\/","og_site_name":"Elfsight DE","article_modified_time":"2025-07-10T08:17:44+00:00","twitter_card":"summary_large_image","twitter_misc":{"Gesch\u00e4tzte Lesezeit":"3\u00a0Minuten"},"schema":{"@context":"https:\/\/schema.org","@graph":[{"@type":"WebPage","@id":"https:\/\/elfsight.com\/de\/rss-feed-widget\/jquery\/","url":"https:\/\/elfsight.com\/de\/rss-feed-widget\/jquery\/","name":"RSS-Feed-Plugin zur jQuery-Website hinzuf\u00fcgen (schnell und kostenlos)","isPartOf":{"@id":"https:\/\/elfsight.com\/de\/#website"},"datePublished":"1970-01-01T00:00:00+00:00","dateModified":"2025-07-10T08:17:44+00:00","description":"Integrieren Sie ein responsives RSS-Feed-Plugin in Ihre jQuery-Website. Nutzen Sie die praktische Elfsight-Demo und generieren Sie in wenigen Minuten Ihren einzigartigen RSS-Feed","breadcrumb":{"@id":"https:\/\/elfsight.com\/de\/rss-feed-widget\/jquery\/#breadcrumb"},"inLanguage":"de","potentialAction":[{"@type":"ReadAction","target":["https:\/\/elfsight.com\/de\/rss-feed-widget\/jquery\/"]}]},{"@type":"BreadcrumbList","@id":"https:\/\/elfsight.com\/de\/rss-feed-widget\/jquery\/#breadcrumb","itemListElement":[{"@type":"ListItem","position":1,"name":"Home","item":"https:\/\/elfsight.com\/de\/"},{"@type":"ListItem","position":2,"name":"RSS Feed","item":"https:\/\/elfsight.com\/de\/rss-feed-widget\/"},{"@type":"ListItem","position":3,"name":"RSS Feed &#8211; jQuery"}]},{"@type":"WebSite","@id":"https:\/\/elfsight.com\/de\/#website","url":"https:\/\/elfsight.com\/de\/","name":"Elfsight DE","description":"Just another Elfsight Sites site","potentialAction":[{"@type":"SearchAction","target":{"@type":"EntryPoint","urlTemplate":"https:\/\/elfsight.com\/de\/?s={search_term_string}"},"query-input":{"@type":"PropertyValueSpecification","valueRequired":true,"valueName":"search_term_string"}}],"inLanguage":"de"}]}},"meta_box":{"industry":"","seo_heading":"","heading":"","description":"","cta_heading":"","cta_description":"","application":"4028","h1":"jQuery RSS-Feed-Plugin","h1_caption":"Betten Sie einen RSS-Feed in Ihre Website ein, um Inhalte aus externen Quellen anzuzeigen und Ihre Website m\u00fchelos mit neuem Material auf Ihrer jQuery-Website auf dem neuesten Stand zu halten.","application_category":[],"applications_title":"","applications_request_title":"","applications_request_button_text":"","hero_text":"","hero_video":"","hero_video_schema_markup":"","selling_points_title":"","selling_points_caption":"","selling_points":[],"selling_points_cta_text":"","features_title":"","features":"","ed_cta_examples_text":"","ed_cta_examples_hidden":"","ed_cta_demo_text":"","ed_cta_demo_hidden":"","why_caption":"","why_editor_title":"","why_editor_text":"","why_team_title":"","why_team_text":"","why_service_title":"","why_service_text":"","template_catalog_visible":"","template_catalog_title":"","template_catalog_text":"","template_catalog_categories_visible":"","demo_title":"Erstellen Sie Ihr RSS-Feed-Plugin","demo_caption":"Konfigurieren Sie Ihren RSS-Feed und f\u00fcgen Sie ihn kostenlos zu Ihrer jQuery-Website hinzu!","default_faq_hidden":"","app_template_category":[],"platform":"258","template_public_id":"","codecanyon_url":"","codecanyon_item_id":"","codecanyon_price":"","pricing_caption":"","pricing_elfsight_apps_hide_column":"","pricing_elfsight_apps_url":"","pricing_codecanyon_price_caption":"","integration_category":[],"integration_request_title":"","integration_request_cta":"","integration_platform":"","integrations":[],"platform_category":[],"video_schema_markup":"","price":"ab 0 $ \/ Monat","trial":"","benefits":[{"text":"Kostenloser Installationsservice"},{"text":"Erfahrener Kundensupport"},{"text":"14-t\u00e4gige R\u00fcckerstattungsgarantie"},{"text":"Laufende Updates"}],"button_url":"#demo","button_target_blank":"","button_nofollow":"","attributes":[{"name":"Installiert","content":"10,000 - 100,000"},{"name":"Reaktionsfreudig","content":"Ja"},{"name":"Kompatible Browser","content":"Firefox, Safari, Opera, Chrome, Edge"}],"tags":[],"tags_disable_links":"","hide_more_platforms":"","video_object":"","demo_hide_cta":"","demo_hide_cloud_options":"","pricing_title":"","pricing":[{"pricing_icon":"platform","pricing_title":"Elfsight Apps","pricing_title_caption":"Plattformunabh\u00e4ngige L\u00f6sung","pricing_price":"ab 0 $ \/ Monat","pricing_price_caption":"Beginnen Sie mit einem kostenlosen Plan","pricing_benefits":[{"text":"Unbegrenzte Websites"},{"text":"Professionelle Kundenbetreuung und gut dokumentiert"},{"text":"Kostenlose Installationsunterst\u00fctzung"},{"text":"Flexibles Design"}],"pricing_button_text":"Zur Website hinzuf\u00fcgen","pricing_button_url":"#demo"}],"related_apps_title":"","related_apps_hidden":"","author":"","image":[],"title":"","job":"","social_networks":[]},"_links":{"self":[{"href":"https:\/\/elfsight.com\/de\/wp-json\/wp\/v2\/pages\/10044","targetHints":{"allow":["GET"]}}],"collection":[{"href":"https:\/\/elfsight.com\/de\/wp-json\/wp\/v2\/pages"}],"about":[{"href":"https:\/\/elfsight.com\/de\/wp-json\/wp\/v2\/types\/page"}],"author":[{"embeddable":true,"href":"https:\/\/elfsight.com\/de\/wp-json\/wp\/v2\/users\/9"}],"replies":[{"embeddable":true,"href":"https:\/\/elfsight.com\/de\/wp-json\/wp\/v2\/comments?post=10044"}],"version-history":[{"count":2,"href":"https:\/\/elfsight.com\/de\/wp-json\/wp\/v2\/pages\/10044\/revisions"}],"predecessor-version":[{"id":21855,"href":"https:\/\/elfsight.com\/de\/wp-json\/wp\/v2\/pages\/10044\/revisions\/21855"}],"up":[{"embeddable":true,"href":"https:\/\/elfsight.com\/de\/wp-json\/wp\/v2\/pages\/4029"}],"wp:attachment":[{"href":"https:\/\/elfsight.com\/de\/wp-json\/wp\/v2\/media?parent=10044"}],"curies":[{"name":"wp","href":"https:\/\/api.w.org\/{rel}","templated":true}]}}