{"id":10041,"date":"1970-01-01T00:00:00","date_gmt":"1970-01-01T00:00:00","guid":{"rendered":"https:\/\/elfsight.com\/de\/?page_id=10041"},"modified":"2025-07-10T08:17:54","modified_gmt":"2025-07-10T08:17:54","slug":"magento","status":"publish","type":"page","link":"https:\/\/elfsight.com\/de\/rss-feed-widget\/magento\/","title":{"rendered":"RSS Feed &#8211; Magento"},"content":{"rendered":"<div class=\"application-platform-content-item-description application-platform-content-item\" id=\"description\" data-nav-section=\"description\"> <h2>Beschreibung<\/h2> <p>Elfsight RSS Feed f\u00fcr Magento ist eine Erweiterung zur Vermarktung von Emotionen und Erlebnissen. Damit k\u00f6nnen Sie individuelle Feeds aus den Inhalten verschiedener Nachrichten-Websites entwickeln und diese direkt auf Ihrer Website demonstrieren. \u00dcben Sie die volle Kontrolle \u00fcber einen demonstrierten Inhalt aus und eliminieren Sie Spam und alle unerw\u00fcnschten Inhalte durch manuelle Moderation. Der vollst\u00e4ndig responsive Online-Konfigurator bietet Ihnen zahlreiche Vorlagen zur Auswahl. <\/p> <p><b>Starten Sie einen RSS-Feed, um Ihre Gesch\u00e4ftsspitzen einfacher zu erreichen! <\/b><\/p> <\/div> <div class=\"application-platform-content-item-features application-platform-content-item\" id=\"features\" data-nav-section=\"features\"> <h2>Die Erweiterung verf\u00fcgt \u00fcber praktische und schnelle Funktionen, hier sind einige davon: <\/h2> <ul><li>Hood the head Abschnitt, um dem Widget ein minimalistisches Aussehen zu verleihen. <\/li><li>Beseitigen Sie Spam und unerw\u00fcnschte Inhalte mit dem manuellen Moderationsmodus. <\/li><li>W\u00e4hlen Sie eines der sechs vorhandenen Layouts: Collage, Slider, Liste, Mauerwerk, Raster, Karussell. <\/li><li>Erlauben Sie, dass Ihre Beitr\u00e4ge in einem Pop-up angezeigt werden. <\/li><\/ul><p><a href=\"#demo\">Sie k\u00f6nnen die volle Funktionalit\u00e4t des Widgets in der Demo unten testen<\/a><\/p> <\/div> <div class=\"application-platform-content-item- Installation application-platform-content-item\" id=\" Installation\" data-nav-section=\" Installation\"> <h2>Wie kann ich RSS-Feed zu meiner Magento-Website hinzuf\u00fcgen? <\/h2> <p>F\u00fchren Sie einfach die folgenden Schritte aus, um die Erweiterung zu integrieren. <\/p> <ol><li><b>Starten Sie unseren kostenlosen Editor und beginnen Sie mit der Gestaltung Ihrer benutzerdefinierten Erweiterung. <\/b><br> Finden Sie das bevorzugte Aussehen und die bevorzugten Aspekte des Tools und \u00fcbernehmen Sie die \u00c4nderungen. <\/li> <li><b>Erhalten Sie Ihren individuellen Code, der im Fenster von Elfsight Apps angezeigt wird. <\/b><br> Direkt nachdem die Generierung Ihres Plugins abgeschlossen ist, kopieren Sie den pers\u00f6nlichen Code aus dem erscheinenden Popup und bewahren Sie ihn f\u00fcr die weitere Verwendung auf. <\/li> <li><b>Geben Sie die Verwendung des Widgets auf der Magento-Site ein. <\/b><br> Betten Sie den Code, den Sie k\u00fcrzlich kopiert haben, in Ihre Seite ein und speichern Sie die \u00c4nderungen. <\/li> <li><b>Fertig! Die Einbettung ist vollst\u00e4ndig beendet. <\/b><br> Gehen Sie zu Ihrer Seite, um die Leistung des Tools zu \u00fcberpr\u00fcfen. <\/li><\/ol> <p>Sollten Sie Probleme haben, z\u00f6gern Sie nicht, sich an unser Support-Team zu wenden. Unsere Spezialisten l\u00f6sen gerne alle Probleme, die Sie mit dem Produkt haben k\u00f6nnten. <\/p> <\/div><div class=\"faq\" data-component=\"FAQ\"><div class=\"faq-item\">\r\n\t\t\t\t\t<div class=\"faq-item-question\">\r\n\t\t\t\t\t\t<h3 class=\"faq-item-question-text\">Gibt es eine M\u00f6glichkeit, RSS-Feeds ohne Programmierkenntnisse in meine Magento-Webseite einzubetten?<\/h3>\r\n\r\n\t\t\t\t\t\t<div class=\"faq-item-question-icon\"><\/div>\r\n\t\t\t\t\t<\/div>\r\n\r\n\t\t\t\t\t<div class=\"faq-item-answer\">\r\n\t\t\t\t\t\t<div class=\"faq-item-answer-text\"><p>Elfsight Das Unternehmen bietet eine SaaS-L\u00f6sung an, mit der ein breites Publikum selbst ein RSS-Feed-Widget erstellen kann. Sehen Sie sich an, wie unkompliziert der Vorgang ist: <\/p><ul><li>Gehen Sie zum Live-Editor, um ein RSS-Feed-Plugin zu erstellen, in dem Sie erscheinen m\u00f6chten Ihre Magento-Website.<\/li><li>Entscheiden Sie sich f\u00fcr eine der vorgefertigten Vorlagen und \u00e4ndern Sie die RSS-Feed-Einstellungen, aktualisieren Sie Ihre Inhalte, \u00e4ndern Sie das Layout und die Farbe der Elemente ohne Programmierkenntnisse.<\/li><li>Speichern Laden Sie den RSS-Feed herunter und erhalten Sie Code zum Einbetten, der einfach und kostenlos in die Magento-Homepage eingebettet werden kann.<\/li><\/ul><p>Mit dem intuitiven Konfigurator kann jeder Internetnutzer ein RSS-Feed-Plugin erstellen und m\u00fchelos in jedes Magento einbetten Website. Sie m\u00fcssen keinen kostenpflichtigen Plan abschlie\u00dfen oder Ihre Kartendaten eingeben, um auf den Dienst zuzugreifen. Wenn Sie auf Probleme jeglicher Art sto\u00dfen, wenden Sie sich bitte an unsere Mitarbeiter des technischen Supports.<\/p><\/div>\r\n\t\t\t\t\t<\/div>\r\n\t\t\t\t<\/div><\/div>","protected":false},"excerpt":{"rendered":"","protected":false},"author":9,"featured_media":0,"parent":4029,"menu_order":0,"comment_status":"closed","ping_status":"closed","template":"templates\/template-application-platform.php","meta":{"publish_to_discourse":"","publish_post_category":"","wpdc_auto_publish_overridden":"","wpdc_topic_tags":"","wpdc_pin_topic":"","wpdc_pin_until":"","discourse_post_id":"","discourse_permalink":"","wpdc_publishing_response":"","wpdc_publishing_error":"","footnotes":""},"class_list":["post-10041","page","type-page","status-publish","hentry"],"yoast_head":"<!-- This site is optimized with the Yoast SEO plugin v25.3.1 - https:\/\/yoast.com\/wordpress\/plugins\/seo\/ -->\n<title>F\u00fcgen Sie der Magento-Website eine RSS-Feed-Erweiterung hinzu (schnell und kostenlos)<\/title>\n<meta name=\"description\" content=\"Integrieren Sie eine mobilfreundliche RSS-Feed-Erweiterung in Ihre Magento-Website. Nutzen Sie die praktische Elfsight-Demo und erstellen Sie Ihren fantastischen RSS-Feed.\" \/>\n<meta name=\"robots\" content=\"index, follow, max-snippet:-1, max-image-preview:large, max-video-preview:-1\" \/>\n<link rel=\"canonical\" href=\"https:\/\/elfsight.com\/de\/rss-feed-widget\/magento\/\" \/>\n<meta property=\"og:locale\" content=\"de_DE\" \/>\n<meta property=\"og:type\" content=\"article\" \/>\n<meta property=\"og:title\" content=\"F\u00fcgen Sie der Magento-Website eine RSS-Feed-Erweiterung hinzu (schnell und kostenlos)\" \/>\n<meta property=\"og:description\" content=\"Integrieren Sie eine mobilfreundliche RSS-Feed-Erweiterung in Ihre Magento-Website. Nutzen Sie die praktische Elfsight-Demo und erstellen Sie Ihren fantastischen RSS-Feed.\" \/>\n<meta property=\"og:url\" content=\"https:\/\/elfsight.com\/de\/rss-feed-widget\/magento\/\" \/>\n<meta property=\"og:site_name\" content=\"Elfsight DE\" \/>\n<meta property=\"article:modified_time\" content=\"2025-07-10T08:17:54+00:00\" \/>\n<meta name=\"twitter:card\" content=\"summary_large_image\" \/>\n<meta name=\"twitter:label1\" content=\"Gesch\u00e4tzte Lesezeit\" \/>\n\t<meta name=\"twitter:data1\" content=\"3\u00a0Minuten\" \/>\n<!-- \/ Yoast SEO plugin. -->","yoast_head_json":{"title":"F\u00fcgen Sie der Magento-Website eine RSS-Feed-Erweiterung hinzu (schnell und kostenlos)","description":"Integrieren Sie eine mobilfreundliche RSS-Feed-Erweiterung in Ihre Magento-Website. Nutzen Sie die praktische Elfsight-Demo und erstellen Sie Ihren fantastischen RSS-Feed.","robots":{"index":"index","follow":"follow","max-snippet":"max-snippet:-1","max-image-preview":"max-image-preview:large","max-video-preview":"max-video-preview:-1"},"canonical":"https:\/\/elfsight.com\/de\/rss-feed-widget\/magento\/","og_locale":"de_DE","og_type":"article","og_title":"F\u00fcgen Sie der Magento-Website eine RSS-Feed-Erweiterung hinzu (schnell und kostenlos)","og_description":"Integrieren Sie eine mobilfreundliche RSS-Feed-Erweiterung in Ihre Magento-Website. Nutzen Sie die praktische Elfsight-Demo und erstellen Sie Ihren fantastischen RSS-Feed.","og_url":"https:\/\/elfsight.com\/de\/rss-feed-widget\/magento\/","og_site_name":"Elfsight DE","article_modified_time":"2025-07-10T08:17:54+00:00","twitter_card":"summary_large_image","twitter_misc":{"Gesch\u00e4tzte Lesezeit":"3\u00a0Minuten"},"schema":{"@context":"https:\/\/schema.org","@graph":[{"@type":"WebPage","@id":"https:\/\/elfsight.com\/de\/rss-feed-widget\/magento\/","url":"https:\/\/elfsight.com\/de\/rss-feed-widget\/magento\/","name":"F\u00fcgen Sie der Magento-Website eine RSS-Feed-Erweiterung hinzu (schnell und kostenlos)","isPartOf":{"@id":"https:\/\/elfsight.com\/de\/#website"},"datePublished":"1970-01-01T00:00:00+00:00","dateModified":"2025-07-10T08:17:54+00:00","description":"Integrieren Sie eine mobilfreundliche RSS-Feed-Erweiterung in Ihre Magento-Website. Nutzen Sie die praktische Elfsight-Demo und erstellen Sie Ihren fantastischen RSS-Feed.","breadcrumb":{"@id":"https:\/\/elfsight.com\/de\/rss-feed-widget\/magento\/#breadcrumb"},"inLanguage":"de","potentialAction":[{"@type":"ReadAction","target":["https:\/\/elfsight.com\/de\/rss-feed-widget\/magento\/"]}]},{"@type":"BreadcrumbList","@id":"https:\/\/elfsight.com\/de\/rss-feed-widget\/magento\/#breadcrumb","itemListElement":[{"@type":"ListItem","position":1,"name":"Home","item":"https:\/\/elfsight.com\/de\/"},{"@type":"ListItem","position":2,"name":"RSS Feed","item":"https:\/\/elfsight.com\/de\/rss-feed-widget\/"},{"@type":"ListItem","position":3,"name":"RSS Feed &#8211; Magento"}]},{"@type":"WebSite","@id":"https:\/\/elfsight.com\/de\/#website","url":"https:\/\/elfsight.com\/de\/","name":"Elfsight DE","description":"Just another Elfsight Sites site","potentialAction":[{"@type":"SearchAction","target":{"@type":"EntryPoint","urlTemplate":"https:\/\/elfsight.com\/de\/?s={search_term_string}"},"query-input":{"@type":"PropertyValueSpecification","valueRequired":true,"valueName":"search_term_string"}}],"inLanguage":"de"}]}},"meta_box":{"industry":"","seo_heading":"","heading":"","description":"","cta_heading":"","cta_description":"","application":"4028","h1":"Magento RSS-Feed-Erweiterung","h1_caption":"Betten Sie einen RSS-Feed in Ihre Website ein, um Inhalte aus externen Quellen anzuzeigen und Ihre Website m\u00fchelos mit neuem Material auf Ihrer Magento-Website auf dem neuesten Stand zu halten.","application_category":[],"applications_title":"","applications_request_title":"","applications_request_button_text":"","hero_text":"","hero_video":"","hero_video_schema_markup":"","selling_points_title":"","selling_points_caption":"","selling_points":[],"selling_points_cta_text":"","features_title":"","features":"","ed_cta_examples_text":"","ed_cta_examples_hidden":"","ed_cta_demo_text":"","ed_cta_demo_hidden":"","why_caption":"","why_editor_title":"","why_editor_text":"","why_team_title":"","why_team_text":"","why_service_title":"","why_service_text":"","template_catalog_visible":"","template_catalog_title":"","template_catalog_text":"","template_catalog_categories_visible":"","demo_title":"Erstellen Sie Ihre RSS-Feed-Erweiterung","demo_caption":"Konfigurieren Sie Ihren RSS-Feed und f\u00fcgen Sie ihn kostenlos zu Ihrer Magento-Website hinzu!","default_faq_hidden":"","app_template_category":[],"platform":"256","template_public_id":"","codecanyon_url":"","codecanyon_item_id":"","codecanyon_price":"","pricing_caption":"","pricing_elfsight_apps_hide_column":"","pricing_elfsight_apps_url":"","pricing_codecanyon_price_caption":"","integration_category":[],"integration_request_title":"","integration_request_cta":"","integration_platform":"","integrations":[],"platform_category":[],"video_schema_markup":"","price":"ab 0 $ \/ Monat","trial":"","benefits":[{"text":"Kostenlose Installationsunterst\u00fctzung"},{"text":"Professioneller Kundenservice"},{"text":"14-t\u00e4gige Geld-zur\u00fcck-Garantie"},{"text":"Kontinuierliche Updates"}],"button_url":"#demo","button_target_blank":"","button_nofollow":"","attributes":[{"name":"Installiert","content":"10,000 - 100,000"},{"name":"Reaktionsfreudig","content":"Ja"},{"name":"Kompatible Browser","content":"Firefox, Safari, Opera, Chrome, Edge"}],"tags":[],"tags_disable_links":"","hide_more_platforms":"","video_object":"","demo_hide_cta":"","demo_hide_cloud_options":"","pricing_title":"","pricing":[{"pricing_icon":"platform","pricing_title":"Elfsight Apps","pricing_title_caption":"Plattform\u00fcbergreifende Version","pricing_price":"ab 0 $ \/ Monat","pricing_price_caption":"Beginnen Sie mit einem kostenlosen Plan","pricing_benefits":[{"text":"Unbegrenzte Websites"},{"text":"Kostenloser Kundensupport und gut dokumentiert"},{"text":"Kostenlose Installationsunterst\u00fctzung"},{"text":"Flexibles Design"}],"pricing_button_text":"Zur Website hinzuf\u00fcgen","pricing_button_url":"#demo"}],"related_apps_title":"","related_apps_hidden":"","author":"","image":[],"title":"","job":"","social_networks":[]},"_links":{"self":[{"href":"https:\/\/elfsight.com\/de\/wp-json\/wp\/v2\/pages\/10041","targetHints":{"allow":["GET"]}}],"collection":[{"href":"https:\/\/elfsight.com\/de\/wp-json\/wp\/v2\/pages"}],"about":[{"href":"https:\/\/elfsight.com\/de\/wp-json\/wp\/v2\/types\/page"}],"author":[{"embeddable":true,"href":"https:\/\/elfsight.com\/de\/wp-json\/wp\/v2\/users\/9"}],"replies":[{"embeddable":true,"href":"https:\/\/elfsight.com\/de\/wp-json\/wp\/v2\/comments?post=10041"}],"version-history":[{"count":2,"href":"https:\/\/elfsight.com\/de\/wp-json\/wp\/v2\/pages\/10041\/revisions"}],"predecessor-version":[{"id":21852,"href":"https:\/\/elfsight.com\/de\/wp-json\/wp\/v2\/pages\/10041\/revisions\/21852"}],"up":[{"embeddable":true,"href":"https:\/\/elfsight.com\/de\/wp-json\/wp\/v2\/pages\/4029"}],"wp:attachment":[{"href":"https:\/\/elfsight.com\/de\/wp-json\/wp\/v2\/media?parent=10041"}],"curies":[{"name":"wp","href":"https:\/\/api.w.org\/{rel}","templated":true}]}}