{"id":10034,"date":"1970-01-01T00:00:00","date_gmt":"1970-01-01T00:00:00","guid":{"rendered":"https:\/\/elfsight.com\/de\/?page_id=10034"},"modified":"2025-07-10T08:18:04","modified_gmt":"2025-07-10T08:18:04","slug":"opencart","status":"publish","type":"page","link":"https:\/\/elfsight.com\/de\/rss-feed-widget\/opencart\/","title":{"rendered":"RSS Feed &#8211; OpenCart"},"content":{"rendered":"<div class=\"application-platform-content-item-description application-platform-content-item\" id=\"description\" data-nav-section=\"description\"> <h2>Beschreibung<\/h2> <p>Elfsight RSS Feed f\u00fcr OpenCart ist eine einzigartige Erweiterung zur F\u00f6rderung von Emotionen und Erlebnissen. Damit k\u00f6nnen Sie individuelle Feeds gestalten, die aus den Inhalten verschiedener Nachrichten-Websites bestehen \u2013 und diese direkt auf Ihrer Website platzieren. \u00dcbernehmen Sie die vollst\u00e4ndige Kontrolle \u00fcber den angezeigten Inhalt und eliminieren Sie Spam und unerw\u00fcnschte Inhalte durch manuelle Moderation. Der vollst\u00e4ndig reaktionsf\u00e4hige Online-Editor bietet Ihnen verschiedene Vorlagen zur Auswahl. <\/p> <p><b>Erzielen Sie mit RSS-Feed nachhaltiges Gesch\u00e4ftswachstum und bessere Ums\u00e4tze <\/b><\/p> <\/div> <div class=\"application-platform-content-item-features application-platform-content-item\" id=\"features\" data-nav-section=\"features\"> <h2>Zu den wesentlichen Widget-Funktionen geh\u00f6ren<\/h2> <ul><li>Verdecken Sie den Kopfbereich, damit Ihr Werkzeug minimalistisch aussieht. <\/li><li>Entfernen Sie Spam und unerw\u00fcnschte Inhalte mit dem manuellen Moderationsmodus. <\/li><li>W\u00e4hlen Sie eines der sechs verf\u00fcgbaren Layouts aus: Karussell, Schieberegler, Raster, Liste, Collage, Mauerwerk. <\/li><li>Lassen Sie Ihre Beitr\u00e4ge in einem Pop-up anzeigen. <\/li><\/ul><p><a href=\"#demo\">Untersuchen Sie alle Personalisierungsfunktionen in einer Demo mit vollem Funktionsumfang<\/a><\/p> <\/div> <div class=\"application-platform-content-item-installation application-platform-content-item\" id=\"installation\" data-nav-section=\"installation\"> <h2>Wie bette ich RSS-Feeds in meine OpenCart-Site ein? <\/h2> <p>Erf\u00fcllen Sie einfach die folgenden Richtlinien, um mit der Verwendung der Erweiterung zu beginnen. <\/p> <ol><li><b>F\u00fchren Sie unsere kostenlose Demo durch und beginnen Sie mit der Gestaltung Ihrer personalisierten Erweiterung. <\/b><br> Bestimmen Sie das gew\u00fcnschte Aussehen und die gew\u00fcnschten Aspekte der Erweiterung und nehmen Sie die Korrekturen vor. <\/li> <li><b>Erhalten Sie den einzigartigen Code, der in der Box auf Elfsight Apps angezeigt wird. <\/b><br> Kopieren Sie direkt nach Abschluss der Generierung Ihres Plugins den exklusiven Code aus dem angezeigten Fenster und speichern Sie ihn f\u00fcr einen sp\u00e4teren Anlass. <\/li> <li><b>Geben Sie die Verwendung des Widgets auf der OpenCart-Website ein. <\/b><br> F\u00fcgen Sie den Code, den Sie zuvor gespeichert haben, in Ihre Website ein und speichern Sie die Anpassungen. <\/li> <li><b>Fertig! Die Einbettung ist vollst\u00e4ndig durchgef\u00fchrt. <\/b><br> Besuchen Sie Ihre Website, um einen Blick auf die Leistung der Erweiterung zu werfen. <\/li><\/ol> <p>Wenn Sie auf Probleme sto\u00dfen, z\u00f6gern Sie nicht, sich bei unserem Support-Team zu bewerben. Unsere Spezialisten sind bestrebt, alle Probleme zu l\u00f6sen, die Sie mit dem Plugin haben k\u00f6nnten. <\/p> <\/div><div class=\"faq\" data-component=\"FAQ\"><div class=\"faq-item\">\r\n\t\t\t\t\t<div class=\"faq-item-question\">\r\n\t\t\t\t\t\t<h3 class=\"faq-item-question-text\">Gibt es eine Option zum Einbetten von RSS-Feeds in meine OpenCart-Homepage ohne Programmierkenntnisse?<\/h3>\r\n\r\n\t\t\t\t\t\t<div class=\"faq-item-question-icon\"><\/div>\r\n\t\t\t\t\t<\/div>\r\n\r\n\t\t\t\t\t<div class=\"faq-item-answer\">\r\n\t\t\t\t\t\t<div class=\"faq-item-answer-text\"><p>Elfsight-Unternehmen bietet eine L\u00f6sung, mit der Sie selbst ein RSS-Feed-Plugin erstellen k\u00f6nnen. Sehen Sie sich die einfache Anleitung an: <\/p><ul><li>Arbeiten Sie im Online-Editor, um ein RSS-Feed-Widget zu erstellen, das Sie in Ihre OpenCart-Website einbinden m\u00f6chten.<\/li><li>W\u00e4hlen Sie eine der vorgefertigten Vorlagen aus und optimieren Sie die RSS-Feed-Einstellungen, \u00e4ndern Sie das Layout und die Farben und f\u00fcgen Sie Ihre Inhalte ohne Programmierkenntnisse ein.<\/li><li>Klicken Sie, um den RSS-Feed zu speichern und seine Installation zu erhalten Code, der kostenlos in Ihre OpenCart-Homepage eingebunden werden kann.<\/li><\/ul><p>Mit dem intuitiven Editor kann jeder Internetnutzer online eine RSS-Feed-App erstellen und diese einfach zu seiner OpenCart-Homepage hinzuf\u00fcgen. Sie m\u00fcssen kein kostenpflichtiges Abonnement abschlie\u00dfen oder Ihre Kartendaten offenlegen, um auf den Elfsight Editor zuzugreifen. Sollten Sie bei irgendeinem Schritt auf Hindernisse sto\u00dfen, z\u00f6gern Sie nicht, unseren technischen Kundensupport zu kontaktieren.<\/p><\/div>\r\n\t\t\t\t\t<\/div>\r\n\t\t\t\t<\/div><\/div>","protected":false},"excerpt":{"rendered":"","protected":false},"author":9,"featured_media":0,"parent":4029,"menu_order":0,"comment_status":"closed","ping_status":"closed","template":"templates\/template-application-platform.php","meta":{"publish_to_discourse":"","publish_post_category":"","wpdc_auto_publish_overridden":"","wpdc_topic_tags":"","wpdc_pin_topic":"","wpdc_pin_until":"","discourse_post_id":"","discourse_permalink":"","wpdc_publishing_response":"","wpdc_publishing_error":"","footnotes":""},"class_list":["post-10034","page","type-page","status-publish","hentry"],"yoast_head":"<!-- This site is optimized with the Yoast SEO plugin v25.3.1 - https:\/\/yoast.com\/wordpress\/plugins\/seo\/ -->\n<title>F\u00fcgen Sie der OpenCart-Website eine RSS-Feed-Erweiterung hinzu (schnell und kostenlos)<\/title>\n<meta name=\"description\" content=\"Integrieren Sie eine mobilfreundliche RSS-Feed-Erweiterung in Ihre OpenCart-Site. Nutzen Sie die praktische Elfsight-Demo und erstellen Sie Ihren atemberaubenden RSS-Feed.\" \/>\n<meta name=\"robots\" content=\"index, follow, max-snippet:-1, max-image-preview:large, max-video-preview:-1\" \/>\n<link rel=\"canonical\" href=\"https:\/\/elfsight.com\/de\/rss-feed-widget\/opencart\/\" \/>\n<meta property=\"og:locale\" content=\"de_DE\" \/>\n<meta property=\"og:type\" content=\"article\" \/>\n<meta property=\"og:title\" content=\"F\u00fcgen Sie der OpenCart-Website eine RSS-Feed-Erweiterung hinzu (schnell und kostenlos)\" \/>\n<meta property=\"og:description\" content=\"Integrieren Sie eine mobilfreundliche RSS-Feed-Erweiterung in Ihre OpenCart-Site. Nutzen Sie die praktische Elfsight-Demo und erstellen Sie Ihren atemberaubenden RSS-Feed.\" \/>\n<meta property=\"og:url\" content=\"https:\/\/elfsight.com\/de\/rss-feed-widget\/opencart\/\" \/>\n<meta property=\"og:site_name\" content=\"Elfsight DE\" \/>\n<meta property=\"article:modified_time\" content=\"2025-07-10T08:18:04+00:00\" \/>\n<meta name=\"twitter:card\" content=\"summary_large_image\" \/>\n<meta name=\"twitter:label1\" content=\"Gesch\u00e4tzte Lesezeit\" \/>\n\t<meta name=\"twitter:data1\" content=\"3\u00a0Minuten\" \/>\n<!-- \/ Yoast SEO plugin. -->","yoast_head_json":{"title":"F\u00fcgen Sie der OpenCart-Website eine RSS-Feed-Erweiterung hinzu (schnell und kostenlos)","description":"Integrieren Sie eine mobilfreundliche RSS-Feed-Erweiterung in Ihre OpenCart-Site. Nutzen Sie die praktische Elfsight-Demo und erstellen Sie Ihren atemberaubenden RSS-Feed.","robots":{"index":"index","follow":"follow","max-snippet":"max-snippet:-1","max-image-preview":"max-image-preview:large","max-video-preview":"max-video-preview:-1"},"canonical":"https:\/\/elfsight.com\/de\/rss-feed-widget\/opencart\/","og_locale":"de_DE","og_type":"article","og_title":"F\u00fcgen Sie der OpenCart-Website eine RSS-Feed-Erweiterung hinzu (schnell und kostenlos)","og_description":"Integrieren Sie eine mobilfreundliche RSS-Feed-Erweiterung in Ihre OpenCart-Site. Nutzen Sie die praktische Elfsight-Demo und erstellen Sie Ihren atemberaubenden RSS-Feed.","og_url":"https:\/\/elfsight.com\/de\/rss-feed-widget\/opencart\/","og_site_name":"Elfsight DE","article_modified_time":"2025-07-10T08:18:04+00:00","twitter_card":"summary_large_image","twitter_misc":{"Gesch\u00e4tzte Lesezeit":"3\u00a0Minuten"},"schema":{"@context":"https:\/\/schema.org","@graph":[{"@type":"WebPage","@id":"https:\/\/elfsight.com\/de\/rss-feed-widget\/opencart\/","url":"https:\/\/elfsight.com\/de\/rss-feed-widget\/opencart\/","name":"F\u00fcgen Sie der OpenCart-Website eine RSS-Feed-Erweiterung hinzu (schnell und kostenlos)","isPartOf":{"@id":"https:\/\/elfsight.com\/de\/#website"},"datePublished":"1970-01-01T00:00:00+00:00","dateModified":"2025-07-10T08:18:04+00:00","description":"Integrieren Sie eine mobilfreundliche RSS-Feed-Erweiterung in Ihre OpenCart-Site. Nutzen Sie die praktische Elfsight-Demo und erstellen Sie Ihren atemberaubenden RSS-Feed.","breadcrumb":{"@id":"https:\/\/elfsight.com\/de\/rss-feed-widget\/opencart\/#breadcrumb"},"inLanguage":"de","potentialAction":[{"@type":"ReadAction","target":["https:\/\/elfsight.com\/de\/rss-feed-widget\/opencart\/"]}]},{"@type":"BreadcrumbList","@id":"https:\/\/elfsight.com\/de\/rss-feed-widget\/opencart\/#breadcrumb","itemListElement":[{"@type":"ListItem","position":1,"name":"Home","item":"https:\/\/elfsight.com\/de\/"},{"@type":"ListItem","position":2,"name":"RSS Feed","item":"https:\/\/elfsight.com\/de\/rss-feed-widget\/"},{"@type":"ListItem","position":3,"name":"RSS Feed &#8211; OpenCart"}]},{"@type":"WebSite","@id":"https:\/\/elfsight.com\/de\/#website","url":"https:\/\/elfsight.com\/de\/","name":"Elfsight DE","description":"Just another Elfsight Sites site","potentialAction":[{"@type":"SearchAction","target":{"@type":"EntryPoint","urlTemplate":"https:\/\/elfsight.com\/de\/?s={search_term_string}"},"query-input":{"@type":"PropertyValueSpecification","valueRequired":true,"valueName":"search_term_string"}}],"inLanguage":"de"}]}},"meta_box":{"industry":"","seo_heading":"","heading":"","description":"","cta_heading":"","cta_description":"","application":"4028","h1":"OpenCart RSS-Feed-Erweiterung","h1_caption":"Betten Sie einen RSS-Feed in Ihre Website ein, um Inhalte aus externen Quellen anzuzeigen und Ihre Website m\u00fchelos mit neuem Material auf Ihrer Opencart-Website auf dem neuesten Stand zu halten.","application_category":[],"applications_title":"","applications_request_title":"","applications_request_button_text":"","hero_text":"","hero_video":"","hero_video_schema_markup":"","selling_points_title":"","selling_points_caption":"","selling_points":[],"selling_points_cta_text":"","features_title":"","features":"","ed_cta_examples_text":"","ed_cta_examples_hidden":"","ed_cta_demo_text":"","ed_cta_demo_hidden":"","why_caption":"","why_editor_title":"","why_editor_text":"","why_team_title":"","why_team_text":"","why_service_title":"","why_service_text":"","template_catalog_visible":"","template_catalog_title":"","template_catalog_text":"","template_catalog_categories_visible":"","demo_title":"Erstellen Sie Ihre RSS-Feed-Erweiterung","demo_caption":"Konfigurieren Sie Ihren RSS-Feed und f\u00fcgen Sie ihn kostenlos zu Ihrer OpenCart-Website hinzu!","default_faq_hidden":"","app_template_category":[],"platform":"254","template_public_id":"","codecanyon_url":"","codecanyon_item_id":"","codecanyon_price":"","pricing_caption":"","pricing_elfsight_apps_hide_column":"","pricing_elfsight_apps_url":"","pricing_codecanyon_price_caption":"","integration_category":[],"integration_request_title":"","integration_request_cta":"","integration_platform":"","integrations":[],"platform_category":[],"video_schema_markup":"","price":"ab 0 $ \/ Monat","trial":"","benefits":[{"text":"Kostenloser Installationsservice"},{"text":"Kompetenter Kundenservice"},{"text":"14-t\u00e4gige R\u00fcckerstattungsgarantie"},{"text":"Fortlaufende Entwicklung"}],"button_url":"#demo","button_target_blank":"","button_nofollow":"","attributes":[{"name":"Installiert","content":"10,000 - 100,000"},{"name":"Reaktionsfreudig","content":"Ja"},{"name":"Kompatible Browser","content":"Firefox, Safari, Opera, Chrome, Edge"}],"tags":[],"tags_disable_links":"","hide_more_platforms":"","video_object":"","demo_hide_cta":"","demo_hide_cloud_options":"","pricing_title":"","pricing":[{"pricing_icon":"platform","pricing_title":"Elfsight Apps","pricing_title_caption":"Plattformunabh\u00e4ngige Version","pricing_price":"ab 0 $ \/ Monat","pricing_price_caption":"Beginnen Sie mit einem kostenlosen Plan","pricing_benefits":[{"text":"Unbegrenzte Domains"},{"text":"Erstklassiger und p\u00fcnktlicher Support und gut dokumentiert"},{"text":"Kostenlose Installationsunterst\u00fctzung"},{"text":"Flexibles Design"}],"pricing_button_text":"Zur Website hinzuf\u00fcgen","pricing_button_url":"#demo"}],"related_apps_title":"","related_apps_hidden":"","author":"","image":[],"title":"","job":"","social_networks":[]},"_links":{"self":[{"href":"https:\/\/elfsight.com\/de\/wp-json\/wp\/v2\/pages\/10034","targetHints":{"allow":["GET"]}}],"collection":[{"href":"https:\/\/elfsight.com\/de\/wp-json\/wp\/v2\/pages"}],"about":[{"href":"https:\/\/elfsight.com\/de\/wp-json\/wp\/v2\/types\/page"}],"author":[{"embeddable":true,"href":"https:\/\/elfsight.com\/de\/wp-json\/wp\/v2\/users\/9"}],"replies":[{"embeddable":true,"href":"https:\/\/elfsight.com\/de\/wp-json\/wp\/v2\/comments?post=10034"}],"version-history":[{"count":2,"href":"https:\/\/elfsight.com\/de\/wp-json\/wp\/v2\/pages\/10034\/revisions"}],"predecessor-version":[{"id":21849,"href":"https:\/\/elfsight.com\/de\/wp-json\/wp\/v2\/pages\/10034\/revisions\/21849"}],"up":[{"embeddable":true,"href":"https:\/\/elfsight.com\/de\/wp-json\/wp\/v2\/pages\/4029"}],"wp:attachment":[{"href":"https:\/\/elfsight.com\/de\/wp-json\/wp\/v2\/media?parent=10034"}],"curies":[{"name":"wp","href":"https:\/\/api.w.org\/{rel}","templated":true}]}}