{"id":10028,"date":"1970-01-01T00:00:00","date_gmt":"1970-01-01T00:00:00","guid":{"rendered":"https:\/\/elfsight.com\/de\/?page_id=10028"},"modified":"2026-02-19T13:36:32","modified_gmt":"2026-02-19T13:36:32","slug":"squarespace","status":"publish","type":"page","link":"https:\/\/elfsight.com\/de\/rss-feed-widget\/squarespace\/","title":{"rendered":"RSS Feed &#8211; Squarespace"},"content":{"rendered":"\n<div class=\"application-platform-content-item-description application-platform-content-item\" id=\"description\" data-nav-section=\"description\"> <h2>RSS-Feed auf Squarespace mit dem Elfsight-Widget einbetten<\/h2> <p>Elfsight RSS-Feed f\u00fcr Squarespace ist ein exklusives Plugin zur F\u00f6rderung von Emotionen und Erfahrungen. Damit k\u00f6nnen Sie individuelle Feeds erstellen, die aus den Inhalten verschiedener Nachrichtenblogs bestehen \u2013 und diese direkt auf Ihrer Website pr\u00e4sentieren. \u00dcbernehmen Sie die volle Kontrolle \u00fcber den angezeigten Inhalt und entfernen Sie Spam und alle unerw\u00fcnschten Inhalte durch manuelle Moderation. Der vollst\u00e4ndig responsive Online-Konfigurator bietet Ihnen zahlreiche Vorlagen zur Auswahl. <\/p> <p><b>Machen Sie Ihre Website mit RSS-Feed effektiver f\u00fcr Gesch\u00e4ftsziele<\/b><\/p> <\/div> <div class=\"application-platform-content-item-features application-platform-content-item\" id=\"features\" data-nav-section=\"features\"> <h2>Die wesentlichen Plugin-Funktionen enthalten<\/h2> <ul><li>Verdecken Sie den Kopfbereich, damit Ihr Werkzeug minimalistisch aussieht. <\/li><li>Entfernen Sie Spam und unerw\u00fcnschte Inhalte durch manuelle Moderation. <\/li><li>W\u00e4hlen Sie eines von 6 verf\u00fcgbaren Layouts: Raster, Karussell, Mauerwerk, Collage, Schieberegler, Liste. <\/li><li>Erlauben Sie, dass Ihre Beitr\u00e4ge in einem Pop-up angezeigt werden. <\/li><\/ul><p><a href=\"#demo\">Untersuchen Sie alle Personalisierungsfunktionen in einer 100 % funktionsf\u00e4higen Demo<\/a><\/p> <\/div> <div class=\"application-platform-content-item-installation application-platform-content-item\" id=\"installation\" data-nav-section=\"installation\"> <h2>Wie kann ich einen RSS-Feed auf meiner Squarespace-Website hinzuf\u00fcgen? <\/h2> <div class=\"video-container\">\n<iframe width=\"720\" height=\"405\" src=\"https:\/\/www.youtube.com\/embed\/H1rNEh6zRsc?si=jqN2FPUARTcTwXWt\" frameborder=\"0\" allowfullscreen=\"\"><\/iframe>\n<\/div><p>Befolgen Sie einfach die folgenden Richtlinien, um das Plugin zu integrieren. <\/p> <ol><li><b>F\u00fchren Sie unsere kostenlose Demo durch und beginnen Sie mit der Entwicklung Ihres einzigartigen Plugins. <\/b><br> Finden Sie das benutzerdefinierte Erscheinungsbild und die Eigenschaften des Widgets und \u00fcbernehmen Sie die \u00c4nderungen. <\/li> <li><b>Kopieren Sie Ihren individuellen Code, der im speziellen Formular auf Elfsight Apps angezeigt wird. <\/b><br> Sobald die Generierung Ihres Plugins abgeschlossen ist, kopieren Sie den einzelnen Code im angezeigten Fenster und bewahren Sie ihn f\u00fcr die sp\u00e4tere Verwendung auf. <\/li> <li><b>Beginnen Sie mit der Anwendung des Plugins auf der Squarespace-Website. <\/b><br> Implementieren Sie den zuvor kopierten Code in Ihre Website und speichern Sie die Anpassungen. <\/li> <li><b>Fertig! Das Setup wurde erfolgreich beendet. <\/b><br> Besuchen Sie Ihre Website, um einen Blick auf die Leistung des Widgets zu werfen. <\/li><\/ol> <p>Wenn Sie mit Anfragen oder Hindernissen konfrontiert werden, scheuen Sie sich nicht, sich an unser Kundendienstteam zu wenden. Unsere Mitarbeiter sind bestrebt, alle Schwierigkeiten zu l\u00f6sen, die Sie mit dem Tool haben k\u00f6nnten. <\/p> <\/div><div class=\"faq\" data-component=\"FAQ\"><div class=\"faq-item\">\r\n\t\t\t\t\t<div class=\"faq-item-question\">\r\n\t\t\t\t\t\t<h3 class=\"faq-item-question-text\">Wie ist es m\u00f6glich, RSS-Feeds ohne Programmiererfahrung in meinen Squarespace einzubetten?<\/h3>\r\n\r\n\t\t\t\t\t\t<div class=\"faq-item-question-icon\"><\/div>\r\n\t\t\t\t\t<\/div>\r\n\r\n\t\t\t\t\t<div class=\"faq-item-answer\">\r\n\t\t\t\t\t\t<div class=\"faq-item-answer-text\"><p>Elfsight Unternehmen bietet eine Cloud-L\u00f6sung, mit der Benutzer selbst einen RSS-Feed-Bereich erstellen k\u00f6nnen. Sehen Sie, wie einfach der Vorgang ist: <\/p><ul><li>Generieren Sie in der Online-Demo eine RSS-Feed-App, die Sie auf der Squarespace-Website hinzuf\u00fcgen m\u00f6chten.<\/li><li>W\u00e4hlen Sie eine unserer vorgefertigten Vorlagen und \u00e4ndern Sie die RSS-Feed-Einstellungen, \u00e4ndern Sie das Layout und das Farbschema, f\u00fcgen Sie Ihre Inhalte ohne Programmierkenntnisse hinzu.<\/li><li>Klicken Sie, um den RSS-Feed zu speichern und Holen Sie sich den Code f\u00fcr die Installation, der problemlos in die Squarespace-Webseite eingef\u00fcgt werden kann, ohne dass ein kostenpflichtiges Abonnement erworben werden muss.<\/li><\/ul><p>Mit dem intuitiven Editor kann jeder Webbenutzer einen RSS-Feed-Bereich erstellen und einfach hinzuf\u00fcgen es auf die Squarespace-Webseite. Sie sollten nicht bezahlen oder Ihre Kartendaten offenlegen, um Zugang zum Editor zu erhalten. Sollten Sie auf Hindernisse jeglicher Art sto\u00dfen, wenden Sie sich bitte an unseren technischen Kundensupport.<\/p><\/div>\r\n\t\t\t\t\t<\/div>\r\n\t\t\t\t<\/div><\/div>\n","protected":false},"excerpt":{"rendered":"","protected":false},"author":9,"featured_media":0,"parent":4029,"menu_order":0,"comment_status":"closed","ping_status":"closed","template":"templates\/template-application-platform.php","meta":{"publish_to_discourse":"","publish_post_category":"","wpdc_auto_publish_overridden":"","wpdc_topic_tags":"","wpdc_pin_topic":"","wpdc_pin_until":"","discourse_post_id":"","discourse_permalink":"","wpdc_publishing_response":"","wpdc_publishing_error":"","footnotes":""},"class_list":["post-10028","page","type-page","status-publish","hentry"],"yoast_head":"<!-- This site is optimized with the Yoast SEO plugin v25.3.1 - https:\/\/yoast.com\/wordpress\/plugins\/seo\/ -->\n<title>RSS-Feed-Plugin zur Squarespace-Website hinzuf\u00fcgen (schnell und kostenlos)<\/title>\n<meta name=\"description\" content=\"Implementieren Sie ein responsives RSS-Feed-Plugin auf Ihrer Squarespace-Seite. Nutzen Sie die praktische Elfsight-Demo und \u00e4ndern Sie Ihren beeindruckenden RSS-Feed.\" \/>\n<meta name=\"robots\" content=\"index, follow, max-snippet:-1, max-image-preview:large, max-video-preview:-1\" \/>\n<link rel=\"canonical\" href=\"https:\/\/elfsight.com\/de\/rss-feed-widget\/squarespace\/\" \/>\n<meta property=\"og:locale\" content=\"de_DE\" \/>\n<meta property=\"og:type\" content=\"article\" \/>\n<meta property=\"og:title\" content=\"RSS-Feed-Plugin zur Squarespace-Website hinzuf\u00fcgen (schnell und kostenlos)\" \/>\n<meta property=\"og:description\" content=\"Implementieren Sie ein responsives RSS-Feed-Plugin auf Ihrer Squarespace-Seite. Nutzen Sie die praktische Elfsight-Demo und \u00e4ndern Sie Ihren beeindruckenden RSS-Feed.\" \/>\n<meta property=\"og:url\" content=\"https:\/\/elfsight.com\/de\/rss-feed-widget\/squarespace\/\" \/>\n<meta property=\"og:site_name\" content=\"Elfsight DE\" \/>\n<meta property=\"article:modified_time\" content=\"2026-02-19T13:36:32+00:00\" \/>\n<meta name=\"twitter:card\" content=\"summary_large_image\" \/>\n<meta name=\"twitter:label1\" content=\"Gesch\u00e4tzte Lesezeit\" \/>\n\t<meta name=\"twitter:data1\" content=\"3\u00a0Minuten\" \/>\n<!-- \/ Yoast SEO plugin. -->","yoast_head_json":{"title":"RSS-Feed-Plugin zur Squarespace-Website hinzuf\u00fcgen (schnell und kostenlos)","description":"Implementieren Sie ein responsives RSS-Feed-Plugin auf Ihrer Squarespace-Seite. Nutzen Sie die praktische Elfsight-Demo und \u00e4ndern Sie Ihren beeindruckenden RSS-Feed.","robots":{"index":"index","follow":"follow","max-snippet":"max-snippet:-1","max-image-preview":"max-image-preview:large","max-video-preview":"max-video-preview:-1"},"canonical":"https:\/\/elfsight.com\/de\/rss-feed-widget\/squarespace\/","og_locale":"de_DE","og_type":"article","og_title":"RSS-Feed-Plugin zur Squarespace-Website hinzuf\u00fcgen (schnell und kostenlos)","og_description":"Implementieren Sie ein responsives RSS-Feed-Plugin auf Ihrer Squarespace-Seite. Nutzen Sie die praktische Elfsight-Demo und \u00e4ndern Sie Ihren beeindruckenden RSS-Feed.","og_url":"https:\/\/elfsight.com\/de\/rss-feed-widget\/squarespace\/","og_site_name":"Elfsight DE","article_modified_time":"2026-02-19T13:36:32+00:00","twitter_card":"summary_large_image","twitter_misc":{"Gesch\u00e4tzte Lesezeit":"3\u00a0Minuten"},"schema":{"@context":"https:\/\/schema.org","@graph":[{"@type":"WebPage","@id":"https:\/\/elfsight.com\/de\/rss-feed-widget\/squarespace\/","url":"https:\/\/elfsight.com\/de\/rss-feed-widget\/squarespace\/","name":"RSS-Feed-Plugin zur Squarespace-Website hinzuf\u00fcgen (schnell und kostenlos)","isPartOf":{"@id":"https:\/\/elfsight.com\/de\/#website"},"datePublished":"1970-01-01T00:00:00+00:00","dateModified":"2026-02-19T13:36:32+00:00","description":"Implementieren Sie ein responsives RSS-Feed-Plugin auf Ihrer Squarespace-Seite. Nutzen Sie die praktische Elfsight-Demo und \u00e4ndern Sie Ihren beeindruckenden RSS-Feed.","breadcrumb":{"@id":"https:\/\/elfsight.com\/de\/rss-feed-widget\/squarespace\/#breadcrumb"},"inLanguage":"de","potentialAction":[{"@type":"ReadAction","target":["https:\/\/elfsight.com\/de\/rss-feed-widget\/squarespace\/"]}]},{"@type":"BreadcrumbList","@id":"https:\/\/elfsight.com\/de\/rss-feed-widget\/squarespace\/#breadcrumb","itemListElement":[{"@type":"ListItem","position":1,"name":"Home","item":"https:\/\/elfsight.com\/de\/"},{"@type":"ListItem","position":2,"name":"RSS Feed","item":"https:\/\/elfsight.com\/de\/rss-feed-widget\/"},{"@type":"ListItem","position":3,"name":"RSS Feed &#8211; Squarespace"}]},{"@type":"WebSite","@id":"https:\/\/elfsight.com\/de\/#website","url":"https:\/\/elfsight.com\/de\/","name":"Elfsight DE","description":"Just another Elfsight Sites site","potentialAction":[{"@type":"SearchAction","target":{"@type":"EntryPoint","urlTemplate":"https:\/\/elfsight.com\/de\/?s={search_term_string}"},"query-input":{"@type":"PropertyValueSpecification","valueRequired":true,"valueName":"search_term_string"}}],"inLanguage":"de"}]}},"meta_box":{"industry":"","seo_heading":"","heading":"","description":"","cta_heading":"","cta_description":"","application":"4028","h1":"Squarespace RSS-Feed-Plugin","h1_caption":"Betten Sie einen RSS-Feed in Ihre Website ein, um Inhalte aus externen Quellen anzuzeigen und Ihre Website m\u00fchelos mit neuem Material auf Ihrer Squarespace-Website auf dem neuesten Stand zu halten.","application_category":[],"applications_title":"","applications_request_title":"","applications_request_button_text":"","hero_text":"","hero_video":"","hero_video_schema_markup":"","selling_points_title":"","selling_points_caption":"","selling_points":[],"selling_points_cta_text":"","features_title":"","features":"","ed_cta_examples_text":"","ed_cta_examples_hidden":"","ed_cta_demo_text":"","ed_cta_demo_hidden":"","why_caption":"","why_editor_title":"","why_editor_text":"","why_team_title":"","why_team_text":"","why_service_title":"","why_service_text":"","template_catalog_visible":"0","template_catalog_title":"","template_catalog_text":"","template_catalog_categories_visible":"","demo_title":"Erstellen Sie Ihr RSS-Feed-Plugin","demo_caption":"Konfigurieren Sie Ihren RSS-Feed und f\u00fcgen Sie ihn kostenlos zu Ihrer Squarespace-Website hinzu!","default_faq_hidden":"","app_template_category":[],"platform":"252","template_public_id":"","codecanyon_url":"","codecanyon_item_id":"","codecanyon_price":"","pricing_caption":"","pricing_elfsight_apps_hide_column":"","pricing_elfsight_apps_url":"","pricing_codecanyon_price_caption":"","integration_category":[],"integration_request_title":"","integration_request_cta":"","integration_platform":"","integrations":[],"platform_category":[],"video_schema_markup":"","price":"ab 0 $ \/ Monat","trial":"","benefits":[{"text":"Kostenlose Installationsunterst\u00fctzung"},{"text":"Effektiver Kundenservice"},{"text":"14-t\u00e4gige R\u00fcckerstattungsgarantie"},{"text":"Fortlaufende Entwicklung"}],"button_url":"#demo","button_target_blank":"0","button_nofollow":"0","attributes":[{"name":"Installiert","content":"10,000 - 100,000"},{"name":"Reaktionsfreudig","content":"Ja"},{"name":"Kompatible Browser","content":"Firefox, Safari, Opera, Chrome, Edge"}],"tags":[],"tags_disable_links":"0","hide_more_platforms":"0","video_object":"","demo_hide_cta":"0","demo_hide_cloud_options":"0","pricing_title":"","pricing":[{"pricing_icon":"platform","pricing_title":"Elfsight Apps","pricing_title_caption":"Plattform\u00fcbergreifende digitale L\u00f6sung, die auf jeder Website funktioniert","pricing_price":"ab 0 $ \/ Monat","pricing_price_caption":"Beginnen Sie mit einem kostenlosen Plan","pricing_benefits":[{"text":"Unbegrenzte Domains"},{"text":"Engagierter Kundensupport"},{"text":"Kostenloser Installationsservice"},{"text":"Flexibles Design"}],"pricing_button_text":"Zur Website hinzuf\u00fcgen","pricing_button_url":"#demo"}],"related_apps_title":"","related_apps_hidden":"0","author":"","image":[],"title":"","job":"","social_networks":[]},"_links":{"self":[{"href":"https:\/\/elfsight.com\/de\/wp-json\/wp\/v2\/pages\/10028","targetHints":{"allow":["GET"]}}],"collection":[{"href":"https:\/\/elfsight.com\/de\/wp-json\/wp\/v2\/pages"}],"about":[{"href":"https:\/\/elfsight.com\/de\/wp-json\/wp\/v2\/types\/page"}],"author":[{"embeddable":true,"href":"https:\/\/elfsight.com\/de\/wp-json\/wp\/v2\/users\/9"}],"replies":[{"embeddable":true,"href":"https:\/\/elfsight.com\/de\/wp-json\/wp\/v2\/comments?post=10028"}],"version-history":[{"count":4,"href":"https:\/\/elfsight.com\/de\/wp-json\/wp\/v2\/pages\/10028\/revisions"}],"predecessor-version":[{"id":25630,"href":"https:\/\/elfsight.com\/de\/wp-json\/wp\/v2\/pages\/10028\/revisions\/25630"}],"up":[{"embeddable":true,"href":"https:\/\/elfsight.com\/de\/wp-json\/wp\/v2\/pages\/4029"}],"wp:attachment":[{"href":"https:\/\/elfsight.com\/de\/wp-json\/wp\/v2\/media?parent=10028"}],"curies":[{"name":"wp","href":"https:\/\/api.w.org\/{rel}","templated":true}]}}