{"id":10026,"date":"1970-01-01T00:00:00","date_gmt":"1970-01-01T00:00:00","guid":{"rendered":"https:\/\/elfsight.com\/de\/?page_id=10026"},"modified":"2025-07-10T08:18:45","modified_gmt":"2025-07-10T08:18:45","slug":"webnode","status":"publish","type":"page","link":"https:\/\/elfsight.com\/de\/rss-feed-widget\/webnode\/","title":{"rendered":"RSS Feed &#8211; Webnode"},"content":{"rendered":"<div class=\"application-platform-content-item-description application-platform-content-item\" id=\"description\" data-nav-section=\"description\"> <h2>Beschreibung<\/h2> <p>Elfsight RSS Feed f\u00fcr Webnode ist ein exklusives Widget zur F\u00f6rderung von Emotionen und Erlebnissen. Damit k\u00f6nnen Sie einen individuellen Feed bestehend aus den Inhalten mehrerer Blogs gestalten \u2013 und direkt auf Ihrer Seite anzeigen. \u00dcben Sie die absolute Kontrolle \u00fcber einen demonstrierten Inhalt aus und eliminieren Sie Spam und alle unerw\u00fcnschten Inhalte durch manuelle Moderation. Der vollst\u00e4ndig responsive Online-Editor bietet Ihnen verschiedene Vorlagen zur Auswahl. <\/p> <p><b>F\u00fcgen Sie einen RSS-Feed hinzu, um Ihre gesch\u00e4ftlichen Herausforderungen schneller zu meistern! <\/b><\/p> <\/div> <div class=\"application-platform-content-item-features application-platform-content-item\" id=\"features\" data-nav-section=\"features\"> <h2>Im Folgenden sind grundlegende Funktionen des Widgets aufgef\u00fchrt: <\/h2> <ul><li>Verdecken Sie die Kopfzeile, damit Ihr Widget minimalistisch aussieht . <\/li><li>Entfernen Sie Spam und unerw\u00fcnschte Inhalte mithilfe des manuellen Moderationsmodus. <\/li><li>W\u00e4hlen Sie eines der sechs vorhandenen Layouts aus: Karussell, Mauerwerk, Liste, Schieberegler, Raster, Collage. <\/li><li>Erlauben Sie, dass Ihre Beitr\u00e4ge in einem Popup-Modus angezeigt werden. <\/li><\/ul><p><a href=\"#demo\">Sie k\u00f6nnen die vollst\u00e4ndigen Funktionen des Widgets in der Demo auf dieser Seite entdecken<\/a><\/p> <\/div> <div class=\"application-platform-content-item-installation application-platform-content-item\" id=\"installation\" data-nav-section=\"installation\"> <h2>Wie kann ich einen RSS-Feed zu meiner Webnode-Website hinzuf\u00fcgen? <\/h2> <p>Erf\u00fcllen Sie einfach die folgenden Richtlinien, um das Widget zu integrieren. <\/p> <ol><li><b>\u00d6ffnen Sie unseren kostenlosen Konfigurator und beginnen Sie mit der Gestaltung Ihres einzigartigen Instruments. <\/b><br> Bestimmen Sie das passende Aussehen und die passenden Funktionen des Widgets und nehmen Sie die \u00c4nderungen vor. <\/li> <li><b>Kopieren Sie Ihren eindeutigen Code, der im Fenster von Elfsight Apps angezeigt wird. <\/b><br> Wenn die Erstellung Ihres Widgets abgeschlossen ist, kopieren Sie den einzelnen Code im angezeigten Popup und bewahren Sie ihn zur sp\u00e4teren Verwendung auf. <\/li> <li><b>Beginnen Sie mit der Verwendung des Widgets auf der Webnode-Website. <\/b><br> Geben Sie den k\u00fcrzlich kopierten Code in Ihre Seite ein und speichern Sie die \u00c4nderungen. <\/li> <li><b>Du bist fertig! Die Integration ist vollst\u00e4ndig durchgef\u00fchrt. <\/b><br> Gehen Sie zu Ihrer Website, um zu sehen, wie das Widget ausgef\u00fchrt wird. <\/li><\/ol> <p>Wenn Sie Probleme haben, z\u00f6gern Sie nicht, sich bei unserem Support-Team zu bewerben. Unsere Spezialisten helfen Ihnen gerne bei allen Fragen rund um das Widget weiter. <\/p> <\/div><div class=\"faq\" data-component=\"FAQ\"><div class=\"faq-item\">\r\n\t\t\t\t\t<div class=\"faq-item-question\">\r\n\t\t\t\t\t\t<h3 class=\"faq-item-question-text\">Gibt es eine Option zum Hinzuf\u00fcgen von RSS-Feeds zu meiner Webnode-Homepage ohne Programmierkenntnisse?<\/h3>\r\n\r\n\t\t\t\t\t\t<div class=\"faq-item-question-icon\"><\/div>\r\n\t\t\t\t\t<\/div>\r\n\r\n\t\t\t\t\t<div class=\"faq-item-answer\">\r\n\t\t\t\t\t\t<div class=\"faq-item-answer-text\"><p>Elfsight-Unternehmen bietet eine L\u00f6sung, mit der Websitebesitzer selbst einen RSS-Feed-Bereich erstellen k\u00f6nnen. Sehen Sie sich an, wie einfach das ist: <\/p><ul><li>Generieren Sie im Online-Editor ein RSS-Feed-Widget, das Sie gerne auf der Webnode-Website sehen m\u00f6chten. <\/li><li>Entscheiden Sie sich f\u00fcr eine unserer vorgefertigten Vorlagen und passen Sie die RSS-Feed-Einstellungen an, \u00e4ndern Sie das Layout und die Farbe der Elemente und f\u00fcgen Sie Ihre Inhalte ohne jegliche Codierung hinzu.<\/li><li>Speichern Sie den RSS-Feed und kopieren Sie den Installationscode, der problemlos in jede Webnode-Website eingebettet werden kann, ohne dass ein kostenpflichtiges Abonnement erworben werden muss.<\/li><\/ul><p>Mit unserem unkomplizierten Editor kann jeder Internetnutzer das RSS-Feed-Plugin online erstellen und erstellen m\u00fchelos in die Webnode-Site einbetten. Sie m\u00fcssen weder bezahlen noch Ihre Kartendaten eingeben, um auf den Elfsight-Dienst zuzugreifen. Sollten Sie auf Hindernisse jeglicher Art sto\u00dfen, kontaktieren Sie bitte unseren technischen Support.<\/p><\/div>\r\n\t\t\t\t\t<\/div>\r\n\t\t\t\t<\/div><\/div>","protected":false},"excerpt":{"rendered":"","protected":false},"author":9,"featured_media":0,"parent":4029,"menu_order":0,"comment_status":"closed","ping_status":"closed","template":"templates\/template-application-platform.php","meta":{"publish_to_discourse":"","publish_post_category":"","wpdc_auto_publish_overridden":"","wpdc_topic_tags":"","wpdc_pin_topic":"","wpdc_pin_until":"","discourse_post_id":"","discourse_permalink":"","wpdc_publishing_response":"","wpdc_publishing_error":"","footnotes":""},"class_list":["post-10026","page","type-page","status-publish","hentry"],"yoast_head":"<!-- This site is optimized with the Yoast SEO plugin v25.3.1 - https:\/\/yoast.com\/wordpress\/plugins\/seo\/ -->\n<title>RSS-Feed-Plugin zur Webnode-Website hinzuf\u00fcgen (schnell und kostenlos)<\/title>\n<meta name=\"description\" content=\"Integrieren Sie ein mobilfreundliches RSS-Feed-Plugin auf Ihrer Webnode-Website. Nutzen Sie die praktische Elfsight-Demo und erstellen Sie Ihren wundersch\u00f6nen RSS-Feed.\" \/>\n<meta name=\"robots\" content=\"index, follow, max-snippet:-1, max-image-preview:large, max-video-preview:-1\" \/>\n<link rel=\"canonical\" href=\"https:\/\/elfsight.com\/de\/rss-feed-widget\/webnode\/\" \/>\n<meta property=\"og:locale\" content=\"de_DE\" \/>\n<meta property=\"og:type\" content=\"article\" \/>\n<meta property=\"og:title\" content=\"RSS-Feed-Plugin zur Webnode-Website hinzuf\u00fcgen (schnell und kostenlos)\" \/>\n<meta property=\"og:description\" content=\"Integrieren Sie ein mobilfreundliches RSS-Feed-Plugin auf Ihrer Webnode-Website. Nutzen Sie die praktische Elfsight-Demo und erstellen Sie Ihren wundersch\u00f6nen RSS-Feed.\" \/>\n<meta property=\"og:url\" content=\"https:\/\/elfsight.com\/de\/rss-feed-widget\/webnode\/\" \/>\n<meta property=\"og:site_name\" content=\"Elfsight DE\" \/>\n<meta property=\"article:modified_time\" content=\"2025-07-10T08:18:45+00:00\" \/>\n<meta name=\"twitter:card\" content=\"summary_large_image\" \/>\n<meta name=\"twitter:label1\" content=\"Gesch\u00e4tzte Lesezeit\" \/>\n\t<meta name=\"twitter:data1\" content=\"3\u00a0Minuten\" \/>\n<!-- \/ Yoast SEO plugin. -->","yoast_head_json":{"title":"RSS-Feed-Plugin zur Webnode-Website hinzuf\u00fcgen (schnell und kostenlos)","description":"Integrieren Sie ein mobilfreundliches RSS-Feed-Plugin auf Ihrer Webnode-Website. Nutzen Sie die praktische Elfsight-Demo und erstellen Sie Ihren wundersch\u00f6nen RSS-Feed.","robots":{"index":"index","follow":"follow","max-snippet":"max-snippet:-1","max-image-preview":"max-image-preview:large","max-video-preview":"max-video-preview:-1"},"canonical":"https:\/\/elfsight.com\/de\/rss-feed-widget\/webnode\/","og_locale":"de_DE","og_type":"article","og_title":"RSS-Feed-Plugin zur Webnode-Website hinzuf\u00fcgen (schnell und kostenlos)","og_description":"Integrieren Sie ein mobilfreundliches RSS-Feed-Plugin auf Ihrer Webnode-Website. Nutzen Sie die praktische Elfsight-Demo und erstellen Sie Ihren wundersch\u00f6nen RSS-Feed.","og_url":"https:\/\/elfsight.com\/de\/rss-feed-widget\/webnode\/","og_site_name":"Elfsight DE","article_modified_time":"2025-07-10T08:18:45+00:00","twitter_card":"summary_large_image","twitter_misc":{"Gesch\u00e4tzte Lesezeit":"3\u00a0Minuten"},"schema":{"@context":"https:\/\/schema.org","@graph":[{"@type":"WebPage","@id":"https:\/\/elfsight.com\/de\/rss-feed-widget\/webnode\/","url":"https:\/\/elfsight.com\/de\/rss-feed-widget\/webnode\/","name":"RSS-Feed-Plugin zur Webnode-Website hinzuf\u00fcgen (schnell und kostenlos)","isPartOf":{"@id":"https:\/\/elfsight.com\/de\/#website"},"datePublished":"1970-01-01T00:00:00+00:00","dateModified":"2025-07-10T08:18:45+00:00","description":"Integrieren Sie ein mobilfreundliches RSS-Feed-Plugin auf Ihrer Webnode-Website. Nutzen Sie die praktische Elfsight-Demo und erstellen Sie Ihren wundersch\u00f6nen RSS-Feed.","breadcrumb":{"@id":"https:\/\/elfsight.com\/de\/rss-feed-widget\/webnode\/#breadcrumb"},"inLanguage":"de","potentialAction":[{"@type":"ReadAction","target":["https:\/\/elfsight.com\/de\/rss-feed-widget\/webnode\/"]}]},{"@type":"BreadcrumbList","@id":"https:\/\/elfsight.com\/de\/rss-feed-widget\/webnode\/#breadcrumb","itemListElement":[{"@type":"ListItem","position":1,"name":"Home","item":"https:\/\/elfsight.com\/de\/"},{"@type":"ListItem","position":2,"name":"RSS Feed","item":"https:\/\/elfsight.com\/de\/rss-feed-widget\/"},{"@type":"ListItem","position":3,"name":"RSS Feed &#8211; Webnode"}]},{"@type":"WebSite","@id":"https:\/\/elfsight.com\/de\/#website","url":"https:\/\/elfsight.com\/de\/","name":"Elfsight DE","description":"Just another Elfsight Sites site","potentialAction":[{"@type":"SearchAction","target":{"@type":"EntryPoint","urlTemplate":"https:\/\/elfsight.com\/de\/?s={search_term_string}"},"query-input":{"@type":"PropertyValueSpecification","valueRequired":true,"valueName":"search_term_string"}}],"inLanguage":"de"}]}},"meta_box":{"industry":"","seo_heading":"","heading":"","description":"","cta_heading":"","cta_description":"","application":"4028","h1":"Webnode RSS-Feed-Widget","h1_caption":"Betten Sie einen RSS-Feed in Ihre Website ein, um Inhalte aus externen Quellen anzuzeigen und Ihre Website m\u00fchelos mit neuem Material auf Ihrer Webnode-Website auf dem neuesten Stand zu halten.","application_category":[],"applications_title":"","applications_request_title":"","applications_request_button_text":"","hero_text":"","hero_video":"","hero_video_schema_markup":"","selling_points_title":"","selling_points_caption":"","selling_points":[],"selling_points_cta_text":"","features_title":"","features":"","ed_cta_examples_text":"","ed_cta_examples_hidden":"","ed_cta_demo_text":"","ed_cta_demo_hidden":"","why_caption":"","why_editor_title":"","why_editor_text":"","why_team_title":"","why_team_text":"","why_service_title":"","why_service_text":"","template_catalog_visible":"","template_catalog_title":"","template_catalog_text":"","template_catalog_categories_visible":"","demo_title":"Erstellen Sie Ihr RSS-Feed-Widget","demo_caption":"Konfigurieren Sie Ihren RSS-Feed und f\u00fcgen Sie ihn kostenlos zu Ihrer Webnode-Website hinzu!","default_faq_hidden":"","app_template_category":[],"platform":"248","template_public_id":"","codecanyon_url":"","codecanyon_item_id":"","codecanyon_price":"","pricing_caption":"","pricing_elfsight_apps_hide_column":"","pricing_elfsight_apps_url":"","pricing_codecanyon_price_caption":"","integration_category":[],"integration_request_title":"","integration_request_cta":"","integration_platform":"","integrations":[],"platform_category":[],"video_schema_markup":"","price":"ab 0 $ \/ Monat","trial":"","benefits":[{"text":"Kostenlose Installationshilfe"},{"text":"Professioneller Kundenservice"},{"text":"14-t\u00e4gige Geld-zur\u00fcck-Garantie"},{"text":"Fortlaufende Entwicklung"}],"button_url":"#demo","button_target_blank":"","button_nofollow":"","attributes":[{"name":"Installiert","content":"10,000 - 100,000"},{"name":"Reaktionsfreudig","content":"Ja"},{"name":"Kompatible Browser","content":"Firefox, Safari, Opera, Chrome, Edge"}],"tags":[],"tags_disable_links":"","hide_more_platforms":"","video_object":"","demo_hide_cta":"","demo_hide_cloud_options":"","pricing_title":"","pricing":[{"pricing_icon":"platform","pricing_title":"Elfsight Apps","pricing_title_caption":"Plattform\u00fcbergreifende Version, die f\u00fcr jede Website geeignet ist","pricing_price":"ab 0 $ \/ Monat","pricing_price_caption":"Beginnen Sie mit einem kostenlosen Plan","pricing_benefits":[{"text":"Unbegrenzte Websites"},{"text":"Professioneller Kundensupport"},{"text":"Kostenloser Installationssupport"},{"text":"Flexibles Design"}],"pricing_button_text":"Zur Website hinzuf\u00fcgen","pricing_button_url":"#demo"}],"related_apps_title":"","related_apps_hidden":"","author":"","image":[],"title":"","job":"","social_networks":[]},"_links":{"self":[{"href":"https:\/\/elfsight.com\/de\/wp-json\/wp\/v2\/pages\/10026","targetHints":{"allow":["GET"]}}],"collection":[{"href":"https:\/\/elfsight.com\/de\/wp-json\/wp\/v2\/pages"}],"about":[{"href":"https:\/\/elfsight.com\/de\/wp-json\/wp\/v2\/types\/page"}],"author":[{"embeddable":true,"href":"https:\/\/elfsight.com\/de\/wp-json\/wp\/v2\/users\/9"}],"replies":[{"embeddable":true,"href":"https:\/\/elfsight.com\/de\/wp-json\/wp\/v2\/comments?post=10026"}],"version-history":[{"count":2,"href":"https:\/\/elfsight.com\/de\/wp-json\/wp\/v2\/pages\/10026\/revisions"}],"predecessor-version":[{"id":21845,"href":"https:\/\/elfsight.com\/de\/wp-json\/wp\/v2\/pages\/10026\/revisions\/21845"}],"up":[{"embeddable":true,"href":"https:\/\/elfsight.com\/de\/wp-json\/wp\/v2\/pages\/4029"}],"wp:attachment":[{"href":"https:\/\/elfsight.com\/de\/wp-json\/wp\/v2\/media?parent=10026"}],"curies":[{"name":"wp","href":"https:\/\/api.w.org\/{rel}","templated":true}]}}