{"id":10020,"date":"1970-01-01T00:00:00","date_gmt":"1970-01-01T00:00:00","guid":{"rendered":"https:\/\/elfsight.com\/de\/?page_id=10020"},"modified":"2026-02-19T14:31:43","modified_gmt":"2026-02-19T14:31:43","slug":"wix","status":"publish","type":"page","link":"https:\/\/elfsight.com\/de\/rss-feed-widget\/wix\/","title":{"rendered":"RSS Feed &#8211; Wix"},"content":{"rendered":"<div class=\"application-platform-content-item-description application-platform-content-item\" id=\"description\" data-nav-section=\"description\"> <h2>Beschreibung<\/h2> <p>Elfsight RSS Feed f\u00fcr Wix ist eine exklusive App zur Vermarktung von Emotionen und Erlebnissen. Mithilfe dieser Funktion k\u00f6nnen Sie individuelle Feeds erstellen, die aus den Inhalten verschiedener Blogs bestehen \u2013 und diese direkt auf Ihrer Website pr\u00e4sentieren. \u00dcben Sie die vollst\u00e4ndige Kontrolle \u00fcber einen angezeigten Inhalt aus und entfernen Sie Spam und alle unerw\u00fcnschten Inhalte durch manuelle Moderation. Der vollst\u00e4ndig reaktionsf\u00e4hige Online-Konfigurator bietet Ihnen mehrere Vorlagen zur Auswahl. <\/p> <p><b>Machen Sie Ihre Website f\u00fcr Gesch\u00e4ftsziele erfolgreicher durch RSS-Feed<\/b><\/p> <\/div> <div class=\"application-platform-content-item-features application-platform-content-item\" id=\"features\" data-nav-section=\"features\"> <h2>Die zentralen Widget-Funktionen enthalten<\/h2> <ul><li>Verstecken Sie den Header, damit Ihre App minimalistisch aussieht. <\/li><li>Entfernen Sie Spam und unerw\u00fcnschte Inhalte durch manuelle Moderation. <\/li><li>W\u00e4hlen Sie eines von sechs verf\u00fcgbaren Layouts aus: Karussell, Schieberegler, Collage, Raster, Liste, Mauerwerk. <\/li><li>Lassen Sie Ihre Beitr\u00e4ge in einem Popup-Modus erscheinen. <\/li><\/ul><p><a href=\"#demo\">Sie k\u00f6nnen alle Funktionen des Widgets in der Demo unten ausprobieren<\/a><\/p> <\/div> <div class=\"application-platform-content-item- Installation application-platform-content-item\" id=\" Installation\" data-nav-section=\" Installation\"> <h2>Wie bette ich RSS-Feeds auf meiner Website von Wix ein? <\/h2> <div class=\"video-container\">\n<iframe width=\"720\" height=\"405\" src=\"https:\/\/www.youtube.com\/embed\/M09G4ho9ZwI?si=QUgKnPRPiudhll6Z\" frameborder=\"0\" allowfullscreen=\"\"><\/iframe>\n<\/div><p>F\u00fchren Sie einfach die unten beschriebenen Schritte aus, um die App einzuf\u00fcgen. <\/p> <ol><li><b>Verwalten Sie unseren kostenlosen Editor und beginnen Sie mit der Erstellung Ihrer ma\u00dfgeschneiderten App. <\/b><br> W\u00e4hlen Sie die bevorzugte Benutzeroberfl\u00e4che und die Funktionsmerkmale des Tools aus und \u00fcbernehmen Sie die \u00c4nderungen. <\/li> <li><b>Sie erhalten den individuellen Code, der in der Box auf Elfsight Apps angezeigt wird. <\/b><br> Sobald die Einrichtung Ihres Widgets abgeschlossen ist, kopieren Sie den individuellen Code aus dem erscheinenden Popup und speichern Sie ihn zur weiteren Verwendung. <\/li> <li><b>Geben Sie die Nutzung der App auf Ihrer Website von Wix an. <\/b><br> Betten Sie den Code, den Sie k\u00fcrzlich gespeichert haben, in Ihre Seite ein und \u00fcbernehmen Sie die Anpassungen. <\/li> <li><b>Fertig! Die Integration ist vollst\u00e4ndig durchgef\u00fchrt. <\/b><br> Gehen Sie zu Ihrer Website, um zu sehen, wie das Widget funktioniert. <\/li><\/ol> <p>Wenn Sie auf Schwierigkeiten sto\u00dfen, z\u00f6gern Sie nicht, sich an unser Support-Team zu wenden. Unsere Berater helfen Ihnen gerne bei allen Schwierigkeiten, die Sie mit dem Produkt haben k\u00f6nnten. <\/p> <\/div><div class=\"faq\" data-component=\"FAQ\"><div class=\"faq-item\">\r\n\t\t\t\t\t<div class=\"faq-item-question\">\r\n\t\t\t\t\t\t<h3 class=\"faq-item-question-text\">Gibt es eine M\u00f6glichkeit, RSS-Feeds ohne Programmiererfahrung in meine Wix-Website einzubetten?<\/h3>\r\n\r\n\t\t\t\t\t\t<div class=\"faq-item-question-icon\"><\/div>\r\n\t\t\t\t\t<\/div>\r\n\r\n\t\t\t\t\t<div class=\"faq-item-answer\">\r\n\t\t\t\t\t\t<div class=\"faq-item-answer-text\"><p>Elfsight-Unternehmen bietet eine Cloud-L\u00f6sung, mit der Benutzer selbst ein RSS-Feed-Widget erstellen k\u00f6nnen. Sehen Sie, wie einfach es ist: <\/p><ul><li>Beginnen Sie mit der Arbeit direkt im Online-Editor, um ein RSS-Feed-Widget zu erstellen, das Sie gerne auf Ihrem hinzuf\u00fcgen m\u00f6chten Website von Wix.<\/li><li>Entscheiden Sie sich f\u00fcr eine der vielen vorgefertigten Vorlagen und passen Sie die RSS-Feed-Einstellungen an, aktualisieren Sie Ihre Inhalte, \u00e4ndern Sie das Layout und die Farben ohne Codierung.<\/li><li>Klicken Sie zum Speichern RSS-Feed und erhalten Sie den Plugin-Code zum Einbetten, den Sie ganz einfach in die Wix-Website einf\u00fcgen k\u00f6nnen, ohne eine kostenpflichtige Version kaufen zu m\u00fcssen.<\/li><\/ul><p>Mit Hilfe unseres benutzerfreundlichen Konfigurators kann jeder Webbenutzer Sie k\u00f6nnen einen RSS-Feed-Bereich online erstellen und ihn problemlos auf der Wix-Website einf\u00fcgen. Es ist nicht erforderlich, einen kostenpflichtigen Plan abzuschlie\u00dfen oder Ihre Kartendaten offenzulegen, um auf unseren Editor zuzugreifen. Sollten Sie auf Probleme jeglicher Art sto\u00dfen, z\u00f6gern Sie bitte nicht, mit unserem Kundensupport zu sprechen.<\/p><\/div>\r\n\t\t\t\t\t<\/div>\r\n\t\t\t\t<\/div><\/div>","protected":false},"excerpt":{"rendered":"","protected":false},"author":9,"featured_media":0,"parent":4029,"menu_order":0,"comment_status":"closed","ping_status":"closed","template":"templates\/template-application-platform.php","meta":{"publish_to_discourse":"","publish_post_category":"","wpdc_auto_publish_overridden":"","wpdc_topic_tags":"","wpdc_pin_topic":"","wpdc_pin_until":"","discourse_post_id":"","discourse_permalink":"","wpdc_publishing_response":"","wpdc_publishing_error":"","footnotes":""},"class_list":["post-10020","page","type-page","status-publish","hentry"],"yoast_head":"<!-- This site is optimized with the Yoast SEO plugin v25.3.1 - https:\/\/yoast.com\/wordpress\/plugins\/seo\/ -->\n<title>RSS-Feed-App zur Website von Wix hinzuf\u00fcgen (schnell und kostenlos)<\/title>\n<meta name=\"description\" content=\"Integrieren Sie eine einfach zu verwaltende RSS-Feed-App auf Ihrer Website von Wix. Nutzen Sie die praktische Elfsight-Demo und erstellen Sie mit wenigen Klicks Ihren stilvollen RSS-Feed\" \/>\n<meta name=\"robots\" content=\"index, follow, max-snippet:-1, max-image-preview:large, max-video-preview:-1\" \/>\n<link rel=\"canonical\" href=\"https:\/\/elfsight.com\/de\/rss-feed-widget\/wix\/\" \/>\n<meta property=\"og:locale\" content=\"de_DE\" \/>\n<meta property=\"og:type\" content=\"article\" \/>\n<meta property=\"og:title\" content=\"RSS-Feed-App zur Website von Wix hinzuf\u00fcgen (schnell und kostenlos)\" \/>\n<meta property=\"og:description\" content=\"Integrieren Sie eine einfach zu verwaltende RSS-Feed-App auf Ihrer Website von Wix. Nutzen Sie die praktische Elfsight-Demo und erstellen Sie mit wenigen Klicks Ihren stilvollen RSS-Feed\" \/>\n<meta property=\"og:url\" content=\"https:\/\/elfsight.com\/de\/rss-feed-widget\/wix\/\" \/>\n<meta property=\"og:site_name\" content=\"Elfsight DE\" \/>\n<meta property=\"article:modified_time\" content=\"2026-02-19T14:31:43+00:00\" \/>\n<meta name=\"twitter:card\" content=\"summary_large_image\" \/>\n<meta name=\"twitter:label1\" content=\"Gesch\u00e4tzte Lesezeit\" \/>\n\t<meta name=\"twitter:data1\" content=\"3\u00a0Minuten\" \/>\n<!-- \/ Yoast SEO plugin. -->","yoast_head_json":{"title":"RSS-Feed-App zur Website von Wix hinzuf\u00fcgen (schnell und kostenlos)","description":"Integrieren Sie eine einfach zu verwaltende RSS-Feed-App auf Ihrer Website von Wix. Nutzen Sie die praktische Elfsight-Demo und erstellen Sie mit wenigen Klicks Ihren stilvollen RSS-Feed","robots":{"index":"index","follow":"follow","max-snippet":"max-snippet:-1","max-image-preview":"max-image-preview:large","max-video-preview":"max-video-preview:-1"},"canonical":"https:\/\/elfsight.com\/de\/rss-feed-widget\/wix\/","og_locale":"de_DE","og_type":"article","og_title":"RSS-Feed-App zur Website von Wix hinzuf\u00fcgen (schnell und kostenlos)","og_description":"Integrieren Sie eine einfach zu verwaltende RSS-Feed-App auf Ihrer Website von Wix. Nutzen Sie die praktische Elfsight-Demo und erstellen Sie mit wenigen Klicks Ihren stilvollen RSS-Feed","og_url":"https:\/\/elfsight.com\/de\/rss-feed-widget\/wix\/","og_site_name":"Elfsight DE","article_modified_time":"2026-02-19T14:31:43+00:00","twitter_card":"summary_large_image","twitter_misc":{"Gesch\u00e4tzte Lesezeit":"3\u00a0Minuten"},"schema":{"@context":"https:\/\/schema.org","@graph":[{"@type":"WebPage","@id":"https:\/\/elfsight.com\/de\/rss-feed-widget\/wix\/","url":"https:\/\/elfsight.com\/de\/rss-feed-widget\/wix\/","name":"RSS-Feed-App zur Website von Wix hinzuf\u00fcgen (schnell und kostenlos)","isPartOf":{"@id":"https:\/\/elfsight.com\/de\/#website"},"datePublished":"1970-01-01T00:00:00+00:00","dateModified":"2026-02-19T14:31:43+00:00","description":"Integrieren Sie eine einfach zu verwaltende RSS-Feed-App auf Ihrer Website von Wix. Nutzen Sie die praktische Elfsight-Demo und erstellen Sie mit wenigen Klicks Ihren stilvollen RSS-Feed","breadcrumb":{"@id":"https:\/\/elfsight.com\/de\/rss-feed-widget\/wix\/#breadcrumb"},"inLanguage":"de","potentialAction":[{"@type":"ReadAction","target":["https:\/\/elfsight.com\/de\/rss-feed-widget\/wix\/"]}]},{"@type":"BreadcrumbList","@id":"https:\/\/elfsight.com\/de\/rss-feed-widget\/wix\/#breadcrumb","itemListElement":[{"@type":"ListItem","position":1,"name":"Home","item":"https:\/\/elfsight.com\/de\/"},{"@type":"ListItem","position":2,"name":"RSS Feed","item":"https:\/\/elfsight.com\/de\/rss-feed-widget\/"},{"@type":"ListItem","position":3,"name":"RSS Feed &#8211; Wix"}]},{"@type":"WebSite","@id":"https:\/\/elfsight.com\/de\/#website","url":"https:\/\/elfsight.com\/de\/","name":"Elfsight DE","description":"Just another Elfsight Sites site","potentialAction":[{"@type":"SearchAction","target":{"@type":"EntryPoint","urlTemplate":"https:\/\/elfsight.com\/de\/?s={search_term_string}"},"query-input":{"@type":"PropertyValueSpecification","valueRequired":true,"valueName":"search_term_string"}}],"inLanguage":"de"}]}},"meta_box":{"industry":"","seo_heading":"","heading":"","description":"","cta_heading":"","cta_description":"","application":"4028","h1":"RSS-Feed-App von Wix","h1_caption":"Betten Sie einen RSS-Feed in Ihre Website ein, um Inhalte aus externen Quellen anzuzeigen und Ihre Website m\u00fchelos mit neuem Material auf Ihrer Wix-Website auf dem neuesten Stand zu halten.","application_category":[],"applications_title":"","applications_request_title":"","applications_request_button_text":"","hero_text":"","hero_video":"","hero_video_schema_markup":"","selling_points_title":"","selling_points_caption":"","selling_points":[],"selling_points_cta_text":"","features_title":"","features":"","ed_cta_examples_text":"","ed_cta_examples_hidden":"","ed_cta_demo_text":"","ed_cta_demo_hidden":"","why_caption":"","why_editor_title":"","why_editor_text":"","why_team_title":"","why_team_text":"","why_service_title":"","why_service_text":"","template_catalog_visible":"0","template_catalog_title":"","template_catalog_text":"","template_catalog_categories_visible":"","demo_title":"Erstellen Sie Ihre RSS-Feed-App","demo_caption":"Konfigurieren Sie Ihren RSS-Feed und f\u00fcgen Sie ihn kostenlos zu Ihrer Wix-Website hinzu!","default_faq_hidden":"","app_template_category":[],"platform":"265","template_public_id":"","codecanyon_url":"","codecanyon_item_id":"","codecanyon_price":"","pricing_caption":"","pricing_elfsight_apps_hide_column":"","pricing_elfsight_apps_url":"","pricing_codecanyon_price_caption":"","integration_category":[],"integration_request_title":"","integration_request_cta":"","integration_platform":"","integrations":[],"platform_category":[],"video_schema_markup":"","price":"ab 0 $ \/ Monat","trial":"","benefits":[{"text":"Kostenlose Installationshilfe"},{"text":"Professioneller Kundenservice"},{"text":"14-t\u00e4gige Geld-zur\u00fcck-Garantie"},{"text":"St\u00e4ndige Aktualisierung"}],"button_url":"#demo","button_target_blank":"0","button_nofollow":"0","attributes":[{"name":"Installiert","content":"10,000 - 100,000"},{"name":"Reaktionsfreudig","content":"Ja"},{"name":"Kompatible Browser","content":"Firefox, Safari, Opera, Chrome, Edge"}],"tags":[],"tags_disable_links":"0","hide_more_platforms":"0","video_object":"","demo_hide_cta":"0","demo_hide_cloud_options":"0","pricing_title":"","pricing":[{"pricing_icon":"platform","pricing_title":"Elfsight Apps","pricing_title_caption":"Plattformunabh\u00e4ngige Version, die auf jeder Site funktioniert","pricing_price":"ab 0 $ \/ Monat","pricing_price_caption":"Beginnen Sie mit einem kostenlosen Plan","pricing_benefits":[{"text":"Unbegrenzte Domains"},{"text":"Unternehmensunterst\u00fctzung rund um die Uhr"},{"text":"Kostenlose Installationshilfe"},{"text":"Flexibles Design"}],"pricing_button_text":"Zur Website hinzuf\u00fcgen","pricing_button_url":"#demo"}],"related_apps_title":"","related_apps_hidden":"0","author":"","image":[],"title":"","job":"","social_networks":[]},"_links":{"self":[{"href":"https:\/\/elfsight.com\/de\/wp-json\/wp\/v2\/pages\/10020","targetHints":{"allow":["GET"]}}],"collection":[{"href":"https:\/\/elfsight.com\/de\/wp-json\/wp\/v2\/pages"}],"about":[{"href":"https:\/\/elfsight.com\/de\/wp-json\/wp\/v2\/types\/page"}],"author":[{"embeddable":true,"href":"https:\/\/elfsight.com\/de\/wp-json\/wp\/v2\/users\/9"}],"replies":[{"embeddable":true,"href":"https:\/\/elfsight.com\/de\/wp-json\/wp\/v2\/comments?post=10020"}],"version-history":[{"count":3,"href":"https:\/\/elfsight.com\/de\/wp-json\/wp\/v2\/pages\/10020\/revisions"}],"predecessor-version":[{"id":25631,"href":"https:\/\/elfsight.com\/de\/wp-json\/wp\/v2\/pages\/10020\/revisions\/25631"}],"up":[{"embeddable":true,"href":"https:\/\/elfsight.com\/de\/wp-json\/wp\/v2\/pages\/4029"}],"wp:attachment":[{"href":"https:\/\/elfsight.com\/de\/wp-json\/wp\/v2\/media?parent=10020"}],"curies":[{"name":"wp","href":"https:\/\/api.w.org\/{rel}","templated":true}]}}