{"id":10018,"date":"1970-01-01T00:00:00","date_gmt":"1970-01-01T00:00:00","guid":{"rendered":"https:\/\/elfsight.com\/de\/?page_id=10018"},"modified":"2025-07-10T08:19:02","modified_gmt":"2025-07-10T08:19:02","slug":"woocommerce","status":"publish","type":"page","link":"https:\/\/elfsight.com\/de\/rss-feed-widget\/woocommerce\/","title":{"rendered":"RSS Feed &#8211; WooCommerce"},"content":{"rendered":"<div class=\"application-platform-content-item-description application-platform-content-item\" id=\"description\" data-nav-section=\"description\"> <h2>Beschreibung<\/h2> <p>Elfsight RSS Feed f\u00fcr WooCommerce ist ein Plugin zur Vermarktung von Emotionen und Erlebnissen. Mithilfe dieser Funktion k\u00f6nnen Sie individuelle Feeds erstellen, die aus den Inhalten verschiedener Blogs bestehen \u2013 und diese direkt auf Ihrer Website platzieren. \u00dcbernehmen Sie die vollst\u00e4ndige Kontrolle \u00fcber einen demonstrierten Inhalt und entfernen Sie Spam und alle unerw\u00fcnschten Inhalte durch manuelle Moderation. Der vollst\u00e4ndig reaktionsf\u00e4hige Online-Konfigurator bietet Ihnen verschiedene Vorlagen zur Auswahl. <\/p> <p><b>Sehen Sie mit RSS-Feed ein starkes Gesch\u00e4ftswachstum und gesteigerte Ums\u00e4tze <\/b><\/p> <\/div> <div class=\"application-platform-content-item-features application-platform-content-item\" id=\"features\" data-nav-section=\"features\"> <h2>Entdecken Sie die Liste der Besten Features: <\/h2> <ul><li>Verstecken Sie den Kopfbereich, damit das Widget minimalistisch aussieht. <\/li><li>Beseitigen Sie Spam und unerw\u00fcnschte Inhalte durch manuelle Moderation. <\/li><li>W\u00e4hlen Sie eines von 6 verf\u00fcgbaren Layouts aus: Raster, Schieberegler, Mauerwerk, Karussell, Collage, Liste. <\/li><li>Lassen Sie Ihre Beitr\u00e4ge in einem Popup-Modus anzeigen. <\/li><\/ul><p><a href=\"#demo\">Sie k\u00f6nnen die vollst\u00e4ndigen Funktionen des Plugins in der Demo entdecken <\/a><\/p> <\/div> <div class=\"application-platform-content-item-installation  application-platform-content-item\" id=\"installation \" data-nav-section=\"installation \"> <h2>Wie kann ich einen RSS-Feed zu meiner WooCommerce-Website hinzuf\u00fcgen? <\/h2> <p>Befolgen Sie einfach die nachstehenden Anweisungen, um das Widget zu integrieren. <\/p> <ol><li><b>Verwalten Sie unseren kostenlosen Konfigurator und beginnen Sie mit der Erstellung Ihres ma\u00dfgeschneiderten Plugins. <\/b><br> W\u00e4hlen Sie das gew\u00fcnschte Aussehen und die Spezifikationen des Tools und speichern Sie die Korrekturen. <\/li> <li><b>Kopieren Sie den einzelnen Code, der im Fenster von Elfsight Apps angezeigt wird. <\/b><br> Sobald die Generierung Ihres pers\u00f6nlichen Plugins abgeschlossen ist, kopieren Sie den einzelnen Code im angezeigten Feld und bewahren Sie ihn f\u00fcr die zuk\u00fcnftige Verwendung auf. <\/li> <li><b>Initiieren Sie die Nutzung des Plugins auf Ihrer WooCommerce-Website. <\/b><br> Betten Sie den zuvor gespeicherten Code in Ihre Seite ein und speichern Sie die Verbesserungen. <\/li> <li><b>Das Setup wurde erfolgreich abgeschlossen. <\/b><br> Gehen Sie auf Ihre Seite, um zu sehen, wie das Tool funktioniert. <\/li><\/ol> <p>Wenn Sie Fragen haben oder auf Komplikationen sto\u00dfen, k\u00f6nnen Sie sich jederzeit an unseren Kundendienst wenden. Unsere Mitarbeiter helfen Ihnen gerne bei allen Fragen, die Sie zum Plugin haben. <\/p> <\/div><div class=\"faq\" data-component=\"FAQ\"><div class=\"faq-item\">\r\n\t\t\t\t\t<div class=\"faq-item-question\">\r\n\t\t\t\t\t\t<h3 class=\"faq-item-question-text\">Wie f\u00fcge ich ohne Programmierkenntnisse RSS-Feeds zu meiner WooCommerce-Webseite hinzu?<\/h3>\r\n\r\n\t\t\t\t\t\t<div class=\"faq-item-question-icon\"><\/div>\r\n\t\t\t\t\t<\/div>\r\n\r\n\t\t\t\t\t<div class=\"faq-item-answer\">\r\n\t\t\t\t\t\t<div class=\"faq-item-answer-text\"><p>Das Unternehmen Elfsight bietet eine Cloud-L\u00f6sung, mit der Sie selbst ein RSS-Feed-Plugin einrichten k\u00f6nnen. Lernen Sie die unkomplizierten Schritte kennen: <\/p><ul><li>Gehen Sie zur Live-Demo, um einen RSS-Feed-Bereich zu generieren, den Sie in WooCommerce einbinden m\u00f6chten.<\/li> <li>Klicken Sie auf eine unserer vorgefertigten Vorlagen und \u00e4ndern Sie die RSS-Feed-Einstellungen, \u00e4ndern Sie das Layout und die Farben und aktualisieren Sie Ihre Inhalte ohne Programmierkenntnisse.<\/li><li>Speichern Sie die Einstellungen, die Sie im RSS-Feed vorgenommen haben und erhalten Sie den Installationscode des Widgets, der im Rahmen eines kostenlosen Plans einfach in jede WooCommerce-Homepage eingef\u00fcgt werden kann.<\/li><\/ul><p>Mit dem intuitiven Editor kann jeder Internetnutzer einen RSS-Feed erstellen und m\u00fchelos in die WooCommerce-Site einbetten. Sie sollten nicht bezahlen oder Ihre Kartendaten \u00fcbermitteln, um auf den Dienst zuzugreifen. Sollten Sie bei irgendeinem Schritt auf Hindernisse sto\u00dfen, k\u00f6nnen Sie sich gerne an unser technisches Support-Team wenden.<\/p><\/div>\r\n\t\t\t\t\t<\/div>\r\n\t\t\t\t<\/div><\/div>","protected":false},"excerpt":{"rendered":"","protected":false},"author":9,"featured_media":0,"parent":4029,"menu_order":0,"comment_status":"closed","ping_status":"closed","template":"templates\/template-application-platform.php","meta":{"publish_to_discourse":"","publish_post_category":"","wpdc_auto_publish_overridden":"","wpdc_topic_tags":"","wpdc_pin_topic":"","wpdc_pin_until":"","discourse_post_id":"","discourse_permalink":"","wpdc_publishing_response":"","wpdc_publishing_error":"","footnotes":""},"class_list":["post-10018","page","type-page","status-publish","hentry"],"yoast_head":"<!-- This site is optimized with the Yoast SEO plugin v25.3.1 - https:\/\/yoast.com\/wordpress\/plugins\/seo\/ -->\n<title>RSS-Feed-Plugin zur WooCommerce-Website hinzuf\u00fcgen (schnell und kostenlos)<\/title>\n<meta name=\"description\" content=\"F\u00fcgen Sie Ihrer WooCommerce-Site ein responsives RSS-Feed-Plugin hinzu. Nutzen Sie die praktische Elfsight-Demo und erstellen Sie mit wenigen Klicks Ihren faszinierenden RSS-Feed\" \/>\n<meta name=\"robots\" content=\"index, follow, max-snippet:-1, max-image-preview:large, max-video-preview:-1\" \/>\n<link rel=\"canonical\" href=\"https:\/\/elfsight.com\/de\/rss-feed-widget\/woocommerce\/\" \/>\n<meta property=\"og:locale\" content=\"de_DE\" \/>\n<meta property=\"og:type\" content=\"article\" \/>\n<meta property=\"og:title\" content=\"RSS-Feed-Plugin zur WooCommerce-Website hinzuf\u00fcgen (schnell und kostenlos)\" \/>\n<meta property=\"og:description\" content=\"F\u00fcgen Sie Ihrer WooCommerce-Site ein responsives RSS-Feed-Plugin hinzu. Nutzen Sie die praktische Elfsight-Demo und erstellen Sie mit wenigen Klicks Ihren faszinierenden RSS-Feed\" \/>\n<meta property=\"og:url\" content=\"https:\/\/elfsight.com\/de\/rss-feed-widget\/woocommerce\/\" \/>\n<meta property=\"og:site_name\" content=\"Elfsight DE\" \/>\n<meta property=\"article:modified_time\" content=\"2025-07-10T08:19:02+00:00\" \/>\n<meta name=\"twitter:card\" content=\"summary_large_image\" \/>\n<meta name=\"twitter:label1\" content=\"Gesch\u00e4tzte Lesezeit\" \/>\n\t<meta name=\"twitter:data1\" content=\"3\u00a0Minuten\" \/>\n<!-- \/ Yoast SEO plugin. -->","yoast_head_json":{"title":"RSS-Feed-Plugin zur WooCommerce-Website hinzuf\u00fcgen (schnell und kostenlos)","description":"F\u00fcgen Sie Ihrer WooCommerce-Site ein responsives RSS-Feed-Plugin hinzu. Nutzen Sie die praktische Elfsight-Demo und erstellen Sie mit wenigen Klicks Ihren faszinierenden RSS-Feed","robots":{"index":"index","follow":"follow","max-snippet":"max-snippet:-1","max-image-preview":"max-image-preview:large","max-video-preview":"max-video-preview:-1"},"canonical":"https:\/\/elfsight.com\/de\/rss-feed-widget\/woocommerce\/","og_locale":"de_DE","og_type":"article","og_title":"RSS-Feed-Plugin zur WooCommerce-Website hinzuf\u00fcgen (schnell und kostenlos)","og_description":"F\u00fcgen Sie Ihrer WooCommerce-Site ein responsives RSS-Feed-Plugin hinzu. Nutzen Sie die praktische Elfsight-Demo und erstellen Sie mit wenigen Klicks Ihren faszinierenden RSS-Feed","og_url":"https:\/\/elfsight.com\/de\/rss-feed-widget\/woocommerce\/","og_site_name":"Elfsight DE","article_modified_time":"2025-07-10T08:19:02+00:00","twitter_card":"summary_large_image","twitter_misc":{"Gesch\u00e4tzte Lesezeit":"3\u00a0Minuten"},"schema":{"@context":"https:\/\/schema.org","@graph":[{"@type":"WebPage","@id":"https:\/\/elfsight.com\/de\/rss-feed-widget\/woocommerce\/","url":"https:\/\/elfsight.com\/de\/rss-feed-widget\/woocommerce\/","name":"RSS-Feed-Plugin zur WooCommerce-Website hinzuf\u00fcgen (schnell und kostenlos)","isPartOf":{"@id":"https:\/\/elfsight.com\/de\/#website"},"datePublished":"1970-01-01T00:00:00+00:00","dateModified":"2025-07-10T08:19:02+00:00","description":"F\u00fcgen Sie Ihrer WooCommerce-Site ein responsives RSS-Feed-Plugin hinzu. Nutzen Sie die praktische Elfsight-Demo und erstellen Sie mit wenigen Klicks Ihren faszinierenden RSS-Feed","breadcrumb":{"@id":"https:\/\/elfsight.com\/de\/rss-feed-widget\/woocommerce\/#breadcrumb"},"inLanguage":"de","potentialAction":[{"@type":"ReadAction","target":["https:\/\/elfsight.com\/de\/rss-feed-widget\/woocommerce\/"]}]},{"@type":"BreadcrumbList","@id":"https:\/\/elfsight.com\/de\/rss-feed-widget\/woocommerce\/#breadcrumb","itemListElement":[{"@type":"ListItem","position":1,"name":"Home","item":"https:\/\/elfsight.com\/de\/"},{"@type":"ListItem","position":2,"name":"RSS Feed","item":"https:\/\/elfsight.com\/de\/rss-feed-widget\/"},{"@type":"ListItem","position":3,"name":"RSS Feed &#8211; WooCommerce"}]},{"@type":"WebSite","@id":"https:\/\/elfsight.com\/de\/#website","url":"https:\/\/elfsight.com\/de\/","name":"Elfsight DE","description":"Just another Elfsight Sites site","potentialAction":[{"@type":"SearchAction","target":{"@type":"EntryPoint","urlTemplate":"https:\/\/elfsight.com\/de\/?s={search_term_string}"},"query-input":{"@type":"PropertyValueSpecification","valueRequired":true,"valueName":"search_term_string"}}],"inLanguage":"de"}]}},"meta_box":{"industry":"","seo_heading":"","heading":"","description":"","cta_heading":"","cta_description":"","application":"4028","h1":"WooCommerce RSS-Feed-Plugin","h1_caption":"Betten Sie einen RSS-Feed in Ihre Website ein, um Inhalte aus externen Quellen anzuzeigen und Ihre Website m\u00fchelos mit neuem Material auf Ihrer WooCommerce-Website auf dem neuesten Stand zu halten.","application_category":[],"applications_title":"","applications_request_title":"","applications_request_button_text":"","hero_text":"","hero_video":"","hero_video_schema_markup":"","selling_points_title":"","selling_points_caption":"","selling_points":[],"selling_points_cta_text":"","features_title":"","features":"","ed_cta_examples_text":"","ed_cta_examples_hidden":"","ed_cta_demo_text":"","ed_cta_demo_hidden":"","why_caption":"","why_editor_title":"","why_editor_text":"","why_team_title":"","why_team_text":"","why_service_title":"","why_service_text":"","template_catalog_visible":"","template_catalog_title":"","template_catalog_text":"","template_catalog_categories_visible":"","demo_title":"Erstellen Sie Ihre RSS-Feed-App","demo_caption":"Konfigurieren Sie Ihren RSS-Feed und f\u00fcgen Sie ihn kostenlos zu Ihrer WooCommerce-Website hinzu!","default_faq_hidden":"","app_template_category":[],"platform":"200","template_public_id":"","codecanyon_url":"","codecanyon_item_id":"","codecanyon_price":"","pricing_caption":"","pricing_elfsight_apps_hide_column":"","pricing_elfsight_apps_url":"","pricing_codecanyon_price_caption":"","integration_category":[],"integration_request_title":"","integration_request_cta":"","integration_platform":"","integrations":[],"platform_category":[],"video_schema_markup":"","price":"ab 0 $ \/ Monat","trial":"","benefits":[{"text":"Kostenloser Installationsservice"},{"text":"Kompetenter Kundenservice"},{"text":"14-t\u00e4gige R\u00fcckerstattungsgarantie"},{"text":"Laufende Updates"}],"button_url":"#demo","button_target_blank":"","button_nofollow":"","attributes":[{"name":"Installiert","content":"10,000 - 100,000"},{"name":"Reaktionsfreudig","content":"Ja"},{"name":"Kompatible Browser","content":"Firefox, Safari, Opera, Chrome, Edge"}],"tags":[],"tags_disable_links":"","hide_more_platforms":"","video_object":"","demo_hide_cta":"","demo_hide_cloud_options":"","pricing_title":"","pricing":[{"pricing_icon":"platform","pricing_title":"Elfsight Apps","pricing_title_caption":"Plattformunabh\u00e4ngige Version, die f\u00fcr jede Website geeignet ist","pricing_price":"ab 0 $ \/ Monat","pricing_price_caption":"Beginnen Sie mit einem kostenlosen Plan","pricing_benefits":[{"text":"Unbegrenzte Domains"},{"text":"Engagierte Unternehmensunterst\u00fctzung"},{"text":"Kostenlose Installationshilfe"},{"text":"Vollst\u00e4ndig anpassbar"}],"pricing_button_text":"Zur Website hinzuf\u00fcgen","pricing_button_url":"#demo"}],"related_apps_title":"","related_apps_hidden":"","author":"","image":[],"title":"","job":"","social_networks":[]},"_links":{"self":[{"href":"https:\/\/elfsight.com\/de\/wp-json\/wp\/v2\/pages\/10018","targetHints":{"allow":["GET"]}}],"collection":[{"href":"https:\/\/elfsight.com\/de\/wp-json\/wp\/v2\/pages"}],"about":[{"href":"https:\/\/elfsight.com\/de\/wp-json\/wp\/v2\/types\/page"}],"author":[{"embeddable":true,"href":"https:\/\/elfsight.com\/de\/wp-json\/wp\/v2\/users\/9"}],"replies":[{"embeddable":true,"href":"https:\/\/elfsight.com\/de\/wp-json\/wp\/v2\/comments?post=10018"}],"version-history":[{"count":2,"href":"https:\/\/elfsight.com\/de\/wp-json\/wp\/v2\/pages\/10018\/revisions"}],"predecessor-version":[{"id":21842,"href":"https:\/\/elfsight.com\/de\/wp-json\/wp\/v2\/pages\/10018\/revisions\/21842"}],"up":[{"embeddable":true,"href":"https:\/\/elfsight.com\/de\/wp-json\/wp\/v2\/pages\/4029"}],"wp:attachment":[{"href":"https:\/\/elfsight.com\/de\/wp-json\/wp\/v2\/media?parent=10018"}],"curies":[{"name":"wp","href":"https:\/\/api.w.org\/{rel}","templated":true}]}}