{"id":10012,"date":"1970-01-01T00:00:00","date_gmt":"1970-01-01T00:00:00","guid":{"rendered":"https:\/\/elfsight.com\/de\/?page_id=10012"},"modified":"2025-07-10T08:15:49","modified_gmt":"2025-07-10T08:15:49","slug":"godaddy","status":"publish","type":"page","link":"https:\/\/elfsight.com\/de\/rss-feed-widget\/godaddy\/","title":{"rendered":"RSS Feed &#8211; GoDaddy"},"content":{"rendered":"<div class=\"application-platform-content-item-description application-platform-content-item\" id=\"description\" data-nav-section=\"description\"> <h2>RSS-Feed auf der Plattform mit dem Elfsight-Widget einbetten<\/h2> <p>Elfsight RSS-Feed ist ein spezielles Plugin zur F\u00f6rderung von Emotionen und Erlebnissen. Damit k\u00f6nnen Sie personalisierte Feeds erstellen, die aus den Inhalten vieler Blogs bestehen \u2013 und diese direkt auf Ihrer Internetseite pr\u00e4sentieren. \u00dcben Sie die vollst\u00e4ndige Kontrolle \u00fcber einen demonstrierten Inhalt aus und entfernen Sie Spam und alle unerw\u00fcnschten Inhalte durch manuelle Moderation. Der vollst\u00e4ndig reaktionsf\u00e4hige Online-Editor bietet Ihnen mehrere Vorlagen zur Auswahl. <\/p> <p><b>Starten Sie mit RSS-Feed eine nachhaltige Gesch\u00e4ftsentwicklung und steigern Sie den Umsatz. <\/b><\/p> <\/div> <div class=\"application-platform-content-item-features application-platform-content-item\" id=\"features\" data-nav-section=\"features\"> <h2>Im Folgenden sind die grundlegenden Funktionen aufgef\u00fchrt Plugin: <\/h2> <ul><li>Verstecken Sie den Header, damit das Plugin minimalistisch aussieht. <\/li><li>Entfernen Sie Spam und unerw\u00fcnschte Inhalte durch manuelle Moderation. <\/li><li>W\u00e4hlen Sie eines der sechs vorhandenen Layouts: Mauerwerk, Collage, Liste, Karussell, Schieberegler, Raster. <\/li><li>Sorgen Sie daf\u00fcr, dass Ihre Beitr\u00e4ge in einem Popup angezeigt werden. <\/li><\/ul><p><a href=\"#demo\">Probieren Sie einfach diese Demo aus, um die Funktionalit\u00e4t des Plugins zu verstehen<\/a><\/p> <\/div> <div class=\"application-platform-content-item-installation application-platform-content-item\" id=\"installation\" data-nav-section=\"installation\"> <h2>Wie f\u00fcge ich einen RSS-Feed zu meiner GoDaddy-Website hinzu? <\/h2> <p>Befolgen Sie einfach die nachstehenden Anweisungen, um das Werkzeug einzusetzen. <\/p> <ol><li><b>Nutzen Sie unseren kostenlosen Editor und beginnen Sie mit der Gestaltung Ihres eigenen Plugins. <\/b><br> Finden Sie das ausgew\u00e4hlte Aussehen und die Parameter des Plugins und speichern Sie die \u00c4nderungen. <\/li> <li><b>Lassen Sie sich den pers\u00f6nlichen Code im speziellen Formular auf Elfsight Apps anzeigen. <\/b><br> Sobald die Einrichtung Ihres pers\u00f6nlichen Tools abgeschlossen ist, kopieren Sie den individuellen Code aus dem erscheinenden Popup und bewahren Sie ihn f\u00fcr die sp\u00e4tere Verwendung auf. <\/li> <li><b>Geben Sie die Verwendung des Plugins auf der GoDaddy-Homepage an. <\/b><br> Integrieren Sie den zuvor gespeicherten Code in Ihre Website und \u00fcbernehmen Sie die Anpassungen. <\/li> <li><b>Du bist fertig! Die Einbettung wurde erfolgreich beendet. <\/b><br> Besuchen Sie Ihre Website, um zu \u00fcberpr\u00fcfen, wie das Plugin funktioniert. <\/li><\/ol> <p>Wenn Sie mit Anfragen konfrontiert werden oder auf Schwierigkeiten sto\u00dfen, z\u00f6gern Sie nicht, unserem Kundendienstteam zu schreiben. Unsere Spezialisten beantworten gerne alle Fragen, die Sie zum Plugin haben. <\/p> <\/div><div class=\"faq\" data-component=\"FAQ\"><div class=\"faq-item\">\r\n\t\t\t\t\t<div class=\"faq-item-question\">\r\n\t\t\t\t\t\t<h3 class=\"faq-item-question-text\">Wie kann ich ohne Programmierkenntnisse RSS-Feeds zu meinem GoDaddy hinzuf\u00fcgen?<\/h3>\r\n\r\n\t\t\t\t\t\t<div class=\"faq-item-question-icon\"><\/div>\r\n\t\t\t\t\t<\/div>\r\n\r\n\t\t\t\t\t<div class=\"faq-item-answer\">\r\n\t\t\t\t\t\t<div class=\"faq-item-answer-text\"><p>Das Unternehmen Elfsight bietet eine L\u00f6sung daf\u00fcr erm\u00f6glicht es einem breiten Publikum, selbst eine RSS-Feed-App zu erstellen. Sehen Sie sich die unkomplizierten Schritte an: <\/p><ul><li>Arbeiten Sie direkt im Live-Editor, um eine RSS-Feed-App zu erstellen, die auf der GoDaddy-Startseite angezeigt werden soll.<\/li> <li>W\u00e4hlen Sie eine der vielen vorgefertigten Vorlagen aus und passen Sie die RSS-Feed-Einstellungen an, f\u00fcgen Sie Ihre Inhalte hinzu, \u00e4ndern Sie das Layout und die Farben ohne Codierung.<\/li><li>Speichern Sie den RSS-Feed und holen Sie sich den Code zur Installation. Das kann mit einem kostenlosen Plan in die GoDaddy-Homepage eingebunden werden.<\/li><\/ul><p>Mit unserem benutzerfreundlichen Editor kann jeder Webbenutzer ein RSS-Feed-Plugin erstellen und es in jede GoDaddy-Site einbetten. Sie m\u00fcssen kein kostenpflichtiges Abonnement abschlie\u00dfen oder Ihre Kartendaten angeben, um auf den Editor zuzugreifen. Sollten bei irgendeinem Schritt Probleme auftreten, wenden Sie sich bitte an unseren technischen Kundensupport.<\/p><\/div>\r\n\t\t\t\t\t<\/div>\r\n\t\t\t\t<\/div><\/div>","protected":false},"excerpt":{"rendered":"","protected":false},"author":9,"featured_media":0,"parent":4029,"menu_order":0,"comment_status":"closed","ping_status":"closed","template":"templates\/template-application-platform.php","meta":{"publish_to_discourse":"","publish_post_category":"","wpdc_auto_publish_overridden":"","wpdc_topic_tags":"","wpdc_pin_topic":"","wpdc_pin_until":"","discourse_post_id":"","discourse_permalink":"","wpdc_publishing_response":"","wpdc_publishing_error":"","footnotes":""},"class_list":["post-10012","page","type-page","status-publish","hentry"],"yoast_head":"<!-- This site is optimized with the Yoast SEO plugin v25.3.1 - https:\/\/yoast.com\/wordpress\/plugins\/seo\/ -->\n<title>RSS-Feed \u2013 RSS-Feed-Plugin zur GoDaddy-Website hinzuf\u00fcgen!<\/title>\n<meta name=\"description\" content=\"F\u00fcgen Sie ein einfach zu verwaltendes RSS-Feed-Plugin auf Ihrer GoDaddy-Website ein. Nutzen Sie die praktische Elfsight-Demo und \u00e4ndern Sie Ihren wundersch\u00f6nen RSS-Feed!\" \/>\n<meta name=\"robots\" content=\"index, follow, max-snippet:-1, max-image-preview:large, max-video-preview:-1\" \/>\n<link rel=\"canonical\" href=\"https:\/\/elfsight.com\/de\/rss-feed-widget\/godaddy\/\" \/>\n<meta property=\"og:locale\" content=\"de_DE\" \/>\n<meta property=\"og:type\" content=\"article\" \/>\n<meta property=\"og:title\" content=\"RSS-Feed \u2013 RSS-Feed-Plugin zur GoDaddy-Website hinzuf\u00fcgen!\" \/>\n<meta property=\"og:description\" content=\"F\u00fcgen Sie ein einfach zu verwaltendes RSS-Feed-Plugin auf Ihrer GoDaddy-Website ein. Nutzen Sie die praktische Elfsight-Demo und \u00e4ndern Sie Ihren wundersch\u00f6nen RSS-Feed!\" \/>\n<meta property=\"og:url\" content=\"https:\/\/elfsight.com\/de\/rss-feed-widget\/godaddy\/\" \/>\n<meta property=\"og:site_name\" content=\"Elfsight DE\" \/>\n<meta property=\"article:modified_time\" content=\"2025-07-10T08:15:49+00:00\" \/>\n<meta name=\"twitter:card\" content=\"summary_large_image\" \/>\n<meta name=\"twitter:label1\" content=\"Gesch\u00e4tzte Lesezeit\" \/>\n\t<meta name=\"twitter:data1\" content=\"3\u00a0Minuten\" \/>\n<!-- \/ Yoast SEO plugin. -->","yoast_head_json":{"title":"RSS-Feed \u2013 RSS-Feed-Plugin zur GoDaddy-Website hinzuf\u00fcgen!","description":"F\u00fcgen Sie ein einfach zu verwaltendes RSS-Feed-Plugin auf Ihrer GoDaddy-Website ein. Nutzen Sie die praktische Elfsight-Demo und \u00e4ndern Sie Ihren wundersch\u00f6nen RSS-Feed!","robots":{"index":"index","follow":"follow","max-snippet":"max-snippet:-1","max-image-preview":"max-image-preview:large","max-video-preview":"max-video-preview:-1"},"canonical":"https:\/\/elfsight.com\/de\/rss-feed-widget\/godaddy\/","og_locale":"de_DE","og_type":"article","og_title":"RSS-Feed \u2013 RSS-Feed-Plugin zur GoDaddy-Website hinzuf\u00fcgen!","og_description":"F\u00fcgen Sie ein einfach zu verwaltendes RSS-Feed-Plugin auf Ihrer GoDaddy-Website ein. Nutzen Sie die praktische Elfsight-Demo und \u00e4ndern Sie Ihren wundersch\u00f6nen RSS-Feed!","og_url":"https:\/\/elfsight.com\/de\/rss-feed-widget\/godaddy\/","og_site_name":"Elfsight DE","article_modified_time":"2025-07-10T08:15:49+00:00","twitter_card":"summary_large_image","twitter_misc":{"Gesch\u00e4tzte Lesezeit":"3\u00a0Minuten"},"schema":{"@context":"https:\/\/schema.org","@graph":[{"@type":"WebPage","@id":"https:\/\/elfsight.com\/de\/rss-feed-widget\/godaddy\/","url":"https:\/\/elfsight.com\/de\/rss-feed-widget\/godaddy\/","name":"RSS-Feed \u2013 RSS-Feed-Plugin zur GoDaddy-Website hinzuf\u00fcgen!","isPartOf":{"@id":"https:\/\/elfsight.com\/de\/#website"},"datePublished":"1970-01-01T00:00:00+00:00","dateModified":"2025-07-10T08:15:49+00:00","description":"F\u00fcgen Sie ein einfach zu verwaltendes RSS-Feed-Plugin auf Ihrer GoDaddy-Website ein. Nutzen Sie die praktische Elfsight-Demo und \u00e4ndern Sie Ihren wundersch\u00f6nen RSS-Feed!","breadcrumb":{"@id":"https:\/\/elfsight.com\/de\/rss-feed-widget\/godaddy\/#breadcrumb"},"inLanguage":"de","potentialAction":[{"@type":"ReadAction","target":["https:\/\/elfsight.com\/de\/rss-feed-widget\/godaddy\/"]}]},{"@type":"BreadcrumbList","@id":"https:\/\/elfsight.com\/de\/rss-feed-widget\/godaddy\/#breadcrumb","itemListElement":[{"@type":"ListItem","position":1,"name":"Home","item":"https:\/\/elfsight.com\/de\/"},{"@type":"ListItem","position":2,"name":"RSS Feed","item":"https:\/\/elfsight.com\/de\/rss-feed-widget\/"},{"@type":"ListItem","position":3,"name":"RSS Feed &#8211; GoDaddy"}]},{"@type":"WebSite","@id":"https:\/\/elfsight.com\/de\/#website","url":"https:\/\/elfsight.com\/de\/","name":"Elfsight DE","description":"Just another Elfsight Sites site","potentialAction":[{"@type":"SearchAction","target":{"@type":"EntryPoint","urlTemplate":"https:\/\/elfsight.com\/de\/?s={search_term_string}"},"query-input":{"@type":"PropertyValueSpecification","valueRequired":true,"valueName":"search_term_string"}}],"inLanguage":"de"}]}},"meta_box":{"industry":"","seo_heading":"","heading":"","description":"","cta_heading":"","cta_description":"","application":"4028","h1":"GoDaddy RSS-Feed-Plugin","h1_caption":"Betten Sie einen RSS-Feed in Ihre Website ein, um Inhalte aus externen Quellen anzuzeigen und Ihre Website m\u00fchelos mit neuem Material auf Ihrer GoDaddy-Website auf dem neuesten Stand zu halten.","application_category":[],"applications_title":"","applications_request_title":"","applications_request_button_text":"","hero_text":"","hero_video":"","hero_video_schema_markup":"","selling_points_title":"","selling_points_caption":"","selling_points":[],"selling_points_cta_text":"","features_title":"","features":"","ed_cta_examples_text":"","ed_cta_examples_hidden":"","ed_cta_demo_text":"","ed_cta_demo_hidden":"","why_caption":"","why_editor_title":"","why_editor_text":"","why_team_title":"","why_team_text":"","why_service_title":"","why_service_text":"","template_catalog_visible":"","template_catalog_title":"","template_catalog_text":"","template_catalog_categories_visible":"","demo_title":"Erstellen Sie Ihr RSS-Feed-Plugin","demo_caption":"Konfigurieren Sie Ihren RSS-Feed und f\u00fcgen Sie ihn kostenlos zu Ihrer GoDaddy-Website hinzu!","default_faq_hidden":"","app_template_category":[],"platform":"241","template_public_id":"","codecanyon_url":"","codecanyon_item_id":"","codecanyon_price":"","pricing_caption":"","pricing_elfsight_apps_hide_column":"","pricing_elfsight_apps_url":"","pricing_codecanyon_price_caption":"","integration_category":[],"integration_request_title":"","integration_request_cta":"","integration_platform":"","integrations":[],"platform_category":[],"video_schema_markup":"","price":"ab 0 $ \/ Monat","trial":"","benefits":[{"text":"Kostenlose Installationshilfe"},{"text":"Professioneller Kundenservice"},{"text":"14-t\u00e4gige Geld-zur\u00fcck-Garantie"},{"text":"St\u00e4ndige Aktualisierung"}],"button_url":"#demo","button_target_blank":"","button_nofollow":"","attributes":[{"name":"Installiert","content":"10,000 - 100,000"},{"name":"Reaktionsfreudig","content":"Ja"},{"name":"Kompatible Browser","content":"IE11, Firefox, Safari, Opera, Chrome, Edge"}],"tags":[],"tags_disable_links":"","hide_more_platforms":"","video_object":"","demo_hide_cta":"","demo_hide_cloud_options":"","pricing_title":"","pricing":[{"pricing_icon":"platform","pricing_title":"Elfsight Apps","pricing_title_caption":"Multiplattform-L\u00f6sung","pricing_price":"ab 0 $ \/ Monat","pricing_price_caption":"Beginnen Sie mit einem kostenlosen Plan","pricing_benefits":[{"text":"Unbegrenzte Domains"},{"text":"Professionelle Unterst\u00fctzung und gut dokumentiert"},{"text":"Kostenlose Installationshilfe"},{"text":"100 % anpassbar"}],"pricing_button_text":"Zur Website hinzuf\u00fcgen","pricing_button_url":"#demo"}],"related_apps_title":"","related_apps_hidden":"","author":"","image":[],"title":"","job":"","social_networks":[]},"_links":{"self":[{"href":"https:\/\/elfsight.com\/de\/wp-json\/wp\/v2\/pages\/10012","targetHints":{"allow":["GET"]}}],"collection":[{"href":"https:\/\/elfsight.com\/de\/wp-json\/wp\/v2\/pages"}],"about":[{"href":"https:\/\/elfsight.com\/de\/wp-json\/wp\/v2\/types\/page"}],"author":[{"embeddable":true,"href":"https:\/\/elfsight.com\/de\/wp-json\/wp\/v2\/users\/9"}],"replies":[{"embeddable":true,"href":"https:\/\/elfsight.com\/de\/wp-json\/wp\/v2\/comments?post=10012"}],"version-history":[{"count":2,"href":"https:\/\/elfsight.com\/de\/wp-json\/wp\/v2\/pages\/10012\/revisions"}],"predecessor-version":[{"id":21840,"href":"https:\/\/elfsight.com\/de\/wp-json\/wp\/v2\/pages\/10012\/revisions\/21840"}],"up":[{"embeddable":true,"href":"https:\/\/elfsight.com\/de\/wp-json\/wp\/v2\/pages\/4029"}],"wp:attachment":[{"href":"https:\/\/elfsight.com\/de\/wp-json\/wp\/v2\/media?parent=10012"}],"curies":[{"name":"wp","href":"https:\/\/api.w.org\/{rel}","templated":true}]}}