{"id":10011,"date":"1970-01-01T00:00:00","date_gmt":"1970-01-01T00:00:00","guid":{"rendered":"https:\/\/elfsight.com\/de\/?page_id=10011"},"modified":"2025-02-12T16:47:14","modified_gmt":"2025-02-12T16:47:14","slug":"prestashop","status":"publish","type":"page","link":"https:\/\/elfsight.com\/de\/rss-feed-widget\/prestashop\/","title":{"rendered":"RSS Feed &#8211; PrestaShop"},"content":{"rendered":"\n<div class=\"application-platform-content-item-description application-platform-content-item\" id=\"description\" data-nav-section=\"description\"> <h2>Beschreibung<\/h2> <p>Elfsight RSS Feed f\u00fcr Prestashop ist ein Add-on, dessen Hauptziel darin besteht, Sie bei allen tats\u00e4chlichen Anforderungen beim Abrufen zu unterst\u00fctzen Eindr\u00fccke und Anfragen von Kunden Ihrer Website. Zeigen Sie die wesentlichen Teile zum Ausf\u00fcllen an, w\u00e4hlen Sie die gew\u00fcnschte Vorlage aus und personalisieren Sie die Benutzeroberfl\u00e4che, um Ihre Besucher dazu zu motivieren, Anfragen nach Dienstleistungen Ihres Unternehmens zu stellen. Der Social Feed ist so gestaltet, dass er alle Ihre Anforderungen erf\u00fcllt, Feedback zu erhalten und immer mit Ihren Kunden in Kontakt zu bleiben.<\/p><p><b>Starten Sie den RSS-Feed, um Ihre Gesch\u00e4ftsspitzen effizienter zu erreichen! <\/b><\/p> <\/div> <div class=\"application-platform-content-item-features application-platform-content-item\" id=\"features\" data-nav-section=\"features\"> <h2>Hier sind die wichtigsten Funktionen des Add-ons: <\/h2> <ul><li>Betten Sie Ihre Inhalte aus mehreren Quellen ein<\/li><li>Automatische Filterung manuell und Funktionen Moderationsmodus<\/li><li>Automatischer Moderationsmodus f\u00fcr reibungsloses Hochladen von Inhalten<\/li><li>F\u00fcnf gebrauchsfertige Beitragsvorlagen mit verschiedenen Text-, Foto- und Autorenbildpositionen <\/li><li>Videos werden automatisch in einem Popup-Modus abgespielt<\/li><li>Lassen Sie Ihre Beitr\u00e4ge in einem Popup erscheinen. <\/li><li>2 Varianten der Darstellung von Popup-Beitr\u00e4gen: Slider und Feed <\/li><\/ul><p><a href=\"#demo\">Probieren Sie einfach diese Demo aus, um einen vollst\u00e4ndigen \u00dcberblick zu bekommen<\/a><\/p> <\/div> <div class=\"application-platform-content-item-installation application-platform-content-item\" id=\"installation\" data-nav-section=\"installation\"> <h2>Wie kann ich einen RSS-Feed zu meiner PrestaShop-Webseite hinzuf\u00fcgen? <\/h2> <p>F\u00fchren Sie einfach die unten beschriebenen Schritte aus, um das Tool zu integrieren. <\/p> <ol><li><b>Nutzen Sie unseren kostenlosen Editor und beginnen Sie mit der Erstellung Ihres individuellen Instruments. <\/b><br> Finden Sie das bevorzugte Layout und die bevorzugten Aspekte des Add-ons und speichern Sie die \u00c4nderungen. <\/li> <li><b>Erhalten Sie den individuellen Code, der im speziellen Formular auf Elfsight Apps erscheint. <\/b><br> Sobald die Konfiguration Ihres pers\u00f6nlichen Add-ons abgeschlossen ist, kopieren Sie den pers\u00f6nlichen Code aus dem angezeigten Popup und speichern Sie ihn f\u00fcr den sp\u00e4teren Bedarf. <\/li> <li><b>Beginn der Nutzung des Add-ons auf der PrestaShop-Homepage. <\/b><br> F\u00fcgen Sie den Code, den Sie k\u00fcrzlich gespeichert haben, in Ihre Webseite ein und speichern Sie die Korrekturen. <\/li> <li><b>Die Installation wurde erfolgreich abgeschlossen. <\/b><br> Besuchen Sie Ihre Website, um die Arbeit des Widgets in Aktion zu sehen. <\/li><\/ol> <p>Sollten Sie auf Schwierigkeiten sto\u00dfen, wenden Sie sich bitte an unseren Support. Unsere Mitarbeiter l\u00f6sen gerne alle Probleme, die Sie mit dem Add-on haben k\u00f6nnten. <\/p> <\/div><div class=\"faq\" data-component=\"FAQ\"><div class=\"faq-item\">\r\n\t\t\t\t\t<div class=\"faq-item-question\">\r\n\t\t\t\t\t\t<h3 class=\"faq-item-question-text\">Gibt es eine M\u00f6glichkeit, ohne Programmierkenntnisse RSS-Feeds zu meiner PrestaShop-Webseite hinzuzuf\u00fcgen?<\/h3>\r\n\r\n\t\t\t\t\t\t<div class=\"faq-item-question-icon\"><\/div>\r\n\t\t\t\t\t<\/div>\r\n\r\n\t\t\t\t\t<div class=\"faq-item-answer\">\r\n\t\t\t\t\t\t<div class=\"faq-item-answer-text\"><p>Elfsight-Unternehmen bietet eine Cloud-L\u00f6sung, mit der Websitebesitzer selbst eine RSS-Feed-App erstellen k\u00f6nnen. Lernen Sie die einfache Anleitung: <\/p><ul><li>Gehen Sie zum Online-Editor, um eine RSS-Feed-App zu erstellen, die Sie in Ihre PrestaShop-Website einbetten m\u00f6chten.<\/li><li>W\u00e4hlen Sie eine unserer vorgefertigten Vorlagen und passen Sie die RSS-Feed-Einstellungen an, \u00e4ndern Sie das Layout und das Farbschema, f\u00fcgen Sie Ihre Inhalte ohne Programmierkenntnisse hinzu.<\/li><li>Speichern Sie den RSS-Feed und Erhalten Sie Code zum Einbetten, den Sie kostenlos in die PrestaShop-Site einf\u00fcgen k\u00f6nnen.<\/li><\/ul><p>Mit Hilfe unseres intuitiven Konfigurators kann jeder Internetnutzer ein RSS-Feed-Widget erstellen und einfach in jede PrestaShop-Site einbinden. Sie sollten keinen kostenpflichtigen Plan abschlie\u00dfen oder Ihre Kartendaten eingeben, um Elfsight Editor aufzurufen. Sollten Sie bei irgendeinem Schritt auf Hindernisse sto\u00dfen, k\u00f6nnen Sie sich gerne an unser technisches Support-Team wenden.<\/p><\/div>\r\n\t\t\t\t\t<\/div>\r\n\t\t\t\t<\/div><\/div>\n","protected":false},"excerpt":{"rendered":"","protected":false},"author":9,"featured_media":0,"parent":4029,"menu_order":0,"comment_status":"closed","ping_status":"closed","template":"templates\/template-application-platform.php","meta":{"publish_to_discourse":"","publish_post_category":"","wpdc_auto_publish_overridden":"","wpdc_topic_tags":"","wpdc_pin_topic":"","wpdc_pin_until":"","discourse_post_id":"","discourse_permalink":"","wpdc_publishing_response":"","wpdc_publishing_error":"","footnotes":""},"class_list":["post-10011","page","type-page","status-publish","hentry"],"yoast_head":"<!-- This site is optimized with the Yoast SEO plugin v25.3.1 - https:\/\/yoast.com\/wordpress\/plugins\/seo\/ -->\n<title>RSS-Feed-Plugin zur PrestaShop-Website hinzuf\u00fcgen (schnell und kostenlos)<\/title>\n<meta name=\"description\" content=\"Implementieren Sie ein responsives RSS-Feed-Add-on auf Ihrer PrestaShop-Seite. Nutzen Sie die praktische Elfsight-Demo und \u00e4ndern Sie Ihren beeindruckenden RSS-Feed.\" \/>\n<meta name=\"robots\" content=\"index, follow, max-snippet:-1, max-image-preview:large, max-video-preview:-1\" \/>\n<link rel=\"canonical\" href=\"https:\/\/elfsight.com\/de\/rss-feed-widget\/prestashop\/\" \/>\n<meta property=\"og:locale\" content=\"de_DE\" \/>\n<meta property=\"og:type\" content=\"article\" \/>\n<meta property=\"og:title\" content=\"RSS-Feed-Plugin zur PrestaShop-Website hinzuf\u00fcgen (schnell und kostenlos)\" \/>\n<meta property=\"og:description\" content=\"Implementieren Sie ein responsives RSS-Feed-Add-on auf Ihrer PrestaShop-Seite. Nutzen Sie die praktische Elfsight-Demo und \u00e4ndern Sie Ihren beeindruckenden RSS-Feed.\" \/>\n<meta property=\"og:url\" content=\"https:\/\/elfsight.com\/de\/rss-feed-widget\/prestashop\/\" \/>\n<meta property=\"og:site_name\" content=\"Elfsight DE\" \/>\n<meta property=\"article:modified_time\" content=\"2025-02-12T16:47:14+00:00\" \/>\n<meta name=\"twitter:card\" content=\"summary_large_image\" \/>\n<meta name=\"twitter:label1\" content=\"Gesch\u00e4tzte Lesezeit\" \/>\n\t<meta name=\"twitter:data1\" content=\"3\u00a0Minuten\" \/>\n<!-- \/ Yoast SEO plugin. -->","yoast_head_json":{"title":"RSS-Feed-Plugin zur PrestaShop-Website hinzuf\u00fcgen (schnell und kostenlos)","description":"Implementieren Sie ein responsives RSS-Feed-Add-on auf Ihrer PrestaShop-Seite. Nutzen Sie die praktische Elfsight-Demo und \u00e4ndern Sie Ihren beeindruckenden RSS-Feed.","robots":{"index":"index","follow":"follow","max-snippet":"max-snippet:-1","max-image-preview":"max-image-preview:large","max-video-preview":"max-video-preview:-1"},"canonical":"https:\/\/elfsight.com\/de\/rss-feed-widget\/prestashop\/","og_locale":"de_DE","og_type":"article","og_title":"RSS-Feed-Plugin zur PrestaShop-Website hinzuf\u00fcgen (schnell und kostenlos)","og_description":"Implementieren Sie ein responsives RSS-Feed-Add-on auf Ihrer PrestaShop-Seite. Nutzen Sie die praktische Elfsight-Demo und \u00e4ndern Sie Ihren beeindruckenden RSS-Feed.","og_url":"https:\/\/elfsight.com\/de\/rss-feed-widget\/prestashop\/","og_site_name":"Elfsight DE","article_modified_time":"2025-02-12T16:47:14+00:00","twitter_card":"summary_large_image","twitter_misc":{"Gesch\u00e4tzte Lesezeit":"3\u00a0Minuten"},"schema":{"@context":"https:\/\/schema.org","@graph":[{"@type":"WebPage","@id":"https:\/\/elfsight.com\/de\/rss-feed-widget\/prestashop\/","url":"https:\/\/elfsight.com\/de\/rss-feed-widget\/prestashop\/","name":"RSS-Feed-Plugin zur PrestaShop-Website hinzuf\u00fcgen (schnell und kostenlos)","isPartOf":{"@id":"https:\/\/elfsight.com\/de\/#website"},"datePublished":"1970-01-01T00:00:00+00:00","dateModified":"2025-02-12T16:47:14+00:00","description":"Implementieren Sie ein responsives RSS-Feed-Add-on auf Ihrer PrestaShop-Seite. Nutzen Sie die praktische Elfsight-Demo und \u00e4ndern Sie Ihren beeindruckenden RSS-Feed.","breadcrumb":{"@id":"https:\/\/elfsight.com\/de\/rss-feed-widget\/prestashop\/#breadcrumb"},"inLanguage":"de","potentialAction":[{"@type":"ReadAction","target":["https:\/\/elfsight.com\/de\/rss-feed-widget\/prestashop\/"]}]},{"@type":"BreadcrumbList","@id":"https:\/\/elfsight.com\/de\/rss-feed-widget\/prestashop\/#breadcrumb","itemListElement":[{"@type":"ListItem","position":1,"name":"Home","item":"https:\/\/elfsight.com\/de\/"},{"@type":"ListItem","position":2,"name":"RSS Feed","item":"https:\/\/elfsight.com\/de\/rss-feed-widget\/"},{"@type":"ListItem","position":3,"name":"RSS Feed &#8211; PrestaShop"}]},{"@type":"WebSite","@id":"https:\/\/elfsight.com\/de\/#website","url":"https:\/\/elfsight.com\/de\/","name":"Elfsight DE","description":"Just another Elfsight Sites site","potentialAction":[{"@type":"SearchAction","target":{"@type":"EntryPoint","urlTemplate":"https:\/\/elfsight.com\/de\/?s={search_term_string}"},"query-input":{"@type":"PropertyValueSpecification","valueRequired":true,"valueName":"search_term_string"}}],"inLanguage":"de"}]}},"meta_box":{"industry":"","seo_heading":"","heading":"","description":"","cta_heading":"","cta_description":"","application":"4028","h1":"PrestaShop RSS-Feed-Add-on","h1_caption":"Betten Sie einen RSS-Feed in Ihre Website ein, um Inhalte aus externen Quellen anzuzeigen und Ihre Website m\u00fchelos mit neuem Material auf Ihrer Prestashop-Website auf dem neuesten Stand zu halten.","application_category":[],"applications_title":"","applications_request_title":"","applications_request_button_text":"","hero_text":"","hero_video":"","hero_video_schema_markup":"","selling_points_title":"","selling_points_caption":"","selling_points":[],"selling_points_cta_text":"","features_title":"","features":"","ed_cta_examples_text":"","ed_cta_examples_hidden":"","ed_cta_demo_text":"","ed_cta_demo_hidden":"","why_caption":"","why_editor_title":"","why_editor_text":"","why_team_title":"","why_team_text":"","why_service_title":"","why_service_text":"","template_catalog_visible":"0","template_catalog_title":"","template_catalog_text":"","template_catalog_categories_visible":"","demo_title":"Erstellen Sie Ihr RSS-Feed-Add-on","demo_caption":"Konfigurieren Sie Ihren RSS-Feed und f\u00fcgen Sie ihn kostenlos zu Ihrer PrestaShop-Website hinzu!","default_faq_hidden":"","app_template_category":[],"platform":"3811","template_public_id":"","codecanyon_url":"","codecanyon_item_id":"","codecanyon_price":"","pricing_caption":"","pricing_elfsight_apps_hide_column":"","pricing_elfsight_apps_url":"","pricing_codecanyon_price_caption":"","integration_category":[],"integration_request_title":"","integration_request_cta":"","integration_platform":"","integrations":[],"platform_category":[],"video_schema_markup":"","price":"ab 0 $ \/ Monat","trial":"","benefits":[{"text":"Kostenloser Installationsservice"},{"text":"Professioneller Kundenservice"},{"text":"14-t\u00e4gige R\u00fcckerstattungsgarantie"},{"text":"Lebenslange kostenlose Verbesserungen"}],"button_url":"#demo","button_target_blank":"0","button_nofollow":"0","attributes":[{"name":"Installiert","content":"10,000 - 100,000"},{"name":"Reaktionsfreudig","content":"Ja"},{"name":"Kompatible Browser","content":"Firefox, Safari, Opera, Chrome, Edge"}],"tags":[],"tags_disable_links":"0","hide_more_platforms":"0","video_object":"","demo_hide_cta":"0","demo_hide_cloud_options":"0","pricing_title":"","pricing":[{"pricing_icon":"platform","pricing_title":"Elfsight Apps","pricing_title_caption":"Multiplattform-L\u00f6sung, die auf jeder Website funktioniert","pricing_price":"ab 0 $ \/ Monat","pricing_price_caption":"Beginnen Sie mit einem kostenlosen Plan","pricing_benefits":[{"text":"Unbegrenzte Websites"},{"text":"Kundensupport rund um die Uhr"},{"text":"Kostenlose Installationshilfe"},{"text":"Vollst\u00e4ndig anpassbar"}],"pricing_button_text":"Zur Website hinzuf\u00fcgen","pricing_button_url":"#demo"}],"related_apps_title":"","related_apps_hidden":"0","author":"","image":[],"title":"","job":"","social_networks":[]},"_links":{"self":[{"href":"https:\/\/elfsight.com\/de\/wp-json\/wp\/v2\/pages\/10011","targetHints":{"allow":["GET"]}}],"collection":[{"href":"https:\/\/elfsight.com\/de\/wp-json\/wp\/v2\/pages"}],"about":[{"href":"https:\/\/elfsight.com\/de\/wp-json\/wp\/v2\/types\/page"}],"author":[{"embeddable":true,"href":"https:\/\/elfsight.com\/de\/wp-json\/wp\/v2\/users\/9"}],"replies":[{"embeddable":true,"href":"https:\/\/elfsight.com\/de\/wp-json\/wp\/v2\/comments?post=10011"}],"version-history":[{"count":3,"href":"https:\/\/elfsight.com\/de\/wp-json\/wp\/v2\/pages\/10011\/revisions"}],"predecessor-version":[{"id":24017,"href":"https:\/\/elfsight.com\/de\/wp-json\/wp\/v2\/pages\/10011\/revisions\/24017"}],"up":[{"embeddable":true,"href":"https:\/\/elfsight.com\/de\/wp-json\/wp\/v2\/pages\/4029"}],"wp:attachment":[{"href":"https:\/\/elfsight.com\/de\/wp-json\/wp\/v2\/media?parent=10011"}],"curies":[{"name":"wp","href":"https:\/\/api.w.org\/{rel}","templated":true}]}}