{"id":10010,"date":"1970-01-01T00:00:00","date_gmt":"1970-01-01T00:00:00","guid":{"rendered":"https:\/\/elfsight.com\/de\/?page_id=10010"},"modified":"2025-07-10T08:17:01","modified_gmt":"2025-07-10T08:17:01","slug":"jimdo","status":"publish","type":"page","link":"https:\/\/elfsight.com\/de\/rss-feed-widget\/jimdo\/","title":{"rendered":"RSS Feed &#8211; Jimdo"},"content":{"rendered":"<div class=\"application-platform-content-item-description application-platform-content-item\" id=\"description\" data-nav-section=\"description\"><h2>Beschreibung<\/h2> <p>Elfsight RSS Feed f\u00fcr Jimdo ist ein Modul, das Ihnen bei allen aktuellen Anforderungen beim Einholen von Eindr\u00fccken und Anfragen helfen soll von Benutzern Ihrer Website. Zeigen Sie die zum Ausf\u00fcllen erforderlichen Elemente an, finden Sie die bevorzugte Vorlage und gestalten Sie die Benutzeroberfl\u00e4che, um Ihre Besucher dazu zu bringen, Anfragen f\u00fcr Dienstleistungen Ihres Unternehmens zu hinterlassen. Der RSS-Feed ist so konzipiert, dass er alle Ihre Anforderungen erf\u00fcllt, Feedback zu sammeln und mit Ihren Kunden in Kontakt zu bleiben.<\/p><p><b>Erzielen Sie mit RSS-Feed ein starkes Gesch\u00e4ftswachstum und bessere Verk\u00e4ufe <\/b><\/p> <\/div> <div class=\"application-platform-content-item-features application-platform-content-item\" id=\"features\" data-nav-section=\"features\"> <h2>Hier sind die wichtigsten Funktionen des Widgets: <\/h2> <ul><li>Zeigen Sie Ihre Inhalte aus mehreren Quellen<\/li><li>Automatische Filterfunktionen und manueller Moderationsmodus<\/li><li>Automatischer Moderationsmodus f\u00fcr kontinuierliches Hochladen von Inhalten<\/li><li>5 gebrauchsfertige Beitragsvorlagen mit verschiedenen Autorenbild-, Text- und Fotopositionen<\/li><li> Videos werden automatisch in einem Popup-Modus abgespielt<\/li><li>Lassen Sie Ihre Beitr\u00e4ge in einem Popup anzeigen <\/li><li>Zwei Varianten der Popup-Beitragsdarstellung: Feed und Slider<\/li><\/ul><p><a href=\"#demo\">Untersuchen Sie alle Einstellungen in der Demo mit vollem Funktionsumfang<\/a><\/p> <\/div> <div class=\"application-platform-content-item-installation application-platform-content-item\" id=\"installation\" data-nav-section=\"installation\"> <h2>So betten Sie RSS-Feeds ein auf meiner Jimdo-Seite? <\/h2> <p>Befolgen Sie einfach die folgenden Richtlinien, um mit der Arbeit mit dem Tool zu beginnen. <\/p> <ol><li><b>\u00d6ffnen Sie unsere kostenlose Demo und beginnen Sie mit der Gestaltung Ihres einzigartigen Widgets. <\/b><br> Bestimmen Sie die geeignete Form und Funktionalit\u00e4t des Widgets und nehmen Sie die Korrekturen vor. <\/li> <li><b>Erwerben Sie den individuellen Code, der im speziellen Formular auf Elfsight Apps angezeigt wird. <\/b><br> Wenn die Konfiguration Ihres pers\u00f6nlichen Tools abgeschlossen ist, kopieren Sie den pers\u00f6nlichen Code aus dem angezeigten Popup und speichern Sie ihn f\u00fcr sp\u00e4tere Gelegenheiten. <\/li> <li><b>Beginne mit der Nutzung des Tools auf der Jimdo-Website. <\/b><br> Integrieren Sie den Code, den Sie k\u00fcrzlich kopiert haben, in Ihre Homepage und speichern Sie die \u00c4nderungen. <\/li> <li><b>Du bist fertig! Die Integration ist vollst\u00e4ndig durchgef\u00fchrt. <\/b><br> Besuchen Sie Ihre Website, um die Arbeit des Widgets in Aktion zu sehen. <\/li><\/ol> <p>Wenn Sie einige Hindernisse \u00fcberwinden, k\u00f6nnen Sie sich gerne an unsere Kundendienstmitarbeiter wenden. Unsere Berater helfen Ihnen gerne bei allen Schwierigkeiten, die Sie mit dem Tool haben k\u00f6nnten. <\/p> <\/div><div class=\"faq\" data-component=\"FAQ\"><div class=\"faq-item\">\r\n\t\t\t\t\t<div class=\"faq-item-question\">\r\n\t\t\t\t\t\t<h3 class=\"faq-item-question-text\">Wie ist es m\u00f6glich, RSS-Feeds ohne Programmiererfahrung zu meiner Jimdo-Site hinzuzuf\u00fcgen?<\/h3>\r\n\r\n\t\t\t\t\t\t<div class=\"faq-item-question-icon\"><\/div>\r\n\t\t\t\t\t<\/div>\r\n\r\n\t\t\t\t\t<div class=\"faq-item-answer\">\r\n\t\t\t\t\t\t<div class=\"faq-item-answer-text\"><p>Elfsight Unternehmen stellt eine Cloud-L\u00f6sung vor, mit der Sie selbst eine RSS-Feed-App erstellen k\u00f6nnen. Schauen Sie sich an, wie einfach es ist: <\/p><ul><li>Beginnen Sie mit der Arbeit im Online-Editor, um eine RSS-Feed-App zu erstellen, die Sie auf Jimdo hinzuf\u00fcgen m\u00f6chten Website.<\/li><li>W\u00e4hlen Sie eine unserer vorgefertigten Vorlagen aus und \u00e4ndern Sie die RSS-Feed-Einstellungen, \u00e4ndern Sie das Layout und die Farbe der Elemente und aktualisieren Sie Ihre Inhalte ohne Programmiererfahrung.<\/li><li>Klicken Sie hier Speichern Sie den RSS-Feed und erhalten Sie den Code f\u00fcr die Installation, der kostenlos in die Jimdo-Homepage eingef\u00fcgt werden kann.<\/li><\/ul><p>Mit unserem intuitiven Konfigurator kann jeder Internetnutzer ein RSS-Feed-Widget erstellen und es in jedes Jimdo einbetten Website. Sie m\u00fcssen weder bezahlen noch Ihre Kartendaten eingeben, um auf unseren Editor zuzugreifen. Sollten bei irgendeinem Schritt Probleme auftreten, wenden Sie sich bitte an unsere Mitarbeiter des technischen Supports.<\/p><\/div>\r\n\t\t\t\t\t<\/div>\r\n\t\t\t\t<\/div><\/div>","protected":false},"excerpt":{"rendered":"","protected":false},"author":9,"featured_media":0,"parent":4029,"menu_order":0,"comment_status":"closed","ping_status":"closed","template":"templates\/template-application-platform.php","meta":{"publish_to_discourse":"","publish_post_category":"","wpdc_auto_publish_overridden":"","wpdc_topic_tags":"","wpdc_pin_topic":"","wpdc_pin_until":"","discourse_post_id":"","discourse_permalink":"","wpdc_publishing_response":"","wpdc_publishing_error":"","footnotes":""},"class_list":["post-10010","page","type-page","status-publish","hentry"],"yoast_head":"<!-- This site is optimized with the Yoast SEO plugin v25.3.1 - https:\/\/yoast.com\/wordpress\/plugins\/seo\/ -->\n<title>RSS-Feed-Widget zur Jimdo-Website hinzuf\u00fcgen (schnell und kostenlos)<\/title>\n<meta name=\"description\" content=\"Implementieren Sie ein responsives RSS-Feed-Widget auf Ihrer Jimdo-Seite. Nutzen Sie die praktische Elfsight-Demo und \u00e4ndern Sie Ihren beeindruckenden RSS-Feed.\" \/>\n<meta name=\"robots\" content=\"index, follow, max-snippet:-1, max-image-preview:large, max-video-preview:-1\" \/>\n<link rel=\"canonical\" href=\"https:\/\/elfsight.com\/de\/rss-feed-widget\/jimdo\/\" \/>\n<meta property=\"og:locale\" content=\"de_DE\" \/>\n<meta property=\"og:type\" content=\"article\" \/>\n<meta property=\"og:title\" content=\"RSS-Feed-Widget zur Jimdo-Website hinzuf\u00fcgen (schnell und kostenlos)\" \/>\n<meta property=\"og:description\" content=\"Implementieren Sie ein responsives RSS-Feed-Widget auf Ihrer Jimdo-Seite. Nutzen Sie die praktische Elfsight-Demo und \u00e4ndern Sie Ihren beeindruckenden RSS-Feed.\" \/>\n<meta property=\"og:url\" content=\"https:\/\/elfsight.com\/de\/rss-feed-widget\/jimdo\/\" \/>\n<meta property=\"og:site_name\" content=\"Elfsight DE\" \/>\n<meta property=\"article:modified_time\" content=\"2025-07-10T08:17:01+00:00\" \/>\n<meta name=\"twitter:card\" content=\"summary_large_image\" \/>\n<meta name=\"twitter:label1\" content=\"Gesch\u00e4tzte Lesezeit\" \/>\n\t<meta name=\"twitter:data1\" content=\"3\u00a0Minuten\" \/>\n<!-- \/ Yoast SEO plugin. -->","yoast_head_json":{"title":"RSS-Feed-Widget zur Jimdo-Website hinzuf\u00fcgen (schnell und kostenlos)","description":"Implementieren Sie ein responsives RSS-Feed-Widget auf Ihrer Jimdo-Seite. Nutzen Sie die praktische Elfsight-Demo und \u00e4ndern Sie Ihren beeindruckenden RSS-Feed.","robots":{"index":"index","follow":"follow","max-snippet":"max-snippet:-1","max-image-preview":"max-image-preview:large","max-video-preview":"max-video-preview:-1"},"canonical":"https:\/\/elfsight.com\/de\/rss-feed-widget\/jimdo\/","og_locale":"de_DE","og_type":"article","og_title":"RSS-Feed-Widget zur Jimdo-Website hinzuf\u00fcgen (schnell und kostenlos)","og_description":"Implementieren Sie ein responsives RSS-Feed-Widget auf Ihrer Jimdo-Seite. Nutzen Sie die praktische Elfsight-Demo und \u00e4ndern Sie Ihren beeindruckenden RSS-Feed.","og_url":"https:\/\/elfsight.com\/de\/rss-feed-widget\/jimdo\/","og_site_name":"Elfsight DE","article_modified_time":"2025-07-10T08:17:01+00:00","twitter_card":"summary_large_image","twitter_misc":{"Gesch\u00e4tzte Lesezeit":"3\u00a0Minuten"},"schema":{"@context":"https:\/\/schema.org","@graph":[{"@type":"WebPage","@id":"https:\/\/elfsight.com\/de\/rss-feed-widget\/jimdo\/","url":"https:\/\/elfsight.com\/de\/rss-feed-widget\/jimdo\/","name":"RSS-Feed-Widget zur Jimdo-Website hinzuf\u00fcgen (schnell und kostenlos)","isPartOf":{"@id":"https:\/\/elfsight.com\/de\/#website"},"datePublished":"1970-01-01T00:00:00+00:00","dateModified":"2025-07-10T08:17:01+00:00","description":"Implementieren Sie ein responsives RSS-Feed-Widget auf Ihrer Jimdo-Seite. Nutzen Sie die praktische Elfsight-Demo und \u00e4ndern Sie Ihren beeindruckenden RSS-Feed.","breadcrumb":{"@id":"https:\/\/elfsight.com\/de\/rss-feed-widget\/jimdo\/#breadcrumb"},"inLanguage":"de","potentialAction":[{"@type":"ReadAction","target":["https:\/\/elfsight.com\/de\/rss-feed-widget\/jimdo\/"]}]},{"@type":"BreadcrumbList","@id":"https:\/\/elfsight.com\/de\/rss-feed-widget\/jimdo\/#breadcrumb","itemListElement":[{"@type":"ListItem","position":1,"name":"Home","item":"https:\/\/elfsight.com\/de\/"},{"@type":"ListItem","position":2,"name":"RSS Feed","item":"https:\/\/elfsight.com\/de\/rss-feed-widget\/"},{"@type":"ListItem","position":3,"name":"RSS Feed &#8211; Jimdo"}]},{"@type":"WebSite","@id":"https:\/\/elfsight.com\/de\/#website","url":"https:\/\/elfsight.com\/de\/","name":"Elfsight DE","description":"Just another Elfsight Sites site","potentialAction":[{"@type":"SearchAction","target":{"@type":"EntryPoint","urlTemplate":"https:\/\/elfsight.com\/de\/?s={search_term_string}"},"query-input":{"@type":"PropertyValueSpecification","valueRequired":true,"valueName":"search_term_string"}}],"inLanguage":"de"}]}},"meta_box":{"industry":"","seo_heading":"","heading":"","description":"","cta_heading":"","cta_description":"","application":"4028","h1":"Jimdo RSS-Feed-Widget","h1_caption":"Betten Sie einen RSS-Feed in Ihre Website ein, um Inhalte aus externen Quellen anzuzeigen und Ihre Website m\u00fchelos mit neuem Material auf Ihrer Jimdo-Website auf dem neuesten Stand zu halten.","application_category":[],"applications_title":"","applications_request_title":"","applications_request_button_text":"","hero_text":"","hero_video":"","hero_video_schema_markup":"","selling_points_title":"","selling_points_caption":"","selling_points":[],"selling_points_cta_text":"","features_title":"","features":"","ed_cta_examples_text":"","ed_cta_examples_hidden":"","ed_cta_demo_text":"","ed_cta_demo_hidden":"","why_caption":"","why_editor_title":"","why_editor_text":"","why_team_title":"","why_team_text":"","why_service_title":"","why_service_text":"","template_catalog_visible":"","template_catalog_title":"","template_catalog_text":"","template_catalog_categories_visible":"","demo_title":"Erstellen Sie Ihr RSS-Feed-Widget","demo_caption":"Konfigurieren Sie Ihren RSS-Feed und f\u00fcgen Sie ihn kostenlos zu Ihrer Jimdo-Website hinzu!","default_faq_hidden":"","app_template_category":[],"platform":"239","template_public_id":"","codecanyon_url":"","codecanyon_item_id":"","codecanyon_price":"","pricing_caption":"","pricing_elfsight_apps_hide_column":"","pricing_elfsight_apps_url":"","pricing_codecanyon_price_caption":"","integration_category":[],"integration_request_title":"","integration_request_cta":"","integration_platform":"","integrations":[],"platform_category":[],"video_schema_markup":"","price":"ab 0 $ \/ Monat","trial":"","benefits":[{"text":"Kostenlose Installationsunterst\u00fctzung"},{"text":"Effektiver Kundenservice"},{"text":"14-t\u00e4gige Geld-zur\u00fcck-Garantie"},{"text":"St\u00e4ndige Aktualisierung"}],"button_url":"#demo","button_target_blank":"","button_nofollow":"","attributes":[{"name":"Installiert","content":"10,000 - 100,000"},{"name":"Reaktionsfreudig","content":"Ja"},{"name":"Kompatible Browser","content":"Firefox, Safari, Opera, Chrome, Edge"}],"tags":[],"tags_disable_links":"","hide_more_platforms":"","video_object":"","demo_hide_cta":"","demo_hide_cloud_options":"","pricing_title":"","pricing":[{"pricing_icon":"platform","pricing_title":"Elfsight Apps","pricing_title_caption":"Multiplattform-Version","pricing_price":"ab 0 $ \/ Monat","pricing_price_caption":"Beginnen Sie mit einem kostenlosen Plan","pricing_benefits":[{"text":"Unbegrenzte Anzahl an Websites"},{"text":"Engagierte Unternehmensunterst\u00fctzung"},{"text":"Kostenlose Installationshilfe"},{"text":"100 % anpassbar"}],"pricing_button_text":"Zur Website hinzuf\u00fcgen","pricing_button_url":"#demo"}],"related_apps_title":"","related_apps_hidden":"","author":"","image":[],"title":"","job":"","social_networks":[]},"_links":{"self":[{"href":"https:\/\/elfsight.com\/de\/wp-json\/wp\/v2\/pages\/10010","targetHints":{"allow":["GET"]}}],"collection":[{"href":"https:\/\/elfsight.com\/de\/wp-json\/wp\/v2\/pages"}],"about":[{"href":"https:\/\/elfsight.com\/de\/wp-json\/wp\/v2\/types\/page"}],"author":[{"embeddable":true,"href":"https:\/\/elfsight.com\/de\/wp-json\/wp\/v2\/users\/9"}],"replies":[{"embeddable":true,"href":"https:\/\/elfsight.com\/de\/wp-json\/wp\/v2\/comments?post=10010"}],"version-history":[{"count":2,"href":"https:\/\/elfsight.com\/de\/wp-json\/wp\/v2\/pages\/10010\/revisions"}],"predecessor-version":[{"id":21838,"href":"https:\/\/elfsight.com\/de\/wp-json\/wp\/v2\/pages\/10010\/revisions\/21838"}],"up":[{"embeddable":true,"href":"https:\/\/elfsight.com\/de\/wp-json\/wp\/v2\/pages\/4029"}],"wp:attachment":[{"href":"https:\/\/elfsight.com\/de\/wp-json\/wp\/v2\/media?parent=10010"}],"curies":[{"name":"wp","href":"https:\/\/api.w.org\/{rel}","templated":true}]}}