{"id":10004,"date":"1970-01-01T00:00:00","date_gmt":"1970-01-01T00:00:00","guid":{"rendered":"https:\/\/elfsight.com\/de\/?page_id=10004"},"modified":"2025-02-24T11:06:13","modified_gmt":"2025-02-24T11:06:13","slug":"bigcommerce","status":"publish","type":"page","link":"https:\/\/elfsight.com\/de\/restaurant-menu-widget\/bigcommerce\/","title":{"rendered":"Restaurant Menu &#8211; BigCommerce"},"content":{"rendered":"\n<div class=\"application-platform-content-item-description application-platform-content-item\" id=\"description\" data-nav-section=\"description\"> <h2>Beschreibung<\/h2><p>Das Restaurantmen\u00fc von Elfsight ist eine praktische App, mit der Sie Ihr Sortiment direkt auf Ihrer Seite pr\u00e4sentieren k\u00f6nnen. Dies ist der schnellste Weg, Ihre Nutzer mit Ihrer Vielfalt vertraut zu machen, eine einzigartige Idee zu vermitteln und ihre Aufmerksamkeit mit magnetischen Food-Fotos auf sich zu ziehen. Die Speisekarte des Restaurants ist absolut auf den Benutzer zugeschnitten. Dadurch k\u00f6nnen Sie eine endlose Auswahl an Men\u00fcs mit einer gro\u00dfen Auswahl an Speisen zusammenstellen oder einfach nur eine kurze Liste der von Ihnen servierten Produkte pr\u00e4sentieren. W\u00e4hlen Sie ein helles oder dunkles Schema oder passen Sie alles an, was Ihnen gef\u00e4llt, indem Sie alle Akzentfarben \u00e4ndern. Keine PDF-Dateien mehr, die Sie gleich zu Beginn neu schreiben m\u00fcssen. Ihre Speisekarte bleibt immer auf dem neuesten Stand: Sie k\u00f6nnen Preise, eine Artikelliste, neue Gerichte oder sogar Men\u00fcs mit einem Klick \u00e4ndern! Alles, was Sie tun m\u00fcssen, ist sofort mit der Erstellung Ihres wunderbaren Men\u00fcs zu beginnen. Keine Programmier- oder Designerkenntnisse erforderlich.<\/p> <p><b>Holen Sie sich das Beste von Restaurant Menu, um Ihre gesch\u00e4ftlichen Herausforderungen mit weniger Aufwand zu meistern! Ihr Unternehmen kann mehr potenzielle Kunden gewinnen, ein aktives Gesch\u00e4ftswachstum erzielen und den Umsatz steigern. Nutzen Sie jetzt die App! <\/b><\/p><\/div> <div class=\"application-platform-content-item-features application-platform-content-item\" id=\"features\" data-nav-section=\"features\"> <h2>Dies sind nur einige der leistungsstarken Widget-Funktionen: <\/h2> <ul><li> Ein einfaches Tool, auch f\u00fcr Nicht- Tech-Benutzer<\/li><li>Unbegrenzte Anzahl von Men\u00fcs, Abschnitten oder Elementen, organisiert mit Tab-, Listen- oder Mauerwerks-Layouts<\/li><li>Einfach zu korrigierendes Men\u00fc und alle seine Einstellungen jederzeit, wann immer Sie m\u00f6chten: Preise, saisonal Gerichte und Getr\u00e4nke usw. <\/li><li>F\u00fcgen Sie ausf\u00fchrliche Beschreibungen f\u00fcr die Artikel hinzu, einschlie\u00dflich Symbolen, N\u00e4hrwertangaben und Abzeichen<\/li><li>Legen Sie k\u00f6stliche Bilder f\u00fcr die Artikel fest und zeigen Sie sie sogar im Popup-Modus an<\/li><li>\u00c4ndern Sie alle Elemente und f\u00e4rben Sie sie neu: Text, Farbschema und Symbole<\/li><\/ul><p><a href=\"#demo\">Schauen Sie sich einfach diese Demo an, um zu sehen, wie es funktioniert<\/a><\/p> <\/div> <div class=\"application-platform-content-item-installation application-platform-content-item\" id=\"installation\" data-nav-section=\"installation\"> <h2>Wie bette ich das Restaurantmen\u00fc in meine BigCommerce-Website ein? <\/h2> <div class=\"video-container\"><iframe width=\"560\" height=\"315\" src=\"https:\/\/www.youtube.com\/embed\/0ErBT690-Rg?si=Cvy_h48SeMqnUm09\" frameborder=\"0\" allow=\"accelerometer; autoplay; clipboard-write; encrypted-media; gyroscope; picture-in-picture; web-share\" allowfullscreen><\/iframe><\/div><p>Befolgen Sie einfach die nachstehenden Anweisungen, um das Tool zu aktivieren. <\/p> <ol><li><b>Nutzen Sie unseren kostenlosen Editor und beginnen Sie mit der Erstellung Ihres eigenen Widgets. <\/b><br> W\u00e4hlen Sie das bevorzugte Design und die Spezifikationen des Widgets aus und \u00fcbernehmen Sie alle \u00c4nderungen. <\/li> <li><b>Kopieren Sie den einzelnen Code, der im Fenster von Elfsight Apps angezeigt wird. <\/b><br> Sobald die Einrichtung Ihres pers\u00f6nlichen Widgets abgeschlossen ist, kopieren Sie den exklusiven Code im angezeigten Fenster und speichern Sie ihn f\u00fcr die zuk\u00fcnftige Verwendung. <\/li> <li><b>Beginnen Sie mit der Anwendung des Widgets auf Ihrer BigCommerce-Website. <\/b><br> Platzieren Sie den Code, den Sie k\u00fcrzlich kopiert haben, auf Ihrer Website und speichern Sie die Verbesserungen. <\/li> <li><b>Die Installation ist vollst\u00e4ndig abgeschlossen. <\/b><br> \u00d6ffnen Sie Ihre Website, um einen Blick auf die Funktionsweise des Widgets zu werfen. <\/li><\/ol><p>Wenn Sie mit Anfragen konfrontiert werden oder auf Schwierigkeiten sto\u00dfen, wenden Sie sich bitte an unser Kundendienstteam. Unsere Spezialisten helfen Ihnen gerne bei allen Fragen rund um die App weiter. <\/p> <div class=\"faq\" data-component=\"FAQ\"><div class=\"faq-item\">\r\n\t\t\t\t\t<div class=\"faq-item-question\">\r\n\t\t\t\t\t\t<h3 class=\"faq-item-question-text\">Wie kann ich Restaurant Menu ohne Programmiererfahrung zu meiner BigCommerce-Website hinzuf\u00fcgen?<\/h3>\r\n\r\n\t\t\t\t\t\t<div class=\"faq-item-question-icon\"><\/div>\r\n\t\t\t\t\t<\/div>\r\n\r\n\t\t\t\t\t<div class=\"faq-item-answer\">\r\n\t\t\t\t\t\t<div class=\"faq-item-answer-text\"> <p>Elfsight bietet eine L\u00f6sung, die es Benutzern erm\u00f6glicht, selbst ein Restaurant Menu-Plugin zu erstellen, entdecken Sie Wie einfach es ist: Beginnen Sie direkt im Online-Editor mit der Erstellung eines Restaurantmen\u00fc-Widgets, das Sie in Ihre BigCommerce-Site einbinden m\u00f6chten. W\u00e4hlen Sie eine der vorgefertigten Vorlagen und passen Sie die Restaurantmen\u00fc-Einstellungen an, f\u00fcgen Sie Ihre Inhalte hinzu, \u00e4ndern Sie das Layout und die Farben ohne Programmierkenntnisse. Speichern Sie die Einstellungen, die Sie im Restaurantmen\u00fc vorgenommen haben, und kopieren Sie den Installationscode des Widgets, der mit einem kostenlosen Plan auf der BigCommerce-Webseite hinzugef\u00fcgt werden kann. Mit unserem intuitiven Editor kann jeder Webbenutzer einen Restaurantmen\u00fc-Bereich erstellen und ihn problemlos in die BigCommerce-Website einbetten. Sie m\u00fcssen keinen kostenpflichtigen Plan abschlie\u00dfen oder Ihre Kartendaten angeben, um auf den Dienst zuzugreifen. Sollten bei irgendeinem Schritt Probleme auftreten, z\u00f6gern Sie bitte nicht, mit unserem Kundensupport zu sprechen.<\/p> <\/div>\r\n\t\t\t\t\t<\/div>\r\n\t\t\t\t<\/div> <\/div><\/div>\n","protected":false},"excerpt":{"rendered":"","protected":false},"author":9,"featured_media":0,"parent":2702,"menu_order":0,"comment_status":"closed","ping_status":"closed","template":"templates\/template-application-platform.php","meta":{"publish_to_discourse":"","publish_post_category":"","wpdc_auto_publish_overridden":"","wpdc_topic_tags":"","wpdc_pin_topic":"","wpdc_pin_until":"","discourse_post_id":"","discourse_permalink":"","wpdc_publishing_response":"","wpdc_publishing_error":"","footnotes":""},"class_list":["post-10004","page","type-page","status-publish","hentry"],"yoast_head":"<!-- This site is optimized with the Yoast SEO plugin v25.3.1 - https:\/\/yoast.com\/wordpress\/plugins\/seo\/ -->\n<title>Restaurant-Men\u00fc-App f\u00fcr die BigCommerce-Website \u2013 schnell und kostenlos<\/title>\n<meta name=\"description\" content=\"F\u00fcgen Sie eine responsive Restaurantkarte auf Ihrer BigCommerce-Webseite ein. Probieren Sie die praktische Demo von Elfsight aus und erstellen Sie Ihre stilvolle App mit nur wenigen Klicks.\" \/>\n<meta name=\"robots\" content=\"index, follow, max-snippet:-1, max-image-preview:large, max-video-preview:-1\" \/>\n<link rel=\"canonical\" href=\"https:\/\/elfsight.com\/de\/restaurant-menu-widget\/bigcommerce\/\" \/>\n<meta property=\"og:locale\" content=\"de_DE\" \/>\n<meta property=\"og:type\" content=\"article\" \/>\n<meta property=\"og:title\" content=\"Restaurant-Men\u00fc-App f\u00fcr die BigCommerce-Website \u2013 schnell und kostenlos\" \/>\n<meta property=\"og:description\" content=\"F\u00fcgen Sie eine responsive Restaurantkarte auf Ihrer BigCommerce-Webseite ein. Probieren Sie die praktische Demo von Elfsight aus und erstellen Sie Ihre stilvolle App mit nur wenigen Klicks.\" \/>\n<meta property=\"og:url\" content=\"https:\/\/elfsight.com\/de\/restaurant-menu-widget\/bigcommerce\/\" \/>\n<meta property=\"og:site_name\" content=\"Elfsight DE\" \/>\n<meta property=\"article:modified_time\" content=\"2025-02-24T11:06:13+00:00\" \/>\n<meta name=\"twitter:card\" content=\"summary_large_image\" \/>\n<meta name=\"twitter:label1\" content=\"Gesch\u00e4tzte Lesezeit\" \/>\n\t<meta name=\"twitter:data1\" content=\"4\u00a0Minuten\" \/>\n<!-- \/ Yoast SEO plugin. -->","yoast_head_json":{"title":"Restaurant-Men\u00fc-App f\u00fcr die BigCommerce-Website \u2013 schnell und kostenlos","description":"F\u00fcgen Sie eine responsive Restaurantkarte auf Ihrer BigCommerce-Webseite ein. Probieren Sie die praktische Demo von Elfsight aus und erstellen Sie Ihre stilvolle App mit nur wenigen Klicks.","robots":{"index":"index","follow":"follow","max-snippet":"max-snippet:-1","max-image-preview":"max-image-preview:large","max-video-preview":"max-video-preview:-1"},"canonical":"https:\/\/elfsight.com\/de\/restaurant-menu-widget\/bigcommerce\/","og_locale":"de_DE","og_type":"article","og_title":"Restaurant-Men\u00fc-App f\u00fcr die BigCommerce-Website \u2013 schnell und kostenlos","og_description":"F\u00fcgen Sie eine responsive Restaurantkarte auf Ihrer BigCommerce-Webseite ein. Probieren Sie die praktische Demo von Elfsight aus und erstellen Sie Ihre stilvolle App mit nur wenigen Klicks.","og_url":"https:\/\/elfsight.com\/de\/restaurant-menu-widget\/bigcommerce\/","og_site_name":"Elfsight DE","article_modified_time":"2025-02-24T11:06:13+00:00","twitter_card":"summary_large_image","twitter_misc":{"Gesch\u00e4tzte Lesezeit":"4\u00a0Minuten"},"schema":{"@context":"https:\/\/schema.org","@graph":[{"@type":"WebPage","@id":"https:\/\/elfsight.com\/de\/restaurant-menu-widget\/bigcommerce\/","url":"https:\/\/elfsight.com\/de\/restaurant-menu-widget\/bigcommerce\/","name":"Restaurant-Men\u00fc-App f\u00fcr die BigCommerce-Website \u2013 schnell und kostenlos","isPartOf":{"@id":"https:\/\/elfsight.com\/de\/#website"},"datePublished":"1970-01-01T00:00:00+00:00","dateModified":"2025-02-24T11:06:13+00:00","description":"F\u00fcgen Sie eine responsive Restaurantkarte auf Ihrer BigCommerce-Webseite ein. Probieren Sie die praktische Demo von Elfsight aus und erstellen Sie Ihre stilvolle App mit nur wenigen Klicks.","breadcrumb":{"@id":"https:\/\/elfsight.com\/de\/restaurant-menu-widget\/bigcommerce\/#breadcrumb"},"inLanguage":"de","potentialAction":[{"@type":"ReadAction","target":["https:\/\/elfsight.com\/de\/restaurant-menu-widget\/bigcommerce\/"]}]},{"@type":"BreadcrumbList","@id":"https:\/\/elfsight.com\/de\/restaurant-menu-widget\/bigcommerce\/#breadcrumb","itemListElement":[{"@type":"ListItem","position":1,"name":"Home","item":"https:\/\/elfsight.com\/de\/"},{"@type":"ListItem","position":2,"name":"Restaurant Menu","item":"https:\/\/elfsight.com\/de\/restaurant-menu-widget\/"},{"@type":"ListItem","position":3,"name":"Restaurant Menu &#8211; BigCommerce"}]},{"@type":"WebSite","@id":"https:\/\/elfsight.com\/de\/#website","url":"https:\/\/elfsight.com\/de\/","name":"Elfsight DE","description":"Just another Elfsight Sites site","potentialAction":[{"@type":"SearchAction","target":{"@type":"EntryPoint","urlTemplate":"https:\/\/elfsight.com\/de\/?s={search_term_string}"},"query-input":{"@type":"PropertyValueSpecification","valueRequired":true,"valueName":"search_term_string"}}],"inLanguage":"de"}]}},"meta_box":{"industry":"","seo_heading":"","heading":"","description":"","cta_heading":"","cta_description":"","application":"514","h1":"BigCommerce Restaurant-Men\u00fc-App","h1_caption":"Pr\u00e4sentieren Sie die Speisekarte Ihres Restaurants m\u00fchelos in einem optisch ansprechenden Format, das einfach zu aktualisieren und benutzerfreundlich ist und auf Ihrer BigCommerce-Website.","application_category":[],"applications_title":"","applications_request_title":"","applications_request_button_text":"","hero_text":"","hero_video":"","hero_video_schema_markup":"","selling_points_title":"","selling_points_caption":"","selling_points":[],"selling_points_cta_text":"","features_title":"","features":"","ed_cta_examples_text":"","ed_cta_examples_hidden":"","ed_cta_demo_text":"","ed_cta_demo_hidden":"","why_caption":"","why_editor_title":"","why_editor_text":"","why_team_title":"","why_team_text":"","why_service_title":"","why_service_text":"","template_catalog_visible":"0","template_catalog_title":"","template_catalog_text":"","template_catalog_categories_visible":"","demo_title":"Erstellen Sie Ihre Restaurantmen\u00fc-App","demo_caption":"Konfigurieren Sie Ihr Restaurantmen\u00fc und f\u00fcgen Sie es kostenlos zu Ihrer BigCommerce-Website hinzu!","default_faq_hidden":"","app_template_category":[],"platform":"268","template_public_id":"","codecanyon_url":"","codecanyon_item_id":"","codecanyon_price":"","pricing_caption":"","pricing_elfsight_apps_hide_column":"","pricing_elfsight_apps_url":"","pricing_codecanyon_price_caption":"","integration_category":[],"integration_request_title":"","integration_request_cta":"","integration_platform":"","integrations":[],"platform_category":[],"video_schema_markup":"","price":"ab 0 $ \/ Monat","trial":"","benefits":[{"text":"Kostenlose Installationsunterst\u00fctzung"},{"text":"Kompetenter Kundenservice"},{"text":"14-t\u00e4gige Geld-zur\u00fcck-Garantie"},{"text":"Regelm\u00e4\u00dfige kostenlose Updates"}],"button_url":"#demo","button_target_blank":"0","button_nofollow":"0","attributes":[{"name":"Installiert","content":"10,000 - 100,000"},{"name":"Reaktionsfreudig","content":"Ja"},{"name":"Kompatible Browser","content":"Firefox, Safari, Opera, Chrome, Edge"}],"tags":[],"tags_disable_links":"0","hide_more_platforms":"0","video_object":"","demo_hide_cta":"0","demo_hide_cloud_options":"0","pricing_title":"","pricing":[{"pricing_icon":"platform","pricing_title":"Elfsight Apps","pricing_title_caption":"Plattformunabh\u00e4ngige L\u00f6sung, die f\u00fcr jede Website geeignet ist","pricing_price":"ab 0 $ \/ Monat","pricing_price_caption":"Beginnen Sie mit einem kostenlosen Plan","pricing_benefits":[{"text":"Unbegrenzte Websites"},{"text":"Professionelle Unterst\u00fctzung und gut dokumentiert"},{"text":"Kostenloser Installationsservice"},{"text":"100 % anpassbar"}],"pricing_button_text":"Zur Website hinzuf\u00fcgen","pricing_button_url":"#demo"}],"related_apps_title":"","related_apps_hidden":"0","author":"","image":[],"title":"","job":"","social_networks":[]},"_links":{"self":[{"href":"https:\/\/elfsight.com\/de\/wp-json\/wp\/v2\/pages\/10004","targetHints":{"allow":["GET"]}}],"collection":[{"href":"https:\/\/elfsight.com\/de\/wp-json\/wp\/v2\/pages"}],"about":[{"href":"https:\/\/elfsight.com\/de\/wp-json\/wp\/v2\/types\/page"}],"author":[{"embeddable":true,"href":"https:\/\/elfsight.com\/de\/wp-json\/wp\/v2\/users\/9"}],"replies":[{"embeddable":true,"href":"https:\/\/elfsight.com\/de\/wp-json\/wp\/v2\/comments?post=10004"}],"version-history":[{"count":3,"href":"https:\/\/elfsight.com\/de\/wp-json\/wp\/v2\/pages\/10004\/revisions"}],"predecessor-version":[{"id":24794,"href":"https:\/\/elfsight.com\/de\/wp-json\/wp\/v2\/pages\/10004\/revisions\/24794"}],"up":[{"embeddable":true,"href":"https:\/\/elfsight.com\/de\/wp-json\/wp\/v2\/pages\/2702"}],"wp:attachment":[{"href":"https:\/\/elfsight.com\/de\/wp-json\/wp\/v2\/media?parent=10004"}],"curies":[{"name":"wp","href":"https:\/\/api.w.org\/{rel}","templated":true}]}}