{"id":10003,"date":"1970-01-01T00:00:00","date_gmt":"1970-01-01T00:00:00","guid":{"rendered":"https:\/\/elfsight.com\/de\/?page_id=10003"},"modified":"2025-02-24T11:13:23","modified_gmt":"2025-02-24T11:13:23","slug":"drupal","status":"publish","type":"page","link":"https:\/\/elfsight.com\/de\/restaurant-menu-widget\/drupal\/","title":{"rendered":"Restaurant Menu &#8211; Drupal"},"content":{"rendered":"\n<div class=\"application-platform-content-item-description application-platform-content-item\" id=\"description\" data-nav-section=\"description\"> <h2>Beschreibung<\/h2><p>Elfsight Restaurant Menu ist ein \u00fcberschaubares Modul zur Pr\u00e4sentation Ihrer Speisen- und Getr\u00e4nkevielfalt direkt auf Ihrer Website. Dies ist eine bequeme M\u00f6glichkeit, Ihre Besucher mit Ihrer Vielfalt bekannt zu machen, herausragende Eigenschaften zu vermitteln und sie mit fesselnden Produktfotos auf sich aufmerksam zu machen. Das Widget ist \u00e4u\u00dferst praktisch. Damit k\u00f6nnen Sie eine endlose Auswahl an Men\u00fcseiten mit einer gro\u00dfen Menge an Artikeln erstellen oder einfach eine \u00fcbersichtliche Liste pr\u00e4sentieren, die Sie servieren. W\u00e4hlen Sie ein helles oder dunkles Schema oder \u00e4ndern Sie die gew\u00fcnschten Einstellungen und f\u00e4rben Sie alle Elemente neu. Au\u00dferdem kann Ihre Speisekarte immer aktuell sein: Sie k\u00f6nnen Preise, eine Artikelliste, neue Getr\u00e4nke oder sogar Men\u00fcs in wenigen Sekunden \u00e4ndern! Keine druckfertigen Men\u00fcs mehr, die Sie gleich zu Beginn erstellen m\u00fcssen. Beginnen Sie jetzt mit der Erstellung Ihres atemberaubenden Moduls! <\/p> <p><b>F\u00fcgen Sie ein Restaurantmen\u00fc hinzu, um Ihre Gesch\u00e4ftsziele einfacher zu erreichen! \u00dcber das Men\u00fc auf Ihrer Website k\u00f6nnen Sie mehr potenzielle Kunden gewinnen und eine solide Gesch\u00e4ftsentwicklung erleben!<\/b><\/p> <\/div> <div class=\"application-platform-content-item-features application-platform-content-item\" id=\"features\" data-nav-section=\"features\"> <h2>Im Folgenden sind zentrale Funktionen des Moduls aufgef\u00fchrt: <\/h2> <ul><li>Ein einfach zu bedienendes Tool auch f\u00fcr nicht-professionelle Benutzer<\/li><li>Unbegrenzte Anzahl von Men\u00fcs, Abschnitten oder Elementen, unterteilt mit Hilfe von Tab-, Listen- oder Mauerwerkslayouts <\/li><li>Einfach zu aktualisierende Speisekarte und alle ihre Bestandteile: Preise, saisonale Gerichte, Getr\u00e4nke usw.<\/li><li> Verfassen Sie ausf\u00fchrliche Beschreibungen f\u00fcr die Artikel: Symbole, N\u00e4hrwertangaben und Abzeichen <\/li><li>Laden Sie appetitliche Bilder f\u00fcr die Artikel hoch und pr\u00e4sentieren Sie sie sogar im Popup-Modus<\/li><li>Passen Sie alle Elemente an und lackieren Sie sie neu: Text, Farbschema und Symbole<\/li><\/ul><p><a href=\"#demo\">Sie k\u00f6nnen mithilfe der Demo \u00fcberpr\u00fcfen, was das Widget bietet<\/a><\/p> <\/div> <div class=\"application-platform-content-item-installation application-platform-content-item\" id=\"installation\" data-nav-section=\"installation\"> <h2>So betten Sie das Restaurantmen\u00fc in mein Drupal ein Website?<\/h2><div class=\"video-container\"><iframe width=\"560\" height=\"315\" src=\"https:\/\/www.youtube.com\/embed\/-Qa4XGQedkQ?si=-jV0jGcY9ZI8zc4a\" frameborder=\"0\" allow=\"accelerometer; autoplay; clipboard-write; encrypted-media; gyroscope; picture-in-picture; web-share\" allowfullscreen><\/iframe><\/div><p>Befolgen Sie einfach die folgenden Richtlinien, um das Tool zu aktivieren: <\/p> <ol><li><b>F\u00fchren Sie unseren kostenlosen Konfigurator aus und beginnen Sie mit der Erstellung Ihres individuellen Modul gemacht. <\/b><br> W\u00e4hlen Sie das gew\u00fcnschte Layout und die gew\u00fcnschten Aspekte des Moduls und nehmen Sie alle Korrekturen vor. <\/li> <li><b>Erwerben Sie den individuellen Code, der im speziellen Formular auf Elfsight Apps erscheint. <\/b><br> Nachdem die Anpassung Ihres pers\u00f6nlichen Moduls abgeschlossen ist, kopieren Sie den individuellen Code im erscheinenden Fenster und speichern Sie ihn zur sp\u00e4teren Verwendung. <\/li> <li><b>Beginnen Sie mit der Nutzung des Moduls auf Ihrer Drupal-Webseite. <\/b><br> Platzieren Sie den zuvor gespeicherten Code auf Ihrer Website und speichern Sie die Anpassungen. <\/li> <li><b>Die Installation ist vollst\u00e4ndig durchgef\u00fchrt. <\/b><br> Besuchen Sie Ihre Webseite, um die Leistung des Moduls in Aktion zu sehen. <\/li><\/ol><p>Wenn Sie Fragen haben oder auf Schwierigkeiten sto\u00dfen, wenden Sie sich bitte an unseren Kundendienst. Das Elfsight-Team hilft Ihnen gerne bei allen Fragen, die Sie zum Modul haben. <\/p> <div class=\"faq\" data-component=\"FAQ\"><div class=\"faq-item\">\r\n\t\t\t\t\t<div class=\"faq-item-question\">\r\n\t\t\t\t\t\t<h3 class=\"faq-item-question-text\">Wie f\u00fcge ich ein Restaurantmen\u00fc zu meiner Drupal-Website hinzu, ohne zu programmieren?<\/h3>\r\n\r\n\t\t\t\t\t\t<div class=\"faq-item-question-icon\"><\/div>\r\n\t\t\t\t\t<\/div>\r\n\r\n\t\t\t\t\t<div class=\"faq-item-answer\">\r\n\t\t\t\t\t\t<div class=\"faq-item-answer-text\"> <p>Elfsight bietet eine SaaS-L\u00f6sung, mit der Benutzer selbst ein Restaurantmen\u00fc-Widget erstellen k\u00f6nnen. Hier finden Sie die einfachen Anweisungen: Gehen Sie zum Live-Editor, um eine Restaurantmen\u00fc-App zu erstellen, die Sie in Ihre Drupal-Homepage einbetten m\u00f6chten. W\u00e4hlen Sie eine der vielen vorgefertigten Vorlagen aus und passen Sie die Restaurantmen\u00fceinstellungen an, f\u00fcgen Sie Ihre Inhalte hinzu, \u00e4ndern Sie das Layout und die Farbe der Elemente \u2013 ohne Programmierkenntnisse. Klicken Sie hier, um die Einstellungen, die Sie im Restaurantmen\u00fc vorgenommen haben, zu speichern und den Installationscode zu kopieren, den Sie einfach kostenlos in jede Drupal-Webseite einf\u00fcgen k\u00f6nnen. Mit unserem intuitiven Konfigurator kann jeder Webbenutzer online ein Restaurantmen\u00fc erstellen und es in die Drupal-Webseite einf\u00fcgen. Sie sollten keinen kostenpflichtigen Plan abschlie\u00dfen oder Ihre Kartendaten eingeben, um auf den Elfsight-Dienst zuzugreifen. Sollten bei irgendeinem Schritt Probleme auftreten, z\u00f6gern Sie bitte nicht, sich an unseren Kundensupport zu wenden.<\/p> <\/div>\r\n\t\t\t\t\t<\/div>\r\n\t\t\t\t<\/div> <\/div><\/div>\n","protected":false},"excerpt":{"rendered":"","protected":false},"author":9,"featured_media":0,"parent":2702,"menu_order":0,"comment_status":"closed","ping_status":"closed","template":"templates\/template-application-platform.php","meta":{"publish_to_discourse":"","publish_post_category":"","wpdc_auto_publish_overridden":"","wpdc_topic_tags":"","wpdc_pin_topic":"","wpdc_pin_until":"","discourse_post_id":"","discourse_permalink":"","wpdc_publishing_response":"","wpdc_publishing_error":"","footnotes":""},"class_list":["post-10003","page","type-page","status-publish","hentry"],"yoast_head":"<!-- This site is optimized with the Yoast SEO plugin v25.3.1 - https:\/\/yoast.com\/wordpress\/plugins\/seo\/ -->\n<title>Restaurant-Men\u00fc f\u00fcr die Drupal-Website \u2013 atemberaubend und kostenlos<\/title>\n<meta name=\"description\" content=\"F\u00fcgen Sie ein responsives Restaurantmen\u00fc auf Ihrer Drupal-Webseite ein. Probieren Sie die praktische Elfsight-Demo aus und stellen Sie mit nur wenigen Klicks Ihr fantastisches Modul zusammen\" \/>\n<meta name=\"robots\" content=\"index, follow, max-snippet:-1, max-image-preview:large, max-video-preview:-1\" \/>\n<link rel=\"canonical\" href=\"https:\/\/elfsight.com\/de\/restaurant-menu-widget\/drupal\/\" \/>\n<meta property=\"og:locale\" content=\"de_DE\" \/>\n<meta property=\"og:type\" content=\"article\" \/>\n<meta property=\"og:title\" content=\"Restaurant-Men\u00fc f\u00fcr die Drupal-Website \u2013 atemberaubend und kostenlos\" \/>\n<meta property=\"og:description\" content=\"F\u00fcgen Sie ein responsives Restaurantmen\u00fc auf Ihrer Drupal-Webseite ein. Probieren Sie die praktische Elfsight-Demo aus und stellen Sie mit nur wenigen Klicks Ihr fantastisches Modul zusammen\" \/>\n<meta property=\"og:url\" content=\"https:\/\/elfsight.com\/de\/restaurant-menu-widget\/drupal\/\" \/>\n<meta property=\"og:site_name\" content=\"Elfsight DE\" \/>\n<meta property=\"article:modified_time\" content=\"2025-02-24T11:13:23+00:00\" \/>\n<meta name=\"twitter:card\" content=\"summary_large_image\" \/>\n<meta name=\"twitter:label1\" content=\"Gesch\u00e4tzte Lesezeit\" \/>\n\t<meta name=\"twitter:data1\" content=\"4\u00a0Minuten\" \/>\n<!-- \/ Yoast SEO plugin. -->","yoast_head_json":{"title":"Restaurant-Men\u00fc f\u00fcr die Drupal-Website \u2013 atemberaubend und kostenlos","description":"F\u00fcgen Sie ein responsives Restaurantmen\u00fc auf Ihrer Drupal-Webseite ein. Probieren Sie die praktische Elfsight-Demo aus und stellen Sie mit nur wenigen Klicks Ihr fantastisches Modul zusammen","robots":{"index":"index","follow":"follow","max-snippet":"max-snippet:-1","max-image-preview":"max-image-preview:large","max-video-preview":"max-video-preview:-1"},"canonical":"https:\/\/elfsight.com\/de\/restaurant-menu-widget\/drupal\/","og_locale":"de_DE","og_type":"article","og_title":"Restaurant-Men\u00fc f\u00fcr die Drupal-Website \u2013 atemberaubend und kostenlos","og_description":"F\u00fcgen Sie ein responsives Restaurantmen\u00fc auf Ihrer Drupal-Webseite ein. Probieren Sie die praktische Elfsight-Demo aus und stellen Sie mit nur wenigen Klicks Ihr fantastisches Modul zusammen","og_url":"https:\/\/elfsight.com\/de\/restaurant-menu-widget\/drupal\/","og_site_name":"Elfsight DE","article_modified_time":"2025-02-24T11:13:23+00:00","twitter_card":"summary_large_image","twitter_misc":{"Gesch\u00e4tzte Lesezeit":"4\u00a0Minuten"},"schema":{"@context":"https:\/\/schema.org","@graph":[{"@type":"WebPage","@id":"https:\/\/elfsight.com\/de\/restaurant-menu-widget\/drupal\/","url":"https:\/\/elfsight.com\/de\/restaurant-menu-widget\/drupal\/","name":"Restaurant-Men\u00fc f\u00fcr die Drupal-Website \u2013 atemberaubend und kostenlos","isPartOf":{"@id":"https:\/\/elfsight.com\/de\/#website"},"datePublished":"1970-01-01T00:00:00+00:00","dateModified":"2025-02-24T11:13:23+00:00","description":"F\u00fcgen Sie ein responsives Restaurantmen\u00fc auf Ihrer Drupal-Webseite ein. Probieren Sie die praktische Elfsight-Demo aus und stellen Sie mit nur wenigen Klicks Ihr fantastisches Modul zusammen","breadcrumb":{"@id":"https:\/\/elfsight.com\/de\/restaurant-menu-widget\/drupal\/#breadcrumb"},"inLanguage":"de","potentialAction":[{"@type":"ReadAction","target":["https:\/\/elfsight.com\/de\/restaurant-menu-widget\/drupal\/"]}]},{"@type":"BreadcrumbList","@id":"https:\/\/elfsight.com\/de\/restaurant-menu-widget\/drupal\/#breadcrumb","itemListElement":[{"@type":"ListItem","position":1,"name":"Home","item":"https:\/\/elfsight.com\/de\/"},{"@type":"ListItem","position":2,"name":"Restaurant Menu","item":"https:\/\/elfsight.com\/de\/restaurant-menu-widget\/"},{"@type":"ListItem","position":3,"name":"Restaurant Menu &#8211; Drupal"}]},{"@type":"WebSite","@id":"https:\/\/elfsight.com\/de\/#website","url":"https:\/\/elfsight.com\/de\/","name":"Elfsight DE","description":"Just another Elfsight Sites site","potentialAction":[{"@type":"SearchAction","target":{"@type":"EntryPoint","urlTemplate":"https:\/\/elfsight.com\/de\/?s={search_term_string}"},"query-input":{"@type":"PropertyValueSpecification","valueRequired":true,"valueName":"search_term_string"}}],"inLanguage":"de"}]}},"meta_box":{"industry":"","seo_heading":"","heading":"","description":"","cta_heading":"","cta_description":"","application":"514","h1":"Drupal-Restaurantmen\u00fcmodul","h1_caption":"Pr\u00e4sentieren Sie die Speisekarte Ihres Restaurants in einem optisch ansprechenden Format, das einfach zu aktualisieren und benutzerfreundlich ist, m\u00fchelos auf Ihrer Drupal-Website.","application_category":[],"applications_title":"","applications_request_title":"","applications_request_button_text":"","hero_text":"","hero_video":"","hero_video_schema_markup":"","selling_points_title":"","selling_points_caption":"","selling_points":[],"selling_points_cta_text":"","features_title":"","features":"","ed_cta_examples_text":"","ed_cta_examples_hidden":"","ed_cta_demo_text":"","ed_cta_demo_hidden":"","why_caption":"","why_editor_title":"","why_editor_text":"","why_team_title":"","why_team_text":"","why_service_title":"","why_service_text":"","template_catalog_visible":"0","template_catalog_title":"","template_catalog_text":"","template_catalog_categories_visible":"","demo_title":"Erstellen Sie Ihr Restaurantmen\u00fc-Modul","demo_caption":"Konfigurieren Sie Ihr Restaurantmen\u00fc und f\u00fcgen Sie es kostenlos Ihrer Drupal-Website hinzu!","default_faq_hidden":"","app_template_category":[],"platform":"261","template_public_id":"","codecanyon_url":"","codecanyon_item_id":"","codecanyon_price":"","pricing_caption":"","pricing_elfsight_apps_hide_column":"","pricing_elfsight_apps_url":"","pricing_codecanyon_price_caption":"","integration_category":[],"integration_request_title":"","integration_request_cta":"","integration_platform":"","integrations":[],"platform_category":[],"video_schema_markup":"","price":"ab 0 $ \/ Monat","trial":"","benefits":[{"text":"Kostenlose Installationsunterst\u00fctzung"},{"text":"Au\u00dfergew\u00f6hnliche Unterst\u00fctzung"},{"text":"14-t\u00e4gige Geld-zur\u00fcck-Garantie"},{"text":"Zuk\u00fcnftige kostenlose Updates"}],"button_url":"#demo","button_target_blank":"0","button_nofollow":"0","attributes":[{"name":"Installiert","content":"10,000 - 100,000"},{"name":"Reaktionsfreudig","content":"Ja"},{"name":"Kompatible Browser","content":"Firefox, Safari, Opera, Chrome, Edge"}],"tags":[],"tags_disable_links":"0","hide_more_platforms":"0","video_object":"","demo_hide_cta":"0","demo_hide_cloud_options":"0","pricing_title":"","pricing":[{"pricing_icon":"platform","pricing_title":"Elfsight Apps","pricing_title_caption":"Plattform\u00fcbergreifende digitale L\u00f6sung","pricing_price":"ab 0 $ \/ Monat","pricing_price_caption":"Beginnen Sie mit einem kostenlosen Plan","pricing_benefits":[{"text":"Unbegrenzte Domains"},{"text":"Premium-Unternehmensunterst\u00fctzung"},{"text":"Kostenloser Installationsservice"},{"text":"Sonderangebot f\u00fcr mehrere Apps"}],"pricing_button_text":"Zur Website hinzuf\u00fcgen","pricing_button_url":"#demo"}],"related_apps_title":"","related_apps_hidden":"0","author":"","image":[],"title":"","job":"","social_networks":[]},"_links":{"self":[{"href":"https:\/\/elfsight.com\/de\/wp-json\/wp\/v2\/pages\/10003","targetHints":{"allow":["GET"]}}],"collection":[{"href":"https:\/\/elfsight.com\/de\/wp-json\/wp\/v2\/pages"}],"about":[{"href":"https:\/\/elfsight.com\/de\/wp-json\/wp\/v2\/types\/page"}],"author":[{"embeddable":true,"href":"https:\/\/elfsight.com\/de\/wp-json\/wp\/v2\/users\/9"}],"replies":[{"embeddable":true,"href":"https:\/\/elfsight.com\/de\/wp-json\/wp\/v2\/comments?post=10003"}],"version-history":[{"count":4,"href":"https:\/\/elfsight.com\/de\/wp-json\/wp\/v2\/pages\/10003\/revisions"}],"predecessor-version":[{"id":24799,"href":"https:\/\/elfsight.com\/de\/wp-json\/wp\/v2\/pages\/10003\/revisions\/24799"}],"up":[{"embeddable":true,"href":"https:\/\/elfsight.com\/de\/wp-json\/wp\/v2\/pages\/2702"}],"wp:attachment":[{"href":"https:\/\/elfsight.com\/de\/wp-json\/wp\/v2\/media?parent=10003"}],"curies":[{"name":"wp","href":"https:\/\/api.w.org\/{rel}","templated":true}]}}