{"id":10001,"date":"1970-01-01T00:00:00","date_gmt":"1970-01-01T00:00:00","guid":{"rendered":"https:\/\/elfsight.com\/de\/?page_id=10001"},"modified":"2025-02-24T11:16:12","modified_gmt":"2025-02-24T11:16:12","slug":"elementor","status":"publish","type":"page","link":"https:\/\/elfsight.com\/de\/restaurant-menu-widget\/elementor\/","title":{"rendered":"Restaurant Menu &#8211; Elementor"},"content":{"rendered":"\n<div class=\"application-platform-content-item-description application-platform-content-item\" id=\"description\" data-nav-section=\"description\"> <h2>Restaurantmen\u00fc mit dem Elfsight-Widget in Elementor einbetten<\/h2><p>Elfsight Restaurantmen\u00fc ist ein praktisches Tool zum Anzeigen Ihrer Speisenauswahl und Getr\u00e4nke direkt auf Ihrer Website. Das Widget ist absolut benutzerfreundlich. Damit k\u00f6nnen Sie zahlreiche Men\u00fcs mit einer unbegrenzten Anzahl an Artikeln zusammenstellen oder einfach eine \u00fcbersichtliche Liste der von Ihnen servierten Gerichte anzeigen. Z\u00f6gern Sie nicht, ein helles oder dunkles Schema zu w\u00e4hlen oder alles zu \u00e4ndern, was Ihnen gef\u00e4llt, indem Sie alle Akzentfarben \u00e4ndern. Au\u00dferdem sorgt das Widget daf\u00fcr, dass die Informationen immer aktuell bleiben: korrekte Preise, eine Artikelliste, das Hinzuf\u00fcgen neuer Getr\u00e4nke oder sogar Men\u00fcs in nur wenigen Sekunden! Keine statischen Men\u00fcs mehr, die Sie von Anfang an erstellen m\u00fcssen. Beginnen Sie gleich jetzt mit der Erstellung Ihres appetitlichen Men\u00fcs! <\/p> <p><b> Mit dem Restaurantmen\u00fc-Widget direkt auf der Webseite Ihres Unternehmens k\u00f6nnen Sie mehr G\u00e4ste begr\u00fc\u00dfen und aktive Gesch\u00e4fte sehen. Beginnen Sie mit der Nutzung von Restaurant Menu von Elfsight!<\/b><\/p> <\/div> <div class=\"application-platform-content-item-features application-platform-content-item\" id=\"features\" data-nav-section=\"features\"> <h2>Hier sind einige grundlegende Funktionen des Widgets: <\/h2> <ul><li> An einfaches Tool auch f\u00fcr nicht-professionelle Benutzer <\/li><li>Benutzerdefinierte Anzahl von Men\u00fcs, Abschnitten oder Elementen, erstellt mit Tab-, Listen- oder Mauerwerkslayouts<\/li><li>Einfach zu aktualisierendes Men\u00fc und alle seine Elemente, B. Rabatte, saisonale Sonderangebote usw. <\/li><li> Zeigen Sie umfangreiche Zusatzinformationen zu den Artikeln an, einschlie\u00dflich Symbolen, N\u00e4hrwertangaben und Abzeichen. <\/li><li>F\u00fcgen Sie appetitliche Bilder zu den Artikeln hinzu und zeigen Sie sie sogar in der Popup-Ansicht <\/li><li>Passen Sie die Farbe aller Elemente wie Text, Farbschema und Symbole an und \u00e4ndern Sie sie. <\/li><\/ul><p><a href=\"#demo\">Untersuchen Sie alle Personalisierungsfunktionen in voller Funktion Demo<\/a><\/p> <\/div> <div class=\"application-platform-content-item-installation application-platform-content-item\" id=\"installation\" data-nav-section=\"installation\"> <h2>Wie f\u00fcge ich das Restaurantmen\u00fc zu meiner Elementor-Site hinzu? <\/h2> <div class=\"video-container\"><iframe width=\"560\" height=\"315\" src=\"https:\/\/www.youtube.com\/embed\/dzt-nRfEjsM?si=xBJMYq-XnDy6Dd4d\" frameborder=\"0\" allow=\"accelerometer; autoplay; clipboard-write; encrypted-media; gyroscope; picture-in-picture; web-share\" allowfullscreen><\/iframe><\/div><p>Wenden Sie einfach die folgenden Anweisungen an, um das Widget zu integrieren: <\/p> <ol><li><b>Verwalten Sie unsere kostenlose Demo und beginnen Sie mit der Erstellung Ihres benutzerdefinierten Men\u00fcs. <\/b><br> Geben Sie die ausgew\u00e4hlte Schnittstelle und Funktionen des Plugins an und speichern Sie die Korrekturen. <\/li> <li><b>Erhalten Sie Ihren einzigartigen Code, der in der speziellen Form auf Elfsight Apps angezeigt wird. <\/b><br> Direkt nachdem die Erstellung Ihres pers\u00f6nlichen Men\u00fcs abgeschlossen ist, kopieren Sie den individuellen Code im angezeigten Popup und speichern Sie ihn f\u00fcr einen sp\u00e4teren Anlass. <\/li> <li><b>Beginne mit der Nutzung des Tools auf deiner Elementor-Homepage. <\/b><br> F\u00fcgen Sie den zuvor gespeicherten Code in Ihre Homepage ein und \u00fcbernehmen Sie die \u00c4nderungen. <\/li> <li><b>Die Installation wurde erfolgreich beendet. <\/b><br> Besuchen Sie Ihre Webseite, um einen Blick auf die Funktionsweise des Widgets zu werfen. <\/li><\/ol> <p>Sollten Sie Ihre Anfragen bearbeiten oder es zu Komplikationen kommen, k\u00f6nnen Sie sich gerne an unser Kundenservice-Team wenden. Unsere Mitarbeiter werden sich freuen, alle Probleme zu l\u00f6sen, die Sie m\u00f6glicherweise mit dem Widget haben. <\/p> <div class=\"faq\" data-component=\"FAQ\"><div class=\"faq-item\">\r\n\t\t\t\t\t<div class=\"faq-item-question\">\r\n\t\t\t\t\t\t<h3 class=\"faq-item-question-text\">Gibt es eine M\u00f6glichkeit, Restaurant Menu ohne Codierung in meine Elementor-Webseite einzubetten?<\/h3>\r\n\r\n\t\t\t\t\t\t<div class=\"faq-item-question-icon\"><\/div>\r\n\t\t\t\t\t<\/div>\r\n\r\n\t\t\t\t\t<div class=\"faq-item-answer\">\r\n\t\t\t\t\t\t<div class=\"faq-item-answer-text\"> <p>Elfsight bietet eine L\u00f6sung, mit der Websitebesitzer selbst eine Restaurant Menu-App erstellen k\u00f6nnen Wie einfach es ist: Gehen Sie zum Live-Editor, um ein Restaurantmen\u00fc-Widget zu erstellen, das Sie auf der Elementor-Webseite einbetten m\u00f6chten. W\u00e4hlen Sie eine der vorgefertigten Vorlagen aus und \u00e4ndern Sie die Restaurantmen\u00fceinstellungen, \u00e4ndern Sie das Layout und die Farbe der Elemente und f\u00fcgen Sie Ihre Inhalte hinzu, ohne dass Sie daf\u00fcr Programmierkenntnisse ben\u00f6tigen. Speichern Sie das Restaurantmen\u00fc und erhalten Sie den Installationscode des Plugins, den Sie im Rahmen eines kostenlosen Plans m\u00fchelos in jede Elementor-Site einbetten k\u00f6nnen. Mit Hilfe des benutzerfreundlichen Konfigurators kann jeder Webbenutzer online einen Restaurantmen\u00fc-Bereich erstellen und ihn einfach zu jeder Elementor-Homepage hinzuf\u00fcgen. Sie m\u00fcssen weder bezahlen noch Ihre Kartendaten preisgeben, um auf unseren Editor zuzugreifen. Sollten Sie bei irgendeinem Schritt auf Hindernisse sto\u00dfen, wenden Sie sich bitte an unseren Kundensupport.<\/p> <\/div>\r\n\t\t\t\t\t<\/div>\r\n\t\t\t\t<\/div> <\/div><\/div>\n","protected":false},"excerpt":{"rendered":"","protected":false},"author":9,"featured_media":0,"parent":2702,"menu_order":0,"comment_status":"closed","ping_status":"closed","template":"templates\/template-application-platform.php","meta":{"publish_to_discourse":"","publish_post_category":"","wpdc_auto_publish_overridden":"","wpdc_topic_tags":"","wpdc_pin_topic":"","wpdc_pin_until":"","discourse_post_id":"","discourse_permalink":"","wpdc_publishing_response":"","wpdc_publishing_error":"","footnotes":""},"class_list":["post-10001","page","type-page","status-publish","hentry"],"yoast_head":"<!-- This site is optimized with the Yoast SEO plugin v25.3.1 - https:\/\/yoast.com\/wordpress\/plugins\/seo\/ -->\n<title>Restaurantmen\u00fc f\u00fcr die Elementor-Website \u2013 schnell und kostenlos<\/title>\n<meta name=\"description\" content=\"Implementieren Sie ein benutzerfreundliches Restaurantmen\u00fc-Widget auf Ihrer Elementor-Webseite. Probieren Sie die praktische Elfsight-Demo aus und modifizieren Sie Ihr stilvolles Werkzeug in nur wenigen Minuten\" \/>\n<meta name=\"robots\" content=\"index, follow, max-snippet:-1, max-image-preview:large, max-video-preview:-1\" \/>\n<link rel=\"canonical\" href=\"https:\/\/elfsight.com\/de\/restaurant-menu-widget\/elementor\/\" \/>\n<meta property=\"og:locale\" content=\"de_DE\" \/>\n<meta property=\"og:type\" content=\"article\" \/>\n<meta property=\"og:title\" content=\"Restaurantmen\u00fc f\u00fcr die Elementor-Website \u2013 schnell und kostenlos\" \/>\n<meta property=\"og:description\" content=\"Implementieren Sie ein benutzerfreundliches Restaurantmen\u00fc-Widget auf Ihrer Elementor-Webseite. Probieren Sie die praktische Elfsight-Demo aus und modifizieren Sie Ihr stilvolles Werkzeug in nur wenigen Minuten\" \/>\n<meta property=\"og:url\" content=\"https:\/\/elfsight.com\/de\/restaurant-menu-widget\/elementor\/\" \/>\n<meta property=\"og:site_name\" content=\"Elfsight DE\" \/>\n<meta property=\"article:modified_time\" content=\"2025-02-24T11:16:12+00:00\" \/>\n<meta name=\"twitter:card\" content=\"summary_large_image\" \/>\n<meta name=\"twitter:label1\" content=\"Gesch\u00e4tzte Lesezeit\" \/>\n\t<meta name=\"twitter:data1\" content=\"4\u00a0Minuten\" \/>\n<!-- \/ Yoast SEO plugin. -->","yoast_head_json":{"title":"Restaurantmen\u00fc f\u00fcr die Elementor-Website \u2013 schnell und kostenlos","description":"Implementieren Sie ein benutzerfreundliches Restaurantmen\u00fc-Widget auf Ihrer Elementor-Webseite. Probieren Sie die praktische Elfsight-Demo aus und modifizieren Sie Ihr stilvolles Werkzeug in nur wenigen Minuten","robots":{"index":"index","follow":"follow","max-snippet":"max-snippet:-1","max-image-preview":"max-image-preview:large","max-video-preview":"max-video-preview:-1"},"canonical":"https:\/\/elfsight.com\/de\/restaurant-menu-widget\/elementor\/","og_locale":"de_DE","og_type":"article","og_title":"Restaurantmen\u00fc f\u00fcr die Elementor-Website \u2013 schnell und kostenlos","og_description":"Implementieren Sie ein benutzerfreundliches Restaurantmen\u00fc-Widget auf Ihrer Elementor-Webseite. Probieren Sie die praktische Elfsight-Demo aus und modifizieren Sie Ihr stilvolles Werkzeug in nur wenigen Minuten","og_url":"https:\/\/elfsight.com\/de\/restaurant-menu-widget\/elementor\/","og_site_name":"Elfsight DE","article_modified_time":"2025-02-24T11:16:12+00:00","twitter_card":"summary_large_image","twitter_misc":{"Gesch\u00e4tzte Lesezeit":"4\u00a0Minuten"},"schema":{"@context":"https:\/\/schema.org","@graph":[{"@type":"WebPage","@id":"https:\/\/elfsight.com\/de\/restaurant-menu-widget\/elementor\/","url":"https:\/\/elfsight.com\/de\/restaurant-menu-widget\/elementor\/","name":"Restaurantmen\u00fc f\u00fcr die Elementor-Website \u2013 schnell und kostenlos","isPartOf":{"@id":"https:\/\/elfsight.com\/de\/#website"},"datePublished":"1970-01-01T00:00:00+00:00","dateModified":"2025-02-24T11:16:12+00:00","description":"Implementieren Sie ein benutzerfreundliches Restaurantmen\u00fc-Widget auf Ihrer Elementor-Webseite. Probieren Sie die praktische Elfsight-Demo aus und modifizieren Sie Ihr stilvolles Werkzeug in nur wenigen Minuten","breadcrumb":{"@id":"https:\/\/elfsight.com\/de\/restaurant-menu-widget\/elementor\/#breadcrumb"},"inLanguage":"de","potentialAction":[{"@type":"ReadAction","target":["https:\/\/elfsight.com\/de\/restaurant-menu-widget\/elementor\/"]}]},{"@type":"BreadcrumbList","@id":"https:\/\/elfsight.com\/de\/restaurant-menu-widget\/elementor\/#breadcrumb","itemListElement":[{"@type":"ListItem","position":1,"name":"Home","item":"https:\/\/elfsight.com\/de\/"},{"@type":"ListItem","position":2,"name":"Restaurant Menu","item":"https:\/\/elfsight.com\/de\/restaurant-menu-widget\/"},{"@type":"ListItem","position":3,"name":"Restaurant Menu &#8211; Elementor"}]},{"@type":"WebSite","@id":"https:\/\/elfsight.com\/de\/#website","url":"https:\/\/elfsight.com\/de\/","name":"Elfsight DE","description":"Just another Elfsight Sites site","potentialAction":[{"@type":"SearchAction","target":{"@type":"EntryPoint","urlTemplate":"https:\/\/elfsight.com\/de\/?s={search_term_string}"},"query-input":{"@type":"PropertyValueSpecification","valueRequired":true,"valueName":"search_term_string"}}],"inLanguage":"de"}]}},"meta_box":{"industry":"","seo_heading":"","heading":"","description":"","cta_heading":"","cta_description":"","application":"514","h1":"Elementor-Restaurantmen\u00fc-Widget","h1_caption":"Pr\u00e4sentieren Sie die Speisekarte Ihres Restaurants in einem optisch ansprechenden Format, das einfach zu aktualisieren und benutzerfreundlich ist und m\u00fchelos in Ihre Elementor-Website integriert werden kann.","application_category":[],"applications_title":"","applications_request_title":"","applications_request_button_text":"","hero_text":"","hero_video":"","hero_video_schema_markup":"","selling_points_title":"","selling_points_caption":"","selling_points":[],"selling_points_cta_text":"","features_title":"","features":"","ed_cta_examples_text":"","ed_cta_examples_hidden":"","ed_cta_demo_text":"","ed_cta_demo_hidden":"","why_caption":"","why_editor_title":"","why_editor_text":"","why_team_title":"","why_team_text":"","why_service_title":"","why_service_text":"","template_catalog_visible":"0","template_catalog_title":"","template_catalog_text":"","template_catalog_categories_visible":"","demo_title":"Erstellen Sie Ihr Restaurantmen\u00fc-Widget","demo_caption":"Konfigurieren Sie Ihr Restaurantmen\u00fc und f\u00fcgen Sie es kostenlos zu Ihrer Elementor-Website hinzu!","default_faq_hidden":"","app_template_category":[],"platform":"223","template_public_id":"","codecanyon_url":"","codecanyon_item_id":"","codecanyon_price":"","pricing_caption":"","pricing_elfsight_apps_hide_column":"","pricing_elfsight_apps_url":"","pricing_codecanyon_price_caption":"","integration_category":[],"integration_request_title":"","integration_request_cta":"","integration_platform":"","integrations":[],"platform_category":[],"video_schema_markup":"","price":"ab 0 $ \/ Monat","trial":"","benefits":[{"text":"Kostenlose Installationshilfe"},{"text":"Erfahrener Kundensupport"},{"text":"14-t\u00e4gige R\u00fcckerstattungsgarantie"},{"text":"Regelm\u00e4\u00dfige Updates"}],"button_url":"#demo","button_target_blank":"0","button_nofollow":"0","attributes":[{"name":"Installiert","content":"10,000 - 100,000"},{"name":"Reaktionsfreudig","content":"Ja"},{"name":"Kompatible Browser","content":"Firefox, Safari, Opera, Chrome, Edge"}],"tags":[],"tags_disable_links":"0","hide_more_platforms":"0","video_object":"","demo_hide_cta":"0","demo_hide_cloud_options":"0","pricing_title":"","pricing":[{"pricing_icon":"platform","pricing_title":"Elfsight Apps","pricing_title_caption":"Plattform\u00fcbergreifende Version, die auf jeder Website funktioniert","pricing_price":"ab 0 $ \/ Monat","pricing_price_caption":"Beginnen Sie mit einem kostenlosen Plan","pricing_benefits":[{"text":"Unbegrenzte Domains"},{"text":"Erstklassiger und p\u00fcnktlicher Support"},{"text":"Kostenlose Installationshilfe"},{"text":"Zeitlich begrenztes Angebot f\u00fcr mehrere Apps"}],"pricing_button_text":"Zur Website hinzuf\u00fcgen","pricing_button_url":"#demo"}],"related_apps_title":"","related_apps_hidden":"0","author":"","image":[],"title":"","job":"","social_networks":[]},"_links":{"self":[{"href":"https:\/\/elfsight.com\/de\/wp-json\/wp\/v2\/pages\/10001","targetHints":{"allow":["GET"]}}],"collection":[{"href":"https:\/\/elfsight.com\/de\/wp-json\/wp\/v2\/pages"}],"about":[{"href":"https:\/\/elfsight.com\/de\/wp-json\/wp\/v2\/types\/page"}],"author":[{"embeddable":true,"href":"https:\/\/elfsight.com\/de\/wp-json\/wp\/v2\/users\/9"}],"replies":[{"embeddable":true,"href":"https:\/\/elfsight.com\/de\/wp-json\/wp\/v2\/comments?post=10001"}],"version-history":[{"count":3,"href":"https:\/\/elfsight.com\/de\/wp-json\/wp\/v2\/pages\/10001\/revisions"}],"predecessor-version":[{"id":24800,"href":"https:\/\/elfsight.com\/de\/wp-json\/wp\/v2\/pages\/10001\/revisions\/24800"}],"up":[{"embeddable":true,"href":"https:\/\/elfsight.com\/de\/wp-json\/wp\/v2\/pages\/2702"}],"wp:attachment":[{"href":"https:\/\/elfsight.com\/de\/wp-json\/wp\/v2\/media?parent=10001"}],"curies":[{"name":"wp","href":"https:\/\/api.w.org\/{rel}","templated":true}]}}